{"id":10077,"date":"2025-12-16T11:21:40","date_gmt":"2025-12-16T03:21:40","guid":{"rendered":"https:\/\/www.zonelenviro.com\/vertical-leaf-filter-bags-for-chemical-industries\/"},"modified":"2026-04-28T16:04:42","modified_gmt":"2026-04-28T08:04:42","slug":"vertical-leaf-filter-bags-for-chemical-industries","status":"publish","type":"product","link":"https:\/\/www.zonelenviro.com\/pt-br\/sacos-filtrantes-verticais-para-a-industria-quimica\/","title":{"rendered":"Sacos filtrantes verticais para a ind\u00fastria qu\u00edmica"},"content":{"rendered":"<h2>Introdu\u00e7\u00e3o geral:<\/h2>\n<p>O filtro de folhas vertical \u00e9 um tipo de equipamento de separa\u00e7\u00e3o s\u00f3lido-l\u00edquido com caracter\u00edsticas de baixo custo, ampla aplicabilidade, opera\u00e7\u00e3o simples e baixa intensidade de m\u00e3o-de-obra para os trabalhadores, sendo amplamente utilizado nas ind\u00fastrias qu\u00edmicas.<\/p>\n<p>O filtro de folhas vertical \u00e9 composto principalmente pelo recipiente do filtro, pelos elementos filtrantes (folhas de filtro e sacos de filtro), por um tanque de n\u00edvel superior e por um tanque de al\u00edvio de press\u00e3o. Os elementos filtrantes est\u00e3o dispostos em forma de estrela, sendo que cada elemento cont\u00e9m uma placa de filtro e um saco de filtro, que podem ser considerados o cora\u00e7\u00e3o do sistema de filtragem.<\/p>\n<p>A Zonel Filtech dedica-se principalmente ao desenvolvimento e produ\u00e7\u00e3o de sacos de filtro de folhas de alta qualidade para diversas aplica\u00e7\u00f5es industriais.<\/p>\n<h2>Princ\u00edpio de funcionamento:<\/h2>\n<p>Durante o processo de filtra\u00e7\u00e3o, o l\u00edquido bruto \u00e9 conduzido para o recipiente do filtro.<\/p>\n<p>Sob uma determinada press\u00e3o, o filtrado passa atrav\u00e9s dos sacos de filtro do filtro de folhas e flui para o tanque de recolha de filtrado atrav\u00e9s de uma conduta; o bolo de filtra\u00e7\u00e3o forma-se no exterior do tecido do filtro de folhas ou dos sacos de filtro.<\/p>\n<p>Ap\u00f3s um determinado per\u00edodo de filtra\u00e7\u00e3o, a press\u00e3o no interior do recipiente do filtro \u00e9 reduzida para a press\u00e3o atmosf\u00e9rica, e o l\u00edquido no tanque de n\u00edvel superior realiza uma retrolavagem da manga do filtro de folhas vertical para retirar o bolo de filtra\u00e7\u00e3o e concluir o processo de descarga de lamas.<\/p>\n<p>Assim, um ciclo de funcionamento deste equipamento consiste em 3 partes: alimenta\u00e7\u00e3o, forma\u00e7\u00e3o do bolo e descarga de lamas do saco de filtro de folhas.<\/p>\n<h2>As propriedades do saco de filtro de folha vertical da Zonel Filtech:<\/h2>\n<ul>\n<li>Utiliza\u00e7\u00e3o de monofilamentos e multifilamentos de qualidade industrial, com resist\u00eancia qu\u00edmica e baixo encolhimento;<\/li>\n<li>Personalizado de acordo com diferentes aplica\u00e7\u00f5es, com diferentes tamanhos de poros dispon\u00edveis.<\/li>\n<li>Elevado caudal, aumenta a produ\u00e7\u00e3o de forma eficiente;<\/li>\n<li>Padr\u00e3o de tecelagem otimizado, alta efici\u00eancia de filtragem, menor taxa de entupimento, dur\u00e1vel;<\/li>\n<li>Design de superf\u00edcie lisa, f\u00e1cil liberta\u00e7\u00e3o do bolo, f\u00e1cil de relavar\/regenerar.<\/li>\n<\/ul>\n<h2>Aplica\u00e7\u00f5es<\/h2>\n<p>A vasta experi\u00eancia demonstra que o filtro de folha vertical \u00e9 o mais adequado aos requisitos da produ\u00e7\u00e3o de alumina, sendo amplamente utilizado nas opera\u00e7\u00f5es de produ\u00e7\u00e3o de alumina. Atualmente, o material de filtro de folha \/ tecido filtrante para f\u00e1bricas de alumina da Zonel Filtech \u00e9 amplamente utilizado na produ\u00e7\u00e3o de alumina (saco de filtro para produ\u00e7\u00e3o de alumina), incluindo os procedimentos de produ\u00e7\u00e3o de:<\/p>\n<ul>\n<li>Filtro de lama vermelha com saco de filtro para lama vermelha: No processamento da lama vermelha ap\u00f3s o processo Bayer, o tecido de filtro de folha ajuda a reduzir o teor de \u00e1gua da lama vermelha para cumprir os requisitos de armazenamento ou utiliza\u00e7\u00e3o integral;<\/li>\n<li>Filtra\u00e7\u00e3o de l\u00edquido refinado: Purifica\u00e7\u00e3o final da solu\u00e7\u00e3o de aluminato de s\u00f3dio, removendo part\u00edculas em suspens\u00e3o de modo a garantir a pureza do alum\u00ednio eletrol\u00edtico (filtro para solu\u00e7\u00e3o de aluminato de s\u00f3dio);<\/li>\n<li>Filtra\u00e7\u00e3o de sementes: Separa\u00e7\u00e3o de sementes de hidr\u00f3xido de alum\u00ednio no processo de sinteriza\u00e7\u00e3o (filtro de sementes de hidr\u00f3xido de alum\u00ednio), etc.<\/li>\n<\/ul>\n<p>Os sacos de filtro de folha da Zonel Filtech tamb\u00e9m s\u00e3o utilizados em ind\u00fastrias de refina\u00e7\u00e3o de a\u00e7\u00facar, extra\u00e7\u00e3o de van\u00e1dio a partir de esc\u00f3ria de a\u00e7o, etc.<\/p>\n<p>Para quaisquer materiais de filtragem necess\u00e1rios para filtros de folha, n\u00e3o hesite em contactar a Zonel Filtech!<\/p>\n","protected":false},"excerpt":{"rendered":"<ul>\n<li data-start=\"64\" data-end=\"131\">Baixo custo de opera\u00e7\u00e3o, com estrutura simples e f\u00e1cil manuten\u00e7\u00e3o<\/li>\n<li data-start=\"135\" data-end=\"220\">Ampla aplicabilidade industrial com desempenho fi\u00e1vel na separa\u00e7\u00e3o s\u00f3lido-l\u00edquido<\/li>\n<li data-start=\"224\" data-end=\"304\">Os elementos filtrantes dispostos em estrela garantem alta efici\u00eancia e filtra\u00e7\u00e3o est\u00e1vel<\/li>\n<li data-start=\"308\" data-end=\"384\">Os sacos de filtro de folha de alta qualidade melhoram a durabilidade e a precis\u00e3o da filtra\u00e7\u00e3o<\/li>\n<\/ul>\n","protected":false},"featured_media":8343,"template":"","meta":{"site-sidebar-layout":"default","site-content-layout":"","ast-site-content-layout":"default","site-content-style":"default","site-sidebar-style":"default","ast-global-header-display":"","ast-banner-title-visibility":"","ast-main-header-display":"","ast-hfb-above-header-display":"","ast-hfb-below-header-display":"","ast-hfb-mobile-header-display":"","site-post-title":"","ast-breadcrumbs-content":"","ast-featured-img":"","footer-sml-layout":"","theme-transparent-header-meta":"default","adv-header-id-meta":"","stick-header-meta":"","header-above-stick-meta":"","header-main-stick-meta":"","header-below-stick-meta":"","astra-migrate-meta-layouts":"set","ast-page-background-enabled":"default","ast-page-background-meta":{"desktop":{"background-color":"","background-image":"","background-repeat":"repeat","background-position":"center center","background-size":"auto","background-attachment":"scroll","background-type":"","background-media":"","overlay-type":"","overlay-color":"","overlay-opacity":"","overlay-gradient":""},"tablet":{"background-color":"","background-image":"","background-repeat":"repeat","background-position":"center center","background-size":"auto","background-attachment":"scroll","background-type":"","background-media":"","overlay-type":"","overlay-color":"","overlay-opacity":"","overlay-gradient":""},"mobile":{"background-color":"","background-image":"","background-repeat":"repeat","background-position":"center center","background-size":"auto","background-attachment":"scroll","background-type":"","background-media":"","overlay-type":"","overlay-color":"","overlay-opacity":"","overlay-gradient":""}},"ast-content-background-meta":{"desktop":{"background-color":"var(--ast-global-color-5)","background-image":"","background-repeat":"repeat","background-position":"center center","background-size":"auto","background-attachment":"scroll","background-type":"","background-media":"","overlay-type":"","overlay-color":"","overlay-opacity":"","overlay-gradient":""},"tablet":{"background-color":"var(--ast-global-color-5)","background-image":"","background-repeat":"repeat","background-position":"center center","background-size":"auto","background-attachment":"scroll","background-type":"","background-media":"","overlay-type":"","overlay-color":"","overlay-opacity":"","overlay-gradient":""},"mobile":{"background-color":"var(--ast-global-color-5)","background-image":"","background-repeat":"repeat","background-position":"center center","background-size":"auto","background-attachment":"scroll","background-type":"","background-media":"","overlay-type":"","overlay-color":"","overlay-opacity":"","overlay-gradient":""}}},"product_brand":[],"product_cat":[72],"product_tag":[],"class_list":{"0":"post-10077","1":"product","2":"type-product","3":"status-publish","4":"has-post-thumbnail","6":"product_cat-filtro-liquido","7":"desktop-align-left","8":"tablet-align-left","9":"mobile-align-left","11":"first","12":"instock","13":"shipping-taxable","14":"product-type-simple"},"_links":{"self":[{"href":"https:\/\/www.zonelenviro.com\/pt-br\/wp-json\/wp\/v2\/product\/10077","targetHints":{"allow":["GET"]}}],"collection":[{"href":"https:\/\/www.zonelenviro.com\/pt-br\/wp-json\/wp\/v2\/product"}],"about":[{"href":"https:\/\/www.zonelenviro.com\/pt-br\/wp-json\/wp\/v2\/types\/product"}],"version-history":[{"count":1,"href":"https:\/\/www.zonelenviro.com\/pt-br\/wp-json\/wp\/v2\/product\/10077\/revisions"}],"predecessor-version":[{"id":10085,"href":"https:\/\/www.zonelenviro.com\/pt-br\/wp-json\/wp\/v2\/product\/10077\/revisions\/10085"}],"wp:featuredmedia":[{"embeddable":true,"href":"https:\/\/www.zonelenviro.com\/pt-br\/wp-json\/wp\/v2\/media\/8343"}],"wp:attachment":[{"href":"https:\/\/www.zonelenviro.com\/pt-br\/wp-json\/wp\/v2\/media?parent=10077"}],"wp:term":[{"taxonomy":"product_brand","embeddable":true,"href":"https:\/\/www.zonelenviro.com\/pt-br\/wp-json\/wp\/v2\/product_brand?post=10077"},{"taxonomy":"product_cat","embeddable":true,"href":"https:\/\/www.zonelenviro.com\/pt-br\/wp-json\/wp\/v2\/product_cat?post=10077"},{"taxonomy":"product_tag","embeddable":true,"href":"https:\/\/www.zonelenviro.com\/pt-br\/wp-json\/wp\/v2\/product_tag?post=10077"}],"curies":[{"name":"wp","href":"https:\/\/api.w.org\/{rel}","templated":true}]}}