{"id":3965,"date":"2024-03-19T17:55:20","date_gmt":"2024-03-19T09:55:20","guid":{"rendered":"https:\/\/www.zonelenviro.com\/the-filter-belt-for-phosphoric-acid-filtration-with-wet-processing\/"},"modified":"2024-04-25T10:36:17","modified_gmt":"2024-04-25T02:36:17","slug":"the-filter-belt-for-phosphoric-acid-filtration-with-wet-processing","status":"publish","type":"product","link":"https:\/\/www.zonelenviro.com\/pt-br\/a-cinta-filtro-para-filtracao-de-acido-fosforico-com-processamento-umido.html","title":{"rendered":"A correia de filtro para filtragem de \u00e1cido fosf\u00f3rico com processamento \u00famido"},"content":{"rendered":"\t\t<div data-elementor-type=\"product-post\" data-elementor-id=\"3965\" class=\"elementor elementor-3965\" data-elementor-post-type=\"product\">\n\t\t\t\t<div class=\"elementor-element elementor-element-9cf79a1 e-flex e-con-boxed e-con e-parent\" data-id=\"9cf79a1\" data-element_type=\"container\">\n\t\t\t\t\t<div class=\"e-con-inner\">\n\t\t\t\t<div class=\"elementor-element elementor-element-4e60556 elementor-widget elementor-widget-text-editor\" data-id=\"4e60556\" data-element_type=\"widget\" data-widget_type=\"text-editor.default\">\n\t\t\t\t<div class=\"elementor-widget-container\">\n\t\t\t\t\t\t\t<p>A malha do filtro do ar condicionado, o material do rolo e o painel\/folha de filtro pronto<\/p>\t\t\t\t\t\t<\/div>\n\t\t\t\t<\/div>\n\t\t\t\t\t<\/div>\n\t\t\t\t<\/div>\n\t\t<div class=\"elementor-element elementor-element-08089e1 e-flex e-con-boxed e-con e-parent\" data-id=\"08089e1\" data-element_type=\"container\">\n\t\t\t\t\t<div class=\"e-con-inner\">\n\t\t\t\t<div class=\"elementor-element elementor-element-18c84a7 elementor-widget elementor-widget-image\" data-id=\"18c84a7\" data-element_type=\"widget\" data-widget_type=\"image.default\">\n\t\t\t\t<div class=\"elementor-widget-container\">\n\t\t\t\t\t\t\t\t\t\t\t\t\t<img decoding=\"async\" width=\"1\" height=\"1\" src=\"https:\/\/www.zonelenviro.com\/wp-content\/uploads\/2024\/03\/Phosphoric-acid-filter-belt-phosphoric-acid-filter-fabric.jpg\" class=\"attachment-large size-large wp-image-3971\" alt=\"\" \/>\t\t\t\t\t\t\t\t\t\t\t\t\t<\/div>\n\t\t\t\t<\/div>\n\t\t\t\t\t<\/div>\n\t\t\t\t<\/div>\n\t\t<div class=\"elementor-element elementor-element-f376a11 e-flex e-con-boxed e-con e-parent\" data-id=\"f376a11\" data-element_type=\"container\">\n\t\t\t\t\t<div class=\"e-con-inner\">\n\t\t\t\t<div class=\"elementor-element elementor-element-e53ec3a elementor-widget elementor-widget-text-editor\" data-id=\"e53ec3a\" data-element_type=\"widget\" data-widget_type=\"text-editor.default\">\n\t\t\t\t<div class=\"elementor-widget-container\">\n\t\t\t\t\t\t\t<p><strong>Introdu\u00e7\u00e3o geral:<\/strong><\/p><p>A obra de processamento \u00famido para a produ\u00e7\u00e3o de \u00e1cido fosf\u00f3rico com as propriedades da tecnologia mais madura e do m\u00e9todo mais econ\u00f4mico, que \u00e9 a obra mais popular para a produ\u00e7\u00e3o de \u00e1cido fosf\u00f3rico.<br \/>N\u00e3o importa o m\u00e9todo de DH, HH-DH, DH-HH ou HH, para obter o \u00e1cido fosf\u00f3rico limpo; Para obter uma alta taxa de coleta de P2O5, a maioria das f\u00e1bricas equipar\u00e1 os filtros a v\u00e1cuo com um sistema de lavagem vertical para separar o \u00e1cido fosf\u00f3rico das part\u00edculas s\u00f3lidas, os filtros podem ser filtros a v\u00e1cuo de correia de borracha, filtros de disco e filtros de panela, etc.<br \/>O sistema de filtro \u00e9 uma das constru\u00e7\u00f5es mais complexas e equipamentos mais caros para as plantas de \u00e1cido fosf\u00f3rico, como obter uma maior efici\u00eancia de trabalho dos filtros, o que \u00e9 crucial para a produ\u00e7\u00e3o de \u00e1cido fosf\u00f3rico, taxa de coleta de P2O5 e qualidade, como o cora\u00e7\u00e3o de os filtros, os tecidos filtrantes\/cinta filtrante desempenhando um papel muito importante, \u00e9 claro.<br \/>Quando bem compreendido os requisitos das f\u00e1bricas de \u00e1cido fosf\u00f3rico, acumulou experi\u00eancias abundantes na produ\u00e7\u00e3o de \u00e1cido fosf\u00f3rico, bem como comparou tecidos de filtro relevantes no mercado, a Zonel Filtech desenvolveu um tecido de filtro\/cinta de filtro especial para filtros de v\u00e1cuo de correia de borracha em aplica\u00e7\u00f5es de \u00e1cido fosf\u00f3rico.<\/p><p><strong>Propriedades da cinta de filtro para uso de filtra\u00e7\u00e3o de \u00e1cido fosf\u00f3rico:<\/strong><br \/>1. O material da correia do filtro \u00e9 resistente a \u00e1cidos, est\u00e1vel e de constru\u00e7\u00e3o forte, com igual resist\u00eancia \u00e0 tra\u00e7\u00e3o e permeabilidade ao ar.<br \/>2. Com uma conex\u00e3o especial de corte SS, a correia nunca se rompeu na parte da junta.<br \/>3. Boa permeabilidade ao ar\/permeabilidade \u00e0 \u00e1gua, alta efici\u00eancia do filtro, secador do bolo.<br \/>4.Superf\u00edcie lisa, f\u00e1cil de lavar e regenerar, n\u00e3o \u00e9 f\u00e1cil de ser bloqueada.<br \/>5. F\u00e1cil instala\u00e7\u00e3o e manuten\u00e7\u00e3o, dur\u00e1vel.<\/p><p><strong>Aplicativo:<\/strong><br \/>Para a separa\u00e7\u00e3o de s\u00f3lidos e l\u00edquidos na produ\u00e7\u00e3o de \u00e1cido fosf\u00f3rico.<\/p><p><strong>Especifica\u00e7\u00e3o relevante da correia do filtro de \u00e1cido fosf\u00f3rico:<\/strong><\/p><p><b><div class=\"wptb-container-legacy\" data-table-id=\"3796\">\n    <table class=\"wptb-preview-table wptb-element-main-table_setting-1685\" data-reconstraction=\"1\" style=\"border: 1px solid rgb(209, 209, 209);\" data-wptb-table-tds-sum-max-width=\"162\" data-wptb-cells-width-auto-count=\"7\" data-wptb-table-directives=\"eyJpbm5lckJvcmRlcnMiOnsiYWN0aXZlIjoiYWxsIiwiYm9yZGVyV2lkdGgiOiIxIiwiYm9yZGVyUmFkaXVzZXMiOnsiYWxsIjpmYWxzZX19fQ==\" data-wptb-horizontal-scroll-status=\"true\" data-wptb-extra-styles=\"LyogRW50ZXIgeW91ciBjdXN0b20gQ1NTIHJ1bGVzIGhlcmUgKi8=\" data-wptb-first-column-sticky=\"false\" data-wptb-pro-pagination-top-row-header=\"true\" data-wptb-rows-per-page=\"3\" data-wptb-pro-search-top-row-header=\"true\" data-wptb-searchbar-position=\"left\" role=\"table\" data-wptb-responsive-directives=\"eyJyZXNwb25zaXZlRW5hYmxlZCI6dHJ1ZSwicmVzcG9uc2l2ZU1vZGUiOiJhdXRvIiwicHJlc2VydmVSb3dDb2xvciI6ZmFsc2UsInJlbGF0aXZlV2lkdGgiOiJ3aW5kb3ciLCJoZWFkZXJGdWxseU1lcmdlZCI6ZmFsc2UsIm1vZGVPcHRpb25zIjp7ImF1dG8iOnsiZGlzYWJsZWQiOnsiZGVza3RvcCI6ZmFsc2UsInRhYmxldCI6dHJ1ZSwibW9iaWxlIjp0cnVlfSwidG9wUm93QXNIZWFkZXIiOnsiZGVza3RvcCI6ZmFsc2UsInRhYmxldCI6dHJ1ZSwibW9iaWxlIjp0cnVlfSwicmVwZWF0TWVyZ2VkSGVhZGVyIjp7ImRlc2t0b3AiOnRydWUsInRhYmxldCI6dHJ1ZSwibW9iaWxlIjp0cnVlfSwic3RhdGljVG9wUm93Ijp7ImRlc2t0b3AiOmZhbHNlLCJ0YWJsZXQiOmZhbHNlLCJtb2JpbGUiOmZhbHNlfSwiY2VsbFN0YWNrRGlyZWN0aW9uIjp7ImRlc2t0b3AiOiJyb3ciLCJ0YWJsZXQiOiJyb3ciLCJtb2JpbGUiOiJyb3cifSwiY2VsbHNQZXJSb3ciOnsiZGVza3RvcCI6MSwidGFibGV0IjoxLCJtb2JpbGUiOjF9fX0sImJyZWFrcG9pbnRzIjp7ImRlc2t0b3AiOnsibmFtZSI6ImRlc2t0b3AiLCJ3aWR0aCI6MTAyNH0sInRhYmxldCI6eyJuYW1lIjoidGFibGV0Iiwid2lkdGgiOjcwMH0sIm1vYmlsZSI6eyJuYW1lIjoibW9iaWxlIiwid2lkdGgiOjMwMH19fQ==\" data-wptb-adaptive-table=\"0\" data-table-columns=\"7\" data-wptb-td-width-auto=\"10\" data-wptb-table-alignment=\"center\"><tbody data-global-font-color=\"#000000\" data-global-link-color=\"#000000\" data-global-font-size=\"15px\"><tr class=\"wptb-row\"><td class=\"wptb-cell\" data-y-index=\"0\" data-x-index=\"0\" style=\"border: 1px solid rgb(209, 209, 209); padding: 6px;\" data-wptb-css-td-auto-width=\"true\"><div class=\"wptb-text-container wptb-ph-element wptb-element-text-597\" style=\"color: rgb(0, 0, 0); font-size: 15px; padding: 0px; margin: 0px;\"><div class=\"\" style=\"position: relative;\"><p style=\"text-align: center;\">Series<\/p><\/div><\/div><\/td><td class=\"wptb-cell\" data-y-index=\"0\" data-x-index=\"1\" style=\"border: 1px solid rgb(209, 209, 209); padding: 6px;\" data-wptb-css-td-auto-width=\"true\"><div class=\"wptb-text-container wptb-ph-element wptb-element-text-598\" style=\"color: rgb(0, 0, 0); font-size: 15px; padding: 0px; margin: 0px;\"><div class=\"\" style=\"position: relative;\"><p style=\"text-align: center;\">N\u00famero do modelo<\/p><\/div><\/div><\/td><td class=\"wptb-cell\" data-y-index=\"0\" data-x-index=\"2\" style=\"border: 1px solid rgb(209, 209, 209); padding: 6px;\" data-wptb-css-td-auto-width=\"true\"><div class=\"wptb-text-container wptb-ph-element wptb-element-text-599\" style=\"color: rgb(0, 0, 0); font-size: 15px; padding: 0px; margin: 0px;\"><div class=\"\" style=\"position: relative;\"><p style=\"text-align: center;\">Densidade<\/p><p style=\"text-align: center;\">(urdidura\/trama)<\/p><p style=\"text-align: center;\">(conta\/10cm)<\/p><\/div><\/div><\/td><td class=\"wptb-cell\" data-y-index=\"0\" data-x-index=\"3\" style=\"border: 1px solid rgb(209, 209, 209); padding: 6px;\" data-wptb-css-td-auto-width=\"true\"><div class=\"wptb-text-container wptb-ph-element wptb-element-text-600\" style=\"color: rgb(0, 0, 0); font-size: 15px; padding: 0px; margin: 0px;\"><div class=\"\" style=\"position: relative;\"><p style=\"text-align: center;\">Peso<\/p><p style=\"text-align: center;\">(g\/sq.m)<\/p><\/div><\/div><\/td><td class=\"wptb-cell\" data-y-index=\"0\" data-x-index=\"4\" style=\"border: 1px solid rgb(209, 209, 209); padding: 6px;\" data-wptb-css-td-auto-width=\"true\"><div class=\"wptb-text-container wptb-ph-element wptb-element-text-601\" style=\"color: rgb(0, 0, 0); font-size: 15px; padding: 0px; margin: 0px;\"><div class=\"\" style=\"position: relative;\"><p style=\"text-align: center;\">For\u00e7a de explos\u00e3o<\/p><p style=\"text-align: center;\">(urdidura\/trama)<\/p><p style=\"text-align: center;\">(N\/50mm)<\/p><\/div><\/div><\/td><td class=\"wptb-cell\" data-y-index=\"0\" data-x-index=\"5\" style=\"border: 1px solid rgb(209, 209, 209); padding: 6px;\" data-wptb-css-td-auto-width=\"true\"><div class=\"wptb-text-container wptb-ph-element wptb-element-text-602\" style=\"color: rgb(0, 0, 0); font-size: 15px; padding: 0px; margin: 0px;\"><div class=\"\" style=\"position: relative;\"><p style=\"text-align: center;\">Permeabilidade do ar<\/p><p style=\"text-align: center;\">(L\/sqm.S)<\/p><p style=\"text-align: center;\">@200pa<\/p><\/div><\/div><\/td><td class=\"wptb-cell\" data-y-index=\"0\" data-x-index=\"6\" style=\"border: 1px solid rgb(209, 209, 209); padding: 6px;\" data-wptb-css-td-auto-width=\"true\"><div class=\"wptb-text-container wptb-ph-element wptb-element-text-603\" style=\"color: rgb(0, 0, 0); font-size: 15px; padding: 0px; margin: 0px;\"><div class=\"\" style=\"position: relative;\"><p>Constru\u00e7\u00e3o<\/p><p>(T=sarja;<\/p><p>S=cetim;<\/p><p>P = simples)<\/p><p>(O = outros)<\/p><\/div><\/div><\/td><\/tr><tr class=\"wptb-row\"><td class=\"wptb-cell\" data-y-index=\"1\" data-x-index=\"0\" style=\"border: 1px solid rgb(209, 209, 209); padding: 6px;\" data-wptb-css-td-auto-width=\"true\"><div class=\"wptb-text-container wptb-ph-element wptb-element-text-604\" style=\"color: rgb(0, 0, 0); font-size: 15px; padding: 0px; margin: 0px;\"><div class=\"\" style=\"position: relative;\"><p style=\"text-align: center;\">Plantas de a\u00e7\u00facar Tecidos filtrantes<\/p><\/div><\/div><\/td><td class=\"wptb-cell\" data-y-index=\"1\" data-x-index=\"1\" style=\"border: 1px solid rgb(209, 209, 209); padding: 6px;\" data-wptb-css-td-auto-width=\"true\"><div class=\"wptb-text-container wptb-ph-element wptb-element-text-605\" style=\"color: rgb(0, 0, 0); font-size: 15px; padding: 0px; margin: 0px;\"><div class=\"\" style=\"position: relative;\"><p style=\"text-align: center;\">ZF-ST506<\/p><\/div><\/div><\/td><td class=\"wptb-cell\" data-y-index=\"1\" data-x-index=\"2\" style=\"border: 1px solid rgb(209, 209, 209); padding: 6px;\" data-wptb-css-td-auto-width=\"true\"><div class=\"wptb-text-container wptb-ph-element wptb-element-text-606\" style=\"color: rgb(0, 0, 0); font-size: 15px; padding: 0px; margin: 0px;\"><div class=\"\" style=\"position: relative;\"><p style=\"text-align: center;\">460\/125<\/p><\/div><\/div><\/td><td class=\"wptb-cell\" data-y-index=\"1\" data-x-index=\"3\" style=\"border: 1px solid rgb(209, 209, 209); padding: 6px;\" data-wptb-css-td-auto-width=\"true\"><div class=\"wptb-text-container wptb-ph-element wptb-element-text-607\" style=\"color: rgb(0, 0, 0); font-size: 15px; padding: 0px; margin: 0px;\"><div class=\"\" style=\"position: relative;\"><p style=\"text-align: center;\">890<\/p><\/div><\/div><\/td><td class=\"wptb-cell\" data-y-index=\"1\" data-x-index=\"4\" style=\"border: 1px solid rgb(209, 209, 209); padding: 6px;\" data-wptb-css-td-auto-width=\"true\"><div class=\"wptb-text-container wptb-ph-element wptb-element-text-608\" style=\"color: rgb(0, 0, 0); font-size: 15px; padding: 0px; margin: 0px;\"><div class=\"\" style=\"position: relative;\"><p style=\"text-align: center;\">&gt;8500\/4500<\/p><\/div><\/div><\/td><td class=\"wptb-cell\" data-y-index=\"1\" data-x-index=\"5\" style=\"border: 1px solid rgb(209, 209, 209); padding: 6px;\" data-wptb-css-td-auto-width=\"true\"><div class=\"wptb-text-container wptb-ph-element wptb-element-text-609\" style=\"color: rgb(0, 0, 0); font-size: 15px; padding: 0px; margin: 0px;\"><div class=\"\" style=\"position: relative;\"><p style=\"text-align: center;\">900~1500 (personalizado)<\/p><\/div><\/div><\/td><td class=\"wptb-cell\" data-y-index=\"1\" data-x-index=\"6\" style=\"border: 1px solid rgb(209, 209, 209); padding: 6px;\" data-wptb-css-td-auto-width=\"true\"><div class=\"wptb-text-container wptb-ph-element wptb-element-text-610\" style=\"color: rgb(0, 0, 0); font-size: 15px; padding: 0px; margin: 0px;\"><div class=\"\" style=\"position: relative;\"><p style=\"text-align: center;\">O<\/p><\/div><\/div><\/td><\/tr><\/tbody><\/table>\n<\/div>\n<\/b><\/p>\t\t\t\t\t\t<\/div>\n\t\t\t\t<\/div>\n\t\t\t\t\t<\/div>\n\t\t\t\t<\/div>\n\t\t\t\t<\/div>\n\t\t","protected":false},"excerpt":{"rendered":"<p>A obra de processamento \u00famido para a produ\u00e7\u00e3o de \u00e1cido fosf\u00f3rico com as propriedades da tecnologia mais madura e do m\u00e9todo mais econ\u00f4mico, que \u00e9 a obra mais popular para a produ\u00e7\u00e3o de \u00e1cido fosf\u00f3rico. N\u00e3o importa o m\u00e9todo de DH, HH-DH, DH-HH, HH, para obter o \u00e1cido fosf\u00f3rico limpo; Para obter uma alta taxa de coleta de P2O5, a maioria das f\u00e1bricas equipar\u00e1 os filtros a v\u00e1cuo com um sistema de lavagem vertical para separar o \u00e1cido fosf\u00f3rico das part\u00edculas s\u00f3lidas, os filtros podem ser filtros a v\u00e1cuo de correia de borracha, filtros de disco e filtros de panela, etc.<\/p>\n<p>O sistema de filtro \u00e9 uma das constru\u00e7\u00f5es mais complexas e equipamentos mais caros para as plantas de \u00e1cido fosf\u00f3rico, como obter uma maior efici\u00eancia de trabalho dos filtros, o que \u00e9 crucial para a produ\u00e7\u00e3o de \u00e1cido fosf\u00f3rico, taxa de coleta de P2O5 e qualidade, como o cora\u00e7\u00e3o de os filtros, os tecidos filtrantes\/cinta filtrante desempenhando um papel muito importante, \u00e9 claro.<\/p>\n","protected":false},"featured_media":3966,"template":"","meta":{"site-sidebar-layout":"no-sidebar","site-content-layout":"page-builder","ast-site-content-layout":"full-width-container","site-content-style":"default","site-sidebar-style":"default","ast-global-header-display":"","ast-banner-title-visibility":"","ast-main-header-display":"","ast-hfb-above-header-display":"","ast-hfb-below-header-display":"","ast-hfb-mobile-header-display":"","site-post-title":"disabled","ast-breadcrumbs-content":"","ast-featured-img":"disabled","footer-sml-layout":"","theme-transparent-header-meta":"default","adv-header-id-meta":"","stick-header-meta":"","header-above-stick-meta":"","header-main-stick-meta":"","header-below-stick-meta":"","astra-migrate-meta-layouts":"set","ast-page-background-enabled":"default","ast-page-background-meta":{"desktop":{"background-color":"","background-image":"","background-repeat":"repeat","background-position":"center center","background-size":"auto","background-attachment":"scroll","background-type":"","background-media":"","overlay-type":"","overlay-color":"","overlay-opacity":"","overlay-gradient":""},"tablet":{"background-color":"","background-image":"","background-repeat":"repeat","background-position":"center center","background-size":"auto","background-attachment":"scroll","background-type":"","background-media":"","overlay-type":"","overlay-color":"","overlay-opacity":"","overlay-gradient":""},"mobile":{"background-color":"","background-image":"","background-repeat":"repeat","background-position":"center center","background-size":"auto","background-attachment":"scroll","background-type":"","background-media":"","overlay-type":"","overlay-color":"","overlay-opacity":"","overlay-gradient":""}},"ast-content-background-meta":{"desktop":{"background-color":"var(--ast-global-color-5)","background-image":"","background-repeat":"repeat","background-position":"center center","background-size":"auto","background-attachment":"scroll","background-type":"","background-media":"","overlay-type":"","overlay-color":"","overlay-opacity":"","overlay-gradient":""},"tablet":{"background-color":"var(--ast-global-color-5)","background-image":"","background-repeat":"repeat","background-position":"center center","background-size":"auto","background-attachment":"scroll","background-type":"","background-media":"","overlay-type":"","overlay-color":"","overlay-opacity":"","overlay-gradient":""},"mobile":{"background-color":"var(--ast-global-color-5)","background-image":"","background-repeat":"repeat","background-position":"center center","background-size":"auto","background-attachment":"scroll","background-type":"","background-media":"","overlay-type":"","overlay-color":"","overlay-opacity":"","overlay-gradient":""}}},"product_brand":[],"product_cat":[72],"product_tag":[],"class_list":{"0":"post-3965","1":"product","2":"type-product","3":"status-publish","4":"has-post-thumbnail","6":"product_cat-filtro-liquido","7":"desktop-align-left","8":"tablet-align-left","9":"mobile-align-left","11":"first","12":"instock","13":"shipping-taxable","14":"product-type-simple"},"_links":{"self":[{"href":"https:\/\/www.zonelenviro.com\/pt-br\/wp-json\/wp\/v2\/product\/3965","targetHints":{"allow":["GET"]}}],"collection":[{"href":"https:\/\/www.zonelenviro.com\/pt-br\/wp-json\/wp\/v2\/product"}],"about":[{"href":"https:\/\/www.zonelenviro.com\/pt-br\/wp-json\/wp\/v2\/types\/product"}],"version-history":[{"count":0,"href":"https:\/\/www.zonelenviro.com\/pt-br\/wp-json\/wp\/v2\/product\/3965\/revisions"}],"wp:featuredmedia":[{"embeddable":true,"href":"https:\/\/www.zonelenviro.com\/pt-br\/wp-json\/wp\/v2\/media\/3966"}],"wp:attachment":[{"href":"https:\/\/www.zonelenviro.com\/pt-br\/wp-json\/wp\/v2\/media?parent=3965"}],"wp:term":[{"taxonomy":"product_brand","embeddable":true,"href":"https:\/\/www.zonelenviro.com\/pt-br\/wp-json\/wp\/v2\/product_brand?post=3965"},{"taxonomy":"product_cat","embeddable":true,"href":"https:\/\/www.zonelenviro.com\/pt-br\/wp-json\/wp\/v2\/product_cat?post=3965"},{"taxonomy":"product_tag","embeddable":true,"href":"https:\/\/www.zonelenviro.com\/pt-br\/wp-json\/wp\/v2\/product_tag?post=3965"}],"curies":[{"name":"wp","href":"https:\/\/api.w.org\/{rel}","templated":true}]}}