{"id":4242,"date":"2024-03-19T17:13:27","date_gmt":"2024-03-19T09:13:27","guid":{"rendered":"https:\/\/www.zonelenviro.com\/screen-mesh-bolting-cloth-flour-mesh-filter-mesh\/"},"modified":"2026-04-28T16:26:31","modified_gmt":"2026-04-28T08:26:31","slug":"screen-mesh-bolting-cloth-flour-mesh-filter-mesh","status":"publish","type":"product","link":"https:\/\/www.zonelenviro.com\/pt-br\/tela-para-crivagem\/","title":{"rendered":"Tela de peneiramento \/ Tela para crivagem \/ Tela para farinha \/ Tela de filtragem"},"content":{"rendered":"<p>Tela<strong> de peneiramento em PET<\/strong>\/Malha <strong>de tela em PET\/Malha de impress\u00e3o em PET\/Malha de filtragem em PET<\/strong><\/p>\n<p><strong>Introdu\u00e7\u00e3o geral:<\/strong> A Zonel Filtech fornece uma gama completa de telas de poli\u00e9ster para aplica\u00e7\u00f5es de impress\u00e3o e filtragem.<br \/>\nO m\u00e9todo de impress\u00e3o por malha \u00e9 uma das solu\u00e7\u00f5es mais econ\u00f3micas e eficazes para a ind\u00fastria de impress\u00e3o, sendo muito popular desde meados do s\u00e9culo passado.<br \/>\nAs telas de peneiramento\/malhas de tela da Zonel Filtech, com dimens\u00f5es est\u00e1veis e aberturas precisas, tornam-se um excelente material de filtragem para algumas das aplica\u00e7\u00f5es industriais mais cr\u00edticas.<\/p>\n<p><strong>Propriedades:<\/strong> Aberturas uniformes e precisas, dimens\u00f5es est\u00e1veis, flexibilidade perfeita, resist\u00eancia ao calor, baixa absor\u00e7\u00e3o de humidade, combina\u00e7\u00e3o perfeita com materiais fotossens\u00edveis, superf\u00edcie lisa e f\u00e1cil regenera\u00e7\u00e3o.<\/p>\n<p><strong>Aplica\u00e7\u00f5es:<\/strong><br \/>\n<strong>Para impress\u00e3o<\/strong>: como impress\u00e3o de circuitos, impress\u00e3o de pain\u00e9is de instrumentos, impress\u00e3o de ecr\u00e3s, impress\u00e3o t\u00eaxtil, impress\u00e3o de padr\u00f5es em vidro, impress\u00e3o de padr\u00f5es em cer\u00e2mica, impress\u00e3o de placas de destino, impress\u00e3o de cartazes, impress\u00e3o de embalagens, etc.<br \/>\n<strong>Para filtra\u00e7\u00e3o<\/strong>: como filtra\u00e7\u00e3o de \u00f3leo, filtra\u00e7\u00e3o de agentes qu\u00edmicos, filtra\u00e7\u00e3o de tintas, filtra\u00e7\u00e3o de alimentos ou bebidas, etc.<\/p>\n<p><strong>Par\u00e2metros t\u00edpicos:<\/strong><\/p>\n<p><img fetchpriority=\"high\" decoding=\"async\" class=\"alignnone wp-image-3577\" src=\"https:\/\/www.zonelenviro.com\/wp-content\/uploads\/2024\/03\/DPP1.png\" alt=\"DPP1\" width=\"800\" height=\"591\" \/><img decoding=\"async\" class=\"alignnone wp-image-1599\" src=\"https:\/\/www.zonelenviro.com\/wp-content\/uploads\/2024\/03\/DPP2.gif\" alt=\"\" width=\"800\" height=\"530\" \/><img decoding=\"async\" class=\"alignnone wp-image-1600\" src=\"https:\/\/www.zonelenviro.com\/wp-content\/uploads\/2024\/03\/DPP4.gif\" alt=\"\" width=\"800\" height=\"476\" \/><\/p>\n<p><strong>Tela de poli\u00e9ster para farinha<\/strong><\/p>\n<p><strong>Introdu\u00e7\u00e3o geral<\/strong>: A Zonel Filtech fornece uma gama completa de telas de poli\u00e9ster para farinha.<\/p>\n<p><strong>Propriedades<\/strong>: Tamanho de abertura uniforme e preciso, mat\u00e9rias-primas n\u00e3o t\u00f3xicas, gama completa de telas dispon\u00edvel, alta efici\u00eancia de filtragem e durabilidade.<\/p>\n<p><strong>Aplica\u00e7\u00f5es<\/strong>: Para peneiras de farinha, etc.<\/p>\n<p><strong>Par\u00e2metros t\u00edpicos:<\/strong><\/p>\n<p><img loading=\"lazy\" decoding=\"async\" class=\"alignnone wp-image-1601\" src=\"https:\/\/www.zonelenviro.com\/wp-content\/uploads\/2024\/03\/DMP-1.jpg\" alt=\"\" width=\"800\" height=\"500\" \/><\/p>\n<p><strong>Tecido de peneiramento\/malha de poliamida (PA)\/nylon para impress\u00e3o e<\/strong> <strong>filtra\u00e7\u00e3o geral<\/strong><\/p>\n<p><strong>Introdu\u00e7\u00e3o geral<\/strong>: a Zonel Filtech fornece uma gama completa de tecidos de peneiramento\/malhas de poliamida (PA)\/nylon para uso em impress\u00e3o e filtra\u00e7\u00e3o, estando dispon\u00edveis os materiais PA6 e PA66.<br \/>\nO m\u00e9todo de impress\u00e3o em malha \u00e9 uma das solu\u00e7\u00f5es mais econ\u00f3micas, mas eficazes, para as ind\u00fastrias de impress\u00e3o, sendo muito popular desde meados do s\u00e9culo passado.<br \/>\nAs telas de peneiramento da Zonel Filtech, com dimens\u00f5es est\u00e1veis e aberturas precisas, tornam-se um excelente material de filtragem para algumas das aplica\u00e7\u00f5es industriais mais cr\u00edticas.<\/p>\n<p><strong>Propriedades<\/strong>: Tamanho de abertura uniforme e preciso, dimens\u00f5es est\u00e1veis, flexibilidade perfeita, resist\u00eancia ao calor, baixa absor\u00e7\u00e3o de humidade, combina\u00e7\u00e3o perfeita com materiais fotossens\u00edveis, superf\u00edcie lisa e f\u00e1cil regenera\u00e7\u00e3o.<\/p>\n<p><strong>Aplica\u00e7\u00f5es:<\/strong><br \/>\n<strong>Para impress\u00e3o:<\/strong> como impress\u00e3o de circuitos, impress\u00e3o de pain\u00e9is de instrumentos, impress\u00e3o de ecr\u00e3s, impress\u00e3o t\u00eaxtil, impress\u00e3o de padr\u00f5es em vidro, impress\u00e3o de padr\u00f5es em cer\u00e2mica, impress\u00e3o de placas de destino, impress\u00e3o de cartazes, impress\u00e3o de embalagens, etc.<br \/>\n<strong>Para filtra\u00e7\u00e3o:<\/strong> como filtra\u00e7\u00e3o de \u00f3leo, filtra\u00e7\u00e3o de agentes qu\u00edmicos, filtra\u00e7\u00e3o de tintas, filtra\u00e7\u00e3o de alimentos ou bebidas, etc.<\/p>\n<p><strong>Par\u00e2metros t\u00edpicos:<\/strong><\/p>\n<p><img loading=\"lazy\" decoding=\"async\" class=\"size-full wp-image-6446 aligncenter\" src=\"https:\/\/www.zonelenviro.com\/wp-content\/uploads\/2024\/03\/Polyamide-PA-parameters.jpg\" alt=\"Polyamide (PA) parameters\" width=\"702\" height=\"956\" \/><\/p>\n<p><strong>Malha de tela de poliamida (PA)\/nylon para peneiramento de farinha<\/strong><\/p>\n<p><strong>Introdu\u00e7\u00e3o geral:<\/strong> A Zonel Filtech fornece uma gama completa de malhas de tela de PA para peneiramento de farinha.<\/p>\n<p><strong>Propriedades:<\/strong> Tamanho de abertura uniforme e preciso, dimens\u00e3o est\u00e1vel, flexibilidade perfeita, resist\u00eancia ao calor, baixa absor\u00e7\u00e3o de humidade, combina\u00e7\u00e3o perfeita com materiais fotossens\u00edveis, superf\u00edcie lisa e f\u00e1cil de regenerar.<\/p>\n<p><strong>Aplica\u00e7\u00f5es:<\/strong><br \/>\nPara peneiras de farinha, etc.<\/p>\n<p><strong>Os par\u00e2metros t\u00edpicos:<\/strong><\/p>\n<p><img loading=\"lazy\" decoding=\"async\" class=\"size-full wp-image-6449 aligncenter\" src=\"https:\/\/www.zonelenviro.com\/wp-content\/uploads\/2024\/03\/Polyamide-PANylon-flour-screen-mesh-parameters.jpg\" alt=\"Polyamide (PA)Nylon flour screen mesh parameters\" width=\"700\" height=\"1034\" \/><\/p>\n<p><strong>A malha de polipropileno \/ tela de peneiramento PP \/ malha de filtro PP<\/strong><\/p>\n<p><strong>Propriedades da malha PP da Zonel Filtech:<\/strong><\/p>\n<p><img loading=\"lazy\" decoding=\"async\" class=\"alignnone wp-image-1608\" src=\"https:\/\/www.zonelenviro.com\/wp-content\/uploads\/2024\/03\/PP-filter-mesh.jpg\" alt=\"\" width=\"800\" height=\"535\" \/><\/p>\n<p>1. V\u00e1rios tamanhos de malha com efici\u00eancia de filtragem precisa.<br \/>\n2. Excelente resist\u00eancia a \u00e1cidos e \u00e1lcalis.<br \/>\n3. Stock suficiente, entrega r\u00e1pida.<\/p>\n<p>As especifica\u00e7\u00f5es t\u00e9cnicas da tela de polipropileno \/ tela de peneiramento PP ser\u00e3o fornecidas de acordo com os requisitos do cliente. Para qualquer necessidade de tela de PP, n\u00e3o hesite em contactar a ZONEL FILTECH!<\/p>\n","protected":false},"excerpt":{"rendered":"<p>A Zonel Filtech \u00e9 um dos fabricantes mais profissionais de materiais filtrantes, equipado com os teares de proje\u00e7\u00e3o e m\u00e1quinas de acabamento mais avan\u00e7ados, capaz de oferecer uma gama completa de telas de filtragem \/ telas de peneiramento para diversas aplica\u00e7\u00f5es industriais e usos variados.<\/p>\n<p>Gama de produtos: Tecido de peneiramento de poli\u00e9ster para impress\u00e3o e filtra\u00e7\u00e3o geral; Malhas de farinha de poli\u00e9ster; Tecido de peneiramento de poliamida\/nylon para impress\u00e3o e filtra\u00e7\u00e3o geral; Malhas de peneiramento de farinha de poliamida\/nylon; Malhas de filtro de PP\/malhas de tela de PP.<\/p>\n<p>Abertura da malha: 25 ~ 1800 m\u00edcrons Largura: at\u00e9 3,6 metros, personaliz\u00e1vel.<\/p>\n","protected":false},"featured_media":4243,"template":"","meta":{"site-sidebar-layout":"default","site-content-layout":"","ast-site-content-layout":"default","site-content-style":"default","site-sidebar-style":"default","ast-global-header-display":"","ast-banner-title-visibility":"","ast-main-header-display":"","ast-hfb-above-header-display":"","ast-hfb-below-header-display":"","ast-hfb-mobile-header-display":"","site-post-title":"","ast-breadcrumbs-content":"","ast-featured-img":"","footer-sml-layout":"","theme-transparent-header-meta":"default","adv-header-id-meta":"","stick-header-meta":"","header-above-stick-meta":"","header-main-stick-meta":"","header-below-stick-meta":"","astra-migrate-meta-layouts":"set","ast-page-background-enabled":"default","ast-page-background-meta":{"desktop":{"background-color":"","background-image":"","background-repeat":"repeat","background-position":"center center","background-size":"auto","background-attachment":"scroll","background-type":"","background-media":"","overlay-type":"","overlay-color":"","overlay-opacity":"","overlay-gradient":""},"tablet":{"background-color":"","background-image":"","background-repeat":"repeat","background-position":"center center","background-size":"auto","background-attachment":"scroll","background-type":"","background-media":"","overlay-type":"","overlay-color":"","overlay-opacity":"","overlay-gradient":""},"mobile":{"background-color":"","background-image":"","background-repeat":"repeat","background-position":"center center","background-size":"auto","background-attachment":"scroll","background-type":"","background-media":"","overlay-type":"","overlay-color":"","overlay-opacity":"","overlay-gradient":""}},"ast-content-background-meta":{"desktop":{"background-color":"var(--ast-global-color-5)","background-image":"","background-repeat":"repeat","background-position":"center center","background-size":"auto","background-attachment":"scroll","background-type":"","background-media":"","overlay-type":"","overlay-color":"","overlay-opacity":"","overlay-gradient":""},"tablet":{"background-color":"var(--ast-global-color-5)","background-image":"","background-repeat":"repeat","background-position":"center center","background-size":"auto","background-attachment":"scroll","background-type":"","background-media":"","overlay-type":"","overlay-color":"","overlay-opacity":"","overlay-gradient":""},"mobile":{"background-color":"var(--ast-global-color-5)","background-image":"","background-repeat":"repeat","background-position":"center center","background-size":"auto","background-attachment":"scroll","background-type":"","background-media":"","overlay-type":"","overlay-color":"","overlay-opacity":"","overlay-gradient":""}}},"product_brand":[],"product_cat":[72],"product_tag":[],"class_list":{"0":"post-4242","1":"product","2":"type-product","3":"status-publish","4":"has-post-thumbnail","6":"product_cat-filtro-liquido","7":"desktop-align-left","8":"tablet-align-left","9":"mobile-align-left","11":"first","12":"instock","13":"shipping-taxable","14":"product-type-simple"},"_links":{"self":[{"href":"https:\/\/www.zonelenviro.com\/pt-br\/wp-json\/wp\/v2\/product\/4242","targetHints":{"allow":["GET"]}}],"collection":[{"href":"https:\/\/www.zonelenviro.com\/pt-br\/wp-json\/wp\/v2\/product"}],"about":[{"href":"https:\/\/www.zonelenviro.com\/pt-br\/wp-json\/wp\/v2\/types\/product"}],"version-history":[{"count":2,"href":"https:\/\/www.zonelenviro.com\/pt-br\/wp-json\/wp\/v2\/product\/4242\/revisions"}],"predecessor-version":[{"id":10113,"href":"https:\/\/www.zonelenviro.com\/pt-br\/wp-json\/wp\/v2\/product\/4242\/revisions\/10113"}],"wp:featuredmedia":[{"embeddable":true,"href":"https:\/\/www.zonelenviro.com\/pt-br\/wp-json\/wp\/v2\/media\/4243"}],"wp:attachment":[{"href":"https:\/\/www.zonelenviro.com\/pt-br\/wp-json\/wp\/v2\/media?parent=4242"}],"wp:term":[{"taxonomy":"product_brand","embeddable":true,"href":"https:\/\/www.zonelenviro.com\/pt-br\/wp-json\/wp\/v2\/product_brand?post=4242"},{"taxonomy":"product_cat","embeddable":true,"href":"https:\/\/www.zonelenviro.com\/pt-br\/wp-json\/wp\/v2\/product_cat?post=4242"},{"taxonomy":"product_tag","embeddable":true,"href":"https:\/\/www.zonelenviro.com\/pt-br\/wp-json\/wp\/v2\/product_tag?post=4242"}],"curies":[{"name":"wp","href":"https:\/\/api.w.org\/{rel}","templated":true}]}}