{"id":4277,"date":"2024-03-19T16:38:51","date_gmt":"2024-03-19T08:38:51","guid":{"rendered":"https:\/\/www.zonelenviro.com\/palm-oil-filter-materials-and-filter-machines\/"},"modified":"2024-04-25T13:44:53","modified_gmt":"2024-04-25T05:44:53","slug":"palm-oil-filter-materials-and-filter-machines","status":"publish","type":"product","link":"https:\/\/www.zonelenviro.com\/pt-br\/produto\/materiais-e-maquinas-de-filtro-de-oleo-de-palma\/","title":{"rendered":"Materiais e m\u00e1quinas de filtro de \u00f3leo de palma"},"content":{"rendered":"<p><strong>Carca\u00e7a do filtro de mangas SS<\/strong> \u2013 entrada lateral de bolsa \u00fanica<br \/>\nZonel Filtech oferece v\u00e1rios materiais de filtro para filtra\u00e7\u00e3o de \u00f3leo de palma bruto, equipados em muitos tipos de m\u00e1quinas de filtro, o material de filtro de \u00f3leo de palma adotado principalmente para:<\/p>\n<p><strong>1. <span style=\"color: #3366ff;\"><a style=\"color: #3366ff;\" href=\"https:\/\/www.zonelenviro.com\/filterpress.html\">Para m\u00e1quina de filtro prensa<\/a><\/span><\/strong><\/p>\n<p><img fetchpriority=\"high\" decoding=\"async\" class=\"alignnone wp-image-1556 size-full\" src=\"https:\/\/www.zonelenviro.com\/wp-content\/uploads\/2024\/03\/filter-fabric1.jpg\" alt=\"\" width=\"829\" height=\"554\" \/><\/p>\n<p><img decoding=\"async\" class=\"alignnone wp-image-1557\" src=\"https:\/\/www.zonelenviro.com\/wp-content\/uploads\/2024\/03\/palm-oil-filter-fabric.jpg\" alt=\"\" width=\"829\" height=\"476\" \/><\/p>\n<p><img decoding=\"async\" class=\"alignnone wp-image-1558\" src=\"https:\/\/www.zonelenviro.com\/wp-content\/uploads\/2024\/03\/palm-oil-filter-cloth.jpg\" alt=\"\" width=\"829\" height=\"476\" \/><\/p>\n<p>A Zonel Filtech desenvolveu os tecidos filtrantes antiest\u00e1ticos de monofilamento PA66 e PET\/PBT para m\u00e1quinas de filtro-prensa de c\u00e2mara para filtra\u00e7\u00e3o de \u00f3leo de palma bruto.<\/p>\n<p>As propriedades dos tecidos do filtro de \u00f3leo de palma:<br \/>\nGrade alimentar; antiest\u00e1tico (o pano antiest\u00e1tico do filtro de \u00f3leo de palma que n\u00e3o gera fa\u00edscas est\u00e1ticas, com produ\u00e7\u00e3o segura); superf\u00edcie lisa e f\u00e1cil libera\u00e7\u00e3o do bolo; alta resist\u00eancia \u00e0 tra\u00e7\u00e3o e resist\u00eancia \u00e0 abras\u00e3o, tamanho est\u00e1vel, dur\u00e1vel. Os tecidos de filtro prensa para filtragem de \u00f3leo de palma s\u00e3o bastante populares no mercado. Se alguma ajuda for necess\u00e1ria para o pano de filtro de \u00f3leo de palma, bem-vindo para nos enviar uma consulta!<\/p>\n<p><strong>2. <span style=\"color: #3366ff;\"><a style=\"color: #3366ff;\" href=\"https:\/\/www.zonelenviro.com\/ssfilterhousing.html\">Para carca\u00e7a de filtro de mangas SS<\/a><\/span><\/strong><\/p>\n<p><img loading=\"lazy\" decoding=\"async\" class=\"alignnone size-full wp-image-1559\" src=\"https:\/\/www.zonelenviro.com\/wp-content\/uploads\/2024\/03\/S.S.-bag-filter-housings.jpg\" alt=\"\" width=\"829\" height=\"554\" \/><\/p>\n<p><img loading=\"lazy\" decoding=\"async\" class=\"alignnone size-full wp-image-1560\" src=\"https:\/\/www.zonelenviro.com\/wp-content\/uploads\/2024\/03\/micron-rated-filter-bag-welded.jpg\" alt=\"\" width=\"829\" height=\"554\" \/><\/p>\n<p>Zonel Filtech fornece bolsas filtrantes com classifica\u00e7\u00e3o de m\u00edcron para filtra\u00e7\u00e3o de \u00f3leo de palma com diferentes graus de m\u00edcron.<br \/>\nO material do saco de filtro de \u00f3leo de palma com propriedades de qualidade alimentar, capacidade de carregamento de part\u00edculas grandes e lav\u00e1vel, vida \u00fatil mais longa, m\u00edcrons entre 1 ~ 200 pode ser personalizado.<\/p>\n<p>Al\u00e9m do pano de filtro de \u00f3leo de palma acima e do saco de filtro de \u00f3leo de palma com classifica\u00e7\u00e3o de m\u00edcron, Zonel Filtech tamb\u00e9m fornece carca\u00e7a de filtro SS de muito boa qualidade para filtra\u00e7\u00e3o de \u00f3leo de palma, bem como o filtro-prensa de c\u00e2mara para purifica\u00e7\u00e3o limpa de \u00f3leo de palma, qualquer ajuda necess\u00e1ria, bem-vindo ao entre em contato com a Zonel Filtech!<\/p>\n<p>&nbsp;<\/p>\n","protected":false},"excerpt":{"rendered":"<p>Zonel Filtech oferece v\u00e1rios materiais de filtro para filtragem de \u00f3leo de palma bruto que s\u00e3o equipados em muitos tipos de m\u00e1quinas de filtro, o material de filtro de \u00f3leo de palma \u00e9 adotado principalmente para: 1. Para m\u00e1quinas de filtro prensa Zonel Filtech desenvolveu o monofilamento antiest\u00e1tico PA66 e PET\/PBT tecidos de filtro para m\u00e1quina de filtro prensa de c\u00e2mara para a filtragem de \u00f3leo de palma bruto. As propriedades dos tecidos do filtro de \u00f3leo de palma: Produto comest\u00edvel; antiest\u00e1tico (o pano antiest\u00e1tico do filtro de \u00f3leo de palma n\u00e3o gera fa\u00edscas est\u00e1ticas, com produ\u00e7\u00e3o segura); superf\u00edcie lisa e f\u00e1cil libera\u00e7\u00e3o do bolo; alta resist\u00eancia \u00e0 tra\u00e7\u00e3o e resist\u00eancia \u00e0 abras\u00e3o, tamanho est\u00e1vel, dur\u00e1vel. Os tecidos de filtro prensa para filtragem de \u00f3leo de palma s\u00e3o bastante populares no mercado. Se alguma ajuda for necess\u00e1ria para o pano de filtro de \u00f3leo de palma, bem-vindo para nos enviar uma consulta! 2. Para carca\u00e7a de filtro de mangas SS\u2026<\/p>\n","protected":false},"featured_media":4278,"template":"","meta":{"site-sidebar-layout":"default","site-content-layout":"","ast-site-content-layout":"default","site-content-style":"default","site-sidebar-style":"default","ast-global-header-display":"","ast-banner-title-visibility":"","ast-main-header-display":"","ast-hfb-above-header-display":"","ast-hfb-below-header-display":"","ast-hfb-mobile-header-display":"","site-post-title":"","ast-breadcrumbs-content":"","ast-featured-img":"","footer-sml-layout":"","theme-transparent-header-meta":"default","adv-header-id-meta":"","stick-header-meta":"","header-above-stick-meta":"","header-main-stick-meta":"","header-below-stick-meta":"","astra-migrate-meta-layouts":"set","ast-page-background-enabled":"default","ast-page-background-meta":{"desktop":{"background-color":"","background-image":"","background-repeat":"repeat","background-position":"center center","background-size":"auto","background-attachment":"scroll","background-type":"","background-media":"","overlay-type":"","overlay-color":"","overlay-opacity":"","overlay-gradient":""},"tablet":{"background-color":"","background-image":"","background-repeat":"repeat","background-position":"center center","background-size":"auto","background-attachment":"scroll","background-type":"","background-media":"","overlay-type":"","overlay-color":"","overlay-opacity":"","overlay-gradient":""},"mobile":{"background-color":"","background-image":"","background-repeat":"repeat","background-position":"center center","background-size":"auto","background-attachment":"scroll","background-type":"","background-media":"","overlay-type":"","overlay-color":"","overlay-opacity":"","overlay-gradient":""}},"ast-content-background-meta":{"desktop":{"background-color":"var(--ast-global-color-5)","background-image":"","background-repeat":"repeat","background-position":"center center","background-size":"auto","background-attachment":"scroll","background-type":"","background-media":"","overlay-type":"","overlay-color":"","overlay-opacity":"","overlay-gradient":""},"tablet":{"background-color":"var(--ast-global-color-5)","background-image":"","background-repeat":"repeat","background-position":"center center","background-size":"auto","background-attachment":"scroll","background-type":"","background-media":"","overlay-type":"","overlay-color":"","overlay-opacity":"","overlay-gradient":""},"mobile":{"background-color":"var(--ast-global-color-5)","background-image":"","background-repeat":"repeat","background-position":"center center","background-size":"auto","background-attachment":"scroll","background-type":"","background-media":"","overlay-type":"","overlay-color":"","overlay-opacity":"","overlay-gradient":""}}},"product_brand":[],"product_cat":[72],"product_tag":[],"class_list":{"0":"post-4277","1":"product","2":"type-product","3":"status-publish","4":"has-post-thumbnail","6":"product_cat-filtro-liquido","7":"desktop-align-left","8":"tablet-align-left","9":"mobile-align-left","11":"first","12":"instock","13":"shipping-taxable","14":"product-type-simple"},"_links":{"self":[{"href":"https:\/\/www.zonelenviro.com\/pt-br\/wp-json\/wp\/v2\/product\/4277","targetHints":{"allow":["GET"]}}],"collection":[{"href":"https:\/\/www.zonelenviro.com\/pt-br\/wp-json\/wp\/v2\/product"}],"about":[{"href":"https:\/\/www.zonelenviro.com\/pt-br\/wp-json\/wp\/v2\/types\/product"}],"version-history":[{"count":0,"href":"https:\/\/www.zonelenviro.com\/pt-br\/wp-json\/wp\/v2\/product\/4277\/revisions"}],"wp:featuredmedia":[{"embeddable":true,"href":"https:\/\/www.zonelenviro.com\/pt-br\/wp-json\/wp\/v2\/media\/4278"}],"wp:attachment":[{"href":"https:\/\/www.zonelenviro.com\/pt-br\/wp-json\/wp\/v2\/media?parent=4277"}],"wp:term":[{"taxonomy":"product_brand","embeddable":true,"href":"https:\/\/www.zonelenviro.com\/pt-br\/wp-json\/wp\/v2\/product_brand?post=4277"},{"taxonomy":"product_cat","embeddable":true,"href":"https:\/\/www.zonelenviro.com\/pt-br\/wp-json\/wp\/v2\/product_cat?post=4277"},{"taxonomy":"product_tag","embeddable":true,"href":"https:\/\/www.zonelenviro.com\/pt-br\/wp-json\/wp\/v2\/product_tag?post=4277"}],"curies":[{"name":"wp","href":"https:\/\/api.w.org\/{rel}","templated":true}]}}