{"id":4288,"date":"2024-03-19T16:27:51","date_gmt":"2024-03-19T08:27:51","guid":{"rendered":"https:\/\/www.zonelenviro.com\/para-aramid-filter-fabric-kevlar-filter-cloth-and-filter-bags\/"},"modified":"2024-04-25T14:00:34","modified_gmt":"2024-04-25T06:00:34","slug":"para-aramid-filter-fabric-kevlar-filter-cloth-and-filter-bags","status":"publish","type":"product","link":"https:\/\/www.zonelenviro.com\/pt-br\/para-aramida-filtro-tecido-kevlar-filtro-pano-e-sacos-filtro.html","title":{"rendered":"Tela de filtro de Para-Aramida\/pano de filtro de Kevlar e sacos de filtro"},"content":{"rendered":"<p><strong>Carca\u00e7a do filtro de mangas SS \u2013 entrada lateral de bolsa \u00fanica<\/strong><\/p>\n<p><img fetchpriority=\"high\" decoding=\"async\" class=\"alignnone size-full wp-image-1543\" src=\"https:\/\/www.zonelenviro.com\/wp-content\/uploads\/2024\/03\/Kevlar-filter-fabric-para-aramid-filter-cloth.jpg\" alt=\"\" width=\"829\" height=\"554\" \/><\/p>\n<p>Zonel Filtech desenvolveu o pano de filtro de para-aramida (tecido de filtro Kevlar) \/ bolsas de filtro para filtros de vela que s\u00e3o amplamente utilizados para coleta de n\u00edquel Raney em reator para produ\u00e7\u00e3o de BDO (m\u00e9todo de etino, como bolsa de filtro de reator BDO ou bolsa de filtro de catalisador BDO) processo , etc.<\/p>\n<p>O processo de produ\u00e7\u00e3o de BDO consiste em que o acetileno e o formalde\u00eddo passam pela camada de pasta do catalisador (catalisador de n\u00edquel Raney) em contracorrente e reagem a 93\u00b0C, 0,1 MPa com o catalisador.<br \/>\nO agitador e o g\u00e1s acetileno que entra pela parte inferior do reator podem manter o catalisador em suspens\u00e3o.<\/p>\n<p><img decoding=\"async\" class=\"alignnone size-full wp-image-1544\" src=\"https:\/\/www.zonelenviro.com\/wp-content\/uploads\/2024\/03\/Kevlar-filter-cloth-para-aramid-filter-fabric.jpg\" alt=\"\" width=\"829\" height=\"554\" \/><\/p>\n<p>Depois que o BYD gerado \u00e9 separado do catalisador pelo filtro de vela embutido (adotado pela bolsa de tecido filtrante de para-aramida \/ Kevlar), o catalisador permanece no reator. As bolsas filtrantes de vela de para-aramida\/sacos filtrantes de vela Kevlar da Zonel Filtech ser\u00e3o equipadas com os filtros de vela relevantes para ajudar a finalizar este processamento sob circunst\u00e2ncias de alta temperatura e alta press\u00e3o.<\/p>\n<p>O catalisador Reney Nickel ser\u00e1 coletado por sacos de filtro, ent\u00e3o o BYD bruto filtrado entrar\u00e1 na unidade de purifica\u00e7\u00e3o BYD para remover metanol e formalde\u00eddo, e a solu\u00e7\u00e3o BYD purificada entrar\u00e1 na se\u00e7\u00e3o de hidrogena\u00e7\u00e3o. A hidrogena\u00e7\u00e3o BYD \u00e9 realizada em dois reatores de leito fixo conectados em s\u00e9rie, e 99% da rea\u00e7\u00e3o de hidrogena\u00e7\u00e3o \u00e9 conclu\u00edda no primeiro reator.<\/p>\n<p>A solu\u00e7\u00e3o bruta de BDO ap\u00f3s hidrogena\u00e7\u00e3o \u00e9 concentrada e retificada para remover impurezas para obter o produto BDO.<\/p>\n<p><img decoding=\"async\" class=\"alignnone size-full wp-image-1545\" src=\"https:\/\/www.zonelenviro.com\/wp-content\/uploads\/2024\/03\/BDO-reactor-candle-filter-bag.jpg\" alt=\"\" width=\"470\" height=\"270\" \/><\/p>\n<p>O pano de filtro de para-aramida (saco de filtro de Kevlar) da Zonel Filtech com propriedades de alta resist\u00eancia \u00e0 tra\u00e7\u00e3o, baixo alongamento com tamanho est\u00e1vel, alta temperatura e resist\u00eancia \u00e0 abras\u00e3o, baixo encolhimento t\u00e9rmico, dur\u00e1vel, etc.<\/p>\n<p>Zonel Filtech fornece rolos de tecido de filtro de para-aramida \/ Kevlar e sacos de filtro de vela prontos. Se precisar de ajuda, n\u00e3o hesite em contactar-nos!<\/p>\n","protected":false},"excerpt":{"rendered":"<p>Zonel Filtech desenvolveu o pano de filtro de para-aramida (tecido de filtro Kevlar) \/ bolsas de filtro para filtros de vela que s\u00e3o amplamente utilizados para coleta de n\u00edquel Raney em reator para produ\u00e7\u00e3o de BDO (m\u00e9todo de etino, como bolsa de filtro de reator BDO ou bolsa de filtro de catalisador BDO) processo , etc.<\/p>\n<p>O processo de produ\u00e7\u00e3o de BDO consiste em que o acetileno e o formalde\u00eddo passam pela camada de pasta do catalisador (catalisador de n\u00edquel Raney) em contracorrente e reagem a 93\u00b0C, 0,1 MPa com o catalisador. O agitador e o g\u00e1s acetileno que entra pela parte inferior do reator podem manter o catalisador em suspens\u00e3o.<\/p>\n","protected":false},"featured_media":4289,"template":"","meta":{"site-sidebar-layout":"default","site-content-layout":"","ast-site-content-layout":"default","site-content-style":"default","site-sidebar-style":"default","ast-global-header-display":"","ast-banner-title-visibility":"","ast-main-header-display":"","ast-hfb-above-header-display":"","ast-hfb-below-header-display":"","ast-hfb-mobile-header-display":"","site-post-title":"","ast-breadcrumbs-content":"","ast-featured-img":"","footer-sml-layout":"","theme-transparent-header-meta":"default","adv-header-id-meta":"","stick-header-meta":"","header-above-stick-meta":"","header-main-stick-meta":"","header-below-stick-meta":"","astra-migrate-meta-layouts":"set","ast-page-background-enabled":"default","ast-page-background-meta":{"desktop":{"background-color":"","background-image":"","background-repeat":"repeat","background-position":"center center","background-size":"auto","background-attachment":"scroll","background-type":"","background-media":"","overlay-type":"","overlay-color":"","overlay-opacity":"","overlay-gradient":""},"tablet":{"background-color":"","background-image":"","background-repeat":"repeat","background-position":"center center","background-size":"auto","background-attachment":"scroll","background-type":"","background-media":"","overlay-type":"","overlay-color":"","overlay-opacity":"","overlay-gradient":""},"mobile":{"background-color":"","background-image":"","background-repeat":"repeat","background-position":"center center","background-size":"auto","background-attachment":"scroll","background-type":"","background-media":"","overlay-type":"","overlay-color":"","overlay-opacity":"","overlay-gradient":""}},"ast-content-background-meta":{"desktop":{"background-color":"var(--ast-global-color-5)","background-image":"","background-repeat":"repeat","background-position":"center center","background-size":"auto","background-attachment":"scroll","background-type":"","background-media":"","overlay-type":"","overlay-color":"","overlay-opacity":"","overlay-gradient":""},"tablet":{"background-color":"var(--ast-global-color-5)","background-image":"","background-repeat":"repeat","background-position":"center center","background-size":"auto","background-attachment":"scroll","background-type":"","background-media":"","overlay-type":"","overlay-color":"","overlay-opacity":"","overlay-gradient":""},"mobile":{"background-color":"var(--ast-global-color-5)","background-image":"","background-repeat":"repeat","background-position":"center center","background-size":"auto","background-attachment":"scroll","background-type":"","background-media":"","overlay-type":"","overlay-color":"","overlay-opacity":"","overlay-gradient":""}}},"product_brand":[],"product_cat":[72],"product_tag":[],"class_list":{"0":"post-4288","1":"product","2":"type-product","3":"status-publish","4":"has-post-thumbnail","6":"product_cat-filtro-liquido","7":"desktop-align-left","8":"tablet-align-left","9":"mobile-align-left","11":"first","12":"instock","13":"shipping-taxable","14":"product-type-simple"},"_links":{"self":[{"href":"https:\/\/www.zonelenviro.com\/pt-br\/wp-json\/wp\/v2\/product\/4288","targetHints":{"allow":["GET"]}}],"collection":[{"href":"https:\/\/www.zonelenviro.com\/pt-br\/wp-json\/wp\/v2\/product"}],"about":[{"href":"https:\/\/www.zonelenviro.com\/pt-br\/wp-json\/wp\/v2\/types\/product"}],"version-history":[{"count":0,"href":"https:\/\/www.zonelenviro.com\/pt-br\/wp-json\/wp\/v2\/product\/4288\/revisions"}],"wp:featuredmedia":[{"embeddable":true,"href":"https:\/\/www.zonelenviro.com\/pt-br\/wp-json\/wp\/v2\/media\/4289"}],"wp:attachment":[{"href":"https:\/\/www.zonelenviro.com\/pt-br\/wp-json\/wp\/v2\/media?parent=4288"}],"wp:term":[{"taxonomy":"product_brand","embeddable":true,"href":"https:\/\/www.zonelenviro.com\/pt-br\/wp-json\/wp\/v2\/product_brand?post=4288"},{"taxonomy":"product_cat","embeddable":true,"href":"https:\/\/www.zonelenviro.com\/pt-br\/wp-json\/wp\/v2\/product_cat?post=4288"},{"taxonomy":"product_tag","embeddable":true,"href":"https:\/\/www.zonelenviro.com\/pt-br\/wp-json\/wp\/v2\/product_tag?post=4288"}],"curies":[{"name":"wp","href":"https:\/\/api.w.org\/{rel}","templated":true}]}}