{"id":4694,"date":"2024-03-19T16:11:18","date_gmt":"2024-03-19T08:11:18","guid":{"rendered":"https:\/\/www.zonelenviro.com\/the-dust-filter-bags\/"},"modified":"2024-04-25T14:29:50","modified_gmt":"2024-04-25T06:29:50","slug":"the-dust-filter-bags","status":"publish","type":"product","link":"https:\/\/www.zonelenviro.com\/pt-br\/sacos-filtro-de-poeira.html","title":{"rendered":"Os sacos de filtro de poeira"},"content":{"rendered":"<p><strong>A introdu\u00e7\u00e3o geral dos sacos de filtro de poeira<\/strong><br \/>\nAs mangas filtrantes de p\u00f3 da Zonel Filtech s\u00e3o feitas de diversas fibras com diversos tratamentos de acabamento de acordo com as diferentes condi\u00e7\u00f5es de trabalho das casas de filtros de mangas em diferentes ocasi\u00f5es industriais.<br \/>\nOs sacos de filtro de poeira ou sacos coletores de p\u00f3 com design ac\u00fastico que \u00e0s vezes chamamos s\u00e3o muito eficientes e oferecem excelente funcionalidade de longa dura\u00e7\u00e3o e a emiss\u00e3o \u00e9 muito menor do que os filtros de poeira eletrost\u00e1ticos e sempre podem atender aos requisitos de emiss\u00e3o dos clientes.<\/p>\n<p><strong>Sacos de filtro de poeira<\/strong><br \/>\nSacos de filtro de poeira\/mangas de filtro s\u00e3o a parte principal dos coletores de p\u00f3 estilo saco (casas de filtro de saco), que s\u00e3o amplamente utilizados em muitas ocasi\u00f5es industriais para controle de polui\u00e7\u00e3o do ar, como f\u00e1bricas de cimento, usinas termel\u00e9tricas, f\u00e1bricas de processamento de alimentos, f\u00e1bricas farmac\u00eauticas , f\u00e1bricas de metalurgia, f\u00e1bricas de fertilizantes e f\u00e1bricas de produtos qu\u00edmicos, etc.<br \/>\nZonel Filtech pode fornecer v\u00e1rios sacos de filtro de poeira para casas de filtros de mangas de jato de pulso e casas de filtros de mangas sopradas por ar reverso, ou alguns outros filtros projetados.<br \/>\nAs mangas filtrantes de p\u00f3 da Zonel Filtech s\u00e3o feitas de diversas fibras com diversos tratamentos de acabamento de acordo com as diferentes condi\u00e7\u00f5es de trabalho das casas de filtros de mangas em diferentes ocasi\u00f5es industriais.<br \/>\nOs sacos de filtro de poeira ou sacos coletores de p\u00f3 com design sonoro \u00e0s vezes chamados s\u00e3o muito eficientes e oferecem excelente funcionalidade de longa dura\u00e7\u00e3o e a emiss\u00e3o \u00e9 muito menor do que os filtros de poeira eletrost\u00e1ticos e sempre podem atender aos requisitos de emiss\u00e3o dos clientes. sacos de filtro:<br \/>\n1. Baixo custo de manuten\u00e7\u00e3o.<br \/>\n2. Alta efici\u00eancia do filtro.<br \/>\n3. N\u00e3o \u00e9 afetado pela composi\u00e7\u00e3o do ar empoeirado.<\/p>\n<p><strong>Os sacos de filtro de poeira s\u00e3o feitos de diferentes materiais, principalmente da seguinte forma:<\/strong><\/p>\n<p><strong>A. Saco de filtro de p\u00f3 de homopol\u00edmero acr\u00edlico:<\/strong><\/p>\n<p><img fetchpriority=\"high\" decoding=\"async\" class=\"alignnone size-full wp-image-1504\" src=\"https:\/\/www.zonelenviro.com\/wp-content\/uploads\/2024\/03\/acrylic-filter-bag-1.jpg\" alt=\"\" width=\"829\" height=\"554\" \/><\/p>\n<p>As bolsas filtrantes de p\u00f3 de homopol\u00edmero acr\u00edlico s\u00e3o feitas de feltro agulhado acr\u00edlico, que tem como principal vantagem a resist\u00eancia \u00e0 hidr\u00f3lise.<br \/>\nTemperatura de servi\u00e7o cont\u00ednuo: 125 graus C.<br \/>\nPicos instant\u00e2neos: 140 graus C.<\/p>\n<p><strong>B. Saco de filtro de poeira antiest\u00e1tico:<\/strong><\/p>\n<p><img decoding=\"async\" class=\"alignnone size-full wp-image-1505\" src=\"https:\/\/www.zonelenviro.com\/wp-content\/uploads\/2024\/03\/polyester-blended-anti-static-filter-bag-1.jpg\" alt=\"\" width=\"829\" height=\"554\" \/><\/p>\n<p><img decoding=\"async\" class=\"alignnone size-full wp-image-1506\" src=\"https:\/\/www.zonelenviro.com\/wp-content\/uploads\/2024\/03\/polyester-stripe-antistatic-filter-bag-1.jpg\" alt=\"\" width=\"829\" height=\"554\" \/><\/p>\n<p>Alguma poeira industrial explodir\u00e1 assim que a descarga est\u00e1tica se o conte\u00fado dos materiais inflam\u00e1veis \u200b\u200be combust\u00edveis chegar a um certo ponto, o que causar\u00e1 a explos\u00e3o e o inc\u00eandio, especialmente facilmente quando a coleta de poeira estiver em moinhos de farinha, f\u00e1bricas de produtos qu\u00edmicos, ind\u00fastrias de carv\u00e3o, etc. na aplica\u00e7\u00e3o de despoeiramento deste caso, o p\u00f3 deve ser coletado com sacos especiais antiest\u00e1ticos.<br \/>\nZonel Filtech absorveu as tecnologias avan\u00e7adas e desenvolveu feltros agulhados antiest\u00e1ticos e panos tecidos que podem atender \u00e0s demandas especiais de coleta de p\u00f3 de g\u00e1s de alto-forno e g\u00e1s de carv\u00e3o na ind\u00fastria de cimento, etc.<\/p>\n<p><strong>C. Sacos de filtro de p\u00f3 de aramida:<\/strong><\/p>\n<p><img loading=\"lazy\" decoding=\"async\" class=\"alignnone size-full wp-image-1507\" src=\"https:\/\/www.zonelenviro.com\/wp-content\/uploads\/2024\/03\/nomex-filter-bags-1.jpg\" alt=\"\" width=\"829\" height=\"554\" \/><\/p>\n<p>Em circunst\u00e2ncias normais de temperatura (abaixo de 150 C), o feltro agulhado de poli\u00e9ster ir\u00e1 satisfazer os sistemas de filtro de mangas, se a temperatura estiver alta, como gases residuais\/fuma\u00e7a\/poeira da planta metal\u00fargica, planta de negro de fumo, siderurgia( g\u00e1s de alto-forno), f\u00e1brica de cimento (g\u00e1s residual do forno de cimento), vapores de petr\u00f3leo da mistura ao redor do beton e asfalto, caldeira a carv\u00e3o, etc., o m\u00e9todo de filtro normal n\u00e3o funcionar\u00e1. O motivo \u00e9 o seguinte:<br \/>\n1. ser restringido por uma resist\u00eancia espec\u00edfica, o sistema de filtro eletr\u00f4nico n\u00e3o funcionar\u00e1, ent\u00e3o o sistema de filtro de mangas \u00e9 a primeira escolha para remo\u00e7\u00e3o de poeira\/fumos.<br \/>\n2.se o usu\u00e1rio tentar reduzir a temperatura (deix\u00e1-la abaixo de 150 C), aumentar\u00e1 o investimento e tamb\u00e9m ser\u00e1 restringido pelo campo.<br \/>\n3. s\u00f3 porque pode haver algum material como enxofre no g\u00e1s\/fuma\u00e7a, o orvalho \u00e1cido existir\u00e1. O feltro agulhado de aramida, al\u00e9m de equipar a capacidade de fia\u00e7\u00e3o e resist\u00eancia \u00e0 abras\u00e3o, tamb\u00e9m com a capacidade de resist\u00eancia a altas temperaturas, resist\u00eancia \u00e0 chama e infusibilidade. A fibra n\u00e3o se autoinflama, quando a temperatura chega a 400 C, a fibra de aramida ir\u00e1 carbonizar gradativamente. Al\u00e9m disso, a fibra de aramida tamb\u00e9m apresenta boa estabilidade dimensional e longa vida \u00fatil.<\/p>\n<p><strong>D.Sacos coletores de p\u00f3 P84:<\/strong><\/p>\n<p><img loading=\"lazy\" decoding=\"async\" class=\"alignnone size-full wp-image-1508\" src=\"https:\/\/www.zonelenviro.com\/wp-content\/uploads\/2024\/03\/P84-dust-filter-bags-1.jpg\" alt=\"\" width=\"829\" height=\"554\" \/><\/p>\n<p>Fibra P84 (PI-poliimida) com propriedades de resist\u00eancia a altas temperaturas e inflam\u00e1vel, a estrutura de tr\u00eas folhas da fibra ajuda o pano de filtro de feltro de agulha de poliimida com uma superf\u00edcie de filtro muito maior quando comparado ao pano de filtro com as outras fibras, portanto, o pano de filtro P84 \u00e9 um material perfeito e sempre pode atingir uma efici\u00eancia de filtro muito boa.<\/p>\n<p><strong>E.Sacos de filtro de p\u00f3 de poli\u00e9ster (PET):<\/strong><\/p>\n<p><img loading=\"lazy\" decoding=\"async\" class=\"alignnone size-full wp-image-1510\" src=\"https:\/\/www.zonelenviro.com\/wp-content\/uploads\/2024\/03\/polyester-dust-filter-bag-1.jpg\" alt=\"\" width=\"829\" height=\"554\" \/><\/p>\n<p>Os sacos de filtro de p\u00f3 de poli\u00e9ster s\u00e3o feitos de pano de filtro de feltro de agulha de poli\u00e9ster, que adota o acabamento n\u00e3o tecido de perfura\u00e7\u00e3o de agulha sonora, com propriedades de dimens\u00e3o f\u00edsica est\u00e1vel, f\u00e1cil libera\u00e7\u00e3o de bolo, boa permeabilidade ao ar, amplamente utilizado para coleta de poeira industrial e filtragem de l\u00edquidos, etc.<br \/>\nAp\u00f3s tratamento repelente de \u00e1gua e \u00f3leo, que pode ser usado como meio filtrante em circunst\u00e2ncias que contenham umidade e n\u00e9voa de \u00f3leo por um longo tempo.<br \/>\nTamb\u00e9m podemos finaliz\u00e1-los com uma membrana de PTFE, que ter\u00e1 as propriedades de superf\u00edcie lisa, f\u00e1cil libera\u00e7\u00e3o de bolo, alta efici\u00eancia de filtro, energia, longa vida, etc.<br \/>\n1. Processamento de produtos qu\u00edmicos: secadores, aberturas de ventila\u00e7\u00e3o e coletores de p\u00f3 inc\u00f4modos nas ind\u00fastrias de pigmentos, pl\u00e1sticos e catalisadores.<br \/>\n2. Processamento de minerais: moinhos de acabamento, moinhos de mat\u00e9ria-prima, transporte pneum\u00e1tico a granel e coletores de p\u00f3 com ventila\u00e7\u00e3o.<br \/>\n3. Processamento de metais: coletores de p\u00f3 com ventila\u00e7\u00e3o de processo nas ind\u00fastrias de chumbo, \u00f3xido de chumbo e ferro e a\u00e7o. Sistemas de inje\u00e7\u00e3o de carv\u00e3o pulverizado, sistemas de manuseio de fumos e gran\u00e9is na produ\u00e7\u00e3o de coque e sistemas de recupera\u00e7\u00e3o de areia em fundi\u00e7\u00f5es.<br \/>\n4. Gera\u00e7\u00e3o de energia e incinera\u00e7\u00e3o: movimenta\u00e7\u00e3o de materiais para carv\u00e3o e calc\u00e1rio.<\/p>\n<p><strong>F.Sacos coletores de p\u00f3 resistentes \u00e0 \u00e1gua e ao \u00f3leo:<\/strong><\/p>\n<p><img loading=\"lazy\" decoding=\"async\" class=\"alignnone size-full wp-image-1511\" src=\"https:\/\/www.zonelenviro.com\/wp-content\/uploads\/2024\/03\/polyester-needle-felt-filter-cloth-with-water-and-oil-repellent-treatment.jpg\" alt=\"\" width=\"829\" height=\"554\" \/><\/p>\n<p>Ap\u00f3s o tratamento repelente de \u00e1gua e \u00f3leo, as bolsas filtrantes podem ser usadas em condi\u00e7\u00f5es de umidade e n\u00e9voa de \u00f3leo por um longo tempo, por isso n\u00e3o s\u00e3o f\u00e1ceis de serem bloqueadas mesmo se houver algum ponto de orvalho na casa do filtro de mangas.<\/p>\n<p><strong>G.Bolsas Filtrantes com Membrana PTFE laminada.<\/strong><\/p>\n<p><img loading=\"lazy\" decoding=\"async\" class=\"alignnone size-full wp-image-1512\" src=\"https:\/\/www.zonelenviro.com\/wp-content\/uploads\/2024\/03\/polyester-needle-felt-with-PTFE-membrane-treatment-1.jpg\" alt=\"\" width=\"829\" height=\"554\" \/><\/p>\n<p>Esses sacos de filtro coletores de p\u00f3 s\u00e3o empregados em todas as aplica\u00e7\u00f5es de coletores de p\u00f3. A membrana de PTFE expandida permite que mais ar passe atrav\u00e9s do meio filtrante enquanto ret\u00e9m part\u00edculas na superf\u00edcie. Usando esta forma de sacos de filtro coletores de p\u00f3, os engenheiros podem reduzir custos de capital e operacionais. O uso deste estilo de sacos coletores de p\u00f3 tamb\u00e9m apresenta um grau de prote\u00e7\u00e3o contra mudan\u00e7as desconhecidas e indiretas que \u00e0s vezes ocorrem durante as opera\u00e7\u00f5es do saco.<\/p>\n<p><strong>H.Sacos de filtro de fibra de vidro \/ FMS:<\/strong><\/p>\n<p><img loading=\"lazy\" decoding=\"async\" class=\"alignnone size-full wp-image-1516\" src=\"https:\/\/www.zonelenviro.com\/wp-content\/uploads\/2024\/03\/fiber-glass-needle-felt-filter-bag-1.jpg\" alt=\"\" width=\"829\" height=\"554\" \/><\/p>\n<p>O feltro perfurado com agulha de fibra de vidro \u00e9 um tipo razoavelmente novo de meio filtrante usado para bolsas de fibra em circunst\u00e2ncias de alta temperatura, com as propriedades de uma estrutura celular tridimensional, uma alta taxa de reten\u00e7\u00e3o e baixa resist\u00eancia ao ar, a efici\u00eancia do filtro ser\u00e1 superior para tecidos de filtro tecidos pode at\u00e9 99,9%, com uma alta velocidade de filtro ser\u00e1 duas vezes quando comparado com outros tecidos de filtro tecidos normais, estes tecidos s\u00e3o amplamente utilizados em plantas de carbono, plantas qu\u00edmicas, plantas metal\u00fargicas, caldeiras a carv\u00e3o, etc. sentiu-se aplic\u00e1vel ao sistema de filtro de mangas a jato de pulso, alta temperatura e resist\u00eancia \u00e0 corros\u00e3o, com bom desempenho para gerenciar a polui\u00e7\u00e3o por poeira industrial e reciclar as part\u00edculas valiosas.<br \/>\nA fibra de vidro se mistura com outros feltros agulhados de fibra com resist\u00eancia a altas temperaturas, que chamamos de FMS. FMS \u00e9 um bom tecido de filtro de resist\u00eancia a altas temperaturas, este tecido \u00e9 feito principalmente de mistura de fibra de vidro de 5,5 m\u00edcrons de di\u00e2metro com fibra P84 (poliimida), aramida (Nomex), PPS (Ryton), com estrutura celular tridimensional, baixo resist\u00eancia ao ar, mistura especial com P84 que com fibra tipo folha, pode aumentar a superf\u00edcie do filtro (80%), t\u00e3o f\u00e1cil de coletar a poeira, aumentar a coes\u00e3o da fibra, pode aceitar a alta velocidade do vento (50% maior cerca de 1 ~ 1,4m \/min), e tamb\u00e9m com as propriedades de resist\u00eancia \u00e0 abras\u00e3o. Este tipo de tecido \u00e9 amplamente utilizado em plantas metal\u00fargicas, f\u00e1bricas de produtos qu\u00edmicos, caldeiras a carv\u00e3o, incineradores, f\u00e1bricas de cimento para coletores de p\u00f3 ou filtragem de fuma\u00e7a em circunst\u00e2ncias de alta temperatura.<\/p>\n<p><strong>I. Sacos de filtro de poeira de poli-P-fenileno sulfeto (PPS)<\/strong><\/p>\n<p><img loading=\"lazy\" decoding=\"async\" class=\"alignnone size-full wp-image-1518\" src=\"https:\/\/www.zonelenviro.com\/wp-content\/uploads\/2024\/03\/PPS-dust-filter-bag-1.jpg\" alt=\"\" width=\"829\" height=\"554\" \/><\/p>\n<p>O PPS \u00e9 um dos melhores materiais de filtro com propriedades anti\u00e1cido, antialcalino e resistente \u00e0 hidr\u00f3lise, mas n\u00e3o \u00e9 t\u00e3o bom como antioxidante. Ser aplicado principalmente em incineradores de res\u00edduos, caldeiras de esta\u00e7\u00f5es el\u00e9tricas, caldeiras industriais, etc.<br \/>\nO Filtro Zonel fornece feltro de agulha PPS para coleta de poeira em f\u00e1bricas de cimento, sider\u00fargicas, usinas de energia, f\u00e1bricas de produtos qu\u00edmicos, etc., o peso de 400g \/ m\u00b2 a 750 g \/ m\u00b2 pode ser personalizado.<\/p>\n<p><strong>J. Feltro de filtro perfurado com agulha de PTFE (politetrafluoretileno)<\/strong><\/p>\n<p><img loading=\"lazy\" decoding=\"async\" class=\"alignnone size-full wp-image-1523\" src=\"https:\/\/www.zonelenviro.com\/wp-content\/uploads\/2024\/03\/PTFE-needle-felt-filtr-bags-1.jpg\" alt=\"\" width=\"829\" height=\"554\" \/><\/p>\n<p>Material de filtro de PTFE tamb\u00e9m chamado de Teflon, com bom desempenho em temperatura de 260 graus cent\u00edgrados, a temperatura instant\u00e2nea pode chegar a 280 graus cent\u00edgrados. PTFE \u00e9 um material especial com boa resist\u00eancia a \u00e1lcalis e \u00e1cidos, anti-hidr\u00f3lise e dimens\u00e3o f\u00edsica est\u00e1vel, usado principalmente em caldeiras a carv\u00e3o, incinera\u00e7\u00e3o de res\u00edduos, produ\u00e7\u00e3o de negro de fumo, produ\u00e7\u00e3o de Tio2 para tratamento de fumos ou coleta de poeira, bem como alguns altos temperatura ou alguma filtra\u00e7\u00e3o de l\u00edquido corrosivo.<\/p>\n<p><strong>As propriedades dos sacos de filtro de poeira:<\/strong><\/p>\n<p>Os sacos de filtro de p\u00f3 ou sacos coletores de p\u00f3 com design sonoro \u00e0s vezes chamados s\u00e3o muito eficientes e oferecem excelente funcionalidade de longa dura\u00e7\u00e3o, a emiss\u00e3o \u00e9 muito menor que a do precipitador eletrost\u00e1tico (ESP) e sempre podem atender aos requisitos de emiss\u00e3o dos clientes.<br \/>\nAs vantagens dos sacos de filtro coletores de p\u00f3:1. Baixo custo de manuten\u00e7\u00e3o.2. Alta efici\u00eancia de filtro.3. N\u00e3o \u00e9 afetado pela composi\u00e7\u00e3o do ar empoeirado.<\/p>\n<p><strong>Os outros materiais para sacos de filtro de poeira<\/strong><\/p>\n<p>Anel el\u00e1stico dos sacos de filtro de poeira<\/p>\n<p><img loading=\"lazy\" decoding=\"async\" class=\"alignnone size-full wp-image-1527\" src=\"https:\/\/www.zonelenviro.com\/wp-content\/uploads\/2024\/03\/snap-ring-for-filter-bags.jpg\" alt=\"\" width=\"829\" height=\"554\" \/><\/p>\n<p>Anel de feltro grosso dos sacos de filtro de poeira<\/p>\n<p><img loading=\"lazy\" decoding=\"async\" class=\"alignnone size-full wp-image-1528\" src=\"https:\/\/www.zonelenviro.com\/wp-content\/uploads\/2024\/03\/thick-felt-top-ring.jpg\" alt=\"\" width=\"829\" height=\"554\" \/><\/p>\n<p>Anel de arame de a\u00e7o dos sacos de filtro de poeira<\/p>\n<p><img loading=\"lazy\" decoding=\"async\" class=\"alignnone size-full wp-image-1530\" src=\"https:\/\/www.zonelenviro.com\/wp-content\/uploads\/2024\/03\/filter-bag-steel-wire-top-ring-1.jpg\" alt=\"\" width=\"829\" height=\"554\" \/><\/p>\n<p>A linha de costura para sacos de filtro de poeira<\/p>\n<p><img loading=\"lazy\" decoding=\"async\" class=\"alignnone size-full wp-image-1531\" src=\"https:\/\/www.zonelenviro.com\/wp-content\/uploads\/2024\/03\/PTFE-sewing-thread.jpg\" alt=\"\" width=\"829\" height=\"554\" \/><\/p>\n<p><strong>Zonel<\/strong><\/p>\n<p><strong>ISO9001:2015<\/strong><\/p>\n<p>&nbsp;<\/p>\n","protected":false},"excerpt":{"rendered":"<p>Sacos de filtro de poeira\/mangas de filtro s\u00e3o a parte principal dos coletores de p\u00f3 estilo saco (casas de filtro de saco), que s\u00e3o amplamente utilizados em muitas ocasi\u00f5es industriais para controle de polui\u00e7\u00e3o do ar, como f\u00e1bricas de cimento, usinas termel\u00e9tricas, f\u00e1bricas de processamento de alimentos, f\u00e1bricas farmac\u00eauticas , f\u00e1bricas de metalurgia, f\u00e1bricas de fertilizantes e f\u00e1bricas de produtos qu\u00edmicos, etc.<\/p>\n<p>As bolsas filtrantes de p\u00f3 da Zonel Filtech s\u00e3o feitas de diversas telas filtrantes com tratamento de acabamento ac\u00fastico de acordo com as diferentes condi\u00e7\u00f5es de trabalho. O tamanho, formato, material costurado e an\u00e9is de veda\u00e7\u00e3o do saco podem ser personalizados profissionalmente.<\/p>\n<p>Al\u00e9m das mangas filtrantes de p\u00f3, a Zonel Filtech tamb\u00e9m pode oferecer um servi\u00e7o de consultoria gratuito para nossos clientes e ajud\u00e1-los a melhorar o desempenho de suas casas de filtros de mangas.<\/p>\n<p>Se precisar de ajuda, entre em contato com Zonel Filtech!<\/p>\n","protected":false},"featured_media":4695,"template":"","meta":{"site-sidebar-layout":"default","site-content-layout":"","ast-site-content-layout":"default","site-content-style":"default","site-sidebar-style":"default","ast-global-header-display":"","ast-banner-title-visibility":"","ast-main-header-display":"","ast-hfb-above-header-display":"","ast-hfb-below-header-display":"","ast-hfb-mobile-header-display":"","site-post-title":"","ast-breadcrumbs-content":"","ast-featured-img":"","footer-sml-layout":"","theme-transparent-header-meta":"default","adv-header-id-meta":"","stick-header-meta":"","header-above-stick-meta":"","header-main-stick-meta":"","header-below-stick-meta":"","astra-migrate-meta-layouts":"set","ast-page-background-enabled":"default","ast-page-background-meta":{"desktop":{"background-color":"","background-image":"","background-repeat":"repeat","background-position":"center center","background-size":"auto","background-attachment":"scroll","background-type":"","background-media":"","overlay-type":"","overlay-color":"","overlay-opacity":"","overlay-gradient":""},"tablet":{"background-color":"","background-image":"","background-repeat":"repeat","background-position":"center center","background-size":"auto","background-attachment":"scroll","background-type":"","background-media":"","overlay-type":"","overlay-color":"","overlay-opacity":"","overlay-gradient":""},"mobile":{"background-color":"","background-image":"","background-repeat":"repeat","background-position":"center center","background-size":"auto","background-attachment":"scroll","background-type":"","background-media":"","overlay-type":"","overlay-color":"","overlay-opacity":"","overlay-gradient":""}},"ast-content-background-meta":{"desktop":{"background-color":"var(--ast-global-color-5)","background-image":"","background-repeat":"repeat","background-position":"center center","background-size":"auto","background-attachment":"scroll","background-type":"","background-media":"","overlay-type":"","overlay-color":"","overlay-opacity":"","overlay-gradient":""},"tablet":{"background-color":"var(--ast-global-color-5)","background-image":"","background-repeat":"repeat","background-position":"center center","background-size":"auto","background-attachment":"scroll","background-type":"","background-media":"","overlay-type":"","overlay-color":"","overlay-opacity":"","overlay-gradient":""},"mobile":{"background-color":"var(--ast-global-color-5)","background-image":"","background-repeat":"repeat","background-position":"center center","background-size":"auto","background-attachment":"scroll","background-type":"","background-media":"","overlay-type":"","overlay-color":"","overlay-opacity":"","overlay-gradient":""}}},"product_brand":[],"product_cat":[78],"product_tag":[],"class_list":{"0":"post-4694","1":"product","2":"type-product","3":"status-publish","4":"has-post-thumbnail","6":"product_cat-filtro-de-po-pt-br","7":"desktop-align-left","8":"tablet-align-left","9":"mobile-align-left","11":"first","12":"instock","13":"shipping-taxable","14":"product-type-simple"},"_links":{"self":[{"href":"https:\/\/www.zonelenviro.com\/pt-br\/wp-json\/wp\/v2\/product\/4694","targetHints":{"allow":["GET"]}}],"collection":[{"href":"https:\/\/www.zonelenviro.com\/pt-br\/wp-json\/wp\/v2\/product"}],"about":[{"href":"https:\/\/www.zonelenviro.com\/pt-br\/wp-json\/wp\/v2\/types\/product"}],"version-history":[{"count":0,"href":"https:\/\/www.zonelenviro.com\/pt-br\/wp-json\/wp\/v2\/product\/4694\/revisions"}],"wp:featuredmedia":[{"embeddable":true,"href":"https:\/\/www.zonelenviro.com\/pt-br\/wp-json\/wp\/v2\/media\/4695"}],"wp:attachment":[{"href":"https:\/\/www.zonelenviro.com\/pt-br\/wp-json\/wp\/v2\/media?parent=4694"}],"wp:term":[{"taxonomy":"product_brand","embeddable":true,"href":"https:\/\/www.zonelenviro.com\/pt-br\/wp-json\/wp\/v2\/product_brand?post=4694"},{"taxonomy":"product_cat","embeddable":true,"href":"https:\/\/www.zonelenviro.com\/pt-br\/wp-json\/wp\/v2\/product_cat?post=4694"},{"taxonomy":"product_tag","embeddable":true,"href":"https:\/\/www.zonelenviro.com\/pt-br\/wp-json\/wp\/v2\/product_tag?post=4694"}],"curies":[{"name":"wp","href":"https:\/\/api.w.org\/{rel}","templated":true}]}}