{"id":4739,"date":"2024-03-19T15:54:05","date_gmt":"2024-03-19T07:54:05","guid":{"rendered":"https:\/\/www.zonelenviro.com\/phenolic-resin-filter-cartridge\/"},"modified":"2024-04-25T14:46:20","modified_gmt":"2024-04-25T06:46:20","slug":"phenolic-resin-filter-cartridge","status":"publish","type":"product","link":"https:\/\/www.zonelenviro.com\/pt-br\/cartucho-de-filtro-de-resina-fenolica.html","title":{"rendered":"Cartucho de filtro de resina fen\u00f3lica"},"content":{"rendered":"<p><img fetchpriority=\"high\" decoding=\"async\" class=\"size-full wp-image-1502 aligncenter\" src=\"https:\/\/www.zonelenviro.com\/wp-content\/uploads\/2024\/03\/Phenolic-Resin-Filter-Cartridge.jpg\" alt=\"\" width=\"300\" height=\"300\" \/><\/p>\n<p><strong>Cartucho de filtro de resina fen\u00f3lica<\/strong><br \/>\n<strong>Introdu\u00e7\u00e3o geral:<\/strong><\/p>\n<p>O cartucho de filtro de resina fen\u00f3lica que adotou a fibra fen\u00f3lica misturada com coesivo, endurecedor, estabilizador e assim por diante, ent\u00e3o sinterizado nos cartuchos de filtro, para melhorar a resist\u00eancia da fibra fen\u00f3lica, que pode ser misturada com poliamida (5 ~ 10%) durante a produ\u00e7\u00e3o .<\/p>\n<p>O cartucho filtrante de resina fen\u00f3lica da Zonel Filtech tem fibra ligada externamente a interna com constru\u00e7\u00e3o gradativamente mais compacta, o que os torna com maior capacidade de carga de part\u00edculas, boa resist\u00eancia e durabilidade.<\/p>\n<p><strong>Detalhes t\u00e9cnicos:<\/strong><\/p>\n<p>1. O comprimento do cartucho do filtro:<\/p>\n<p>10\u201d, 20\u201d, 30\u201d, 40\u201d<\/p>\n<p>Pedidos especiais podem ser personalizados.<\/p>\n<p>2. A efici\u00eancia do filtro:<\/p>\n<p>1 m\u00edcron, 3 m\u00edcron, 5 m\u00edcron, 10 m\u00edcron, 15 m\u00edcron, 25 m\u00edcron, 50 m\u00edcron, 75 m\u00edcron, 100 m\u00edcron, 125 m\u00edcron, 150 m\u00edcron, 200 m\u00edcron, 250 m\u00edcron.<\/p>\n<p>3. Di\u00e2metro externo: 65+\/-2mm<\/p>\n<p>4. Di\u00e2metro interno: 29+\/-0,5 mm<\/p>\n<p>5. Temperatura m\u00e1xima de opera\u00e7\u00e3o:<\/p>\n<p>145 graus C.<\/p>\n<p>6. Sugerir volume de fluxo (10\u201d):<\/p>\n<p>5 m\u00edcron: 22L\/min<\/p>\n<p>10 m\u00edcron: 31L\/min<\/p>\n<p>&gt;50 m\u00edcron: 38L\/min<\/p>\n<p>&nbsp;<\/p>\n<p><strong>As propriedades:<\/strong><\/p>\n<p>1. O m\u00e9todo sinterizado, com maior taxa de poros, grande fluxo de l\u00edquido e tamanho de poro igual;<\/p>\n<p>2. Do exterior para o interior com uma constru\u00e7\u00e3o gradualmente mais apertada torna os cartuchos de filtro com maior capacidade de carga de part\u00edculas, boa resist\u00eancia e durabilidade;<\/p>\n<p>3.A superf\u00edcie dos cartuchos de filtro com design de ranhura, com maior superf\u00edcie de filtro;<\/p>\n<p>4. Com o sistema de produ\u00e7\u00e3o autom\u00e1tica AI, controle de qualidade est\u00e1vel e efici\u00eancia de filtro;<\/p>\n<p>5. O cartucho do filtro de resina fen\u00f3lica \u00e9 resistente a produtos qu\u00edmicos e tem amplas aplica\u00e7\u00f5es;<\/p>\n<p>6. Ligado com fibra mais longa de \u00e1cido acr\u00edlico faz com que o cartucho do filtro de resina fen\u00f3lica tenha um layout de fibra est\u00e1vel, a fibra n\u00e3o \u00e9 f\u00e1cil de quebrar e mover, reduzindo a segunda polui\u00e7\u00e3o da solu\u00e7\u00e3o;<\/p>\n<p>7. Insira a resina fen\u00f3lica para tornar o cartucho filtrante mais resistente, que pode suportar uma viscosidade de at\u00e9 15000SSU (3200CKS);<\/p>\n<p>8. O cartucho do filtro de resina fen\u00f3lica com \u00edndice de limite de oxig\u00eanio de at\u00e9 34, \u00e9 a prova de que a temperatura m\u00e1xima de opera\u00e7\u00e3o pode ser de at\u00e9 145 graus C;<\/p>\n<p><strong>Formul\u00e1rios:<\/strong><\/p>\n<p>Os cartuchos filtrantes de resina fen\u00f3lica s\u00e3o usados \u200b\u200bprincipalmente para a filtra\u00e7\u00e3o das seguintes solu\u00e7\u00f5es:<\/p>\n<p>Pintura de carros, tinta eletrofor\u00e9tica, tinta, tinta de impressora, tintas de revestimento de latas, tinta de cura UV, tinta condutora, v\u00e1rias emuls\u00f5es, pasta colorida, corante l\u00edquido, solventes org\u00e2nicos, bem como alguns produtos qu\u00edmicos especiais, tratamento mec\u00e2nico de \u00e1guas residuais, etc.<\/p>\n<hr \/>\n<p><img decoding=\"async\" class=\"size-full wp-image-1489 aligncenter\" src=\"https:\/\/www.zonelenviro.com\/wp-content\/uploads\/2024\/03\/phenolic-resin-liquid-filter-cartridge.webp\" alt=\"\" width=\"829\" height=\"554\" \/><img decoding=\"async\" class=\"size-full wp-image-1485 aligncenter\" src=\"https:\/\/www.zonelenviro.com\/wp-content\/uploads\/2024\/03\/phenolic-filter-cartridge-picture.webp\" alt=\"\" width=\"829\" height=\"554\" \/><img loading=\"lazy\" decoding=\"async\" class=\"size-full wp-image-1488 aligncenter\" src=\"https:\/\/www.zonelenviro.com\/wp-content\/uploads\/2024\/03\/phenolic-resin-filter-cartridges.webp\" alt=\"\" width=\"829\" height=\"554\" \/><img loading=\"lazy\" decoding=\"async\" class=\"size-full wp-image-1484 aligncenter\" src=\"https:\/\/www.zonelenviro.com\/wp-content\/uploads\/2024\/03\/phenolic-filter-cartridge.webp\" alt=\"\" width=\"829\" height=\"554\" \/><img loading=\"lazy\" decoding=\"async\" class=\"size-full wp-image-1487 aligncenter\" src=\"https:\/\/www.zonelenviro.com\/wp-content\/uploads\/2024\/03\/phenolic-resin-filter-cartridge-in-PE-paper-bag.webp\" alt=\"\" width=\"829\" height=\"554\" \/><img loading=\"lazy\" decoding=\"async\" class=\"size-full wp-image-1486 aligncenter\" src=\"https:\/\/www.zonelenviro.com\/wp-content\/uploads\/2024\/03\/phenolic-resin-filter-cartridge-in-carton.webp\" alt=\"\" width=\"829\" height=\"554\" \/><\/p>\n","protected":false},"excerpt":{"rendered":"<p>O cartucho de filtro de resina fen\u00f3lica que adotou a fibra fen\u00f3lica misturada com coesivo, endurecedor, estabilizador e assim por diante, ent\u00e3o sinterizado nos cartuchos de filtro, para melhorar a resist\u00eancia da fibra fen\u00f3lica, que pode ser misturada com poliamida (5 ~ 10%) durante a produ\u00e7\u00e3o .<\/p>\n<p>O cartucho filtrante de resina fen\u00f3lica da Zonel Filtech possui uma fibra colada externamente com internamente com constru\u00e7\u00e3o gradativamente mais estanque, o que os torna com maior capacidade de carga de part\u00edculas, boa resist\u00eancia e durabilidade.<\/p>\n","protected":false},"featured_media":4740,"template":"","meta":{"site-sidebar-layout":"default","site-content-layout":"","ast-site-content-layout":"default","site-content-style":"default","site-sidebar-style":"default","ast-global-header-display":"","ast-banner-title-visibility":"","ast-main-header-display":"","ast-hfb-above-header-display":"","ast-hfb-below-header-display":"","ast-hfb-mobile-header-display":"","site-post-title":"","ast-breadcrumbs-content":"","ast-featured-img":"","footer-sml-layout":"","theme-transparent-header-meta":"default","adv-header-id-meta":"","stick-header-meta":"","header-above-stick-meta":"","header-main-stick-meta":"","header-below-stick-meta":"","astra-migrate-meta-layouts":"set","ast-page-background-enabled":"default","ast-page-background-meta":{"desktop":{"background-color":"","background-image":"","background-repeat":"repeat","background-position":"center center","background-size":"auto","background-attachment":"scroll","background-type":"","background-media":"","overlay-type":"","overlay-color":"","overlay-opacity":"","overlay-gradient":""},"tablet":{"background-color":"","background-image":"","background-repeat":"repeat","background-position":"center center","background-size":"auto","background-attachment":"scroll","background-type":"","background-media":"","overlay-type":"","overlay-color":"","overlay-opacity":"","overlay-gradient":""},"mobile":{"background-color":"","background-image":"","background-repeat":"repeat","background-position":"center center","background-size":"auto","background-attachment":"scroll","background-type":"","background-media":"","overlay-type":"","overlay-color":"","overlay-opacity":"","overlay-gradient":""}},"ast-content-background-meta":{"desktop":{"background-color":"var(--ast-global-color-5)","background-image":"","background-repeat":"repeat","background-position":"center center","background-size":"auto","background-attachment":"scroll","background-type":"","background-media":"","overlay-type":"","overlay-color":"","overlay-opacity":"","overlay-gradient":""},"tablet":{"background-color":"var(--ast-global-color-5)","background-image":"","background-repeat":"repeat","background-position":"center center","background-size":"auto","background-attachment":"scroll","background-type":"","background-media":"","overlay-type":"","overlay-color":"","overlay-opacity":"","overlay-gradient":""},"mobile":{"background-color":"var(--ast-global-color-5)","background-image":"","background-repeat":"repeat","background-position":"center center","background-size":"auto","background-attachment":"scroll","background-type":"","background-media":"","overlay-type":"","overlay-color":"","overlay-opacity":"","overlay-gradient":""}}},"product_brand":[],"product_cat":[72],"product_tag":[],"class_list":{"0":"post-4739","1":"product","2":"type-product","3":"status-publish","4":"has-post-thumbnail","6":"product_cat-filtro-liquido","7":"desktop-align-left","8":"tablet-align-left","9":"mobile-align-left","11":"first","12":"instock","13":"shipping-taxable","14":"product-type-simple"},"_links":{"self":[{"href":"https:\/\/www.zonelenviro.com\/pt-br\/wp-json\/wp\/v2\/product\/4739","targetHints":{"allow":["GET"]}}],"collection":[{"href":"https:\/\/www.zonelenviro.com\/pt-br\/wp-json\/wp\/v2\/product"}],"about":[{"href":"https:\/\/www.zonelenviro.com\/pt-br\/wp-json\/wp\/v2\/types\/product"}],"version-history":[{"count":0,"href":"https:\/\/www.zonelenviro.com\/pt-br\/wp-json\/wp\/v2\/product\/4739\/revisions"}],"wp:featuredmedia":[{"embeddable":true,"href":"https:\/\/www.zonelenviro.com\/pt-br\/wp-json\/wp\/v2\/media\/4740"}],"wp:attachment":[{"href":"https:\/\/www.zonelenviro.com\/pt-br\/wp-json\/wp\/v2\/media?parent=4739"}],"wp:term":[{"taxonomy":"product_brand","embeddable":true,"href":"https:\/\/www.zonelenviro.com\/pt-br\/wp-json\/wp\/v2\/product_brand?post=4739"},{"taxonomy":"product_cat","embeddable":true,"href":"https:\/\/www.zonelenviro.com\/pt-br\/wp-json\/wp\/v2\/product_cat?post=4739"},{"taxonomy":"product_tag","embeddable":true,"href":"https:\/\/www.zonelenviro.com\/pt-br\/wp-json\/wp\/v2\/product_tag?post=4739"}],"curies":[{"name":"wp","href":"https:\/\/api.w.org\/{rel}","templated":true}]}}