{"id":4748,"date":"2024-03-19T15:50:43","date_gmt":"2024-03-19T07:50:43","guid":{"rendered":"https:\/\/www.zonelenviro.com\/polyimide-p84-needle-felt-filter-cloth-p84-filter-bags\/"},"modified":"2024-04-25T14:50:53","modified_gmt":"2024-04-25T06:50:53","slug":"polyimide-p84-needle-felt-filter-cloth-p84-filter-bags","status":"publish","type":"product","link":"https:\/\/www.zonelenviro.com\/pt-br\/poliimida-p84-agulha-feltro-filtro-pano-p84-sacos-filtro.html","title":{"rendered":"Pano de filtro de feltro de agulha de poliimida \/ P84 \/ Sacos de filtro P84"},"content":{"rendered":"<p><strong>Pano de filtro de poliimida\/pano de filtro de feltro de agulha P84\/sacos de filtro P84<\/strong><\/p>\n<p><strong>Introdu\u00e7\u00e3o geral do pano de filtro de feltro agulhado de poliimida (P84, PI):<\/strong><\/p>\n<p>Quando a temperatura do ar empoeirado \u00e9 superior a 250 graus C e o p\u00f3 n\u00e3o pode ser coletado atrav\u00e9s do ESP, ent\u00e3o, como de costume, temos que reduzir a temperatura do ar empoeirado e possibilitar sua purifica\u00e7\u00e3o atrav\u00e9s de coletores de p\u00f3 tipo saco, mas o investimento aumentar\u00e1 muito quando isso acontecer.<\/p>\n<p>Devido \u00e0 fibra de vidro ser fr\u00e1gil e \u00e0 fibra de PTFE com maior encolhimento t\u00e9rmico e fraca coes\u00e3o, para atender \u00e0 alta efici\u00eancia do filtro, ambas precisam ser laminadas com membrana de PTFE, o que aumentar\u00e1 a resist\u00eancia dos filtros de mangas e diminuir\u00e1 o ar \/pano, \u00e9 claro, ent\u00e3o o pano de filtro de poliimida (pode ser pano de filtro P84, feltro de agulha PI, pano de filtro Yilun) se tornar\u00e1 a primeira op\u00e7\u00e3o para transform\u00e1-lo em sacos de filtro de resist\u00eancia a altas temperaturas.<\/p>\n<p>Pano de filtro de feltro de agulha de poliimida \/ sacos de filtro de poliimida (pode ser pano de filtro de feltro de agulha P84, feltro de agulha Yilun) com as propriedades de boa resist\u00eancia a altas temperaturas, resist\u00eancia a \u00e1cidos e inflam\u00e1vel, a estrutura de tr\u00eas folhas da fibra ajuda o feltro de agulha de poliimida pano de filtro com uma superf\u00edcie de filtro muito maior e com uma efici\u00eancia de filtro muito maior, que \u00e9 um material de filtro ideal.<\/p>\n<p><strong>Produtos relevantes:<\/strong><br \/>\nPano de filtro de feltro agulhado de PTFE e sacos de filtro<br \/>\nPano de filtro de feltro agulhado de fibra de vidro e sacos de filtro<br \/>\nTecidos de fibra de vidro e bolsas filtrantes<\/p>\n<p><strong>Especifica\u00e7\u00e3o relevante para o feltro de agulha de poliimida (pode ser pano de filtro de feltro de agulha P84, pano de filtro de feltro de agulha Yilun)<\/strong><br \/>\nMaterial: fibra de poliimida (pode ser P84, Yilun), suportada com tela de poliimida (tela P84, tela Yilun \/ tela PTFE<br \/>\nPeso: 450 ~ 650g\/m\u00b2<br \/>\nTemperatura de Opera\u00e7\u00e3o: Continua: \u2264240\u2103; Picos: 260 \u2103<br \/>\nTratamento de superf\u00edcie dispon\u00edvel: chamuscado e esmaltado, termofixo, banho de suspens\u00e3o de PTFE, membrana de PTFE.<br \/>\nZonel Filtech pode personalizar os produtos de acordo com as necessidades dos clientes!<\/p>\n<p><strong>As propriedades dos sacos de filtro de p\u00f3 de poliimida Zonel Filtech (sacos de filtro de p\u00f3 P84, sacos de filtro de p\u00f3 Yilun)<\/strong><br \/>\n1. Resist\u00eancia a altas temperaturas: Temperatura recomendada de opera\u00e7\u00e3o cont\u00ednua: \u2264240 graus C; picos instant\u00e2neos: 260 graus C.<br \/>\n2. Tamanho est\u00e1vel sob alta temperatura ap\u00f3s tratamento t\u00e9rmico: a 260 graus C, o encolhimento n\u00e3o excede 1%.<br \/>\n3. \u00c0 prova de fogo.<br \/>\n4. Boa resist\u00eancia \u00e0 abras\u00e3o e dobramento, resist\u00eancia a \u00e1cidos.<br \/>\n5. Alta efici\u00eancia do filtro e longa vida \u00fatil.<\/p>\n<p><strong>Principais aplica\u00e7\u00f5es das bolsas filtrantes de poliimida (sacos filtrantes P84, bolsas filtrantes Yilun) bolsas filtrantes da Zonel Filtech<\/strong><br \/>\nG\u00e1s de combust\u00e3o de alta temperatura de:<br \/>\nInd\u00fastrias metal\u00fargicas: como purifica\u00e7\u00e3o de gases de exaust\u00e3o de altos fornos para sider\u00fargicas, etc.<br \/>\nInd\u00fastrias qu\u00edmicas: como o g\u00e1s de combust\u00e3o do forno para produ\u00e7\u00e3o de carboneto de c\u00e1lcio, purifica\u00e7\u00e3o do ar de poeira de f\u00e1bricas de carbono, etc.<br \/>\nInd\u00fastrias de materiais de constru\u00e7\u00e3o: como a filtragem de ar de poeira de fornos de f\u00e1bricas de cimento, a filtragem de ar de poeira em esta\u00e7\u00f5es de mistura asf\u00e1ltica, etc.<br \/>\nE algumas outras instala\u00e7\u00f5es para purifica\u00e7\u00e3o de gases de combust\u00e3o de caldeiras, como centrais t\u00e9rmicas, etc.<\/p>\n<p><strong>Zonel<\/strong><\/p>\n<p><strong>ISO9001:2015<\/strong><\/p>\n","protected":false},"excerpt":{"rendered":"<p>Quando a temperatura do ar empoeirado \u00e9 superior a 250 graus C e o p\u00f3 n\u00e3o pode ser coletado atrav\u00e9s do ESP, ent\u00e3o, como de costume, temos que reduzir a temperatura do ar empoeirado e possibilitar sua purifica\u00e7\u00e3o atrav\u00e9s de coletores de p\u00f3 tipo saco, mas o investimento aumentar\u00e1 muito quando isso acontecer.<\/p>\n<p>Devido \u00e0 fibra de vidro ser fr\u00e1gil e \u00e0 fibra de PTFE com maior encolhimento t\u00e9rmico e fraca coes\u00e3o, para atender \u00e0 alta efici\u00eancia do filtro, ambas precisam ser laminadas com membrana de PTFE, o que aumentar\u00e1 a resist\u00eancia dos filtros de mangas e diminuir\u00e1 o ar \/pano, \u00e9 claro, ent\u00e3o o pano de filtro de poliimida (pode ser pano de filtro P84, feltro de agulha PI, pano de filtro Yilun) se tornar\u00e1 a primeira op\u00e7\u00e3o.<\/p>\n<p>Fibra de poliimida (pano de filtro de feltro de agulha P84, pano de filtro PI, feltro de agulha Yilun) com propriedades de boa resist\u00eancia a altas temperaturas, resist\u00eancia a \u00e1cidos e inflam\u00e1vel, a estrutura de tr\u00eas folhas da fibra ajuda o pano de filtro de feltro de agulha de poliimida com um maior superf\u00edcie do filtro e com uma efici\u00eancia de filtro muito maior.<\/p>\n","protected":false},"featured_media":4749,"template":"","meta":{"site-sidebar-layout":"default","site-content-layout":"","ast-site-content-layout":"default","site-content-style":"default","site-sidebar-style":"default","ast-global-header-display":"","ast-banner-title-visibility":"","ast-main-header-display":"","ast-hfb-above-header-display":"","ast-hfb-below-header-display":"","ast-hfb-mobile-header-display":"","site-post-title":"","ast-breadcrumbs-content":"","ast-featured-img":"","footer-sml-layout":"","theme-transparent-header-meta":"default","adv-header-id-meta":"","stick-header-meta":"","header-above-stick-meta":"","header-main-stick-meta":"","header-below-stick-meta":"","astra-migrate-meta-layouts":"set","ast-page-background-enabled":"default","ast-page-background-meta":{"desktop":{"background-color":"","background-image":"","background-repeat":"repeat","background-position":"center center","background-size":"auto","background-attachment":"scroll","background-type":"","background-media":"","overlay-type":"","overlay-color":"","overlay-opacity":"","overlay-gradient":""},"tablet":{"background-color":"","background-image":"","background-repeat":"repeat","background-position":"center center","background-size":"auto","background-attachment":"scroll","background-type":"","background-media":"","overlay-type":"","overlay-color":"","overlay-opacity":"","overlay-gradient":""},"mobile":{"background-color":"","background-image":"","background-repeat":"repeat","background-position":"center center","background-size":"auto","background-attachment":"scroll","background-type":"","background-media":"","overlay-type":"","overlay-color":"","overlay-opacity":"","overlay-gradient":""}},"ast-content-background-meta":{"desktop":{"background-color":"var(--ast-global-color-5)","background-image":"","background-repeat":"repeat","background-position":"center center","background-size":"auto","background-attachment":"scroll","background-type":"","background-media":"","overlay-type":"","overlay-color":"","overlay-opacity":"","overlay-gradient":""},"tablet":{"background-color":"var(--ast-global-color-5)","background-image":"","background-repeat":"repeat","background-position":"center center","background-size":"auto","background-attachment":"scroll","background-type":"","background-media":"","overlay-type":"","overlay-color":"","overlay-opacity":"","overlay-gradient":""},"mobile":{"background-color":"var(--ast-global-color-5)","background-image":"","background-repeat":"repeat","background-position":"center center","background-size":"auto","background-attachment":"scroll","background-type":"","background-media":"","overlay-type":"","overlay-color":"","overlay-opacity":"","overlay-gradient":""}}},"product_brand":[],"product_cat":[78],"product_tag":[],"class_list":{"0":"post-4748","1":"product","2":"type-product","3":"status-publish","4":"has-post-thumbnail","6":"product_cat-filtro-de-po-pt-br","7":"desktop-align-left","8":"tablet-align-left","9":"mobile-align-left","11":"first","12":"instock","13":"shipping-taxable","14":"product-type-simple"},"_links":{"self":[{"href":"https:\/\/www.zonelenviro.com\/pt-br\/wp-json\/wp\/v2\/product\/4748","targetHints":{"allow":["GET"]}}],"collection":[{"href":"https:\/\/www.zonelenviro.com\/pt-br\/wp-json\/wp\/v2\/product"}],"about":[{"href":"https:\/\/www.zonelenviro.com\/pt-br\/wp-json\/wp\/v2\/types\/product"}],"version-history":[{"count":0,"href":"https:\/\/www.zonelenviro.com\/pt-br\/wp-json\/wp\/v2\/product\/4748\/revisions"}],"wp:featuredmedia":[{"embeddable":true,"href":"https:\/\/www.zonelenviro.com\/pt-br\/wp-json\/wp\/v2\/media\/4749"}],"wp:attachment":[{"href":"https:\/\/www.zonelenviro.com\/pt-br\/wp-json\/wp\/v2\/media?parent=4748"}],"wp:term":[{"taxonomy":"product_brand","embeddable":true,"href":"https:\/\/www.zonelenviro.com\/pt-br\/wp-json\/wp\/v2\/product_brand?post=4748"},{"taxonomy":"product_cat","embeddable":true,"href":"https:\/\/www.zonelenviro.com\/pt-br\/wp-json\/wp\/v2\/product_cat?post=4748"},{"taxonomy":"product_tag","embeddable":true,"href":"https:\/\/www.zonelenviro.com\/pt-br\/wp-json\/wp\/v2\/product_tag?post=4748"}],"curies":[{"name":"wp","href":"https:\/\/api.w.org\/{rel}","templated":true}]}}