{"id":4798,"date":"2024-03-19T15:25:34","date_gmt":"2024-03-19T07:25:34","guid":{"rendered":"https:\/\/www.zonelenviro.com\/homo-polymer-acrylic-needle-felt-acrylic-needle-felt-polyacrylonitrile-pan-needle-felt-filter-cloth-and-filter-bags\/"},"modified":"2024-04-25T15:49:58","modified_gmt":"2024-04-25T07:49:58","slug":"homo-polymer-acrylic-needle-felt-acrylic-needle-felt-polyacrylonitrile-pan-needle-felt-filter-cloth-and-filter-bags","status":"publish","type":"product","link":"https:\/\/www.zonelenviro.com\/pt-br\/homo-polimero-acrilico-agulha-feltro-acrilico-agulha-feltro-poliacrilonitrila-pan-agulha-feltro-tecido-filtro-e-sacos-filtro.html","title":{"rendered":"Feltro de agulha acr\u00edlico homo-pol\u00edmero\/feltro de agulha acr\u00edlico\/poliacrilonitrila\/pano de filtro de feltro de agulha PAN e sacos de filtro"},"content":{"rendered":"<p><strong>Feltro de agulha acr\u00edlico homopol\u00edmero \/ feltro de agulha acr\u00edlico \/ feltro de agulha de poliacrilonitrila (pano de filtro de feltro de agulha PAN), sacos de filtro acr\u00edlicos<\/strong><\/p>\n<p><strong>Introdu\u00e7\u00e3o geral do pano de filtro de feltro de agulha acr\u00edlica:<\/strong><\/p>\n<p>Feltro de agulha acr\u00edlico homopol\u00edmero \/ Feltro de agulha de acr\u00edlico \/ feltro de agulha de poliacrilonitrila (pano de filtro de feltro de agulha PAN) bem conhecido por seu desempenho de resist\u00eancia \u00e0 hidr\u00f3lise, a ZONEL FILTECH pesquisou e desenvolveu o pano de filtro PAN especial para coleta de poeira.<br \/>\nA fibra acr\u00edlica com tamanhos customizados ap\u00f3s a agulha perfurada no feltro, para um perfeito desempenho na filtra\u00e7\u00e3o, a superf\u00edcie ser\u00e1 tratada com repelente de \u00e1gua e \u00f3leo ou membrana de PTFE laminada, de modo a tornar as bolsas filtrantes dif\u00edceis de serem bloqueadas e reduzir a emiss\u00e3o de poeira, de modo a prolongar a vida \u00fatil das bolsas filtrantes.<br \/>\nAs bolsas filtrantes de p\u00f3 de acr\u00edlico da Zonel Filtech adotar\u00e3o os an\u00e9is superiores SS 304 com a linha de costura PTFE bem tratada, portanto o bom desempenho ser\u00e1 garantido, qualquer ajuda necess\u00e1ria da Zonel Filtech, entre em contato conosco!<\/p>\n<p><strong>Produtos relevantes:<\/strong><br \/>\nPano de filtro de feltro agulhado de poli\u00e9ster e saco de filtro<br \/>\nPano de filtro de feltro de agulha antiest\u00e1tico de poli\u00e9ster e saco de filtro<\/p>\n<p><strong>Especifica\u00e7\u00e3o relevante para o pano de filtro de feltro de agulha acr\u00edlica<\/strong><br \/>\nMaterial dispon\u00edvel: fibra acr\u00edlica + tela acr\u00edlica<br \/>\nPeso: 350 ~ 650g\/m\u00b2<br \/>\nResist\u00eancia \u00e0 tra\u00e7\u00e3o: Urdidura: &gt;850N\/5cm; Trama:&gt; 950N \/5cm<br \/>\nTemperatura de servi\u00e7o: Continua: &lt;125\u2103; Picos: 140 \u2103<br \/>\nTratamento de superf\u00edcie para escolha: chamuscado e esmaltado, termofixo, repel\u00eancia de \u00e1gua e \u00f3leo, banho de suspens\u00e3o de PTFE, membrana de PTFE.<\/p>\n<p><strong>As propriedades do pano de filtro de feltro acr\u00edlico<\/strong><br \/>\n1. Altas caracter\u00edsticas mec\u00e2nicas<br \/>\n2. Excelente resist\u00eancia \u00e0 hidr\u00f3lise<br \/>\n3. Estabilidade t\u00e9rmica ideal em condi\u00e7\u00f5es secas e \u00famidas<br \/>\n4. \u00d3tima resist\u00eancia a agentes qu\u00edmicos<br \/>\n5. Resist\u00eancia extraordin\u00e1ria \u00e0 luz, intemp\u00e9ries, mofo e bact\u00e9rias.<\/p>\n<p><strong>Principais aplica\u00e7\u00f5es do pano de filtro acr\u00edlico<\/strong><br \/>\n1. Processamento de produtos qu\u00edmicos: secadores nas ind\u00fastrias de pigmentos, pl\u00e1sticos e catalisadores<br \/>\n2. Processamento de minerais: secadores e moinhos de acabamento na ind\u00fastria de cimento<br \/>\n3. Processamento de metais: coletores de processo nas ind\u00fastrias de chumbo, metal b\u00e1sico prim\u00e1rio e fundi\u00e7\u00e3o.<\/p>\n<p>Zonel<\/p>\n<p>ISO9001:2015<\/p>\n","protected":false},"excerpt":{"rendered":"<p>Feltro de agulha acr\u00edlico homopol\u00edmero \/ Feltro de agulha de acr\u00edlico \/ feltro de agulha de poliacrilonitrila (pano de filtro de feltro de agulha PAN) bem conhecido por seu desempenho de resist\u00eancia \u00e0 hidr\u00f3lise, a ZONEL FILTECH pesquisou e desenvolveu o pano de filtro PAN especial para coleta de poeira.<\/p>\n<p>A fibra acr\u00edlica com tamanhos customizados ap\u00f3s a pun\u00e7\u00e3o da agulha no feltro, para um perfeito desempenho na filtra\u00e7\u00e3o, a superf\u00edcie ser\u00e1 tratada com repelente de \u00e1gua e \u00f3leo ou membrana de PTFE laminada, de modo a tornar as bolsas filtrantes dif\u00edceis de serem bloqueadas e reduzir a emiss\u00e3o de poeira, de modo a prolongar a vida \u00fatil das bolsas filtrantes.<\/p>\n<p>As bolsas filtrantes de p\u00f3 de acr\u00edlico da Zonel Filtech adotar\u00e3o os an\u00e9is superiores SS 304 com a linha de costura PTFE bem tratada, portanto o bom desempenho ser\u00e1 garantido, qualquer ajuda necess\u00e1ria da Zonel Filtech, entre em contato conosco!<\/p>\n","protected":false},"featured_media":4799,"template":"","meta":{"site-sidebar-layout":"default","site-content-layout":"","ast-site-content-layout":"default","site-content-style":"default","site-sidebar-style":"default","ast-global-header-display":"","ast-banner-title-visibility":"","ast-main-header-display":"","ast-hfb-above-header-display":"","ast-hfb-below-header-display":"","ast-hfb-mobile-header-display":"","site-post-title":"","ast-breadcrumbs-content":"","ast-featured-img":"","footer-sml-layout":"","theme-transparent-header-meta":"default","adv-header-id-meta":"","stick-header-meta":"","header-above-stick-meta":"","header-main-stick-meta":"","header-below-stick-meta":"","astra-migrate-meta-layouts":"set","ast-page-background-enabled":"default","ast-page-background-meta":{"desktop":{"background-color":"","background-image":"","background-repeat":"repeat","background-position":"center center","background-size":"auto","background-attachment":"scroll","background-type":"","background-media":"","overlay-type":"","overlay-color":"","overlay-opacity":"","overlay-gradient":""},"tablet":{"background-color":"","background-image":"","background-repeat":"repeat","background-position":"center center","background-size":"auto","background-attachment":"scroll","background-type":"","background-media":"","overlay-type":"","overlay-color":"","overlay-opacity":"","overlay-gradient":""},"mobile":{"background-color":"","background-image":"","background-repeat":"repeat","background-position":"center center","background-size":"auto","background-attachment":"scroll","background-type":"","background-media":"","overlay-type":"","overlay-color":"","overlay-opacity":"","overlay-gradient":""}},"ast-content-background-meta":{"desktop":{"background-color":"var(--ast-global-color-5)","background-image":"","background-repeat":"repeat","background-position":"center center","background-size":"auto","background-attachment":"scroll","background-type":"","background-media":"","overlay-type":"","overlay-color":"","overlay-opacity":"","overlay-gradient":""},"tablet":{"background-color":"var(--ast-global-color-5)","background-image":"","background-repeat":"repeat","background-position":"center center","background-size":"auto","background-attachment":"scroll","background-type":"","background-media":"","overlay-type":"","overlay-color":"","overlay-opacity":"","overlay-gradient":""},"mobile":{"background-color":"var(--ast-global-color-5)","background-image":"","background-repeat":"repeat","background-position":"center center","background-size":"auto","background-attachment":"scroll","background-type":"","background-media":"","overlay-type":"","overlay-color":"","overlay-opacity":"","overlay-gradient":""}}},"product_brand":[],"product_cat":[78],"product_tag":[],"class_list":{"0":"post-4798","1":"product","2":"type-product","3":"status-publish","4":"has-post-thumbnail","6":"product_cat-filtro-de-po-pt-br","7":"desktop-align-left","8":"tablet-align-left","9":"mobile-align-left","11":"first","12":"instock","13":"shipping-taxable","14":"product-type-simple"},"_links":{"self":[{"href":"https:\/\/www.zonelenviro.com\/pt-br\/wp-json\/wp\/v2\/product\/4798","targetHints":{"allow":["GET"]}}],"collection":[{"href":"https:\/\/www.zonelenviro.com\/pt-br\/wp-json\/wp\/v2\/product"}],"about":[{"href":"https:\/\/www.zonelenviro.com\/pt-br\/wp-json\/wp\/v2\/types\/product"}],"version-history":[{"count":0,"href":"https:\/\/www.zonelenviro.com\/pt-br\/wp-json\/wp\/v2\/product\/4798\/revisions"}],"wp:featuredmedia":[{"embeddable":true,"href":"https:\/\/www.zonelenviro.com\/pt-br\/wp-json\/wp\/v2\/media\/4799"}],"wp:attachment":[{"href":"https:\/\/www.zonelenviro.com\/pt-br\/wp-json\/wp\/v2\/media?parent=4798"}],"wp:term":[{"taxonomy":"product_brand","embeddable":true,"href":"https:\/\/www.zonelenviro.com\/pt-br\/wp-json\/wp\/v2\/product_brand?post=4798"},{"taxonomy":"product_cat","embeddable":true,"href":"https:\/\/www.zonelenviro.com\/pt-br\/wp-json\/wp\/v2\/product_cat?post=4798"},{"taxonomy":"product_tag","embeddable":true,"href":"https:\/\/www.zonelenviro.com\/pt-br\/wp-json\/wp\/v2\/product_tag?post=4798"}],"curies":[{"name":"wp","href":"https:\/\/api.w.org\/{rel}","templated":true}]}}