{"id":4804,"date":"2024-03-19T15:20:11","date_gmt":"2024-03-19T07:20:11","guid":{"rendered":"https:\/\/www.zonelenviro.com\/anti-static-needle-felt-filter-cloth-anti-static-dust-filter-bags\/"},"modified":"2024-04-25T15:44:06","modified_gmt":"2024-04-25T07:44:06","slug":"anti-static-needle-felt-filter-cloth-anti-static-dust-filter-bags","status":"publish","type":"product","link":"https:\/\/www.zonelenviro.com\/pt-br\/sacos-filtro-de-filtro-de-poeira-anti-estatico-agulha-de-feltro-anti-estatico.html","title":{"rendered":"Pano de filtro de feltro de agulha antiest\u00e1tico\/sacos de filtro de poeira antiest\u00e1ticos"},"content":{"rendered":"<p><strong>Pano de filtro antiest\u00e1tico\/sacos de filtro antiest\u00e1ticos para coleta de poeira<\/strong><\/p>\n<p><strong>Introdu\u00e7\u00e3o geral do material de filtro antiest\u00e1tico:<\/strong><br \/>\nOs panos de filtro antiest\u00e1ticos da Zonel Filtech foram projetados para coleta de poeira em caso de poeira com alguns materiais inflam\u00e1veis \u200b\u200bou explosivos, como p\u00f3 de farinha, p\u00f3 de alum\u00ednio, p\u00f3 de carv\u00e3o e alguns materiais em p\u00f3 explosivos em ind\u00fastrias como qu\u00edmica, etc. .<\/p>\n<p>Como sabemos, quando a densidade do p\u00f3 inflam\u00e1vel atinge um determinado ponto, uma pequena fa\u00edsca pode causar uma explos\u00e3o e inc\u00eandio, por isso, quando projetamos os materiais do filtro, devemos lev\u00e1-los em considera\u00e7\u00e3o.<\/p>\n<p>Zonel Filtech projetou a s\u00e9rie de panos de filtro de feltro agulhado antiest\u00e1tico de acordo com diferentes aplica\u00e7\u00f5es. Inclui feltro de agulha antiest\u00e1tico de linha de arame, feltro de agulha antiest\u00e1tico de linha quadrada, pano de filtro de feltro de agulha misturado de fibra condutora (inclui pano de filtro de feltro de agulha misturado de fibra SS, feltro antiest\u00e1tico misturado de fibra de carbono, feltro de agulha antiest\u00e1tico de poli\u00e9ster condutor modificado pano de filtro), etc.<\/p>\n<p>Oferecemos rolos de pano de filtro antiest\u00e1tico e bolsas de filtro prontas, qualquer ajuda necess\u00e1ria, entre em contato com a Zonel Filtech!<\/p>\n<p><strong>Produtos relevantes:<\/strong><br \/>\nPano de filtro de feltro de agulha acr\u00edlico e saco de filtro<br \/>\nPano de filtro de feltro agulhado de poli\u00e9ster e saco de filtro<\/p>\n<p><strong>Especifica\u00e7\u00f5es relevantes para a m\u00eddia n\u00e3o tecida antiest\u00e1tica<\/strong><br \/>\nMaterial para a m\u00eddia n\u00e3o tecida antiest\u00e1tica dispon\u00edvel: feltro antiest\u00e1tico de poli\u00e9ster, feltro de agulha antiest\u00e1tico de polipropileno (PP), pano de filtro antiest\u00e1tico PPS, pano de filtro antiest\u00e1tico acr\u00edlico, etc.<br \/>\nEstilo antiest\u00e1tico: tecido antiest\u00e1tico (tipo wireline e c\u00e9lulas quadradas), antiest\u00e1tico misturado (misturado com fibra antiest\u00e1tica modificada, material de filtro antiest\u00e1tico de fibra de carbono, fibra de a\u00e7o inoxid\u00e1vel, fibra de cobre, etc.)<br \/>\nPeso: 300 ~ 650g\/m\u00b2<br \/>\nTemperatura de servi\u00e7o: Continua: &lt;130\u00b0C, Picos: 150\u00b0C; Continua: &lt;200\u00b0C, Picos: 220\u00b0C<br \/>\nTratamento de superf\u00edcie para escolha: chamuscado e esmaltado, termofixo, repel\u00eancia de \u00e1gua e \u00f3leo, banho de suspens\u00e3o de PTFE, membrana de PTFE.<\/p>\n<p><strong>As propriedades do feltro de agulha antiest\u00e1tico<\/strong><br \/>\n1. Com o tratamento de acabamento s\u00f3lido, a efici\u00eancia geral de filtragem pode ser de at\u00e9 99,999%.<br \/>\n2. Requisitos especiais de peso, permeabilidade ao ar, etc. podem ser personalizados.<br \/>\n3. Excelente anti-abras\u00e3o<br \/>\n4. Qualidade de som uniforme e longa vida \u00fatil.<br \/>\n5. Econ\u00f4mico<\/p>\n<p><strong>Principais aplica\u00e7\u00f5es das bolsas filtrantes antiest\u00e1ticas<\/strong><br \/>\n1. Para coletores de poeira inflam\u00e1vel em f\u00e1bricas de cimento, usinas de energia e ind\u00fastrias metal\u00fargicas, que podem precisar de combust\u00edveis f\u00f3sseis para suas caldeiras. Como os moinhos de carv\u00e3o (saco de filtro dos moinhos de carv\u00e3o) nessas plantas.<br \/>\n2. Para coleta de poeira explosiva em f\u00e1bricas de m\u00e1quinas. Como polir acess\u00f3rios de alum\u00ednio, cobre, etc.<br \/>\n3. Para coleta de p\u00f3 em f\u00e1bricas de alimentos, como moinhos de farinha, caf\u00e9, leite em p\u00f3 (leite em p\u00f3), etc.<br \/>\n4. A petroqu\u00edmica e outras ind\u00fastrias podem precisar filtrar as part\u00edculas inflam\u00e1veis.<\/p>\n<p><strong>Zonel<\/strong><\/p>\n<p><strong>ISO9001:2015<\/strong><\/p>\n","protected":false},"excerpt":{"rendered":"<p>Os panos de filtro antiest\u00e1ticos da Zonel Filtech foram projetados para coleta de poeira (sacos de filtro de poeira antiest\u00e1ticos) em caso de ar empoeirado com alguns materiais inflam\u00e1veis \u200b\u200bou explosivos, como p\u00f3 de farinha, p\u00f3 de alum\u00ednio, p\u00f3 de carv\u00e3o e algum p\u00f3 explosivo. materiais nas ind\u00fastrias como qu\u00edmica, etc.<\/p>\n<p>Como sabemos, quando a densidade do p\u00f3 inflam\u00e1vel atinge um determinado ponto, uma pequena fa\u00edsca pode causar uma explos\u00e3o e inc\u00eandio, por isso, quando projetamos os materiais do filtro, devemos lev\u00e1-los em considera\u00e7\u00e3o.<\/p>\n<p>Zonel Filtech projetou a s\u00e9rie de panos de filtro de feltro agulhado antiest\u00e1tico de acordo com diferentes aplica\u00e7\u00f5es. Inclui feltro de agulha antiest\u00e1tico de linha de arame, feltro de agulha antiest\u00e1tico de linha quadrada, pano de filtro de feltro de agulha misturado de fibra condutora (inclui pano de filtro de feltro de agulha misturado de fibra SS, pano de filtro de feltro de agulha antiest\u00e1tico de poli\u00e9ster condutor modificado), etc. tanto rolos de pano de filtro antiest\u00e1tico quanto sacos de filtro antiest\u00e1ticos prontos, qualquer ajuda necess\u00e1ria, entre em contato com Zonel Filtech!<\/p>\n","protected":false},"featured_media":4805,"template":"","meta":{"site-sidebar-layout":"default","site-content-layout":"","ast-site-content-layout":"default","site-content-style":"default","site-sidebar-style":"default","ast-global-header-display":"","ast-banner-title-visibility":"","ast-main-header-display":"","ast-hfb-above-header-display":"","ast-hfb-below-header-display":"","ast-hfb-mobile-header-display":"","site-post-title":"","ast-breadcrumbs-content":"","ast-featured-img":"","footer-sml-layout":"","theme-transparent-header-meta":"default","adv-header-id-meta":"","stick-header-meta":"","header-above-stick-meta":"","header-main-stick-meta":"","header-below-stick-meta":"","astra-migrate-meta-layouts":"set","ast-page-background-enabled":"default","ast-page-background-meta":{"desktop":{"background-color":"","background-image":"","background-repeat":"repeat","background-position":"center center","background-size":"auto","background-attachment":"scroll","background-type":"","background-media":"","overlay-type":"","overlay-color":"","overlay-opacity":"","overlay-gradient":""},"tablet":{"background-color":"","background-image":"","background-repeat":"repeat","background-position":"center center","background-size":"auto","background-attachment":"scroll","background-type":"","background-media":"","overlay-type":"","overlay-color":"","overlay-opacity":"","overlay-gradient":""},"mobile":{"background-color":"","background-image":"","background-repeat":"repeat","background-position":"center center","background-size":"auto","background-attachment":"scroll","background-type":"","background-media":"","overlay-type":"","overlay-color":"","overlay-opacity":"","overlay-gradient":""}},"ast-content-background-meta":{"desktop":{"background-color":"var(--ast-global-color-5)","background-image":"","background-repeat":"repeat","background-position":"center center","background-size":"auto","background-attachment":"scroll","background-type":"","background-media":"","overlay-type":"","overlay-color":"","overlay-opacity":"","overlay-gradient":""},"tablet":{"background-color":"var(--ast-global-color-5)","background-image":"","background-repeat":"repeat","background-position":"center center","background-size":"auto","background-attachment":"scroll","background-type":"","background-media":"","overlay-type":"","overlay-color":"","overlay-opacity":"","overlay-gradient":""},"mobile":{"background-color":"var(--ast-global-color-5)","background-image":"","background-repeat":"repeat","background-position":"center center","background-size":"auto","background-attachment":"scroll","background-type":"","background-media":"","overlay-type":"","overlay-color":"","overlay-opacity":"","overlay-gradient":""}}},"product_brand":[],"product_cat":[78],"product_tag":[],"class_list":{"0":"post-4804","1":"product","2":"type-product","3":"status-publish","4":"has-post-thumbnail","6":"product_cat-filtro-de-po-pt-br","7":"desktop-align-left","8":"tablet-align-left","9":"mobile-align-left","11":"first","12":"instock","13":"shipping-taxable","14":"product-type-simple"},"_links":{"self":[{"href":"https:\/\/www.zonelenviro.com\/pt-br\/wp-json\/wp\/v2\/product\/4804","targetHints":{"allow":["GET"]}}],"collection":[{"href":"https:\/\/www.zonelenviro.com\/pt-br\/wp-json\/wp\/v2\/product"}],"about":[{"href":"https:\/\/www.zonelenviro.com\/pt-br\/wp-json\/wp\/v2\/types\/product"}],"version-history":[{"count":0,"href":"https:\/\/www.zonelenviro.com\/pt-br\/wp-json\/wp\/v2\/product\/4804\/revisions"}],"wp:featuredmedia":[{"embeddable":true,"href":"https:\/\/www.zonelenviro.com\/pt-br\/wp-json\/wp\/v2\/media\/4805"}],"wp:attachment":[{"href":"https:\/\/www.zonelenviro.com\/pt-br\/wp-json\/wp\/v2\/media?parent=4804"}],"wp:term":[{"taxonomy":"product_brand","embeddable":true,"href":"https:\/\/www.zonelenviro.com\/pt-br\/wp-json\/wp\/v2\/product_brand?post=4804"},{"taxonomy":"product_cat","embeddable":true,"href":"https:\/\/www.zonelenviro.com\/pt-br\/wp-json\/wp\/v2\/product_cat?post=4804"},{"taxonomy":"product_tag","embeddable":true,"href":"https:\/\/www.zonelenviro.com\/pt-br\/wp-json\/wp\/v2\/product_tag?post=4804"}],"curies":[{"name":"wp","href":"https:\/\/api.w.org\/{rel}","templated":true}]}}