{"id":4813,"date":"2024-03-19T15:13:24","date_gmt":"2024-03-19T07:13:24","guid":{"rendered":"https:\/\/www.zonelenviro.com\/fiber-glass-needle-felt-filter-cloth-filter-glass-filter-bag\/"},"modified":"2024-04-25T15:58:33","modified_gmt":"2024-04-25T07:58:33","slug":"fiber-glass-needle-felt-filter-cloth-filter-glass-filter-bag","status":"publish","type":"product","link":"https:\/\/www.zonelenviro.com\/pt-br\/agulha-de-fibra-de-vidro-feltro-pano-de-filtro-saco-de-filtro-de-vidro.html","title":{"rendered":"Pano de filtro de feltro de agulha de fibra de vidro\/ saco de filtro de vidro de filtro"},"content":{"rendered":"<p><strong>Introdu\u00e7\u00e3o geral do pano de filtro de feltro agulhado de fibra de vidro e material de filtro misturado<\/strong><\/p>\n<p>Devido \u00e0s bolsas filtrantes de fibra qu\u00edmica resistentes a altas temperaturas sempre com pre\u00e7os extremamente altos, como bolsa filtrante Nomex, bolsa filtrante PPS, bolsa filtrante P84, bolsa filtrante PTFE e assim por diante, que s\u00e3o um fardo pesado para os operadores DC sem d\u00favidas para cada mudar. Obter uma esp\u00e9cie de bolsa filtrante resistente a altas temperaturas, mas com menor custo, torna-se a realidade do mercado de filtra\u00e7\u00e3o, e a fibra de vidro \u00e9 a primeira escolha.<\/p>\n<p>O pano de filtro de feltro de agulha de fibra de vidro da Zonel Filtech adotou 100% de fibra de vidro mais a tela de vidro de fibra E, depois de uma perfura\u00e7\u00e3o de agulha s\u00f3lida funcionar e com algum tratamento de acabamento razo\u00e1vel, ent\u00e3o pode ser costurado no saco de filtro de fibra de vidro que pode ser usado em alguns ocasi\u00f5es de temperatura extremamente alta para coleta de poeira.<\/p>\n<p>Para superar as desvantagens da fraca coes\u00e3o e baixa resist\u00eancia \u00e0 dobragem do feltro de fibra de vidro, a ZONEL FITLECH desenvolveu alguns novos tecidos de filtro de feltro agulhado misturados com fibra de vidro (semelhante ao feltro agulhado FMS ou saco de filtro FMS, chamamos de pano de filtro de feltro agulhado de mistura de fibra de vidro), esses materiais de filtro n\u00e3o tecido de fibra de vidro ap\u00f3s longos testes que s\u00e3o amplamente utilizados para muitas aplica\u00e7\u00f5es, como cimento, metalurgia, minera\u00e7\u00e3o, qu\u00edmica, usinas t\u00e9rmicas, etc.<\/p>\n<p><strong>Produtos relevantes:<\/strong><br \/>\nTecido de filtro de fibra de vidro<br \/>\nSaco de filtro de fibra de vidro<br \/>\nSacos de filtro de poeira<\/p>\n<p><strong>Especifica\u00e7\u00f5es relevantes do pano de filtro de feltro de fibra de vidro e material de filtro misturado:<\/strong><br \/>\nMaterial: fibra de vidro + fibra de resist\u00eancia a altas temperaturas, como aramida (Nomex), PPS, P84, PTFE, etc + filamento de vidro<br \/>\nPeso: &gt; 880 g\/m\u00b2<br \/>\nResist\u00eancia \u00e0 tra\u00e7\u00e3o: Urdidura:&gt; 1800 N\/5cm; Trama:&gt; 1800 N\/5cm<br \/>\nTemperatura de servi\u00e7o: Continua: &lt;260\u00b0C; Picos: 280 \u2103<br \/>\nTratamento de superf\u00edcie para escolha: vitrificado, termofixo, banho de suspens\u00e3o de PTFE, membrana de PTFE.<\/p>\n<p><strong>As propriedades do pano de filtro de feltro agulhado de fibra de vidro e do material de filtro misturado<\/strong><br \/>\n1. Resist\u00eancia a altas temperaturas: 260-280 graus C<br \/>\n2. Excelente resist\u00eancia \u00e0 corros\u00e3o (exceto HF)<br \/>\n3. Personalizado de acordo com diferentes condi\u00e7\u00f5es de opera\u00e7\u00e3o, maior vida \u00fatil.<br \/>\n4. A permeabilidade ao ar \u00e9 maior e mais est\u00e1vel e pode ser operada com uma rela\u00e7\u00e3o ar\/tecido mais alta (at\u00e9 1,0~1,2m\/min) quando comparada com o tecido do filtro de fibra de vidro tecido.<br \/>\n5. Resist\u00eancia \u00e0 abras\u00e3o.<br \/>\n6. com investimento econ\u00f3mico.<br \/>\n7. Pode ser usado em uma variedade de condi\u00e7\u00f5es ambientais complexas e adversas.<\/p>\n<p><strong>Principais aplica\u00e7\u00f5es do pano de filtro de feltro agulhado de fibra de vidro e material de filtro misturado:<\/strong><br \/>\nO pano de filtro de feltro de agulha de fibra de vidro e o pano de filtro do tipo misturado s\u00e3o amplamente utilizados para remo\u00e7\u00e3o de poeira\/fumos em plantas como usinas sider\u00fargicas, fundi\u00e7\u00f5es de metais n\u00e3o ferrosos, f\u00e1bricas de produtos qu\u00edmicos, produ\u00e7\u00e3o de negro de fumo, f\u00e1bricas de asfalto e cimento, usinas de energia, etc.<\/p>\n<p>Zonel<\/p>\n<p>ISO9001:2015<\/p>\n","protected":false},"excerpt":{"rendered":"<p>Devido \u00e0s bolsas filtrantes de fibra qu\u00edmica resistentes a altas temperaturas, sempre os pre\u00e7os extremamente altos, o que \u00e9 um fardo pesado para os operadores de CC, sem d\u00favidas a cada troca. Conseguir uma esp\u00e9cie de bolsa filtrante resistente a altas temperaturas, mas com menor custo, torna-se uma realidade exigida do mercado de filtra\u00e7\u00e3o, e a fibra de vidro \u00e9 a primeira escolha.<\/p>\n<p>O pano de filtro de feltro agulhado de fibra de vidro da Zonel Filtech adotou 100% fibra de vidro, com perfura\u00e7\u00e3o de agulha s\u00f3lida e tratamento de acabamento, as bolsas de filtro de fibra de vidro podem ser usadas em algumas ocasi\u00f5es de temperatura extremamente alta para coleta de poeira.<\/p>\n<p>Para vencer as desvantagens da fraca coes\u00e3o e da baixa resist\u00eancia \u00e0 dobragem do feltro de fibra de vidro, a ZONEL desenvolveu o feltro agulhado misturado com fibra de vidro (semelhante ao feltro agulhado FMS ou ao saco de filtro FMS), esses materiais filtrantes n\u00e3o tecidos de fibra de vidro j\u00e1 com testes de longo tempo, hoje em dia s\u00e3o amplamente usado para muitas aplica\u00e7\u00f5es, como cimento, metalurgia, minera\u00e7\u00e3o, qu\u00edmica, usinas termel\u00e9tricas, etc.<\/p>\n","protected":false},"featured_media":4814,"template":"","meta":{"site-sidebar-layout":"default","site-content-layout":"","ast-site-content-layout":"default","site-content-style":"default","site-sidebar-style":"default","ast-global-header-display":"","ast-banner-title-visibility":"","ast-main-header-display":"","ast-hfb-above-header-display":"","ast-hfb-below-header-display":"","ast-hfb-mobile-header-display":"","site-post-title":"","ast-breadcrumbs-content":"","ast-featured-img":"","footer-sml-layout":"","theme-transparent-header-meta":"default","adv-header-id-meta":"","stick-header-meta":"","header-above-stick-meta":"","header-main-stick-meta":"","header-below-stick-meta":"","astra-migrate-meta-layouts":"set","ast-page-background-enabled":"default","ast-page-background-meta":{"desktop":{"background-color":"","background-image":"","background-repeat":"repeat","background-position":"center center","background-size":"auto","background-attachment":"scroll","background-type":"","background-media":"","overlay-type":"","overlay-color":"","overlay-opacity":"","overlay-gradient":""},"tablet":{"background-color":"","background-image":"","background-repeat":"repeat","background-position":"center center","background-size":"auto","background-attachment":"scroll","background-type":"","background-media":"","overlay-type":"","overlay-color":"","overlay-opacity":"","overlay-gradient":""},"mobile":{"background-color":"","background-image":"","background-repeat":"repeat","background-position":"center center","background-size":"auto","background-attachment":"scroll","background-type":"","background-media":"","overlay-type":"","overlay-color":"","overlay-opacity":"","overlay-gradient":""}},"ast-content-background-meta":{"desktop":{"background-color":"var(--ast-global-color-5)","background-image":"","background-repeat":"repeat","background-position":"center center","background-size":"auto","background-attachment":"scroll","background-type":"","background-media":"","overlay-type":"","overlay-color":"","overlay-opacity":"","overlay-gradient":""},"tablet":{"background-color":"var(--ast-global-color-5)","background-image":"","background-repeat":"repeat","background-position":"center center","background-size":"auto","background-attachment":"scroll","background-type":"","background-media":"","overlay-type":"","overlay-color":"","overlay-opacity":"","overlay-gradient":""},"mobile":{"background-color":"var(--ast-global-color-5)","background-image":"","background-repeat":"repeat","background-position":"center center","background-size":"auto","background-attachment":"scroll","background-type":"","background-media":"","overlay-type":"","overlay-color":"","overlay-opacity":"","overlay-gradient":""}}},"product_brand":[],"product_cat":[78],"product_tag":[],"class_list":{"0":"post-4813","1":"product","2":"type-product","3":"status-publish","4":"has-post-thumbnail","6":"product_cat-filtro-de-po-pt-br","7":"desktop-align-left","8":"tablet-align-left","9":"mobile-align-left","11":"first","12":"instock","13":"shipping-taxable","14":"product-type-simple"},"_links":{"self":[{"href":"https:\/\/www.zonelenviro.com\/pt-br\/wp-json\/wp\/v2\/product\/4813","targetHints":{"allow":["GET"]}}],"collection":[{"href":"https:\/\/www.zonelenviro.com\/pt-br\/wp-json\/wp\/v2\/product"}],"about":[{"href":"https:\/\/www.zonelenviro.com\/pt-br\/wp-json\/wp\/v2\/types\/product"}],"version-history":[{"count":0,"href":"https:\/\/www.zonelenviro.com\/pt-br\/wp-json\/wp\/v2\/product\/4813\/revisions"}],"wp:featuredmedia":[{"embeddable":true,"href":"https:\/\/www.zonelenviro.com\/pt-br\/wp-json\/wp\/v2\/media\/4814"}],"wp:attachment":[{"href":"https:\/\/www.zonelenviro.com\/pt-br\/wp-json\/wp\/v2\/media?parent=4813"}],"wp:term":[{"taxonomy":"product_brand","embeddable":true,"href":"https:\/\/www.zonelenviro.com\/pt-br\/wp-json\/wp\/v2\/product_brand?post=4813"},{"taxonomy":"product_cat","embeddable":true,"href":"https:\/\/www.zonelenviro.com\/pt-br\/wp-json\/wp\/v2\/product_cat?post=4813"},{"taxonomy":"product_tag","embeddable":true,"href":"https:\/\/www.zonelenviro.com\/pt-br\/wp-json\/wp\/v2\/product_tag?post=4813"}],"curies":[{"name":"wp","href":"https:\/\/api.w.org\/{rel}","templated":true}]}}