{"id":4833,"date":"2024-03-19T14:56:37","date_gmt":"2024-03-19T06:56:37","guid":{"rendered":"https:\/\/www.zonelenviro.com\/anti-static-filter-fabrics-for-fluid-bed-dust-filter-bags-application\/"},"modified":"2024-04-25T16:18:27","modified_gmt":"2024-04-25T08:18:27","slug":"anti-static-filter-fabrics-for-fluid-bed-dust-filter-bags-application","status":"publish","type":"product","link":"https:\/\/www.zonelenviro.com\/pt-br\/tecidos-filtro-antiestaticos-para-aplicacao-de-sacos-filtro-de-poeira-de-leito-fluidizado.html","title":{"rendered":"Telas de filtro antiest\u00e1ticas para aplica\u00e7\u00e3o de sacos de filtro de poeira de leito fluidizado"},"content":{"rendered":"<p><strong>Tecidos de filtro antiest\u00e1tico para aplica\u00e7\u00e3o de sacos de filtro de p\u00f3 de leito fluidizado<\/strong><\/p>\n<p><img fetchpriority=\"high\" decoding=\"async\" class=\"alignnone size-full wp-image-1398\" src=\"https:\/\/www.zonelenviro.com\/wp-content\/uploads\/2024\/03\/anti-static-filter-bag-for-pharmaceutical-application-1.jpg\" alt=\"\" width=\"829\" height=\"554\" \/><\/p>\n<p><strong>Introdu\u00e7\u00e3o geral:<\/strong><br \/>\nA Zonel Filtech desenvolveu tecidos filtrantes antiest\u00e1ticos para aplica\u00e7\u00f5es de coleta de p\u00f3 em leito fluidizado.<br \/>\nO tecido do filtro adotou mat\u00e9rias-primas de qualidade alimentar, com constru\u00e7\u00e3o de tecido especial e tratamento de acabamento, adequado para o tamanho de part\u00edcula entre 0,5 ~ 50 m\u00edcrons de coleta de part\u00edculas e resist\u00eancia el\u00e9trica de superf\u00edcie n\u00e3o superior a 10 ^ 6. Se alguma ajuda for necess\u00e1ria, entre em contato n\u00f3s!<\/p>\n<p><strong>Propriedades do tecido filtrante antiest\u00e1tico da Zonel Filtech:<\/strong><br \/>\n1. A mat\u00e9ria-prima com qualidade alimentar, superf\u00edcie lisa e f\u00e1cil de regenerar e n\u00e3o mofa;<br \/>\n2. N\u00e3o \u00e9 f\u00e1cil deixar cair as fibras, n\u00e3o causa polui\u00e7\u00e3o;<br \/>\n3. O projeto adequado para coleta de poeira em tamanhos de part\u00edculas entre 0,5 ~ 50 m\u00edcrons, que cobriu a maioria das aplica\u00e7\u00f5es dos leitos fluidizados;<br \/>\n4. Com menor resist\u00eancia ao ar, adequado para alta velocidade de filtro, dur\u00e1vel;<br \/>\n5. Oferece excelente desempenho antiest\u00e1tico, garante a opera\u00e7\u00e3o segura;<br \/>\n6. Boa resist\u00eancia \u00e0 temperatura, o m\u00e1ximo pode ser de at\u00e9 150 graus C;<\/p>\n<p><strong>Formul\u00e1rios:<\/strong><br \/>\nPara produ\u00e7\u00e3o de sacos coletores de p\u00f3 para m\u00e1quinas como:<br \/>\nSecador de leito fluidizado, m\u00e1quina de revestimento de granula\u00e7\u00e3o multifuncional WBF, secador de granula\u00e7\u00e3o s\u00e9rie FL, secador de leito fluidizado s\u00e9rie GFG, m\u00e1quina de revestimento de granula\u00e7\u00e3o centr\u00edfuga s\u00e9rie CGC, extrusora s\u00e9rie E, granulador de uma etapa, granulador seco, granulador \u00famido, etc.<\/p>\n","protected":false},"excerpt":{"rendered":"<p>A Zonel Filtech desenvolveu tecidos filtrantes antiest\u00e1ticos para aplica\u00e7\u00f5es de coleta de p\u00f3 em leito fluidizado.<\/p>\n<p>O tecido do filtro adotou mat\u00e9rias-primas de qualidade alimentar, com constru\u00e7\u00e3o de tecido especial e tratamento de acabamento, adequado para o tamanho de part\u00edcula entre 0,5 ~ 50 m\u00edcrons de coleta de part\u00edculas e resist\u00eancia el\u00e9trica de superf\u00edcie n\u00e3o superior a 10 ^ 6. Se alguma ajuda for necess\u00e1ria, entre em contato n\u00f3s!<\/p>\n","protected":false},"featured_media":4834,"template":"","meta":{"site-sidebar-layout":"default","site-content-layout":"","ast-site-content-layout":"default","site-content-style":"default","site-sidebar-style":"default","ast-global-header-display":"","ast-banner-title-visibility":"","ast-main-header-display":"","ast-hfb-above-header-display":"","ast-hfb-below-header-display":"","ast-hfb-mobile-header-display":"","site-post-title":"","ast-breadcrumbs-content":"","ast-featured-img":"","footer-sml-layout":"","theme-transparent-header-meta":"default","adv-header-id-meta":"","stick-header-meta":"","header-above-stick-meta":"","header-main-stick-meta":"","header-below-stick-meta":"","astra-migrate-meta-layouts":"set","ast-page-background-enabled":"default","ast-page-background-meta":{"desktop":{"background-color":"","background-image":"","background-repeat":"repeat","background-position":"center center","background-size":"auto","background-attachment":"scroll","background-type":"","background-media":"","overlay-type":"","overlay-color":"","overlay-opacity":"","overlay-gradient":""},"tablet":{"background-color":"","background-image":"","background-repeat":"repeat","background-position":"center center","background-size":"auto","background-attachment":"scroll","background-type":"","background-media":"","overlay-type":"","overlay-color":"","overlay-opacity":"","overlay-gradient":""},"mobile":{"background-color":"","background-image":"","background-repeat":"repeat","background-position":"center center","background-size":"auto","background-attachment":"scroll","background-type":"","background-media":"","overlay-type":"","overlay-color":"","overlay-opacity":"","overlay-gradient":""}},"ast-content-background-meta":{"desktop":{"background-color":"var(--ast-global-color-5)","background-image":"","background-repeat":"repeat","background-position":"center center","background-size":"auto","background-attachment":"scroll","background-type":"","background-media":"","overlay-type":"","overlay-color":"","overlay-opacity":"","overlay-gradient":""},"tablet":{"background-color":"var(--ast-global-color-5)","background-image":"","background-repeat":"repeat","background-position":"center center","background-size":"auto","background-attachment":"scroll","background-type":"","background-media":"","overlay-type":"","overlay-color":"","overlay-opacity":"","overlay-gradient":""},"mobile":{"background-color":"var(--ast-global-color-5)","background-image":"","background-repeat":"repeat","background-position":"center center","background-size":"auto","background-attachment":"scroll","background-type":"","background-media":"","overlay-type":"","overlay-color":"","overlay-opacity":"","overlay-gradient":""}}},"product_brand":[],"product_cat":[78,79],"product_tag":[],"class_list":{"0":"post-4833","1":"product","2":"type-product","3":"status-publish","4":"has-post-thumbnail","6":"product_cat-filtro-de-po-pt-br","7":"product_cat-outros-produtos-pt-br","8":"desktop-align-left","9":"tablet-align-left","10":"mobile-align-left","12":"first","13":"instock","14":"shipping-taxable","15":"product-type-simple"},"_links":{"self":[{"href":"https:\/\/www.zonelenviro.com\/pt-br\/wp-json\/wp\/v2\/product\/4833","targetHints":{"allow":["GET"]}}],"collection":[{"href":"https:\/\/www.zonelenviro.com\/pt-br\/wp-json\/wp\/v2\/product"}],"about":[{"href":"https:\/\/www.zonelenviro.com\/pt-br\/wp-json\/wp\/v2\/types\/product"}],"version-history":[{"count":0,"href":"https:\/\/www.zonelenviro.com\/pt-br\/wp-json\/wp\/v2\/product\/4833\/revisions"}],"wp:featuredmedia":[{"embeddable":true,"href":"https:\/\/www.zonelenviro.com\/pt-br\/wp-json\/wp\/v2\/media\/4834"}],"wp:attachment":[{"href":"https:\/\/www.zonelenviro.com\/pt-br\/wp-json\/wp\/v2\/media?parent=4833"}],"wp:term":[{"taxonomy":"product_brand","embeddable":true,"href":"https:\/\/www.zonelenviro.com\/pt-br\/wp-json\/wp\/v2\/product_brand?post=4833"},{"taxonomy":"product_cat","embeddable":true,"href":"https:\/\/www.zonelenviro.com\/pt-br\/wp-json\/wp\/v2\/product_cat?post=4833"},{"taxonomy":"product_tag","embeddable":true,"href":"https:\/\/www.zonelenviro.com\/pt-br\/wp-json\/wp\/v2\/product_tag?post=4833"}],"curies":[{"name":"wp","href":"https:\/\/api.w.org\/{rel}","templated":true}]}}