{"id":4860,"date":"2024-03-19T14:49:54","date_gmt":"2024-03-19T06:49:54","guid":{"rendered":"https:\/\/www.zonelenviro.com\/hvac-pocket-bag-air-filter\/"},"modified":"2024-04-25T16:39:51","modified_gmt":"2024-04-25T08:39:51","slug":"hvac-pocket-bag-air-filter","status":"publish","type":"product","link":"https:\/\/www.zonelenviro.com\/pt-br\/filtro-de-ar-para-bolsa-de-bolso-hvac.html","title":{"rendered":"Filtro de ar de bolsa de bolso HVAC"},"content":{"rendered":"<p><strong>Introdu\u00e7\u00e3o geral para filtros de ar de bolsa de bolso<\/strong><\/p>\n<p>Os filtros de ar de bolsa de bolso podem ser feitos de material de filtro de bolsa de bolso sint\u00e9tico ou meio de fibra sint\u00e9tica de bolso misturado com caixa ativa, bem como materiais de filtro de bolsa de bolso de fibra de vidro com v\u00e1rias efici\u00eancias de filtro, principalmente de F5 ~ F9 (CRAA 430) ou EU5 ~ EU9 (EN779) ou MERV9~MERV15 (ASHRAE), de acordo com o processo m\u00e9dio de contagem de part\u00edculas (0,4 m\u00edcron), a distribui\u00e7\u00e3o de efici\u00eancia de 40%~95% est\u00e1 dispon\u00edvel.<br \/>\nOs filtros de bolsa de bolso s\u00e3o frequentemente instalados em sistemas HVAC, tamb\u00e9m chamados de filtros de ar de bolsa de bolso HVAC, que s\u00e3o projetados para aplica\u00e7\u00f5es industriais e comerciais, bem como para uso residencial, para aumentar a qualidade do ar interno. \u00c0s vezes, o ar do saco de bolso pode ser usado para o primeiro est\u00e1gio dos sistemas HVAC, mas principalmente ser\u00e1 usado como filtro secund\u00e1rio ou final atr\u00e1s de um filtro prim\u00e1rio pregueado.<br \/>\nO material do filtro de bolsa de bolso foi adotado como material de filtro n\u00e3o tecido com a efici\u00eancia de filtro relevante, para melhorar a carga de poeira e reduzir a resist\u00eancia do ar, as bolsas de filtro ser\u00e3o divididas em v\u00e1rios pequenos espa\u00e7os, todo o material sint\u00e9tico ser\u00e1 selado com soldagem a quente e a fibra de vidro ser\u00e1 ser\u00e1 costurado com linha de costura, mas a costura ser\u00e1 selada com termopl\u00e1stico para garantir a efici\u00eancia do filtro nos dados corretos solicitados.<\/p>\n<p><strong>Propriedades dos filtros de bolso:<\/strong><\/p>\n<p>1. O tamanho padr\u00e3o da estrutura do filtro de ar de bolso \u00e9 24X24 polegadas e 12X24 polegadas, mas o design especial pode ser personalizado.<br \/>\n2. A profundidade dos sacos para o filtro de ar do saco de bolso \u00e9 principalmente de 300 ~ 750 mm, todos podem ser personalizados.<br \/>\n3. A quantidade do saco de bolso por filtro \u00e9 principalmente de 3 a 8 unidades, a quantidade especial pode ser personalizada.<br \/>\n4. O material da estrutura pode ser a\u00e7o galvanizado (GI), alum\u00ednio SS, pl\u00e1stico, etc.<br \/>\n5. Nossos filtros de bolso com efici\u00eancia de filtro quase podem atender a todas as aplica\u00e7\u00f5es que voc\u00ea possa precisar, cada filtro HVAC de bolsa de n\u00f3s ser\u00e1 minuciosamente inspecionado.<br \/>\n6. Grande carga de poeira, baixa resist\u00eancia inicial, longa vida \u00fatil.<\/p>\n<p><strong>Aplica\u00e7\u00f5es de filtro de ar com bolsa de bolso<\/strong><br \/>\nPara a melhoria da qualidade do ar interno vem com sistemas HVAC em ocasi\u00f5es como oficinas de autom\u00f3veis, data centers, f\u00e1bricas de alimentos e bebidas, f\u00e1bricas de eletr\u00f4nicos, f\u00e1bricas farmac\u00eauticas, f\u00e1bricas de fibras qu\u00edmicas, escolas, teatros, hospitais, laborat\u00f3rios, etc.<\/p>\n<p><img fetchpriority=\"high\" decoding=\"async\" class=\"alignnone size-full wp-image-1380\" src=\"https:\/\/www.zonelenviro.com\/wp-content\/uploads\/2024\/03\/Filter-efficiency-compare-from-different-standards.png\" alt=\"\" width=\"1556\" height=\"844\" \/><\/p>\n<div id=\"gtx-trans\" style=\"position: absolute; left: 586px; top: 566.953px;\">\n<div class=\"gtx-trans-icon\"><\/div>\n<\/div>\n","protected":false},"excerpt":{"rendered":"<p>Os filtros de ar de bolsa de bolso podem ser feitos de material de filtro de bolsa de bolso sint\u00e9tico ou meio de fibra sint\u00e9tica de bolso misturado com caixa ativa, bem como materiais de filtro de bolsa de bolso de fibra de vidro com v\u00e1rias efici\u00eancias de filtro, principalmente de F5 ~ F9 (CRAA 430) ou EU5 ~ EU9 (EN779) ou MERV9~MERV15 (ASHRAE).<\/p>\n<p>Os filtros de bolsa de bolso s\u00e3o frequentemente instalados em sistemas HVAC, tamb\u00e9m chamados de filtros de ar de bolsa de bolso HVAC, que s\u00e3o projetados para aplica\u00e7\u00f5es industriais e comerciais, bem como para uso residencial, para aumentar a qualidade do ar interno. \u00c0s vezes, o ar do saco de bolso pode ser usado para o primeiro est\u00e1gio dos sistemas HVAC, mas principalmente ser\u00e1 usado como filtro secund\u00e1rio ou final atr\u00e1s de um filtro prim\u00e1rio pregueado.<\/p>\n<p>O material do filtro de bolsa de bolso foi adotado como material de filtro n\u00e3o tecido com a efici\u00eancia de filtro relevante, para melhorar a carga de poeira e reduzir a resist\u00eancia do ar, as bolsas de filtro ser\u00e3o divididas em v\u00e1rios pequenos espa\u00e7os, e todo o material sint\u00e9tico ser\u00e1 selado com soldagem a quente e a fibra de vidro ser\u00e1 costurada com linha de costura, mas a costura ser\u00e1 selada com termopl\u00e1stico para garantir a efici\u00eancia do filtro nos dados corretos solicitados.<\/p>\n","protected":false},"featured_media":4861,"template":"","meta":{"site-sidebar-layout":"default","site-content-layout":"","ast-site-content-layout":"default","site-content-style":"default","site-sidebar-style":"default","ast-global-header-display":"","ast-banner-title-visibility":"","ast-main-header-display":"","ast-hfb-above-header-display":"","ast-hfb-below-header-display":"","ast-hfb-mobile-header-display":"","site-post-title":"","ast-breadcrumbs-content":"","ast-featured-img":"","footer-sml-layout":"","theme-transparent-header-meta":"default","adv-header-id-meta":"","stick-header-meta":"","header-above-stick-meta":"","header-main-stick-meta":"","header-below-stick-meta":"","astra-migrate-meta-layouts":"set","ast-page-background-enabled":"default","ast-page-background-meta":{"desktop":{"background-color":"","background-image":"","background-repeat":"repeat","background-position":"center center","background-size":"auto","background-attachment":"scroll","background-type":"","background-media":"","overlay-type":"","overlay-color":"","overlay-opacity":"","overlay-gradient":""},"tablet":{"background-color":"","background-image":"","background-repeat":"repeat","background-position":"center center","background-size":"auto","background-attachment":"scroll","background-type":"","background-media":"","overlay-type":"","overlay-color":"","overlay-opacity":"","overlay-gradient":""},"mobile":{"background-color":"","background-image":"","background-repeat":"repeat","background-position":"center center","background-size":"auto","background-attachment":"scroll","background-type":"","background-media":"","overlay-type":"","overlay-color":"","overlay-opacity":"","overlay-gradient":""}},"ast-content-background-meta":{"desktop":{"background-color":"var(--ast-global-color-5)","background-image":"","background-repeat":"repeat","background-position":"center center","background-size":"auto","background-attachment":"scroll","background-type":"","background-media":"","overlay-type":"","overlay-color":"","overlay-opacity":"","overlay-gradient":""},"tablet":{"background-color":"var(--ast-global-color-5)","background-image":"","background-repeat":"repeat","background-position":"center center","background-size":"auto","background-attachment":"scroll","background-type":"","background-media":"","overlay-type":"","overlay-color":"","overlay-opacity":"","overlay-gradient":""},"mobile":{"background-color":"var(--ast-global-color-5)","background-image":"","background-repeat":"repeat","background-position":"center center","background-size":"auto","background-attachment":"scroll","background-type":"","background-media":"","overlay-type":"","overlay-color":"","overlay-opacity":"","overlay-gradient":""}}},"product_brand":[],"product_cat":[78],"product_tag":[],"class_list":{"0":"post-4860","1":"product","2":"type-product","3":"status-publish","4":"has-post-thumbnail","6":"product_cat-filtro-de-po-pt-br","7":"desktop-align-left","8":"tablet-align-left","9":"mobile-align-left","11":"first","12":"instock","13":"shipping-taxable","14":"product-type-simple"},"_links":{"self":[{"href":"https:\/\/www.zonelenviro.com\/pt-br\/wp-json\/wp\/v2\/product\/4860","targetHints":{"allow":["GET"]}}],"collection":[{"href":"https:\/\/www.zonelenviro.com\/pt-br\/wp-json\/wp\/v2\/product"}],"about":[{"href":"https:\/\/www.zonelenviro.com\/pt-br\/wp-json\/wp\/v2\/types\/product"}],"version-history":[{"count":0,"href":"https:\/\/www.zonelenviro.com\/pt-br\/wp-json\/wp\/v2\/product\/4860\/revisions"}],"wp:featuredmedia":[{"embeddable":true,"href":"https:\/\/www.zonelenviro.com\/pt-br\/wp-json\/wp\/v2\/media\/4861"}],"wp:attachment":[{"href":"https:\/\/www.zonelenviro.com\/pt-br\/wp-json\/wp\/v2\/media?parent=4860"}],"wp:term":[{"taxonomy":"product_brand","embeddable":true,"href":"https:\/\/www.zonelenviro.com\/pt-br\/wp-json\/wp\/v2\/product_brand?post=4860"},{"taxonomy":"product_cat","embeddable":true,"href":"https:\/\/www.zonelenviro.com\/pt-br\/wp-json\/wp\/v2\/product_cat?post=4860"},{"taxonomy":"product_tag","embeddable":true,"href":"https:\/\/www.zonelenviro.com\/pt-br\/wp-json\/wp\/v2\/product_tag?post=4860"}],"curies":[{"name":"wp","href":"https:\/\/api.w.org\/{rel}","templated":true}]}}