{"id":4870,"date":"2024-03-19T14:43:16","date_gmt":"2024-03-19T06:43:16","guid":{"rendered":"https:\/\/www.zonelenviro.com\/medium-high-temperature-resistance-dust-filter-material\/"},"modified":"2024-04-25T17:10:17","modified_gmt":"2024-04-25T09:10:17","slug":"medium-high-temperature-resistance-dust-filter-material","status":"publish","type":"product","link":"https:\/\/www.zonelenviro.com\/pt-br\/material-de-filtro-de-poeira-com-resistencia-a-temperaturas-medias-e-altas.html","title":{"rendered":"Material de filtro de poeira com resist\u00eancia a temperaturas m\u00e9dias-altas"},"content":{"rendered":"<p><strong>Pano de filtro de feltro agulha de aramida \/ Nomex para costura de sacos de filtro de poeira; Sacos de filtro de poeira Nomex<\/strong><\/p>\n<p><img fetchpriority=\"high\" decoding=\"async\" class=\"alignnone size-full wp-image-1373\" src=\"https:\/\/www.zonelenviro.com\/wp-content\/uploads\/2024\/03\/aramid-needle-felt.jpg\" alt=\"\" width=\"829\" height=\"554\" \/><\/p>\n<p><img decoding=\"async\" class=\"alignnone size-full wp-image-1374\" src=\"https:\/\/www.zonelenviro.com\/wp-content\/uploads\/2024\/03\/nomex-filter-bags.jpg\" alt=\"\" width=\"829\" height=\"554\" \/><\/p>\n<p><strong>Introdu\u00e7\u00e3o geral do pano de filtro de feltro agulhado de aramida (Nomex):<\/strong><br \/>\nA fibra de aramida para meio filtrante tamb\u00e9m \u00e9 chamada de fibra de aramida 1313 na China, e Nomex\u00ae \u00e9 um tipo de fibra de aramida produzida pela Dupont\u00ae.<br \/>\nAs bolsas filtrantes de aramida (Nomex) s\u00e3o instaladas principalmente na casa do filtro de mangas com uma temperatura entre 130 ~ 220 graus C, um valor de PH adequado entre 5 ~ 9, amplamente utilizado na ind\u00fastria sider\u00fargica, ind\u00fastria de negro de fumo, ind\u00fastria de constru\u00e7\u00e3o e ind\u00fastria de energia.<\/p>\n<p><strong>Especifica\u00e7\u00e3o relevante para o feltro agulhado de aramida (Nomex):<\/strong><br \/>\nMaterial: fibra de aramida (Nomex), suportada por tela\/tecido de aramida (Nomex).<br \/>\nPeso: 350 ~ 650g\/m\u00b2<br \/>\nTemperatura de Opera\u00e7\u00e3o: Continua: \u2264204\u2103; Picos: 220 \u2103<br \/>\nTratamento de superf\u00edcie: chamuscado e esmaltado, termofixado, repelente de \u00e1gua e \u00f3leo, banho de suspens\u00e3o em PTFE, membrana de PTFE.<br \/>\nPodemos personalizar os produtos de acordo com as necessidades dos clientes!<\/p>\n<p><strong>As propriedades do meio filtrante de aramida\/Nomex:<\/strong><br \/>\n1. Resist\u00eancia a altas temperaturas:<br \/>\nTemperatura recomendada de opera\u00e7\u00e3o cont\u00ednua: \u2264204 graus C (para obter a maior vida \u00fatil, a temperatura de opera\u00e7\u00e3o cont\u00ednua sugere n\u00e3o exceder 180 graus C); picos instant\u00e2neos: 220 graus C.<br \/>\n2. Tamanho est\u00e1vel sob alta temperatura ap\u00f3s tratamento t\u00e9rmico: a 220 graus C, o encolhimento n\u00e3o excede 1%.<br \/>\n3. \u00c0 prova de fogo.<br \/>\n4. Boa resist\u00eancia \u00e0 abras\u00e3o e dobramento.<br \/>\n5. Pre\u00e7o mais barato quando comparado a outros panos de filtro resistentes ao calor.<br \/>\n6. Longa vida \u00fatil.<\/p>\n<p><strong>Principais aplica\u00e7\u00f5es das bolsas filtrantes de aramida \/ Nomex:<\/strong><br \/>\n1. Ind\u00fastrias Qu\u00edmicas: Filtros de mangas secadoras em f\u00e1bricas de pigmentos, pl\u00e1sticos, catalisadores e negro de fumo, etc.<br \/>\n2. Ind\u00fastrias Minerais: Casas de sacos secadores nas casas de sacos refrigeradores de gesso e cl\u00ednquer, etc.<br \/>\n3. Ind\u00fastrias metal\u00fargicas: Coletores de processo de alta temperatura para casas de sacos de forno de arco el\u00e9trico e \u00f3xido de chumbo em sider\u00fargicas, etc.<br \/>\n4. Gera\u00e7\u00e3o de energia e incinera\u00e7\u00e3o: Coletores para manuseio de cinzas volantes.<br \/>\n5. Ind\u00fastrias de materiais de constru\u00e7\u00e3o: manuseiam o g\u00e1s residual dos fornos verticais das f\u00e1bricas de cimento (sacos de filtro para f\u00e1bricas de cimento), o ar empoeirado da usina de mistura de asfalto, etc.<\/p>\n<p><strong>Observa\u00e7\u00e3o:<\/strong><br \/>\n1. Especifica\u00e7\u00f5es especiais podem ser personalizadas.<br \/>\n2. largura m\u00e1xima: 2,25 metros.<br \/>\n3. Tanto os rolos de pano de filtro quanto os sacos de filtro est\u00e3o dispon\u00edveis na Zonel Filtech.<\/p>\n<p><strong>Feltro de agulha PPS para costura de sacos de filtro de poeira\/sacos de filtro de poeira PPS<\/strong><\/p>\n<p><img decoding=\"async\" class=\"alignnone size-full wp-image-1376\" src=\"https:\/\/www.zonelenviro.com\/wp-content\/uploads\/2024\/03\/PPS-dust-filter-bag.jpg\" alt=\"\" width=\"829\" height=\"554\" \/><\/p>\n<p><strong>Introdu\u00e7\u00e3o geral do pano de filtro PPS:<\/strong><br \/>\nPPS PPS (sulfeto de polifenileno, Ryton\u00ae, Procon\u00ae) \u00e9 um dos melhores materiais de filtro com propriedades de resist\u00eancia a altas temperaturas, anti\u00e1cido, antialcalino, resistente \u00e0 hidr\u00f3lise, etc., as bolsas de filtro PPS s\u00e3o usadas principalmente para remover poeira ar que inclui alguns materiais \u00e1cidos ou alcalinos sob alta temperatura, como usinas termel\u00e9tricas, ferve limpeza de gases, remo\u00e7\u00e3o de fuma\u00e7a de incineradores de res\u00edduos, etc.<br \/>\nZonel Filtech adotou a fibra PPS de primeira qualidade (sulfeto de polifenileno, Ryton\u00ae, Procon\u00ae) com processamento de pun\u00e7\u00e3o com agulha fina e tratamento de superf\u00edcie, tratamento qu\u00edmico, etc., para tornar as bolsas de filtro dur\u00e1veis \u200b\u200be poder atender a v\u00e1rios requisitos de filtra\u00e7\u00e3o de clientes em diferentes setores. .<br \/>\nA Zonel Filtech pesquisou e desenvolveu um novo tipo de bolsa filtrante PPS, sem membrana de PTFE, que pode controlar a emiss\u00e3o muito inferior a 20 mg\/Nm3, na mesma rela\u00e7\u00e3o ar\/tecido, a resist\u00eancia inferior a 40% no m\u00ednimo, pode ajudar o cliente para economizar espa\u00e7o no compartimento da bolsa, economizar o poder de purga, tamb\u00e9m pode ajudar a prolongar a vida \u00fatil das bolsas de filtro.<\/p>\n<p><strong>Especifica\u00e7\u00f5es relevantes para o feltro agulhado PPS:<\/strong><br \/>\nMaterial: fibra PPS (sulfeto de polifenileno, Ryton\u00ae, Procon\u00ae), suportada com tela PPS PPS (sulfeto de polifenileno, Ryton\u00ae, Procon\u00ae)<br \/>\nPeso: 300 ~ 750g\/m\u00b2<br \/>\nTemperatura de Opera\u00e7\u00e3o: Continua: \u2264190\u2103; Picos: 220 \u2103<br \/>\nTratamento de superf\u00edcie dispon\u00edvel: chamuscado e esmaltado, conjunto t\u00e9rmico, banho de suspens\u00e3o de PTFE, membrana de PTFE, tratamento de superf\u00edcie de tamanho microporo.<br \/>\nPodemos personalizar os produtos de acordo com as necessidades dos clientes!<\/p>\n<p><strong>As propriedades das bolsas filtrantes de p\u00f3 PPS e servi\u00e7os da ZONEL FILTECH:<\/strong><br \/>\n1. com uma equipe t\u00e9cnica profissional, projetada de acordo com a necessidade do cliente, o bom desempenho \u00e9 garantido.<br \/>\n2. Emiss\u00e3o dentro dos requisitos, menor resist\u00eancia inicial, n\u00e3o \u00e9 f\u00e1cil de ser bloqueada.<br \/>\n3. Ser\u00e3o oferecidas sugest\u00f5es de opera\u00e7\u00e3o, n\u00e3o facilmente quebradas e dur\u00e1veis.<br \/>\n4. Todos os tamanhos e tratamentos dispon\u00edveis, entrega imediata.<br \/>\n5. O dia inteiro 24 horas oferece servi\u00e7os p\u00f3s-venda e resposta mais r\u00e1pida.<\/p>\n<p><strong>Principais aplica\u00e7\u00f5es das bolsas filtrantes PPS:<\/strong><br \/>\nAs mangas filtrantes PPS fornecidas pela ZONEL FILTECH s\u00e3o utilizadas principalmente para coleta de poeira\/remo\u00e7\u00e3o de fumos para caldeiras a carv\u00e3o em usinas termel\u00e9tricas, f\u00e1bricas de cimento, sider\u00fargicas, f\u00e1bricas de produtos qu\u00edmicos, etc, e tamb\u00e9m para incineradores de res\u00edduos, fornos de coque, fornos do cimento, processo de secagem qu\u00edmica do processo de purifica\u00e7\u00e3o de gases de combust\u00e3o, etc.<\/p>\n<p><strong>Observa\u00e7\u00e3o:<\/strong><br \/>\n1. Especifica\u00e7\u00f5es especiais podem ser personalizadas.<br \/>\n2. largura m\u00e1xima: 2,25 metros.<br \/>\n3. rolos de pano de filtro e sacos de filtro est\u00e3o dispon\u00edveis para fornecimento.<\/p>\n<div id=\"gtx-trans\" style=\"position: absolute; left: 646px; top: 3625.08px;\">\n<div class=\"gtx-trans-icon\"><\/div>\n<\/div>\n","protected":false},"excerpt":{"rendered":"<p>Meio filtrante com resist\u00eancia a m\u00e9dia-alta temperatura da Zonel Filtech, que \u00e9 uma s\u00e9rie de material filtrante de feltro perfurado para coleta de poeira. A s\u00e9rie \u00e9 adequada para circunst\u00e2ncias operacionais com uma temperatura cont\u00ednua n\u00e3o superior a 204 graus cent\u00edgrados e uma temperatura instant\u00e2nea m\u00e1xima n\u00e3o superior a 220 graus cent\u00edgrados. Durante a \u00e1rea de temperatura, Zonel Filtech pode ajud\u00e1-lo a definir o material de filtro mais adequado para o seu filtro de saco de p\u00f3 casas.<\/p>\n<p>A Zonel Filtech pode fornecer rolos de pano de filtro de feltro agulhado e bolsas de filtro prontas, os materiais incluem pano de filtro de feltro agulhado de Aramida\/Nomex e bolsas de filtro com v\u00e1rios tratamentos de acabamento; Pano de filtro de feltro agulhado PPS \/ Ryton e saco de filtro com v\u00e1rios tratamentos de acabamento.<\/p>\n<p>Qualquer ajuda necess\u00e1ria da Zonel Filtech, fique \u00e0 vontade para enviar a consulta.<\/p>\n","protected":false},"featured_media":4871,"template":"","meta":{"site-sidebar-layout":"default","site-content-layout":"","ast-site-content-layout":"default","site-content-style":"default","site-sidebar-style":"default","ast-global-header-display":"","ast-banner-title-visibility":"","ast-main-header-display":"","ast-hfb-above-header-display":"","ast-hfb-below-header-display":"","ast-hfb-mobile-header-display":"","site-post-title":"","ast-breadcrumbs-content":"","ast-featured-img":"","footer-sml-layout":"","theme-transparent-header-meta":"default","adv-header-id-meta":"","stick-header-meta":"","header-above-stick-meta":"","header-main-stick-meta":"","header-below-stick-meta":"","astra-migrate-meta-layouts":"set","ast-page-background-enabled":"default","ast-page-background-meta":{"desktop":{"background-color":"","background-image":"","background-repeat":"repeat","background-position":"center center","background-size":"auto","background-attachment":"scroll","background-type":"","background-media":"","overlay-type":"","overlay-color":"","overlay-opacity":"","overlay-gradient":""},"tablet":{"background-color":"","background-image":"","background-repeat":"repeat","background-position":"center center","background-size":"auto","background-attachment":"scroll","background-type":"","background-media":"","overlay-type":"","overlay-color":"","overlay-opacity":"","overlay-gradient":""},"mobile":{"background-color":"","background-image":"","background-repeat":"repeat","background-position":"center center","background-size":"auto","background-attachment":"scroll","background-type":"","background-media":"","overlay-type":"","overlay-color":"","overlay-opacity":"","overlay-gradient":""}},"ast-content-background-meta":{"desktop":{"background-color":"var(--ast-global-color-5)","background-image":"","background-repeat":"repeat","background-position":"center center","background-size":"auto","background-attachment":"scroll","background-type":"","background-media":"","overlay-type":"","overlay-color":"","overlay-opacity":"","overlay-gradient":""},"tablet":{"background-color":"var(--ast-global-color-5)","background-image":"","background-repeat":"repeat","background-position":"center center","background-size":"auto","background-attachment":"scroll","background-type":"","background-media":"","overlay-type":"","overlay-color":"","overlay-opacity":"","overlay-gradient":""},"mobile":{"background-color":"var(--ast-global-color-5)","background-image":"","background-repeat":"repeat","background-position":"center center","background-size":"auto","background-attachment":"scroll","background-type":"","background-media":"","overlay-type":"","overlay-color":"","overlay-opacity":"","overlay-gradient":""}}},"product_brand":[],"product_cat":[78],"product_tag":[],"class_list":{"0":"post-4870","1":"product","2":"type-product","3":"status-publish","4":"has-post-thumbnail","6":"product_cat-filtro-de-po-pt-br","7":"desktop-align-left","8":"tablet-align-left","9":"mobile-align-left","11":"first","12":"instock","13":"shipping-taxable","14":"product-type-simple"},"_links":{"self":[{"href":"https:\/\/www.zonelenviro.com\/pt-br\/wp-json\/wp\/v2\/product\/4870","targetHints":{"allow":["GET"]}}],"collection":[{"href":"https:\/\/www.zonelenviro.com\/pt-br\/wp-json\/wp\/v2\/product"}],"about":[{"href":"https:\/\/www.zonelenviro.com\/pt-br\/wp-json\/wp\/v2\/types\/product"}],"version-history":[{"count":0,"href":"https:\/\/www.zonelenviro.com\/pt-br\/wp-json\/wp\/v2\/product\/4870\/revisions"}],"wp:featuredmedia":[{"embeddable":true,"href":"https:\/\/www.zonelenviro.com\/pt-br\/wp-json\/wp\/v2\/media\/4871"}],"wp:attachment":[{"href":"https:\/\/www.zonelenviro.com\/pt-br\/wp-json\/wp\/v2\/media?parent=4870"}],"wp:term":[{"taxonomy":"product_brand","embeddable":true,"href":"https:\/\/www.zonelenviro.com\/pt-br\/wp-json\/wp\/v2\/product_brand?post=4870"},{"taxonomy":"product_cat","embeddable":true,"href":"https:\/\/www.zonelenviro.com\/pt-br\/wp-json\/wp\/v2\/product_cat?post=4870"},{"taxonomy":"product_tag","embeddable":true,"href":"https:\/\/www.zonelenviro.com\/pt-br\/wp-json\/wp\/v2\/product_tag?post=4870"}],"curies":[{"name":"wp","href":"https:\/\/api.w.org\/{rel}","templated":true}]}}