{"id":4890,"date":"2024-03-19T14:17:58","date_gmt":"2024-03-19T06:17:58","guid":{"rendered":"https:\/\/www.zonelenviro.com\/pulse-jet-bag-filter-housing-dust-filter-bag-type-dust-collector\/"},"modified":"2024-04-25T16:55:23","modified_gmt":"2024-04-25T08:55:23","slug":"pulse-jet-bag-filter-housing-dust-filter-bag-type-dust-collector","status":"publish","type":"product","link":"https:\/\/www.zonelenviro.com\/pt-br\/pulso-jet-bag-filtro-caixa-filtro-de-poeira-tipo-coletor-de-poeira.html","title":{"rendered":"Alojamento de filtro do saco do jato do pulso, tipo coletor de poeira do saco de filtro da poeira"},"content":{"rendered":"<p><strong>Carca\u00e7a do saco de filtro Pulse Jet para coleta de poeira<\/strong><\/p>\n<p><img fetchpriority=\"high\" decoding=\"async\" class=\"alignnone size-full wp-image-1346\" src=\"https:\/\/www.zonelenviro.com\/wp-content\/uploads\/2024\/03\/bag-filter-drawing.gif\" alt=\"\" width=\"488\" height=\"538\" \/><\/p>\n<p><strong>Introdu\u00e7\u00e3o geral da casa de filtro de mangas<\/strong><br \/>\nO filtro de mangas \u00e9 quase usado em todos os tipos de ind\u00fastrias para ajudar a controlar a polui\u00e7\u00e3o do ar, de acordo com os diferentes m\u00e9todos de purga, o coletor de p\u00f3 do filtro de mangas pode ser dividido em carca\u00e7a de filtro de mangas de jato de pulso; filtro de ar de poeira soprado reverso; coleta de poeira de purga vibrat\u00f3ria mec\u00e2nica e assim por diante!<\/p>\n<p>Tamb\u00e9m de acordo com as diferentes dire\u00e7\u00f5es de coleta de p\u00f3, o coletor de p\u00f3 tipo bolsa pode ser dividido em um sistema de filtro de ar interno (a poeira \u00e9 coletada no lado interno das bolsas de filtro) e uma casa de filtro de ar externo (a poeira \u00e9 coletada na parte externa lateral das mangas filtrantes); de acordo com a quantidade de c\u00e2maras, que tamb\u00e9m pode ser dividida em coletor de p\u00f3 de saco de filtro de c\u00e2mara \u00fanica e sistema de filtro de saco de m\u00faltiplas c\u00e2maras; de acordo com o estado de purga, que tamb\u00e9m pode ser dividido em sistema de filtro de p\u00f3 de ar de purga on-line (a filtragem continua quando o sistema de purga \u00e9 ativado) e coletores de p\u00f3 de ar de purga off-line (a filtragem ser\u00e1 interrompida quando o sistema de purga for ativado). Diferentes tipos de coletores de p\u00f3 de ar, a constru\u00e7\u00e3o \u00e9 sempre diferente, mas n\u00e3o importa como, todos os coletores de p\u00f3 de ar seguem o mesmo princ\u00edpio, ou seja, bloqueiam as part\u00edculas de poeira atrav\u00e9s dos sacos de filtro antes de serem liberadas na atmosfera, como escolher um ar adequado a casa do filtro de mangas \u00e9 crucial para todas as produ\u00e7\u00f5es.<\/p>\n<p>Devido \u00e0s casas de filtro de mangas a jato de pulso s\u00e3o adequadas para quase todas as ocasi\u00f5es de alto fluxo de ar, alta umidade, alta temperatura, corrosivo, emiss\u00e3o super baixa, alta velocidade de filtro e assim por diante, eles podem lidar com algumas circunst\u00e2ncias de trabalho muito complexas, f\u00e1cil manuten\u00e7\u00e3o e longo vida \u00fatil, maior velocidade do filtro e menores emiss\u00f5es, que \u00e9 um dos sistemas de filtro de poeira mais populares para aplica\u00e7\u00e3o industrial!<\/p>\n<p>O sistema de coleta de poeira do tipo saco de jato de pulso combinado principalmente com uma entrada de ar de poeira, tanque de filtro inferior (o ar de poeira entra no coletor de poeira e ser\u00e1 filtrado por sacos de filtro de poeira neste tanque ou alojamento), tremonha, sistema de descarga de poeira e poeira lata do coletor de p\u00f3 do filtro de ar, tanque de filtro superior (o ar limpo filtrado sair\u00e1 por esta parte do compartimento do saco coletor de p\u00f3), soprador\/ventilador do coletor de p\u00f3 (para proteger o impulsor do ventilador, o soprador do coletor de p\u00f3 sempre deve ser instalado no vapor descendente do filtro coletor de p\u00f3), bem como o gabinete eletr\u00f4nico para controle do sistema de filtro de ar de p\u00f3, tamb\u00e9m a plataforma de manuten\u00e7\u00e3o e cerca, etc.<\/p>\n<p><strong>As propriedades das casas de filtros de mangas<\/strong><br \/>\nA.Pode suportar o fluxo de ar mais alto, basicamente, sugerimos operar na propor\u00e7\u00e3o ar\/tecido, como 1,2 m\/min, mas algumas carca\u00e7as de filtro de mangas pequenas podem ser operadas at\u00e9 5 m\/min quando comparadas aos sistemas de filtro de mangas sopradas reversas com ra\u00e7\u00e3o de ar\/tecido de apenas cerca de 0,8m\/min ou at\u00e9 menos, a velocidade do filtro de ar para filtro de poeira do tipo saco de jato de pulso \u00e9 muito maior, o que \u00e9 \u00fatil para reduzir o investimento no sistema de controle de poeira.<br \/>\nB.Pode ser adaptado para filtrar o ar empoeirado com maior teor de umidade. Devido \u00e0 m\u00e1quina de controle de poeira tipo bolsa, a bolsa filtrante \u00e9 costurada ou soldada, sem nenhuma cola em seu interior, portanto, mesmo que a bolsa filtrante atenda \u00e0s circunst\u00e2ncias \u00famidas, com o bom tratamento de acabamento, o desempenho f\u00edsico quase n\u00e3o sofre altera\u00e7\u00f5es e sempre pode ajudar o sistema de filtragem de poeira a manter um desempenho perfeito.<br \/>\nC. Adequado para remo\u00e7\u00e3o de poeira em temperaturas mais altas! Atrav\u00e9s de altera\u00e7\u00f5es nos diferentes materiais dos elementos filtrantes, a temperatura de opera\u00e7\u00e3o pode chegar a 280 graus C.<br \/>\nD.Pode ser operado em ocasi\u00f5es corrosivas, v\u00e1rios materiais de filtro dos sacos de filtro para coletor de p\u00f3 podem ser escolhidos.<br \/>\nE.f\u00e1cil manuten\u00e7\u00e3o, manuten\u00e7\u00e3o geral e troca da bolsa filtrante n\u00e3o precisam ser feitas em espa\u00e7o fechado, o que n\u00e3o afeta a sa\u00fade dos trabalhadores operacionais.<br \/>\nF. emiss\u00f5es mais baixas, a taxa de emiss\u00e3o dos filtros de mangas pulsadas pode ser controlada em menos de 5mg\/Nm3.<br \/>\nG.Com o sistema de purga por jato de pulso de design ideal, o trabalho limpo \u00e9 f\u00e1cil e perfeito.<\/p>\n<p><strong>Formul\u00e1rios<\/strong><br \/>\nPara processamento de poeira em usinas de energia (coletor de poeira em usina termel\u00e9trica, como o filtro de entrada de ar da turbina), processamento de metal (polimento de acess\u00f3rios de metal, metalurgia e assim por diante, como coletor de poeira de alum\u00ednio), minera\u00e7\u00e3o, ind\u00fastrias de cimento (como casa de saco de cimento com design especial ou filtros de cimento), ind\u00fastrias de cer\u00e2mica, ind\u00fastrias de negro de fumo, ind\u00fastrias farmac\u00eauticas, ind\u00fastrias de processamento de alimentos, f\u00e1bricas de produtos qu\u00edmicos, ind\u00fastrias de pulveriza\u00e7\u00e3o de ar quente, ind\u00fastrias de borracha, ind\u00fastrias de baterias, f\u00e1bricas de mistura de materiais e outras ocasi\u00f5es de processamento de p\u00f3, etc.<\/p>\n<p>Zonel Filtech como um dos fornecedores mais profissionais de coletores de p\u00f3 a jato de pulso com uma planta de produ\u00e7\u00e3o de filtros de ar modernizada e m\u00e1quinas de processamento, podemos projetar e personalizar os coletores de p\u00f3 de acordo com as necessidades do cliente!<\/p>\n<p><strong>Os par\u00e2metros t\u00edpicos<\/strong><\/p>\n<p><img decoding=\"async\" class=\"alignnone size-full wp-image-1349\" src=\"https:\/\/www.zonelenviro.com\/wp-content\/uploads\/2024\/03\/filter-bag-housing-data.png\" alt=\"\" width=\"1756\" height=\"604\" \/><\/p>\n","protected":false},"excerpt":{"rendered":"<p>A carca\u00e7a do filtro de bolsa a jato de pulso \u00e9 um dos principais produtos da Zonel Filtech, que \u00e9 combinada com a carca\u00e7a do filtro principal (incluindo a bolsa de filtro, gaiola de suporte da bolsa de filtro, folha de tubo de bolsa, tanque, tremonha, descarregador de poeira, etc.), purgando sistema (inclui tanque de ar de press\u00e3o, airbag, v\u00e1lvula de jato de pulso, ma\u00e7arico, etc.), sistema de ventilador (inclui ventilador com motor, silenciador, etc.), sistema de controle (controle PLC) e assim por diante.<\/p>\n<p>Zonel Filtech pode ajudar a projetar a carca\u00e7a do filtro de mangas de acordo com as circunst\u00e2ncias de trabalho do cliente, tamb\u00e9m pode ajud\u00e1-los a projetar o layout do tubo de suc\u00e7\u00e3o para garantir que todo o sistema de filtragem tenha um desempenho perfeito.<\/p>\n<p>A oferta da carca\u00e7a do filtro de mangas inclui a carca\u00e7a do filtro de mangas normal, carca\u00e7a do filtro de mangas de alta temperatura, carca\u00e7a do filtro de mangas anti-explos\u00e3o, carca\u00e7a do filtro de mangas de silo, etc. Se alguma ajuda for necess\u00e1ria, entre em contato com a Zonel Filtech!<\/p>\n","protected":false},"featured_media":4891,"template":"","meta":{"site-sidebar-layout":"default","site-content-layout":"","ast-site-content-layout":"default","site-content-style":"default","site-sidebar-style":"default","ast-global-header-display":"","ast-banner-title-visibility":"","ast-main-header-display":"","ast-hfb-above-header-display":"","ast-hfb-below-header-display":"","ast-hfb-mobile-header-display":"","site-post-title":"","ast-breadcrumbs-content":"","ast-featured-img":"","footer-sml-layout":"","theme-transparent-header-meta":"default","adv-header-id-meta":"","stick-header-meta":"","header-above-stick-meta":"","header-main-stick-meta":"","header-below-stick-meta":"","astra-migrate-meta-layouts":"set","ast-page-background-enabled":"default","ast-page-background-meta":{"desktop":{"background-color":"","background-image":"","background-repeat":"repeat","background-position":"center center","background-size":"auto","background-attachment":"scroll","background-type":"","background-media":"","overlay-type":"","overlay-color":"","overlay-opacity":"","overlay-gradient":""},"tablet":{"background-color":"","background-image":"","background-repeat":"repeat","background-position":"center center","background-size":"auto","background-attachment":"scroll","background-type":"","background-media":"","overlay-type":"","overlay-color":"","overlay-opacity":"","overlay-gradient":""},"mobile":{"background-color":"","background-image":"","background-repeat":"repeat","background-position":"center center","background-size":"auto","background-attachment":"scroll","background-type":"","background-media":"","overlay-type":"","overlay-color":"","overlay-opacity":"","overlay-gradient":""}},"ast-content-background-meta":{"desktop":{"background-color":"var(--ast-global-color-5)","background-image":"","background-repeat":"repeat","background-position":"center center","background-size":"auto","background-attachment":"scroll","background-type":"","background-media":"","overlay-type":"","overlay-color":"","overlay-opacity":"","overlay-gradient":""},"tablet":{"background-color":"var(--ast-global-color-5)","background-image":"","background-repeat":"repeat","background-position":"center center","background-size":"auto","background-attachment":"scroll","background-type":"","background-media":"","overlay-type":"","overlay-color":"","overlay-opacity":"","overlay-gradient":""},"mobile":{"background-color":"var(--ast-global-color-5)","background-image":"","background-repeat":"repeat","background-position":"center center","background-size":"auto","background-attachment":"scroll","background-type":"","background-media":"","overlay-type":"","overlay-color":"","overlay-opacity":"","overlay-gradient":""}}},"product_brand":[],"product_cat":[78],"product_tag":[],"class_list":{"0":"post-4890","1":"product","2":"type-product","3":"status-publish","4":"has-post-thumbnail","6":"product_cat-filtro-de-po-pt-br","7":"desktop-align-left","8":"tablet-align-left","9":"mobile-align-left","11":"first","12":"instock","13":"shipping-taxable","14":"product-type-simple"},"_links":{"self":[{"href":"https:\/\/www.zonelenviro.com\/pt-br\/wp-json\/wp\/v2\/product\/4890","targetHints":{"allow":["GET"]}}],"collection":[{"href":"https:\/\/www.zonelenviro.com\/pt-br\/wp-json\/wp\/v2\/product"}],"about":[{"href":"https:\/\/www.zonelenviro.com\/pt-br\/wp-json\/wp\/v2\/types\/product"}],"version-history":[{"count":0,"href":"https:\/\/www.zonelenviro.com\/pt-br\/wp-json\/wp\/v2\/product\/4890\/revisions"}],"wp:featuredmedia":[{"embeddable":true,"href":"https:\/\/www.zonelenviro.com\/pt-br\/wp-json\/wp\/v2\/media\/4891"}],"wp:attachment":[{"href":"https:\/\/www.zonelenviro.com\/pt-br\/wp-json\/wp\/v2\/media?parent=4890"}],"wp:term":[{"taxonomy":"product_brand","embeddable":true,"href":"https:\/\/www.zonelenviro.com\/pt-br\/wp-json\/wp\/v2\/product_brand?post=4890"},{"taxonomy":"product_cat","embeddable":true,"href":"https:\/\/www.zonelenviro.com\/pt-br\/wp-json\/wp\/v2\/product_cat?post=4890"},{"taxonomy":"product_tag","embeddable":true,"href":"https:\/\/www.zonelenviro.com\/pt-br\/wp-json\/wp\/v2\/product_tag?post=4890"}],"curies":[{"name":"wp","href":"https:\/\/api.w.org\/{rel}","templated":true}]}}