{"id":4898,"date":"2024-03-19T14:10:08","date_gmt":"2024-03-19T06:10:08","guid":{"rendered":"https:\/\/www.zonelenviro.com\/1-and-2-pleated-filter-bags-pleated-polypropylene-high-flow-bag-filter-cartridge-for-ss-bag-filter-housing\/"},"modified":"2024-04-25T17:02:33","modified_gmt":"2024-04-25T09:02:33","slug":"1-and-2-pleated-filter-bags-pleated-polypropylene-high-flow-bag-filter-cartridge-for-ss-bag-filter-housing","status":"publish","type":"product","link":"https:\/\/www.zonelenviro.com\/pt-br\/1-e-2-sacos-filtro-plissados-cartucho-filtro-de-saco-de-alto-fluxo-plissado-polipropileno-para-carcaca-de-filtro-de-saco-ss.html","title":{"rendered":"#1 e #2 sacos de filtro plissados\/cartucho de filtro de saco de alto fluxo plissado de polipropileno para alojamento de filtro de saco SS"},"content":{"rendered":"<p><img fetchpriority=\"high\" decoding=\"async\" class=\"wp-image-1336 aligncenter\" src=\"https:\/\/www.zonelenviro.com\/wp-content\/uploads\/2024\/03\/size-2-filter-cartridge-for-bag-filter.webp\" alt=\"\" width=\"634\" height=\"424\" \/><\/p>\n<p><strong>Cartucho de filtro de resina fen\u00f3lica<\/strong><br \/>\n<strong>Introdu\u00e7\u00e3o geral:<\/strong><br \/>\nAo operar diariamente a carca\u00e7a do filtro de mangas, podemos enfrentar os seguintes problemas:<br \/>\nQuando a taxa de m\u00edcron precisa ser de grau absoluto, o volume de fluxo da bolsa de filtro reduzir\u00e1 drasticamente e o pre\u00e7o da bolsa de filtro aumentar\u00e1 muito;<br \/>\nQuando o volume de fluxo aumenta um pouco, mas n\u00e3o queremos trocar a carca\u00e7a do filtro, ent\u00e3o a resist\u00eancia das mangas de filtro ser\u00e1 muito maior, e os trabalhos de manuten\u00e7\u00e3o aumentar\u00e3o drasticamente e causar\u00e3o mais alguns problemas, ent\u00e3o as mangas de filtro plissadas ou de alto fluxo cartuchos de filtro de volume para carca\u00e7a de filtro de mangas SS foram desenvolvidos para ajudar a resolver os problemas relevantes e trazer bom desempenho.<\/p>\n<p><strong>Especifica\u00e7\u00e3o t\u00e9cnica:<\/strong><br \/>\nTamanho: di\u00e2metro externo 6\u201d; Comprimento: para o alojamento do filtro de mangas tamanho #1 e tamanho #2.<br \/>\nDire\u00e7\u00e3o do fluxo: do lado interno para o lado externo.<br \/>\nMaterial: o material do filtro \u00e9 PP multicamadas, gaiola com material PP e veda\u00e7\u00e3o com EPDM \/ NBR.<br \/>\nAdaptador\/conex\u00e3o: parte superior com anel de veda\u00e7\u00e3o e mesmo design da bolsa de filtro, pode substituir a bolsa de filtro diretamente; a tampa superior com design fixo e design extens\u00edvel.<br \/>\nClassifica\u00e7\u00e3o de m\u00edcrons dispon\u00edvel: 0,1 ~ 100 m\u00edcrons absolutos.<br \/>\nTemperatura m\u00e1xima de opera\u00e7\u00e3o: 80 graus C.<br \/>\nDP m\u00e1ximo: 3,5 bar a 80 graus C.<\/p>\n<p><strong>Propriedades:<\/strong><br \/>\nPode ser trocado livremente com sacos de filtro de l\u00edquido com classifica\u00e7\u00e3o de m\u00edcron # 2 e # 1;<br \/>\nProjetos com \u00e1reas de filtro maiores proporcionam alto volume de vaz\u00e3o e maior vida \u00fatil;<br \/>\nDesign inovador de flange superior, com bom desempenho de veda\u00e7\u00e3o, f\u00e1cil troca dos elementos filtrantes;<br \/>\nNa dire\u00e7\u00e3o do fluxo do lado interno para o lado externo, todas as part\u00edculas ser\u00e3o coletadas nas bolsas de filtro plissadas e n\u00e3o poluir\u00e3o o filtrado.<br \/>\nTodas as conex\u00f5es s\u00e3o soldadas por ultrassom, sem qualquer aditivo, de qualidade alimentar.<\/p>\n<p><strong>Formul\u00e1rios:<\/strong><br \/>\n\u00c1gua processada<br \/>\n\u00c1gua desionizada<br \/>\nR.O. Pr\u00e9-filtra\u00e7\u00e3o de membrana<br \/>\nComida &amp; Bebida<br \/>\nCosm\u00e9ticos<br \/>\nQu\u00edmica Fina<br \/>\n\u00c1gua Produzida<br \/>\n\u00c1guas residuais e assim por diante.<\/p>\n<hr \/>\n<p><img decoding=\"async\" class=\"size-full wp-image-1336 aligncenter\" src=\"https:\/\/www.zonelenviro.com\/wp-content\/uploads\/2024\/03\/size-2-filter-cartridge-for-bag-filter.webp\" alt=\"\" width=\"829\" height=\"554\" \/><\/p>\n<p><img decoding=\"async\" class=\"size-full wp-image-1334 aligncenter\" src=\"https:\/\/www.zonelenviro.com\/wp-content\/uploads\/2024\/03\/Pleated-micron-rated-filter-bag.webp\" alt=\"\" width=\"829\" height=\"554\" \/><img loading=\"lazy\" decoding=\"async\" class=\"size-full wp-image-1333 aligncenter\" src=\"https:\/\/www.zonelenviro.com\/wp-content\/uploads\/2024\/03\/large-flow-filter-cartridge-for-bag-filter.webp\" alt=\"\" width=\"829\" height=\"554\" \/><img loading=\"lazy\" decoding=\"async\" class=\"size-full wp-image-1330 aligncenter\" src=\"https:\/\/www.zonelenviro.com\/wp-content\/uploads\/2024\/03\/filter-cartridge-for-bag-filter-housing.webp\" alt=\"\" width=\"829\" height=\"554\" \/><img loading=\"lazy\" decoding=\"async\" class=\"size-full wp-image-1335 aligncenter\" src=\"https:\/\/www.zonelenviro.com\/wp-content\/uploads\/2024\/03\/size-1-and-size-2-large-flow-filter-cartridge.webp\" alt=\"\" width=\"829\" height=\"554\" \/><\/p>\n","protected":false},"excerpt":{"rendered":"<p>Ao operar diariamente a carca\u00e7a do filtro de mangas, podemos enfrentar os seguintes problemas: Quando a taxa de m\u00edcron precisa ser de grau absoluto, o volume de fluxo da bolsa de filtro reduzir\u00e1 drasticamente e o pre\u00e7o da bolsa de filtro aumentar\u00e1 muito; Quando o volume de fluxo aumentou um pouco, mas n\u00e3o queremos trocar a carca\u00e7a do filtro, ent\u00e3o a resist\u00eancia das mangas de filtro ser\u00e1 muito maior, e os trabalhos de manuten\u00e7\u00e3o aumentar\u00e3o drasticamente e causar\u00e3o mais alguns problemas, ent\u00e3o as mangas de filtro plissadas ou de alto fluxo cartuchos de filtro de volume para carca\u00e7a de filtro de mangas SS foram desenvolvidos para ajudar a resolver os problemas relevantes e trazer bom desempenho.<\/p>\n","protected":false},"featured_media":4899,"template":"","meta":{"site-sidebar-layout":"default","site-content-layout":"","ast-site-content-layout":"default","site-content-style":"default","site-sidebar-style":"default","ast-global-header-display":"","ast-banner-title-visibility":"","ast-main-header-display":"","ast-hfb-above-header-display":"","ast-hfb-below-header-display":"","ast-hfb-mobile-header-display":"","site-post-title":"","ast-breadcrumbs-content":"","ast-featured-img":"","footer-sml-layout":"","theme-transparent-header-meta":"default","adv-header-id-meta":"","stick-header-meta":"","header-above-stick-meta":"","header-main-stick-meta":"","header-below-stick-meta":"","astra-migrate-meta-layouts":"set","ast-page-background-enabled":"default","ast-page-background-meta":{"desktop":{"background-color":"","background-image":"","background-repeat":"repeat","background-position":"center center","background-size":"auto","background-attachment":"scroll","background-type":"","background-media":"","overlay-type":"","overlay-color":"","overlay-opacity":"","overlay-gradient":""},"tablet":{"background-color":"","background-image":"","background-repeat":"repeat","background-position":"center center","background-size":"auto","background-attachment":"scroll","background-type":"","background-media":"","overlay-type":"","overlay-color":"","overlay-opacity":"","overlay-gradient":""},"mobile":{"background-color":"","background-image":"","background-repeat":"repeat","background-position":"center center","background-size":"auto","background-attachment":"scroll","background-type":"","background-media":"","overlay-type":"","overlay-color":"","overlay-opacity":"","overlay-gradient":""}},"ast-content-background-meta":{"desktop":{"background-color":"var(--ast-global-color-5)","background-image":"","background-repeat":"repeat","background-position":"center center","background-size":"auto","background-attachment":"scroll","background-type":"","background-media":"","overlay-type":"","overlay-color":"","overlay-opacity":"","overlay-gradient":""},"tablet":{"background-color":"var(--ast-global-color-5)","background-image":"","background-repeat":"repeat","background-position":"center center","background-size":"auto","background-attachment":"scroll","background-type":"","background-media":"","overlay-type":"","overlay-color":"","overlay-opacity":"","overlay-gradient":""},"mobile":{"background-color":"var(--ast-global-color-5)","background-image":"","background-repeat":"repeat","background-position":"center center","background-size":"auto","background-attachment":"scroll","background-type":"","background-media":"","overlay-type":"","overlay-color":"","overlay-opacity":"","overlay-gradient":""}}},"product_brand":[],"product_cat":[72],"product_tag":[],"class_list":{"0":"post-4898","1":"product","2":"type-product","3":"status-publish","4":"has-post-thumbnail","6":"product_cat-filtro-liquido","7":"desktop-align-left","8":"tablet-align-left","9":"mobile-align-left","11":"first","12":"instock","13":"shipping-taxable","14":"product-type-simple"},"_links":{"self":[{"href":"https:\/\/www.zonelenviro.com\/pt-br\/wp-json\/wp\/v2\/product\/4898","targetHints":{"allow":["GET"]}}],"collection":[{"href":"https:\/\/www.zonelenviro.com\/pt-br\/wp-json\/wp\/v2\/product"}],"about":[{"href":"https:\/\/www.zonelenviro.com\/pt-br\/wp-json\/wp\/v2\/types\/product"}],"version-history":[{"count":0,"href":"https:\/\/www.zonelenviro.com\/pt-br\/wp-json\/wp\/v2\/product\/4898\/revisions"}],"wp:featuredmedia":[{"embeddable":true,"href":"https:\/\/www.zonelenviro.com\/pt-br\/wp-json\/wp\/v2\/media\/4899"}],"wp:attachment":[{"href":"https:\/\/www.zonelenviro.com\/pt-br\/wp-json\/wp\/v2\/media?parent=4898"}],"wp:term":[{"taxonomy":"product_brand","embeddable":true,"href":"https:\/\/www.zonelenviro.com\/pt-br\/wp-json\/wp\/v2\/product_brand?post=4898"},{"taxonomy":"product_cat","embeddable":true,"href":"https:\/\/www.zonelenviro.com\/pt-br\/wp-json\/wp\/v2\/product_cat?post=4898"},{"taxonomy":"product_tag","embeddable":true,"href":"https:\/\/www.zonelenviro.com\/pt-br\/wp-json\/wp\/v2\/product_tag?post=4898"}],"curies":[{"name":"wp","href":"https:\/\/api.w.org\/{rel}","templated":true}]}}