{"id":4931,"date":"2024-03-19T14:07:46","date_gmt":"2024-03-19T06:07:46","guid":{"rendered":"https:\/\/www.zonelenviro.com\/aramid-nomex-needle-felt-filter-cloth-nomex-dust-filter-bags\/"},"modified":"2024-04-25T17:32:24","modified_gmt":"2024-04-25T09:32:24","slug":"aramid-nomex-needle-felt-filter-cloth-nomex-dust-filter-bags","status":"publish","type":"product","link":"https:\/\/www.zonelenviro.com\/pt-br\/sacos-filtro-de-filtro-de-poeira-nomex-aramida-nomex-agulha-feltro-pano.html","title":{"rendered":"Pano de filtro de feltro de agulha de aramida\/Nomex\/ sacos de filtro de poeira Nomex"},"content":{"rendered":"<p><strong>Pano de filtro de feltro de agulha de aramida\/Nomex, sacos coletores de p\u00f3 Nomex<\/strong><br \/>\n<strong>Introdu\u00e7\u00e3o geral do pano de filtro de feltro agulhado de aramida (Nomex):<\/strong><br \/>\nA fibra de aramida\/fibra de meta-aramida para produ\u00e7\u00e3o de tecido de filtro de feltro agulhado tamb\u00e9m \u00e9 chamada de fibra de aramida 1313 na China, e Nomex\u00ae \u00e9 um tipo de fibra de aramida produzida pela Dupont\u00ae.<\/p>\n<p>Zonel Filtech adotou fibra de aramida de super qualidade e tecido, em seguida, perfurou-os com agulha em feltro, ap\u00f3s o tratamento de acabamento sonoro, como canto, calandragem, ajuste de calor, <strong>repelente de \u00e1gua e \u00f3leo<\/strong>, <strong>membrana de PTFE laminada<\/strong> e assim por diante para fazer o filtro pano com propriedades de maior resist\u00eancia \u00e0 tra\u00e7\u00e3o, resist\u00eancia \u00e0 abras\u00e3o, menor emiss\u00e3o, adequado para purifica\u00e7\u00e3o de ar com poeira pegajosa \/ alta umidade, f\u00e1cil purga, menor encolhimento por calor, etc.<\/p>\n<p>As bolsas filtrantes de aramida (Nomex) operam principalmente na casa do filtro de mangas com uma temperatura entre 130 ~ 220 graus C, um valor de PH adequado entre 5 ~ 9, amplamente utilizado na ind\u00fastria sider\u00fargica, ind\u00fastria de negro de fumo, ind\u00fastrias de materiais de constru\u00e7\u00e3o (<strong>f\u00e1bricas de cimento , esta\u00e7\u00e3o de mistura de asfalto<\/strong>, etc) e ind\u00fastria de energia, etc.<\/p>\n<p><strong>Produtos relevantes:<\/strong><br \/>\nPano de filtro de feltro agulhado PPS e sacos de filtro<\/p>\n<p><strong>Especifica\u00e7\u00e3o relevante para o feltro agulhado de aramida (Nomex)<\/strong><br \/>\nMaterial: fibra de aramida (Nomex), suportada por tela\/tecido de aramida (Nomex).<br \/>\nPeso: 350 ~ 650g\/m\u00b2<br \/>\nTemperatura de Opera\u00e7\u00e3o: Continua: \u2264204\u2103; Picos: 220 \u2103<br \/>\nTratamento de superf\u00edcie: chamuscado e esmaltado, termofixado, repelente de \u00e1gua e \u00f3leo, banho de suspens\u00e3o em PTFE, membrana de PTFE.<br \/>\nPodemos personalizar os produtos de acordo com as necessidades dos clientes!<\/p>\n<p><strong>As propriedades do meio filtrante de aramida\/Nomex<\/strong><br \/>\n1. Resist\u00eancia a altas temperaturas: Temperatura recomendada de opera\u00e7\u00e3o cont\u00ednua: \u2264204 graus C (para obter a vida \u00fatil mais longa, a temperatura de opera\u00e7\u00e3o cont\u00ednua sugere n\u00e3o exceder 180 graus C); picos instant\u00e2neos: 220 graus C.<br \/>\n2. Tamanho est\u00e1vel sob alta temperatura ap\u00f3s tratamento t\u00e9rmico: a 220 graus C, o encolhimento n\u00e3o excede 1%.<br \/>\n3. \u00c0 prova de fogo.<br \/>\n4. Boa resist\u00eancia \u00e0 abras\u00e3o e dobramento.<br \/>\n5. Pre\u00e7o mais barato quando comparado a outros panos de filtro resistentes ao calor.<br \/>\n6. Longa vida \u00fatil.<\/p>\n<p><strong>Principais aplica\u00e7\u00f5es das bolsas filtrantes de aramida \/ Nomex<\/strong><br \/>\n1. Ind\u00fastrias Qu\u00edmicas: Filtros de mangas secadoras em f\u00e1bricas de pigmentos, pl\u00e1sticos, catalisadores e negro de fumo, etc.<br \/>\n2. Ind\u00fastrias Minerais: Casas de sacos secadores nas casas de sacos refrigeradores de gesso e cl\u00ednquer, etc.<br \/>\n3. Ind\u00fastrias metal\u00fargicas: Coletores de processo de alta temperatura para casas de sacos de forno de arco el\u00e9trico e \u00f3xido de chumbo em sider\u00fargicas, etc.<br \/>\n4. Gera\u00e7\u00e3o de energia e incinera\u00e7\u00e3o: Coletores para manuseio de cinzas volantes.<br \/>\n5. Ind\u00fastrias de materiais de constru\u00e7\u00e3o: manuseiam o g\u00e1s residual dos fornos verticais das f\u00e1bricas de cimento (sacos de filtro para f\u00e1bricas de cimento), o ar empoeirado da usina de mistura de asfalto, etc.<\/p>\n<p>Zonel<\/p>\n<p>ISO9001:2015<\/p>\n","protected":false},"excerpt":{"rendered":"<p>A fibra de aramida\/fibra de meta-aramida para produ\u00e7\u00e3o de tecido de filtro de feltro agulhado tamb\u00e9m \u00e9 chamada de fibra de aramida 1313 na China, e Nomex\u00ae \u00e9 um tipo de fibra de aramida produzida pela Dupont\u00ae.<\/p>\n<p>Zonel Filtech adotou fibra de aramida de super qualidade e tecido, em seguida, perfurou-os com agulha em feltro, ap\u00f3s o tratamento de acabamento sonoro, como canto, calandragem, ajuste de calor, <strong>repelente de \u00e1gua e \u00f3leo<\/strong>, <strong>membrana de PTFE laminada<\/strong> e assim por diante para fazer o filtro pano com propriedades de maior resist\u00eancia \u00e0 tra\u00e7\u00e3o, resist\u00eancia \u00e0 abras\u00e3o, menor emiss\u00e3o, adequado para purifica\u00e7\u00e3o de ar com poeira pegajosa \/ alta umidade, f\u00e1cil purga, menor encolhimento por calor, etc.<\/p>\n<p>As bolsas filtrantes de aramida (Nomex) operam principalmente na casa do filtro de mangas com uma temperatura entre 130 ~ 220 graus C, um valor de PH adequado entre 5 ~ 9, amplamente utilizado na ind\u00fastria sider\u00fargica, ind\u00fastria de negro de fumo, ind\u00fastrias de materiais de constru\u00e7\u00e3o (<strong>f\u00e1bricas de cimento<\/strong> , <strong>esta\u00e7\u00e3o de mistura de asfalto<\/strong>, etc) e ind\u00fastria de energia, etc.<\/p>\n","protected":false},"featured_media":4932,"template":"","meta":{"site-sidebar-layout":"default","site-content-layout":"","ast-site-content-layout":"default","site-content-style":"default","site-sidebar-style":"default","ast-global-header-display":"","ast-banner-title-visibility":"","ast-main-header-display":"","ast-hfb-above-header-display":"","ast-hfb-below-header-display":"","ast-hfb-mobile-header-display":"","site-post-title":"","ast-breadcrumbs-content":"","ast-featured-img":"","footer-sml-layout":"","theme-transparent-header-meta":"default","adv-header-id-meta":"","stick-header-meta":"","header-above-stick-meta":"","header-main-stick-meta":"","header-below-stick-meta":"","astra-migrate-meta-layouts":"set","ast-page-background-enabled":"default","ast-page-background-meta":{"desktop":{"background-color":"","background-image":"","background-repeat":"repeat","background-position":"center center","background-size":"auto","background-attachment":"scroll","background-type":"","background-media":"","overlay-type":"","overlay-color":"","overlay-opacity":"","overlay-gradient":""},"tablet":{"background-color":"","background-image":"","background-repeat":"repeat","background-position":"center center","background-size":"auto","background-attachment":"scroll","background-type":"","background-media":"","overlay-type":"","overlay-color":"","overlay-opacity":"","overlay-gradient":""},"mobile":{"background-color":"","background-image":"","background-repeat":"repeat","background-position":"center center","background-size":"auto","background-attachment":"scroll","background-type":"","background-media":"","overlay-type":"","overlay-color":"","overlay-opacity":"","overlay-gradient":""}},"ast-content-background-meta":{"desktop":{"background-color":"var(--ast-global-color-5)","background-image":"","background-repeat":"repeat","background-position":"center center","background-size":"auto","background-attachment":"scroll","background-type":"","background-media":"","overlay-type":"","overlay-color":"","overlay-opacity":"","overlay-gradient":""},"tablet":{"background-color":"var(--ast-global-color-5)","background-image":"","background-repeat":"repeat","background-position":"center center","background-size":"auto","background-attachment":"scroll","background-type":"","background-media":"","overlay-type":"","overlay-color":"","overlay-opacity":"","overlay-gradient":""},"mobile":{"background-color":"var(--ast-global-color-5)","background-image":"","background-repeat":"repeat","background-position":"center center","background-size":"auto","background-attachment":"scroll","background-type":"","background-media":"","overlay-type":"","overlay-color":"","overlay-opacity":"","overlay-gradient":""}}},"product_brand":[],"product_cat":[78],"product_tag":[],"class_list":{"0":"post-4931","1":"product","2":"type-product","3":"status-publish","4":"has-post-thumbnail","6":"product_cat-filtro-de-po-pt-br","7":"desktop-align-left","8":"tablet-align-left","9":"mobile-align-left","11":"first","12":"instock","13":"shipping-taxable","14":"product-type-simple"},"_links":{"self":[{"href":"https:\/\/www.zonelenviro.com\/pt-br\/wp-json\/wp\/v2\/product\/4931","targetHints":{"allow":["GET"]}}],"collection":[{"href":"https:\/\/www.zonelenviro.com\/pt-br\/wp-json\/wp\/v2\/product"}],"about":[{"href":"https:\/\/www.zonelenviro.com\/pt-br\/wp-json\/wp\/v2\/types\/product"}],"version-history":[{"count":0,"href":"https:\/\/www.zonelenviro.com\/pt-br\/wp-json\/wp\/v2\/product\/4931\/revisions"}],"wp:featuredmedia":[{"embeddable":true,"href":"https:\/\/www.zonelenviro.com\/pt-br\/wp-json\/wp\/v2\/media\/4932"}],"wp:attachment":[{"href":"https:\/\/www.zonelenviro.com\/pt-br\/wp-json\/wp\/v2\/media?parent=4931"}],"wp:term":[{"taxonomy":"product_brand","embeddable":true,"href":"https:\/\/www.zonelenviro.com\/pt-br\/wp-json\/wp\/v2\/product_brand?post=4931"},{"taxonomy":"product_cat","embeddable":true,"href":"https:\/\/www.zonelenviro.com\/pt-br\/wp-json\/wp\/v2\/product_cat?post=4931"},{"taxonomy":"product_tag","embeddable":true,"href":"https:\/\/www.zonelenviro.com\/pt-br\/wp-json\/wp\/v2\/product_tag?post=4931"}],"curies":[{"name":"wp","href":"https:\/\/api.w.org\/{rel}","templated":true}]}}