{"id":4939,"date":"2024-03-19T13:58:38","date_gmt":"2024-03-19T05:58:38","guid":{"rendered":"https:\/\/www.zonelenviro.com\/dust-filter-cartridges-replacement-filter-cartridges\/"},"modified":"2024-04-26T08:44:00","modified_gmt":"2024-04-26T00:44:00","slug":"dust-filter-cartridges-replacement-filter-cartridges","status":"publish","type":"product","link":"https:\/\/www.zonelenviro.com\/pt-br\/cartuchos-de-filtro-de-poeira-cartuchos-de-filtro-de-substituicao.html","title":{"rendered":"Cartuchos de filtro de poeira\/cartuchos de filtro de reposi\u00e7\u00e3o"},"content":{"rendered":"<p><strong>A introdu\u00e7\u00e3o dos cartuchos de filtro de poeira de reposi\u00e7\u00e3o<\/strong><br \/>\nOs cartuchos de filtro de poeira foram as partes principais dos coletores de poeira do cartucho que ajudam a purificar o ar empoeirado diretamente, de acordo com diferentes sistemas com aplica\u00e7\u00f5es especiais, o cartucho \u00e9 sempre projetado com tampas diferentes com o m\u00e9todo de veda\u00e7\u00e3o relevante, material de filtro diferente e a cola material, portanto o fornecedor profissional e experiente ir\u00e1 ajud\u00e1-lo a resolver todos esses tipos de problemas em caso de poss\u00edvel acidente durante a opera\u00e7\u00e3o.<br \/>\nZonel Filtech fornece solu\u00e7\u00f5es completas para cartuchos de filtro de reposi\u00e7\u00e3o para quase todos os coletores de p\u00f3 de marcas famosas do mundo, como cartuchos de reposi\u00e7\u00e3o para coletores de p\u00f3 de cartucho Donaldson\u00ae, coletores de p\u00f3 de cartucho Nederman\u00ae, coletores de p\u00f3 de cartucho Amano\u00ae, cartucho FARR\u00ae coletores de p\u00f3, coletores de p\u00f3 de cartucho Nordson\u00ae, etc.<br \/>\nAl\u00e9m do cartucho de filtro de poeira normal, Zonel Filtech tamb\u00e9m fornece cartuchos de filtro de poeira de boa qualidade com resist\u00eancia a altas temperaturas, como cartuchos de filtro de aramida (cartucho de filtro Nomex), cartuchos de filtro PPS e assim por diante para alguma purifica\u00e7\u00e3o de ar de poeira em alta temperatura. Os cartuchos de filtro de reposi\u00e7\u00e3o da Zonel Filtech com constru\u00e7\u00e3o est\u00e1vel e forte, com maior capacidade de carga de poeira e menor resist\u00eancia inicial, design de m\u00e9todo de limpeza por jato pulsado com alta efici\u00eancia para a regenera\u00e7\u00e3o do cartucho de filtro de poeira, maior vida \u00fatil.<\/p>\n<p><strong>As propriedades dos cartuchos de filtro coletores de p\u00f3 da Zonel Filtech<\/strong><br \/>\n1. O material da tampa do filtro pode ser a\u00e7o carbono com revestimento (galvanizado, revestimento de silicone org\u00e2nico ou outra pintura antiferrugem, etc), SS, Nylon, ABS, borracha, etc, e pode ser personalizado de acordo com a amostra do cliente.<br \/>\n2. O material filtrante adotado nos cartuchos de filtro de poeira da Zonel Filtech, todos provenientes de marcas mundialmente famosas, com maior efici\u00eancia de filtra\u00e7\u00e3o em part\u00edculas submicrom\u00e9tricas (99,9% + em 0,2 a 2 m\u00edcrons); Al\u00e9m disso, pode ser adequado para muitas circunst\u00e2ncias de trabalho, como para purificar o ar com poeira corrosiva, ar com poeira explosiva, ar com poeira pegajosa\/alta umidade, ar com poeira de alta temperatura, etc.<br \/>\n3. Acess\u00f3rios de veda\u00e7\u00e3o herm\u00e9tica est\u00e3o dispon\u00edveis para aplica\u00e7\u00f5es em muitas temperaturas e condi\u00e7\u00f5es.<br \/>\n4. Oferece excelente libera\u00e7\u00e3o de poeira, incorpora design de acordo com os requisitos, v\u00e1rias op\u00e7\u00f5es de instala\u00e7\u00e3o dispon\u00edveis, f\u00e1cil de instalar e economiza tempo.<br \/>\n5. Com o design mais razo\u00e1vel em forma, tamanho e material, de modo a tornar os coletores de p\u00f3 sempre com uma resist\u00eancia est\u00e1vel e menor, ajudam a aumentar a vida \u00fatil e menos manuten\u00e7\u00e3o.<\/p>\n<p><strong>As aplica\u00e7\u00f5es dos cartuchos filtrantes coletores de p\u00f3 da Zonel Filtech<\/strong><br \/>\nPrincipalmente para a substitui\u00e7\u00e3o dos cartuchos de filtro para coletores de p\u00f3, aceitamos o design e a personaliza\u00e7\u00e3o da amostra.<\/p>\n<p><strong>ZONA<\/strong><\/p>\n<p><strong>ISO9001:2015<\/strong><\/p>\n","protected":false},"excerpt":{"rendered":"<p>Os cartuchos de filtro de poeira s\u00e3o as partes principais dos coletores de p\u00f3 de cartucho, de acordo com diferentes sistemas com aplica\u00e7\u00f5es especiais, o cartucho \u00e9 sempre projetado com tampas diferentes com o m\u00e9todo de veda\u00e7\u00e3o relevante, diferentes materiais de filtro e material de cola, para que o fornecedor profissional e experiente ajude voc\u00ea para resolver todos esses tipos de problemas em caso de poss\u00edvel acidente durante a opera\u00e7\u00e3o.<\/p>\n<p>Zonel Filtech fornece solu\u00e7\u00f5es completas para cartuchos de filtro de reposi\u00e7\u00e3o para quase todos os coletores de p\u00f3 de marcas famosas do mundo, como cartuchos de reposi\u00e7\u00e3o para coletores de p\u00f3 de cartucho Donaldson\u00ae, coletores de p\u00f3 de cartucho Nederman\u00ae, coletores de p\u00f3 de cartucho Amano\u00ae, cartucho FARR\u00ae coletores de p\u00f3, coletores de p\u00f3 de cartucho Nordson\u00ae, etc.<\/p>\n<p>Os cartuchos de filtro de reposi\u00e7\u00e3o da Zonel Filtech com propriedades de constru\u00e7\u00e3o est\u00e1vel e forte, grande capacidade de carga de poeira e boa rela\u00e7\u00e3o ar\/tecido, longa vida \u00fatil. Se alguma ajuda for necess\u00e1ria, entre em contato conosco!<\/p>\n","protected":false},"featured_media":4940,"template":"","meta":{"site-sidebar-layout":"default","site-content-layout":"","ast-site-content-layout":"default","site-content-style":"default","site-sidebar-style":"default","ast-global-header-display":"","ast-banner-title-visibility":"","ast-main-header-display":"","ast-hfb-above-header-display":"","ast-hfb-below-header-display":"","ast-hfb-mobile-header-display":"","site-post-title":"","ast-breadcrumbs-content":"","ast-featured-img":"","footer-sml-layout":"","theme-transparent-header-meta":"default","adv-header-id-meta":"","stick-header-meta":"","header-above-stick-meta":"","header-main-stick-meta":"","header-below-stick-meta":"","astra-migrate-meta-layouts":"set","ast-page-background-enabled":"default","ast-page-background-meta":{"desktop":{"background-color":"","background-image":"","background-repeat":"repeat","background-position":"center center","background-size":"auto","background-attachment":"scroll","background-type":"","background-media":"","overlay-type":"","overlay-color":"","overlay-opacity":"","overlay-gradient":""},"tablet":{"background-color":"","background-image":"","background-repeat":"repeat","background-position":"center center","background-size":"auto","background-attachment":"scroll","background-type":"","background-media":"","overlay-type":"","overlay-color":"","overlay-opacity":"","overlay-gradient":""},"mobile":{"background-color":"","background-image":"","background-repeat":"repeat","background-position":"center center","background-size":"auto","background-attachment":"scroll","background-type":"","background-media":"","overlay-type":"","overlay-color":"","overlay-opacity":"","overlay-gradient":""}},"ast-content-background-meta":{"desktop":{"background-color":"var(--ast-global-color-5)","background-image":"","background-repeat":"repeat","background-position":"center center","background-size":"auto","background-attachment":"scroll","background-type":"","background-media":"","overlay-type":"","overlay-color":"","overlay-opacity":"","overlay-gradient":""},"tablet":{"background-color":"var(--ast-global-color-5)","background-image":"","background-repeat":"repeat","background-position":"center center","background-size":"auto","background-attachment":"scroll","background-type":"","background-media":"","overlay-type":"","overlay-color":"","overlay-opacity":"","overlay-gradient":""},"mobile":{"background-color":"var(--ast-global-color-5)","background-image":"","background-repeat":"repeat","background-position":"center center","background-size":"auto","background-attachment":"scroll","background-type":"","background-media":"","overlay-type":"","overlay-color":"","overlay-opacity":"","overlay-gradient":""}}},"product_brand":[],"product_cat":[78],"product_tag":[],"class_list":{"0":"post-4939","1":"product","2":"type-product","3":"status-publish","4":"has-post-thumbnail","6":"product_cat-filtro-de-po-pt-br","7":"desktop-align-left","8":"tablet-align-left","9":"mobile-align-left","11":"first","12":"instock","13":"shipping-taxable","14":"product-type-simple"},"_links":{"self":[{"href":"https:\/\/www.zonelenviro.com\/pt-br\/wp-json\/wp\/v2\/product\/4939","targetHints":{"allow":["GET"]}}],"collection":[{"href":"https:\/\/www.zonelenviro.com\/pt-br\/wp-json\/wp\/v2\/product"}],"about":[{"href":"https:\/\/www.zonelenviro.com\/pt-br\/wp-json\/wp\/v2\/types\/product"}],"version-history":[{"count":0,"href":"https:\/\/www.zonelenviro.com\/pt-br\/wp-json\/wp\/v2\/product\/4939\/revisions"}],"wp:featuredmedia":[{"embeddable":true,"href":"https:\/\/www.zonelenviro.com\/pt-br\/wp-json\/wp\/v2\/media\/4940"}],"wp:attachment":[{"href":"https:\/\/www.zonelenviro.com\/pt-br\/wp-json\/wp\/v2\/media?parent=4939"}],"wp:term":[{"taxonomy":"product_brand","embeddable":true,"href":"https:\/\/www.zonelenviro.com\/pt-br\/wp-json\/wp\/v2\/product_brand?post=4939"},{"taxonomy":"product_cat","embeddable":true,"href":"https:\/\/www.zonelenviro.com\/pt-br\/wp-json\/wp\/v2\/product_cat?post=4939"},{"taxonomy":"product_tag","embeddable":true,"href":"https:\/\/www.zonelenviro.com\/pt-br\/wp-json\/wp\/v2\/product_tag?post=4939"}],"curies":[{"name":"wp","href":"https:\/\/api.w.org\/{rel}","templated":true}]}}