{"id":4947,"date":"2024-03-19T13:52:02","date_gmt":"2024-03-19T05:52:02","guid":{"rendered":"https:\/\/www.zonelenviro.com\/pps-ryton-needle-felt-filter-cloth-pps-dust-filter-bags\/"},"modified":"2024-04-26T08:54:49","modified_gmt":"2024-04-26T00:54:49","slug":"pps-ryton-needle-felt-filter-cloth-pps-dust-filter-bags","status":"publish","type":"product","link":"https:\/\/www.zonelenviro.com\/pt-br\/pano-de-filtro-de-feltro-de-agulha-pps\/ryton-sacos-de-filtro-de-poeira-pps.html","title":{"rendered":"Pano de filtro de feltro de agulha PPS\/Ryton, sacos de filtro de poeira PPS"},"content":{"rendered":"<p><strong>Pano de filtro de feltro de agulha PPS \/ Ryton \/ Procon, sacos de filtro de poeira PPS<\/strong><\/p>\n<p><strong>Introdu\u00e7\u00e3o geral do pano de filtro PPS:<\/strong><\/p>\n<p>PPS PPS (sulfeto de polifenileno, Ryton\u00ae, Procon\u00ae) \u00e9 um dos melhores materiais de filtro com propriedades de resist\u00eancia a altas temperaturas, anti\u00e1cido, antialcalino, resistente \u00e0 hidr\u00f3lise, etc., as bolsas de filtro PPS s\u00e3o usadas principalmente para remover poeira ar que inclui alguns materiais \u00e1cidos ou alcalinos sob alta temperatura, como usinas termel\u00e9tricas, ferve limpeza de gases, remo\u00e7\u00e3o de fuma\u00e7a de incineradores de res\u00edduos, etc.<\/p>\n<p>Zonel Filtech adotou a fibra PPS de primeira qualidade (sulfeto de polifenileno, Ryton\u00ae, Procon\u00ae) com processamento de pun\u00e7\u00e3o com agulha fina e tratamento de superf\u00edcie, tratamento qu\u00edmico, etc., para tornar as bolsas de filtro dur\u00e1veis \u200b\u200be poder atender a v\u00e1rios requisitos de filtra\u00e7\u00e3o de clientes em diferentes setores. .<\/p>\n<p>A Zonel Filtech pesquisou e desenvolveu um novo tipo de bolsa filtrante PPS, sem membrana de PTFE, que pode controlar a emiss\u00e3o muito inferior a 20 mg\/Nm3, na mesma rela\u00e7\u00e3o ar\/tecido, a resist\u00eancia inferior a 40% no m\u00ednimo, pode ajudar o cliente para economizar espa\u00e7o no compartimento da bolsa, economizar o poder de purga, tamb\u00e9m pode ajudar a prolongar a vida \u00fatil das bolsas de filtro.<\/p>\n<p><strong>Informa\u00e7\u00e3o relevante:<\/strong><br \/>\nPor que escolher as bolsas filtrantes de p\u00f3 PPS para aplica\u00e7\u00e3o em usinas termel\u00e9tricas da Zonel Filtech?<\/p>\n<p><strong>Produtos relevantes:<\/strong><br \/>\nPano de filtro de feltro agulha Nomex \/ Aramida e sacos de filtro<\/p>\n<p><strong>Especifica\u00e7\u00f5es relevantes para o feltro agulhado PPS<\/strong><\/p>\n<p>Material: fibra PPS (sulfeto de polifenileno, Ryton\u00ae, Procon\u00ae), suportada com tela PPS PPS (sulfeto de polifenileno, Ryton\u00ae, Procon\u00ae)<br \/>\nPeso: 300 ~ 750g\/m\u00b2<br \/>\nTemperatura de Opera\u00e7\u00e3o: Continua: \u2264190\u2103; Picos: 220 \u2103<br \/>\nTratamento de superf\u00edcie dispon\u00edvel: chamuscado e esmaltado, conjunto t\u00e9rmico, banho de suspens\u00e3o de PTFE, membrana de PTFE, tratamento de superf\u00edcie de tamanho microporo.<br \/>\nPodemos personalizar os produtos de acordo com as necessidades dos clientes!<\/p>\n<p><strong>As propriedades das bolsas filtrantes de p\u00f3 PPS e servi\u00e7os da ZONEL FILTECH<\/strong><\/p>\n<p>1. com uma equipe t\u00e9cnica profissional, projetada de acordo com a necessidade do cliente, o bom desempenho \u00e9 garantido.<br \/>\n2. Emiss\u00e3o dentro dos requisitos, menor resist\u00eancia inicial, n\u00e3o \u00e9 f\u00e1cil de ser bloqueada.<br \/>\n3. Ser\u00e3o oferecidas sugest\u00f5es de opera\u00e7\u00e3o, n\u00e3o facilmente quebradas e dur\u00e1veis.<br \/>\n4. Todos os tratamentos de tamanho e acabamento dispon\u00edveis e entrega imediata.<br \/>\n5. O dia inteiro 24 horas oferece servi\u00e7os p\u00f3s-venda e resposta mais r\u00e1pida.<\/p>\n<p><strong>Principais aplica\u00e7\u00f5es das bolsas filtrantes PPS<\/strong><\/p>\n<p>As mangas filtrantes PPS fornecidas pela ZONEL FILTECH s\u00e3o utilizadas principalmente para coleta de poeira\/remo\u00e7\u00e3o de fumos para caldeiras a carv\u00e3o em usinas termel\u00e9tricas, f\u00e1bricas de cimento, sider\u00fargicas, f\u00e1bricas de produtos qu\u00edmicos, etc, e tamb\u00e9m para incineradores de res\u00edduos, fornos de coque, fornos do cimento, processo de secagem qu\u00edmica do processo de purifica\u00e7\u00e3o de gases de combust\u00e3o, etc.<\/p>\n<p><strong>Zonel<\/strong><\/p>\n<p><strong>ISO9001:2015<\/strong><\/p>\n","protected":false},"excerpt":{"rendered":"<p>PPS PPS (sulfeto de polifenileno, Ryton\u00ae, Procon\u00ae) \u00e9 um dos melhores materiais de filtro com propriedades de resist\u00eancia a altas temperaturas, anti\u00e1cido, antialcalino e resist\u00eancia \u00e0 hidr\u00f3lise. As bolsas filtrantes PPS s\u00e3o usadas principalmente para purificar o ar empoeirado que inclui alguns materiais \u00e1cidos ou alcalinos sob altas temperaturas, como <strong>fervuras de usinas termel\u00e9tricas<\/strong>,<strong> limpeza de gases de exaust\u00e3o<\/strong>, remo\u00e7\u00e3o de fuma\u00e7a de incineradores de res\u00edduos, etc.<\/p>\n<p>Zonel Filtech adotou a fibra PPS de primeira qualidade com processamento de perfura\u00e7\u00e3o de agulha s\u00f3lida e tratamento de superf\u00edcie, tratamento qu\u00edmico, para fazer com que as bolsas de filtro atendam a v\u00e1rios requisitos de filtragem de clientes em diferentes setores.<\/p>\n<p>A Zonel Filtech pesquisou e desenvolveu um novo tipo de bolsa filtrante PPS, sem membrana de PTFE, que pode controlar a emiss\u00e3o muito inferior a 20 mg\/Nm3 na mesma rela\u00e7\u00e3o ar\/tecido, a resist\u00eancia inferior a 40% no m\u00ednimo e oferecendo uma efici\u00eancia muito eficiente. mas solu\u00e7\u00e3o econ\u00f4mica para nossos clientes.<\/p>\n","protected":false},"featured_media":4948,"template":"","meta":{"site-sidebar-layout":"default","site-content-layout":"","ast-site-content-layout":"default","site-content-style":"default","site-sidebar-style":"default","ast-global-header-display":"","ast-banner-title-visibility":"","ast-main-header-display":"","ast-hfb-above-header-display":"","ast-hfb-below-header-display":"","ast-hfb-mobile-header-display":"","site-post-title":"","ast-breadcrumbs-content":"","ast-featured-img":"","footer-sml-layout":"","theme-transparent-header-meta":"default","adv-header-id-meta":"","stick-header-meta":"","header-above-stick-meta":"","header-main-stick-meta":"","header-below-stick-meta":"","astra-migrate-meta-layouts":"set","ast-page-background-enabled":"default","ast-page-background-meta":{"desktop":{"background-color":"","background-image":"","background-repeat":"repeat","background-position":"center center","background-size":"auto","background-attachment":"scroll","background-type":"","background-media":"","overlay-type":"","overlay-color":"","overlay-opacity":"","overlay-gradient":""},"tablet":{"background-color":"","background-image":"","background-repeat":"repeat","background-position":"center center","background-size":"auto","background-attachment":"scroll","background-type":"","background-media":"","overlay-type":"","overlay-color":"","overlay-opacity":"","overlay-gradient":""},"mobile":{"background-color":"","background-image":"","background-repeat":"repeat","background-position":"center center","background-size":"auto","background-attachment":"scroll","background-type":"","background-media":"","overlay-type":"","overlay-color":"","overlay-opacity":"","overlay-gradient":""}},"ast-content-background-meta":{"desktop":{"background-color":"var(--ast-global-color-5)","background-image":"","background-repeat":"repeat","background-position":"center center","background-size":"auto","background-attachment":"scroll","background-type":"","background-media":"","overlay-type":"","overlay-color":"","overlay-opacity":"","overlay-gradient":""},"tablet":{"background-color":"var(--ast-global-color-5)","background-image":"","background-repeat":"repeat","background-position":"center center","background-size":"auto","background-attachment":"scroll","background-type":"","background-media":"","overlay-type":"","overlay-color":"","overlay-opacity":"","overlay-gradient":""},"mobile":{"background-color":"var(--ast-global-color-5)","background-image":"","background-repeat":"repeat","background-position":"center center","background-size":"auto","background-attachment":"scroll","background-type":"","background-media":"","overlay-type":"","overlay-color":"","overlay-opacity":"","overlay-gradient":""}}},"product_brand":[],"product_cat":[78],"product_tag":[],"class_list":{"0":"post-4947","1":"product","2":"type-product","3":"status-publish","4":"has-post-thumbnail","6":"product_cat-filtro-de-po-pt-br","7":"desktop-align-left","8":"tablet-align-left","9":"mobile-align-left","11":"first","12":"instock","13":"shipping-taxable","14":"product-type-simple"},"_links":{"self":[{"href":"https:\/\/www.zonelenviro.com\/pt-br\/wp-json\/wp\/v2\/product\/4947","targetHints":{"allow":["GET"]}}],"collection":[{"href":"https:\/\/www.zonelenviro.com\/pt-br\/wp-json\/wp\/v2\/product"}],"about":[{"href":"https:\/\/www.zonelenviro.com\/pt-br\/wp-json\/wp\/v2\/types\/product"}],"version-history":[{"count":0,"href":"https:\/\/www.zonelenviro.com\/pt-br\/wp-json\/wp\/v2\/product\/4947\/revisions"}],"wp:featuredmedia":[{"embeddable":true,"href":"https:\/\/www.zonelenviro.com\/pt-br\/wp-json\/wp\/v2\/media\/4948"}],"wp:attachment":[{"href":"https:\/\/www.zonelenviro.com\/pt-br\/wp-json\/wp\/v2\/media?parent=4947"}],"wp:term":[{"taxonomy":"product_brand","embeddable":true,"href":"https:\/\/www.zonelenviro.com\/pt-br\/wp-json\/wp\/v2\/product_brand?post=4947"},{"taxonomy":"product_cat","embeddable":true,"href":"https:\/\/www.zonelenviro.com\/pt-br\/wp-json\/wp\/v2\/product_cat?post=4947"},{"taxonomy":"product_tag","embeddable":true,"href":"https:\/\/www.zonelenviro.com\/pt-br\/wp-json\/wp\/v2\/product_tag?post=4947"}],"curies":[{"name":"wp","href":"https:\/\/api.w.org\/{rel}","templated":true}]}}