{"id":5008,"date":"2024-03-19T13:06:51","date_gmt":"2024-03-19T05:06:51","guid":{"rendered":"https:\/\/www.zonelenviro.com\/high-temperature-resistance-dust-filter-material\/"},"modified":"2024-04-26T09:49:13","modified_gmt":"2024-04-26T01:49:13","slug":"high-temperature-resistance-dust-filter-material","status":"publish","type":"product","link":"https:\/\/www.zonelenviro.com\/pt-br\/material-de-filtro-de-poeira-resistente-a-altas-temperaturas.html","title":{"rendered":"Material de filtro de poeira com resist\u00eancia a altas temperaturas"},"content":{"rendered":"<p><strong>Feltro agulhado de poliimida (P84) para sistemas coletores de p\u00f3<\/strong><\/p>\n<p><img fetchpriority=\"high\" decoding=\"async\" class=\"alignnone size-full wp-image-1240\" src=\"https:\/\/www.zonelenviro.com\/wp-content\/uploads\/2024\/03\/P84-needle-felt-filter-cloth.jpg\" alt=\"\" width=\"829\" height=\"554\" \/><\/p>\n<p><img decoding=\"async\" class=\"alignnone size-full wp-image-1242\" src=\"https:\/\/www.zonelenviro.com\/wp-content\/uploads\/2024\/03\/P84-dust-filter-bags.jpg\" alt=\"\" width=\"829\" height=\"554\" \/><\/p>\n<p><strong>Introdu\u00e7\u00e3o geral do pano de filtro de feltro agulhado de poliimida (P84, PI):<\/strong><br \/>\nFibra P84 (PI-poliimida) com propriedades de resist\u00eancia a altas temperaturas e inflam\u00e1vel, a estrutura de tr\u00eas folhas da fibra ajuda o pano de filtro de feltro de agulha de poliimida com uma superf\u00edcie de filtro muito maior quando comparado ao pano de filtro com as outras fibras, portanto, o pano de filtro P84 \u00e9 um material perfeito e sempre pode atingir uma efici\u00eancia de filtro muito boa.<\/p>\n<p><strong>Especifica\u00e7\u00f5es relevantes para o feltro agulhado P84:<\/strong><br \/>\nMaterial: fibra P84 (PI-poliimida), suportada com tela P84 (PI-poliimida) \/ PTFE<br \/>\nPeso: 450 ~ 650g\/m\u00b2<br \/>\nTemperatura de Opera\u00e7\u00e3o: Continua: \u2264240\u2103; Picos: 260 \u2103<br \/>\nTratamento de superf\u00edcie dispon\u00edvel: chamuscado e esmaltado, termofixo, banho de suspens\u00e3o de PTFE, membrana de PTFE.<br \/>\nPodemos personalizar os produtos de acordo com as necessidades dos clientes!<\/p>\n<p><strong>As propriedades dos sacos de filtro de p\u00f3 de poliimida:<\/strong><br \/>\n1. Resist\u00eancia a altas temperaturas:<br \/>\nTemperatura recomendada de opera\u00e7\u00e3o cont\u00ednua: \u2264240 graus C; picos instant\u00e2neos: 260 graus C.<br \/>\n2. Tamanho est\u00e1vel sob alta temperatura ap\u00f3s tratamento t\u00e9rmico: a 260 graus C, o encolhimento n\u00e3o excede 1%.<br \/>\n3. \u00c0 prova de fogo.<br \/>\n4. Boa resist\u00eancia \u00e0 abras\u00e3o e dobramento.<br \/>\n5. Alta efici\u00eancia do filtro e longa vida \u00fatil.<\/p>\n<p>Principais aplica\u00e7\u00f5es das bolsas filtrantes P84 (PI-poliimida):<br \/>\nUsado principalmente para fornos de cimento, asfalto, incineradores de res\u00edduos, caldeiras de carv\u00e3o, etc.<\/p>\n<p><strong>Observa\u00e7\u00e3o:<\/strong><br \/>\n1. Especifica\u00e7\u00f5es especiais podem ser personalizadas.<br \/>\n2. largura m\u00e1xima: 2,25 metros.<br \/>\n3. tanto os rolos de pano de filtro quanto os sacos de filtro est\u00e3o dispon\u00edveis para fornecimento na Zonel Filtech.<\/p>\n<p><strong>Feltro agulhado de fibra de vidro para sistemas coletores de p\u00f3<\/strong><\/p>\n<p><img decoding=\"async\" class=\"alignnone size-full wp-image-1248\" src=\"https:\/\/www.zonelenviro.com\/wp-content\/uploads\/2024\/03\/fiber-glass-needle-felt-filter-cloth.jpg\" alt=\"\" width=\"829\" height=\"554\" \/><\/p>\n<p><img loading=\"lazy\" decoding=\"async\" class=\"alignnone size-full wp-image-1247\" src=\"https:\/\/www.zonelenviro.com\/wp-content\/uploads\/2024\/03\/fiber-glass-needle-felt-filter-bag.jpg\" alt=\"\" width=\"829\" height=\"554\" \/><\/p>\n<p><strong>Introdu\u00e7\u00e3o geral do pano de filtro de feltro de agulha de fibra de vidro e material de filtro misturado:<\/strong><br \/>\nAs agulhas de fibra de vidro s\u00e3o sentidas ap\u00f3s um tratamento de acabamento razo\u00e1vel como uma esp\u00e9cie de pano de filtro que pode ser usado em algumas circunst\u00e2ncias de temperatura extremamente alta para coleta de poeira.<br \/>\nPara vencer as desvantagens da fraca coes\u00e3o, baixa resist\u00eancia \u00e0 dobragem e desgaste do material filtrante n\u00e3o tecido de fibra de vidro, a ZONEL FITLECH desenvolveu alguns panos de filtro de novo estilo \u00e0 base de fibra de vidro (semelhante ao FMS, chamamos de pano de filtro de feltro agulhado de mistura de fibra de vidro), ap\u00f3s v\u00e1rias d\u00e9cadas testes, a bolsa filtrante de fibra de vidro e as bolsas filtrantes misturadas com fibra de vidro est\u00e3o funcionando excelentemente nas casas de filtros de mangas de nossos clientes.<\/p>\n<p><strong>Especifica\u00e7\u00f5es relevantes do pano de filtro de feltro de fibra de vidro e material de filtro misturado:<\/strong><br \/>\nMaterial: fibra de vidro + fibra de resist\u00eancia a altas temperaturas, como aramida (Nomex), PPS, P84, PTFE, etc + filamento de vidro<br \/>\nPeso: &gt; 880 g\/m\u00b2<br \/>\nResist\u00eancia \u00e0 tra\u00e7\u00e3o: Urdidura:&gt; 1800 N\/5cm; Trama:&gt; 1800 N\/5cm<br \/>\nTemperatura de servi\u00e7o: Continua: &lt;260\u00b0C; Picos: 280 \u2103<br \/>\nTratamento de superf\u00edcie para escolha: vitrificado, termofixo, banho de suspens\u00e3o de PTFE, membrana de PTFE.<\/p>\n<p><strong>As propriedades do pano de filtro de feltro agulhado de fibra de vidro e do material de filtro misturado:<\/strong><br \/>\n1. Resist\u00eancia a altas temperaturas: 260-280 graus C<br \/>\n2. Excelente resist\u00eancia \u00e0 corros\u00e3o (exceto HF)<br \/>\n3. Personalizado de acordo com diferentes condi\u00e7\u00f5es de opera\u00e7\u00e3o, maior vida \u00fatil.<br \/>\n4. A permeabilidade ao ar \u00e9 maior e mais est\u00e1vel e pode ser operada com uma propor\u00e7\u00e3o ar\/tecido mais alta (at\u00e9 1,0 ~ 1,2 m\/min) quando comparada ao tecido do filtro de fibra de vidro.<br \/>\n5. Resist\u00eancia \u00e0 abras\u00e3o.<br \/>\n6. com investimento econ\u00f3mico.<br \/>\n7. Pode ser usado em uma variedade de condi\u00e7\u00f5es ambientais complexas e adversas.<\/p>\n<p><strong>Principais aplica\u00e7\u00f5es do pano de filtro de feltro agulhado de fibra de vidro e material de filtro misturado:<\/strong><br \/>\nO pano de filtro de feltro de agulha de fibra de vidro e o pano de filtro do tipo misturado s\u00e3o amplamente utilizados para remo\u00e7\u00e3o de poeira\/fumos em plantas como usinas sider\u00fargicas, fundi\u00e7\u00f5es de metais n\u00e3o ferrosos, f\u00e1bricas de produtos qu\u00edmicos, produ\u00e7\u00e3o de negro de fumo, f\u00e1bricas de asfalto e cimento, usinas de energia, etc.<\/p>\n<p><strong>Observa\u00e7\u00e3o:<\/strong><br \/>\n1. Especifica\u00e7\u00f5es especiais podem ser personalizadas.<br \/>\n2. largura m\u00e1xima: 2,25 metros.<br \/>\n3. rolos de pano de filtro e sacos de filtro est\u00e3o dispon\u00edveis para fornecimento.<\/p>\n<p>Se precisar de mais alguma coisa, n\u00e3o hesite em contactar a ZONEL FILTECH!<\/p>\n<p><strong>Pano de filtro de feltro agulhado de PTFE (politetrafluoretileno, Teflon)<\/strong><\/p>\n<p><img loading=\"lazy\" decoding=\"async\" class=\"alignnone size-full wp-image-1251\" src=\"https:\/\/www.zonelenviro.com\/wp-content\/uploads\/2024\/03\/PTFE-needle-felt-filter-cloth.jpg\" alt=\"\" width=\"829\" height=\"554\" \/><\/p>\n<p><img loading=\"lazy\" decoding=\"async\" class=\"alignnone size-full wp-image-1252\" src=\"https:\/\/www.zonelenviro.com\/wp-content\/uploads\/2024\/03\/PTFE-needle-felt-filtr-bags.jpg\" alt=\"\" width=\"829\" height=\"554\" \/><\/p>\n<p><strong>Introdu\u00e7\u00e3o geral do pano de filtro de feltro agulhado de PTFE<\/strong><br \/>\nPTFE (politetrafluoretileno) tamb\u00e9m chamado de Teflon, que \u00e9 tratado como o REI dos pl\u00e1sticos devido \u00e0s suas propriedades de resist\u00eancia a altas temperaturas, resist\u00eancia \u00e0 corros\u00e3o e durabilidade, que \u00e9 um excelente material inato para filtra\u00e7\u00e3o industrial.<br \/>\nZonel Filtech adotou a fibra de PTFE (Teflon) de primeiro grau e a agulha de acabamento s\u00f3lido perfurada em feltro, ap\u00f3s o tratamento de acabamento especial, o pano de filtro de feltro de agulha de Teflon pode ser amplamente utilizado em v\u00e1rias ocasi\u00f5es industriais para coleta de poeira (saco de filtro de poeira de PTFE) e l\u00edquido filtra\u00e7\u00e3o (saco de filtro com classifica\u00e7\u00e3o de m\u00edcron de Teflon).<\/p>\n<p><strong>Especifica\u00e7\u00e3o relevante para o feltro de agulha de PTFE (politetrafluoretileno, Teflon):<\/strong><br \/>\nMaterial: fibra 100% PTFE (politetrafluoretileno, Teflon), suportada com tela de filamento de PTFE (politetrafluoretileno, Teflon)<br \/>\nPeso: 750 ~ 800 g\/m\u00b2<br \/>\nTemperatura de Opera\u00e7\u00e3o: Continua: \u2264260\u2103; Picos: 280 \u2103<br \/>\nTratamento de superf\u00edcie dispon\u00edvel: chamuscado e esmaltado, conjunto t\u00e9rmico, banho de suspens\u00e3o de PTFE, membrana de PTFE, tratamento de superf\u00edcie de tamanho microporo.<br \/>\nWe can customize the products according to the requirements of the clients!<\/p>\n<p><strong>As propriedades dos sacos de filtro de poeira de Teflon (feitos de pano de filtro de PTFE)<\/strong><br \/>\n1. Resist\u00eancia a altas temperaturas, temperatura de opera\u00e7\u00e3o cont\u00ednua pode ser de at\u00e9 260 graus C e opera\u00e7\u00e3o instant\u00e2nea pode ser de at\u00e9 280 graus C.<br \/>\n2. Est\u00e1 dispon\u00edvel produ\u00e7\u00e3o em larga escala, com um pre\u00e7o muito mais barato quando comparado ao anterior.<br \/>\n3. Pode ser usado em toda a faixa de PH.<br \/>\n4. A longa vida \u00fatil, como de costume, pode ser superior a 4 anos.<br \/>\n5. Todas as faixas de produ\u00e7\u00e3o com v\u00e1rios usos est\u00e3o dispon\u00edveis.<\/p>\n<p><strong>Principais aplica\u00e7\u00f5es das bolsas filtrantes de PTFE:<\/strong><br \/>\nO pano de filtro de PTFE \u00e9 um material especial com boa resist\u00eancia a \u00e1lcalis e \u00e1cidos, anti-hidr\u00f3lise e dimens\u00e3o f\u00edsica est\u00e1vel, usado principalmente em caldeiras a carv\u00e3o, incinera\u00e7\u00e3o de res\u00edduos, produ\u00e7\u00e3o de negro de fumo, produ\u00e7\u00e3o de Tio2 para remo\u00e7\u00e3o de fumos ou coleta de poeira (saco de filtro de p\u00f3 de PTFE ), bem como alguma filtragem de l\u00edquido corrosivo ou de alta temperatura (saco de filtro de l\u00edquido PTFE).<\/p>\n<p><strong>Observa\u00e7\u00e3o:<\/strong><br \/>\n1. Especifica\u00e7\u00f5es especiais podem ser personalizadas.<br \/>\n2. largura m\u00e1xima: 2,25 metros.<br \/>\n3. rolos de pano de filtro e sacos de filtro est\u00e3o dispon\u00edveis para fornecimento.<\/p>\n","protected":false},"excerpt":{"rendered":"<p>Meio filtrante resistente a altas temperaturas da Zonel Filtech, que \u00e9 uma s\u00e9rie de materiais filtrantes de feltro agulhado para coleta de poeira. A s\u00e9rie \u00e9 adequada para circunst\u00e2ncias operacionais com temperatura cont\u00ednua n\u00e3o superior a 260 graus cent\u00edgrados e temperatura instant\u00e2nea m\u00e1xima n\u00e3o superior a 280 graus cent\u00edgrados. Durante a \u00e1rea de temperatura, Zonel Filtech pode ajud\u00e1-lo a definir o material de filtro mais adequado para o seu filtro de saco de p\u00f3 casas.<\/p>\n<p>A Zonel Filtech pode fornecer rolos de pano de filtro de feltro agulhado e bolsas de filtro prontas, os materiais incluem pano de filtro de feltro agulhado de poliimida (P84) e bolsas de filtro com v\u00e1rios tratamentos de acabamento; Pano de filtro de feltro agulhado de PTFE e saco de filtro com v\u00e1rios tratamentos de acabamento; Feltro filtrante de fibra de vidro ou feltro filtrante misturado com fibra de vidro com v\u00e1rios tratamentos de acabamento.<\/p>\n<p>Qualquer ajuda necess\u00e1ria da Zonel Filtech, fique \u00e0 vontade para enviar a consulta.<\/p>\n","protected":false},"featured_media":5009,"template":"","meta":{"site-sidebar-layout":"default","site-content-layout":"","ast-site-content-layout":"default","site-content-style":"default","site-sidebar-style":"default","ast-global-header-display":"","ast-banner-title-visibility":"","ast-main-header-display":"","ast-hfb-above-header-display":"","ast-hfb-below-header-display":"","ast-hfb-mobile-header-display":"","site-post-title":"","ast-breadcrumbs-content":"","ast-featured-img":"","footer-sml-layout":"","theme-transparent-header-meta":"default","adv-header-id-meta":"","stick-header-meta":"","header-above-stick-meta":"","header-main-stick-meta":"","header-below-stick-meta":"","astra-migrate-meta-layouts":"set","ast-page-background-enabled":"default","ast-page-background-meta":{"desktop":{"background-color":"","background-image":"","background-repeat":"repeat","background-position":"center center","background-size":"auto","background-attachment":"scroll","background-type":"","background-media":"","overlay-type":"","overlay-color":"","overlay-opacity":"","overlay-gradient":""},"tablet":{"background-color":"","background-image":"","background-repeat":"repeat","background-position":"center center","background-size":"auto","background-attachment":"scroll","background-type":"","background-media":"","overlay-type":"","overlay-color":"","overlay-opacity":"","overlay-gradient":""},"mobile":{"background-color":"","background-image":"","background-repeat":"repeat","background-position":"center center","background-size":"auto","background-attachment":"scroll","background-type":"","background-media":"","overlay-type":"","overlay-color":"","overlay-opacity":"","overlay-gradient":""}},"ast-content-background-meta":{"desktop":{"background-color":"var(--ast-global-color-5)","background-image":"","background-repeat":"repeat","background-position":"center center","background-size":"auto","background-attachment":"scroll","background-type":"","background-media":"","overlay-type":"","overlay-color":"","overlay-opacity":"","overlay-gradient":""},"tablet":{"background-color":"var(--ast-global-color-5)","background-image":"","background-repeat":"repeat","background-position":"center center","background-size":"auto","background-attachment":"scroll","background-type":"","background-media":"","overlay-type":"","overlay-color":"","overlay-opacity":"","overlay-gradient":""},"mobile":{"background-color":"var(--ast-global-color-5)","background-image":"","background-repeat":"repeat","background-position":"center center","background-size":"auto","background-attachment":"scroll","background-type":"","background-media":"","overlay-type":"","overlay-color":"","overlay-opacity":"","overlay-gradient":""}}},"product_brand":[],"product_cat":[78],"product_tag":[],"class_list":{"0":"post-5008","1":"product","2":"type-product","3":"status-publish","4":"has-post-thumbnail","6":"product_cat-filtro-de-po-pt-br","7":"desktop-align-left","8":"tablet-align-left","9":"mobile-align-left","11":"first","12":"instock","13":"shipping-taxable","14":"product-type-simple"},"_links":{"self":[{"href":"https:\/\/www.zonelenviro.com\/pt-br\/wp-json\/wp\/v2\/product\/5008","targetHints":{"allow":["GET"]}}],"collection":[{"href":"https:\/\/www.zonelenviro.com\/pt-br\/wp-json\/wp\/v2\/product"}],"about":[{"href":"https:\/\/www.zonelenviro.com\/pt-br\/wp-json\/wp\/v2\/types\/product"}],"version-history":[{"count":0,"href":"https:\/\/www.zonelenviro.com\/pt-br\/wp-json\/wp\/v2\/product\/5008\/revisions"}],"wp:featuredmedia":[{"embeddable":true,"href":"https:\/\/www.zonelenviro.com\/pt-br\/wp-json\/wp\/v2\/media\/5009"}],"wp:attachment":[{"href":"https:\/\/www.zonelenviro.com\/pt-br\/wp-json\/wp\/v2\/media?parent=5008"}],"wp:term":[{"taxonomy":"product_brand","embeddable":true,"href":"https:\/\/www.zonelenviro.com\/pt-br\/wp-json\/wp\/v2\/product_brand?post=5008"},{"taxonomy":"product_cat","embeddable":true,"href":"https:\/\/www.zonelenviro.com\/pt-br\/wp-json\/wp\/v2\/product_cat?post=5008"},{"taxonomy":"product_tag","embeddable":true,"href":"https:\/\/www.zonelenviro.com\/pt-br\/wp-json\/wp\/v2\/product_tag?post=5008"}],"curies":[{"name":"wp","href":"https:\/\/api.w.org\/{rel}","templated":true}]}}