{"id":5046,"date":"2024-03-19T11:19:49","date_gmt":"2024-03-19T03:19:49","guid":{"rendered":"https:\/\/www.zonelenviro.com\/magnetic-filters-iron-particles-remover\/"},"modified":"2024-04-26T10:59:55","modified_gmt":"2024-04-26T02:59:55","slug":"magnetic-filters-iron-particles-remover","status":"publish","type":"product","link":"https:\/\/www.zonelenviro.com\/pt-br\/removedor-de-particulas-de-ferro-filtros-magneticos.html","title":{"rendered":"Filtros Magn\u00e9ticos, Removedor de Part\u00edculas de Ferro"},"content":{"rendered":"\t\t<div data-elementor-type=\"product-post\" data-elementor-id=\"5046\" class=\"elementor elementor-5046 elementor-1170\" data-elementor-post-type=\"product\">\n\t\t\t\t<div class=\"elementor-element elementor-element-e5337cb e-grid e-con-boxed e-con e-parent\" data-id=\"e5337cb\" data-element_type=\"container\">\n\t\t\t\t\t<div class=\"e-con-inner\">\n\t\t\t\t<div class=\"elementor-element elementor-element-bdc8dbb elementor-widget elementor-widget-image\" data-id=\"bdc8dbb\" data-element_type=\"widget\" data-widget_type=\"image.default\">\n\t\t\t\t<div class=\"elementor-widget-container\">\n\t\t\t\t\t\t\t\t\t\t\t\t\t<img decoding=\"async\" width=\"1\" height=\"1\" src=\"https:\/\/www.zonelenviro.com\/wp-content\/uploads\/2024\/03\/Iron-Particles-Remover.jpg\" class=\"attachment-large size-large wp-image-5053\" alt=\"\" \/>\t\t\t\t\t\t\t\t\t\t\t\t\t<\/div>\n\t\t\t\t<\/div>\n\t\t\t\t<div class=\"elementor-element elementor-element-4dc57eb elementor-widget elementor-widget-text-editor\" data-id=\"4dc57eb\" data-element_type=\"widget\" data-widget_type=\"text-editor.default\">\n\t\t\t\t<div class=\"elementor-widget-container\">\n\t\t\t\t\t\t\t<p><strong>Cartucho de filtro de resina fen\u00f3lica<\/strong><br \/><strong>Introdu\u00e7\u00e3o geral:<\/strong><\/p><p>O filtro magn\u00e9tico tamb\u00e9m chamado de removedor de ferro magn\u00e9tico forte, que combinado com v\u00e1rias hastes magn\u00e9ticas permanentes com um circuito magn\u00e9tico especialmente projetado, quando o l\u00edquido passa, as part\u00edculas de ferro (0,5 ~ 60 m\u00edcrons) ou outros pequenos objetos magn\u00e9ticos na solu\u00e7\u00e3o polu\u00edda ser\u00e3o absorvido nas hastes magn\u00e9ticas para limpar o l\u00edquido de acordo com o projeto ou necessidade.<\/p><p><strong>Especifica\u00e7\u00e3o t\u00e9cnica:<\/strong><\/p><p>O n\u00famero das hastes magn\u00e9ticas: como de costume projetado com 5 a 18 hastes, quantidades especiais podem ser personalizadas.<\/p><p>Intensidade magn\u00e9tica: 8000 ~ 12000 gauss para op\u00e7\u00e3o<\/p><p>Taxa de fluxo: 5 ~ 30CMH, taxa de fluxo especial pode ser personalizada<\/p><p>Temperatura de servi\u00e7o: a aplica\u00e7\u00e3o normal \u00e9 de 80 graus C, a m\u00e1xima \u00e9 de 300 graus C, projetada de acordo com a necessidade do cliente. (sem requisitos especiais, o design ser\u00e1 de acordo com ocasi\u00f5es normais)<\/p><p>Press\u00e3o de servi\u00e7o: 0,6 ~ 1,2 MPa pode ser personalizada.<\/p><p><strong>Propriedades:<\/strong><\/p><p>1. Adotou as hastes magn\u00e9ticas permanentes, intensidade magn\u00e9tica de superf\u00edcie de at\u00e9 8.000 ~ 12.000 gauss.<\/p><p>2. A intensidade magn\u00e9tica \u00e9 forte, combinada com o design do circuito magn\u00e9tico otimizado faz com que o l\u00edquido toque com as hastes magn\u00e9ticas suficientemente, com boas part\u00edculas de ferro removendo o desempenho e f\u00e1cil de limpar.<\/p><p>3. Pode remover part\u00edculas de ferro de 0,5 ~ 60 m\u00edcrons ou outros pequenos objetos magn\u00e9ticos, melhorando o efeito de filtro para os materiais de filtro tradicionais.<\/p><p>4. O material da superf\u00edcie pode ser SS304 ou SS316 ap\u00f3s o tratamento de polimento poder atender aos requisitos de qualidade alimentar.<\/p><p>5. O filtro sem consumo de energia, sem outros materiais consum\u00edveis inclu\u00eddos, f\u00e1cil de montar e limpar, menor custo de manuten\u00e7\u00e3o.<\/p><p><strong>Aplicativo:<\/strong><\/p><p>Ind\u00fastrias aliment\u00edcias e farmac\u00eauticas;<\/p><p>Processamento mec\u00e2nico;<\/p><p>Produ\u00e7\u00e3o de tintas e corantes;<\/p><p>Ind\u00fastrias metal\u00fargicas;<\/p><p>Cer\u00e2mica, etc<\/p><p>Al\u00e9m da caixa do filtro magn\u00e9tico, tamb\u00e9m fornecemos acess\u00f3rios magn\u00e9ticos com design especial para a caixa do filtro de mangas.<\/p>\t\t\t\t\t\t<\/div>\n\t\t\t\t<\/div>\n\t\t\t\t\t<\/div>\n\t\t\t\t<\/div>\n\t\t<div class=\"elementor-element elementor-element-88eae35 e-grid e-con-boxed e-con e-parent\" data-id=\"88eae35\" data-element_type=\"container\">\n\t\t\t\t\t<div class=\"e-con-inner\">\n\t\t\t\t<div class=\"elementor-element elementor-element-5baf8a0 elementor-widget elementor-widget-image\" data-id=\"5baf8a0\" data-element_type=\"widget\" data-widget_type=\"image.default\">\n\t\t\t\t<div class=\"elementor-widget-container\">\n\t\t\t\t\t\t\t\t\t\t\t\t\t<img decoding=\"async\" width=\"1\" height=\"1\" src=\"https:\/\/www.zonelenviro.com\/wp-content\/uploads\/2024\/03\/magnetic-filter-with-inner-details.webp\" class=\"attachment-large size-large wp-image-5047\" alt=\"\" \/>\t\t\t\t\t\t\t\t\t\t\t\t\t<\/div>\n\t\t\t\t<\/div>\n\t\t<div class=\"elementor-element elementor-element-e840209 e-grid e-con-boxed e-con e-child\" data-id=\"e840209\" data-element_type=\"container\">\n\t\t\t\t\t<div class=\"e-con-inner\">\n\t\t\t\t<div class=\"elementor-element elementor-element-ccab3c1 elementor-widget elementor-widget-image\" data-id=\"ccab3c1\" data-element_type=\"widget\" data-widget_type=\"image.default\">\n\t\t\t\t<div class=\"elementor-widget-container\">\n\t\t\t\t\t\t\t\t\t\t\t\t\t<img decoding=\"async\" width=\"1\" height=\"1\" src=\"https:\/\/www.zonelenviro.com\/wp-content\/uploads\/2024\/03\/well-installed-magnetic-filter-housing.webp\" class=\"attachment-large size-large wp-image-5048\" alt=\"\" \/>\t\t\t\t\t\t\t\t\t\t\t\t\t<\/div>\n\t\t\t\t<\/div>\n\t\t<div class=\"elementor-element elementor-element-f5c9e4d e-grid e-con-boxed e-con e-child\" data-id=\"f5c9e4d\" data-element_type=\"container\">\n\t\t\t\t\t<div class=\"e-con-inner\">\n\t\t\t\t<div class=\"elementor-element elementor-element-1558f82 elementor-widget elementor-widget-image\" data-id=\"1558f82\" data-element_type=\"widget\" data-widget_type=\"image.default\">\n\t\t\t\t<div class=\"elementor-widget-container\">\n\t\t\t\t\t\t\t\t\t\t\t\t\t<img loading=\"lazy\" decoding=\"async\" width=\"1\" height=\"1\" src=\"https:\/\/www.zonelenviro.com\/wp-content\/uploads\/2024\/03\/magnetic-filter-housing-with-sand-blast-treatment.webp\" class=\"attachment-large size-large wp-image-5050\" alt=\"\" \/>\t\t\t\t\t\t\t\t\t\t\t\t\t<\/div>\n\t\t\t\t<\/div>\n\t\t<div class=\"elementor-element elementor-element-5bbf8b9 e-grid e-con-boxed e-con e-child\" data-id=\"5bbf8b9\" data-element_type=\"container\">\n\t\t\t\t\t<div class=\"e-con-inner\">\n\t\t\t\t<div class=\"elementor-element elementor-element-309c323 elementor-widget elementor-widget-image\" data-id=\"309c323\" data-element_type=\"widget\" data-widget_type=\"image.default\">\n\t\t\t\t<div class=\"elementor-widget-container\">\n\t\t\t\t\t\t\t\t\t\t\t\t\t<img loading=\"lazy\" decoding=\"async\" width=\"1\" height=\"1\" src=\"https:\/\/www.zonelenviro.com\/wp-content\/uploads\/2024\/03\/magnetic-filter-housing-with-details.webp\" class=\"attachment-large size-large wp-image-5051\" alt=\"\" \/>\t\t\t\t\t\t\t\t\t\t\t\t\t<\/div>\n\t\t\t\t<\/div>\n\t\t<div class=\"elementor-element elementor-element-e69af6d e-grid e-con-boxed e-con e-child\" data-id=\"e69af6d\" data-element_type=\"container\">\n\t\t\t\t\t<div class=\"e-con-inner\">\n\t\t\t\t<div class=\"elementor-element elementor-element-00dcd69 elementor-widget elementor-widget-image\" data-id=\"00dcd69\" data-element_type=\"widget\" data-widget_type=\"image.default\">\n\t\t\t\t<div class=\"elementor-widget-container\">\n\t\t\t\t\t\t\t\t\t\t\t\t\t<img loading=\"lazy\" decoding=\"async\" width=\"1\" height=\"1\" src=\"https:\/\/www.zonelenviro.com\/wp-content\/uploads\/2024\/03\/magnetic-filter-with-food-grade.webp\" class=\"attachment-large size-large wp-image-5049\" alt=\"\" \/>\t\t\t\t\t\t\t\t\t\t\t\t\t<\/div>\n\t\t\t\t<\/div>\n\t\t<div class=\"elementor-element elementor-element-5f719af e-grid e-con-boxed e-con e-child\" data-id=\"5f719af\" data-element_type=\"container\">\n\t\t\t\t\t<div class=\"e-con-inner\">\n\t\t\t\t<div class=\"elementor-element elementor-element-a963774 elementor-widget elementor-widget-image\" data-id=\"a963774\" data-element_type=\"widget\" data-widget_type=\"image.default\">\n\t\t\t\t<div class=\"elementor-widget-container\">\n\t\t\t\t\t\t\t\t\t\t\t\t\t<img loading=\"lazy\" decoding=\"async\" width=\"1\" height=\"1\" src=\"https:\/\/www.zonelenviro.com\/wp-content\/uploads\/2024\/03\/magnetic-filter-for-bag-filter-housing.webp\" class=\"attachment-large size-large wp-image-5052\" alt=\"\" \/>\t\t\t\t\t\t\t\t\t\t\t\t\t<\/div>\n\t\t\t\t<\/div>\n\t\t\t\t\t<\/div>\n\t\t\t\t<\/div>\n\t\t\t\t\t<\/div>\n\t\t\t\t<\/div>\n\t\t\t\t\t<\/div>\n\t\t\t\t<\/div>\n\t\t\t\t\t<\/div>\n\t\t\t\t<\/div>\n\t\t\t\t\t<\/div>\n\t\t\t\t<\/div>\n\t\t\t\t\t<\/div>\n\t\t\t\t<\/div>\n\t\t\t\t<\/div>\n\t\t","protected":false},"excerpt":{"rendered":"<p>O filtro magn\u00e9tico tamb\u00e9m chamado de removedor de ferro magn\u00e9tico forte, que combinado com v\u00e1rias hastes magn\u00e9ticas permanentes com um circuito magn\u00e9tico especialmente projetado, quando o l\u00edquido passa, as part\u00edculas de ferro (0,5 ~ 60 m\u00edcrons) ou outros pequenos objetos magn\u00e9ticos na solu\u00e7\u00e3o polu\u00edda ser\u00e3o absorvido nas hastes magn\u00e9ticas para limpar o l\u00edquido de acordo com o projeto ou requisitos.<\/p>\n","protected":false},"featured_media":5047,"template":"","meta":{"site-sidebar-layout":"no-sidebar","site-content-layout":"page-builder","ast-site-content-layout":"full-width-container","site-content-style":"default","site-sidebar-style":"default","ast-global-header-display":"","ast-banner-title-visibility":"","ast-main-header-display":"","ast-hfb-above-header-display":"","ast-hfb-below-header-display":"","ast-hfb-mobile-header-display":"","site-post-title":"disabled","ast-breadcrumbs-content":"","ast-featured-img":"disabled","footer-sml-layout":"","theme-transparent-header-meta":"default","adv-header-id-meta":"","stick-header-meta":"","header-above-stick-meta":"","header-main-stick-meta":"","header-below-stick-meta":"","astra-migrate-meta-layouts":"set","ast-page-background-enabled":"default","ast-page-background-meta":{"desktop":{"background-color":"","background-image":"","background-repeat":"repeat","background-position":"center center","background-size":"auto","background-attachment":"scroll","background-type":"","background-media":"","overlay-type":"","overlay-color":"","overlay-opacity":"","overlay-gradient":""},"tablet":{"background-color":"","background-image":"","background-repeat":"repeat","background-position":"center center","background-size":"auto","background-attachment":"scroll","background-type":"","background-media":"","overlay-type":"","overlay-color":"","overlay-opacity":"","overlay-gradient":""},"mobile":{"background-color":"","background-image":"","background-repeat":"repeat","background-position":"center center","background-size":"auto","background-attachment":"scroll","background-type":"","background-media":"","overlay-type":"","overlay-color":"","overlay-opacity":"","overlay-gradient":""}},"ast-content-background-meta":{"desktop":{"background-color":"var(--ast-global-color-5)","background-image":"","background-repeat":"repeat","background-position":"center center","background-size":"auto","background-attachment":"scroll","background-type":"","background-media":"","overlay-type":"","overlay-color":"","overlay-opacity":"","overlay-gradient":""},"tablet":{"background-color":"var(--ast-global-color-5)","background-image":"","background-repeat":"repeat","background-position":"center center","background-size":"auto","background-attachment":"scroll","background-type":"","background-media":"","overlay-type":"","overlay-color":"","overlay-opacity":"","overlay-gradient":""},"mobile":{"background-color":"var(--ast-global-color-5)","background-image":"","background-repeat":"repeat","background-position":"center center","background-size":"auto","background-attachment":"scroll","background-type":"","background-media":"","overlay-type":"","overlay-color":"","overlay-opacity":"","overlay-gradient":""}}},"product_brand":[],"product_cat":[72],"product_tag":[],"class_list":{"0":"post-5046","1":"product","2":"type-product","3":"status-publish","4":"has-post-thumbnail","6":"product_cat-filtro-liquido","7":"desktop-align-left","8":"tablet-align-left","9":"mobile-align-left","11":"first","12":"instock","13":"shipping-taxable","14":"product-type-simple"},"_links":{"self":[{"href":"https:\/\/www.zonelenviro.com\/pt-br\/wp-json\/wp\/v2\/product\/5046","targetHints":{"allow":["GET"]}}],"collection":[{"href":"https:\/\/www.zonelenviro.com\/pt-br\/wp-json\/wp\/v2\/product"}],"about":[{"href":"https:\/\/www.zonelenviro.com\/pt-br\/wp-json\/wp\/v2\/types\/product"}],"version-history":[{"count":0,"href":"https:\/\/www.zonelenviro.com\/pt-br\/wp-json\/wp\/v2\/product\/5046\/revisions"}],"wp:featuredmedia":[{"embeddable":true,"href":"https:\/\/www.zonelenviro.com\/pt-br\/wp-json\/wp\/v2\/media\/5047"}],"wp:attachment":[{"href":"https:\/\/www.zonelenviro.com\/pt-br\/wp-json\/wp\/v2\/media?parent=5046"}],"wp:term":[{"taxonomy":"product_brand","embeddable":true,"href":"https:\/\/www.zonelenviro.com\/pt-br\/wp-json\/wp\/v2\/product_brand?post=5046"},{"taxonomy":"product_cat","embeddable":true,"href":"https:\/\/www.zonelenviro.com\/pt-br\/wp-json\/wp\/v2\/product_cat?post=5046"},{"taxonomy":"product_tag","embeddable":true,"href":"https:\/\/www.zonelenviro.com\/pt-br\/wp-json\/wp\/v2\/product_tag?post=5046"}],"curies":[{"name":"wp","href":"https:\/\/api.w.org\/{rel}","templated":true}]}}