{"id":5055,"date":"2024-03-19T10:51:00","date_gmt":"2024-03-19T02:51:00","guid":{"rendered":"https:\/\/www.zonelenviro.com\/flour-meshes-plansifter-connector-sleeves-cleaner-pads-for-flour-mills\/"},"modified":"2024-04-26T11:08:54","modified_gmt":"2024-04-26T03:08:54","slug":"flour-meshes-plansifter-connector-sleeves-cleaner-pads-for-flour-mills","status":"publish","type":"product","link":"https:\/\/www.zonelenviro.com\/pt-br\/malhas-de-farinha-plano-peneira-conector-luvas-almofadas-de-limpeza-para-moinhos-de-farinha.html","title":{"rendered":"Malhas de farinha, mangas de conector Plansifter, almofadas de limpeza para moinhos de farinha"},"content":{"rendered":"<p><strong>Malha de tela de farinha de poli\u00e9ster<\/strong><\/p>\n<p>Introdu\u00e7\u00e3o geral: Zonel Filtech fornece uma gama completa de malhas de triagem de farinha de poli\u00e9ster.<\/p>\n<p>Propriedades: tamanho aberto igual e pontual, alta resist\u00eancia \u00e0 tra\u00e7\u00e3o, tamanho est\u00e1vel, resist\u00eancia \u00e0 abras\u00e3o e materiais de qualidade alimentar f\u00e1ceis de limpar.<\/p>\n<p>Aplica\u00e7\u00f5es: Para enfarinhar peneiras, etc.<\/p>\n<p>Os par\u00e2metros t\u00edpicos:<\/p>\n<p><img fetchpriority=\"high\" decoding=\"async\" class=\"alignnone size-full wp-image-1142\" src=\"https:\/\/www.zonelenviro.com\/wp-content\/uploads\/2024\/03\/DMP.jpg\" alt=\"\" width=\"701\" height=\"438\" \/><\/p>\n<p><strong>Malha de tela de farinha de poliamida (PA)\/Nylon<\/strong><\/p>\n<p><strong>Introdu\u00e7\u00e3o geral:<\/strong> Zonel Filtech fornece uma gama completa de malhas de peneiramento de farinha PA.<\/p>\n<p><strong>Propriedades:<\/strong> Tamanho aberto igual e pontual, tamanho est\u00e1vel, flexibilidade perfeita, resist\u00eancia ao calor, menor absor\u00e7\u00e3o de umidade, combina\u00e7\u00e3o perfeita com material fotossens\u00edvel, superf\u00edcie lisa e f\u00e1cil de regenerar.<\/p>\n<p><strong>Formul\u00e1rios:<\/strong><br \/>\nPara peneiras de farinha, etc.<\/p>\n<p><strong>Os par\u00e2metros t\u00edpicos:<\/strong><\/p>\n<p><img decoding=\"async\" class=\"alignnone size-full wp-image-1145\" src=\"https:\/\/www.zonelenviro.com\/wp-content\/uploads\/2024\/03\/Polyamide-flour-screen-mesh.jpg\" alt=\"\" width=\"700\" height=\"593\" \/><\/p>\n<p><strong>Mangas de conector Plansifter, mangas de entrada e sa\u00edda de peneira plana<\/strong><\/p>\n<p><img decoding=\"async\" class=\"alignnone size-full wp-image-1147\" src=\"https:\/\/www.zonelenviro.com\/wp-content\/uploads\/2024\/03\/plansifter-connector-sleeves-inlet-and-outlet-connector-sleeves.jpg\" alt=\"\" width=\"829\" height=\"554\" \/><\/p>\n<p>As mangas do conector do Planifter da Zonel Filtech s\u00e3o feitas de tecidos filtrantes el\u00e1sticos de n\u00e1ilon, combinados com an\u00e9is de suporte de HDPE\/n\u00e1ilon no meio, extremidades duplas com tiras el\u00e1sticas projetadas para serem convenientes para instala\u00e7\u00e3o.<\/p>\n<p>As mangas do conector de entrada e sa\u00edda do Planifter da Zonel Filtech com propriedades de material flex\u00edvel de qualidade alimentar (certificado de qualidade alimentar da UE) e alta resist\u00eancia \u00e0 tra\u00e7\u00e3o, podem coletar bem a farinha, mas podem passar o ar, o que ajuda a manter o moinho de farinha e outros m\u00e1quinas limpas, f\u00e1ceis de instalar e dur\u00e1veis, o tamanho especial pode ser personalizado.<\/p>\n<p><strong>Almofadas de peneira de algod\u00e3o, almofadas Plansifter, limpador Plansifter<\/strong><\/p>\n<p><img loading=\"lazy\" decoding=\"async\" class=\"alignnone size-full wp-image-1148\" src=\"https:\/\/www.zonelenviro.com\/wp-content\/uploads\/2024\/03\/plansifter-cleaner-pads.jpg\" alt=\"\" width=\"829\" height=\"554\" \/><\/p>\n<p><strong>Especifica\u00e7\u00e3o:<\/strong><br \/>\n1) nome:almofadas de peneira de algod\u00e3o (almofadas de planifter, limpador de planfifter, acess\u00f3rios planfifter, almofadas de malha, limpador de peneira, tecidos de moagem.<br \/>\n2) material 100% algod\u00e3o<br \/>\n3) tamanho padr\u00e3o: 75 mm de comprimento x 58 mm de largura x 8 mm de espessura<br \/>\n4) rebite: controle deslizante de metal com placa cromada<br \/>\n5) embalagem: 500 pe\u00e7as por caixa<\/p>\n<p><strong>Vantagens:<\/strong><br \/>\nZonel Filtech aprimorou este produto de acordo com a sugest\u00e3o de nossos usu\u00e1rios finais, esses produtos s\u00e3o \u00fanicos, e sua espessura e dureza s\u00e3o especialmente projetadas e muito bem utilizadas por nossos clientes localmente e no exterior.<br \/>\nO tipo algod\u00e3o reduz os danos da peneira e pode prolongar sua vida \u00fatil.<\/p>\n<p><strong>Aplicativo:<\/strong><br \/>\nComo limpador de planejadores em moinhos de farinha.<br \/>\n\u00c9 instalado entre a superf\u00edcie da tela e a malha de a\u00e7o, fazendo movimentos regulares sob a superf\u00edcie da tela.<\/p>\n<p><strong>Escovas para peneirar farinha, escovas para limpador de peneira de farinha<\/strong><\/p>\n<p>Escovas para peneiras de farinha, escovas para limpeza de farinha, gran\u00e9is para limpeza de PU, gran\u00e9is para limpeza de peneiras de farinha, almofadas para limpeza de peneiras de farinha<\/p>\n<p>A escova limpadora de farinha da Zonel Filtech adotou pl\u00e1stico ultrapol\u00edmero, que possui propriedades de resist\u00eancia ao desgaste e n\u00e3o deforma\u00e7\u00e3o.<br \/>\nAs cerdas dos pinc\u00e9is de farinha s\u00e3o feitas de crina de cavalo ou monofilamento de n\u00e1ilon antiest\u00e1tico ou cavanhaque, que combina bem com o cabo do pincel de farinha e n\u00e3o cai.<br \/>\nA escova com grande \u00e2ngulo de chanfro para garantir que a \u00e1rea de contato com a superf\u00edcie da tela seja maior, o que ajudar\u00e1 a aumentar a limpeza da tela de forma eficaz.<\/p>\n<p><img loading=\"lazy\" decoding=\"async\" class=\"alignnone size-full wp-image-1153\" src=\"https:\/\/www.zonelenviro.com\/wp-content\/uploads\/2024\/03\/flour-sieve-brush-flour-sifter-brush.jpg\" alt=\"\" width=\"829\" height=\"554\" \/><\/p>\n<p><img loading=\"lazy\" decoding=\"async\" class=\"alignnone size-full wp-image-1154\" src=\"https:\/\/www.zonelenviro.com\/wp-content\/uploads\/2024\/03\/flour-sifter-brush.jpg\" alt=\"\" width=\"829\" height=\"554\" \/><\/p>\n<p><img loading=\"lazy\" decoding=\"async\" class=\"alignnone size-full wp-image-1158\" src=\"https:\/\/www.zonelenviro.com\/wp-content\/uploads\/2024\/03\/flour-sifter-cleaner-bulks-2.jpg\" alt=\"\" width=\"829\" height=\"554\" \/><\/p>\n<p>&nbsp;<\/p>\n<p><img loading=\"lazy\" decoding=\"async\" class=\"alignnone size-full wp-image-1159\" src=\"https:\/\/www.zonelenviro.com\/wp-content\/uploads\/2024\/03\/flour-sieve-cleaner-bulks-3.jpg\" alt=\"\" width=\"829\" height=\"554\" \/><\/p>\n<p>O limpador de peneira de farinha de pl\u00e1stico em forma de diamante pode manter o tamanho est\u00e1vel e el\u00e1stico ap\u00f3s um longo tempo de opera\u00e7\u00e3o, o limpador de pl\u00e1stico de diamante adequado para peneiras de intervalo pequeno que pode ajudar a minimizar o desgaste da estrutura devido ao design de pequeno peso ao reduzir a parte central, sempre com o desempenho de limpeza perfeito.<\/p>\n<p><img loading=\"lazy\" decoding=\"async\" class=\"alignnone size-full wp-image-1161\" src=\"https:\/\/www.zonelenviro.com\/wp-content\/uploads\/2024\/03\/flour-cleaner-bulks-1.jpg\" alt=\"\" width=\"829\" height=\"554\" \/><\/p>\n<p>Nos grandes volumes de limpeza triangulares com pinos, a espessura do material aumentou, mas os furos intermedi\u00e1rios ajudam a reduzir a press\u00e3o sobre o material, aumentaram a efici\u00eancia de limpeza, dur\u00e1veis \u200b\u200btanto para os volumes de limpeza quanto para as peneiras de farinha.<\/p>\n<p><img loading=\"lazy\" decoding=\"async\" class=\"alignnone size-full wp-image-1162\" src=\"https:\/\/www.zonelenviro.com\/wp-content\/uploads\/2024\/03\/cleaner-bulks-1.jpg\" alt=\"\" width=\"829\" height=\"554\" \/><\/p>\n<p>Novo limpador de peneira estrela com pinos.<\/p>\n<p><img loading=\"lazy\" decoding=\"async\" class=\"alignnone size-full wp-image-1165\" src=\"https:\/\/www.zonelenviro.com\/wp-content\/uploads\/2024\/03\/flour-sieve-cleaner.jpg\" alt=\"\" width=\"829\" height=\"554\" \/><\/p>\n<p>&nbsp;<\/p>\n<div id=\"gtx-trans\" style=\"position: absolute; left: -6px; top: 7314.23px;\">\n<div class=\"gtx-trans-icon\"><\/div>\n<\/div>\n","protected":false},"excerpt":{"rendered":"<p>Zonel Filtech \u00e9 um dos fabricantes de materiais de filtro mais profissionais, equipado com os mais avan\u00e7ados teares de proj\u00e9teis &#8211; Sulzer e m\u00e1quinas de tratamento de acabamento que podem oferecer uma gama completa de malhas de farinha. As malhas de farinha da Zonel Filtech com propriedades de tamanho aberto igual e pontual, alta resist\u00eancia \u00e0 tra\u00e7\u00e3o, tamanho est\u00e1vel, resist\u00eancia \u00e0 abras\u00e3o e materiais de qualidade alimentar f\u00e1ceis de limpar.<\/p>\n<p>Al\u00e9m das malhas de farinha, a Zonel Filtech tamb\u00e9m fornece as mangas de entrada e sa\u00edda do Planifter. A manga do planner adota tecidos filtrantes de poli\u00e9ster, combinados com os an\u00e9is de suporte no meio, pontas duplas com design el\u00e1stico para facilitar a instala\u00e7\u00e3o. As mangas peneiradoras planas para entrada e sa\u00edda da Zonel Filtech com propriedades flex\u00edveis, de alta resist\u00eancia \u00e0 tra\u00e7\u00e3o, respir\u00e1veis, mas n\u00e3o vazam farinha, f\u00e1ceis de instalar e dur\u00e1veis, o tamanho especial pode ser personalizado.<\/p>\n<p>Zonel Filtech tamb\u00e9m fornece almofadas de limpeza de planifter\/almofadas de algod\u00e3o de boa qualidade. Se precisar de alguma ajuda, entre em contato conosco!<\/p>\n","protected":false},"featured_media":5056,"template":"","meta":{"site-sidebar-layout":"default","site-content-layout":"","ast-site-content-layout":"default","site-content-style":"default","site-sidebar-style":"default","ast-global-header-display":"","ast-banner-title-visibility":"","ast-main-header-display":"","ast-hfb-above-header-display":"","ast-hfb-below-header-display":"","ast-hfb-mobile-header-display":"","site-post-title":"","ast-breadcrumbs-content":"","ast-featured-img":"","footer-sml-layout":"","theme-transparent-header-meta":"default","adv-header-id-meta":"","stick-header-meta":"","header-above-stick-meta":"","header-main-stick-meta":"","header-below-stick-meta":"","astra-migrate-meta-layouts":"set","ast-page-background-enabled":"default","ast-page-background-meta":{"desktop":{"background-color":"","background-image":"","background-repeat":"repeat","background-position":"center center","background-size":"auto","background-attachment":"scroll","background-type":"","background-media":"","overlay-type":"","overlay-color":"","overlay-opacity":"","overlay-gradient":""},"tablet":{"background-color":"","background-image":"","background-repeat":"repeat","background-position":"center center","background-size":"auto","background-attachment":"scroll","background-type":"","background-media":"","overlay-type":"","overlay-color":"","overlay-opacity":"","overlay-gradient":""},"mobile":{"background-color":"","background-image":"","background-repeat":"repeat","background-position":"center center","background-size":"auto","background-attachment":"scroll","background-type":"","background-media":"","overlay-type":"","overlay-color":"","overlay-opacity":"","overlay-gradient":""}},"ast-content-background-meta":{"desktop":{"background-color":"var(--ast-global-color-5)","background-image":"","background-repeat":"repeat","background-position":"center center","background-size":"auto","background-attachment":"scroll","background-type":"","background-media":"","overlay-type":"","overlay-color":"","overlay-opacity":"","overlay-gradient":""},"tablet":{"background-color":"var(--ast-global-color-5)","background-image":"","background-repeat":"repeat","background-position":"center center","background-size":"auto","background-attachment":"scroll","background-type":"","background-media":"","overlay-type":"","overlay-color":"","overlay-opacity":"","overlay-gradient":""},"mobile":{"background-color":"var(--ast-global-color-5)","background-image":"","background-repeat":"repeat","background-position":"center center","background-size":"auto","background-attachment":"scroll","background-type":"","background-media":"","overlay-type":"","overlay-color":"","overlay-opacity":"","overlay-gradient":""}}},"product_brand":[],"product_cat":[79],"product_tag":[],"class_list":{"0":"post-5055","1":"product","2":"type-product","3":"status-publish","4":"has-post-thumbnail","6":"product_cat-outros-produtos-pt-br","7":"desktop-align-left","8":"tablet-align-left","9":"mobile-align-left","11":"first","12":"instock","13":"shipping-taxable","14":"product-type-simple"},"_links":{"self":[{"href":"https:\/\/www.zonelenviro.com\/pt-br\/wp-json\/wp\/v2\/product\/5055","targetHints":{"allow":["GET"]}}],"collection":[{"href":"https:\/\/www.zonelenviro.com\/pt-br\/wp-json\/wp\/v2\/product"}],"about":[{"href":"https:\/\/www.zonelenviro.com\/pt-br\/wp-json\/wp\/v2\/types\/product"}],"version-history":[{"count":0,"href":"https:\/\/www.zonelenviro.com\/pt-br\/wp-json\/wp\/v2\/product\/5055\/revisions"}],"wp:featuredmedia":[{"embeddable":true,"href":"https:\/\/www.zonelenviro.com\/pt-br\/wp-json\/wp\/v2\/media\/5056"}],"wp:attachment":[{"href":"https:\/\/www.zonelenviro.com\/pt-br\/wp-json\/wp\/v2\/media?parent=5055"}],"wp:term":[{"taxonomy":"product_brand","embeddable":true,"href":"https:\/\/www.zonelenviro.com\/pt-br\/wp-json\/wp\/v2\/product_brand?post=5055"},{"taxonomy":"product_cat","embeddable":true,"href":"https:\/\/www.zonelenviro.com\/pt-br\/wp-json\/wp\/v2\/product_cat?post=5055"},{"taxonomy":"product_tag","embeddable":true,"href":"https:\/\/www.zonelenviro.com\/pt-br\/wp-json\/wp\/v2\/product_tag?post=5055"}],"curies":[{"name":"wp","href":"https:\/\/api.w.org\/{rel}","templated":true}]}}