{"id":5178,"date":"2024-03-19T09:07:37","date_gmt":"2024-03-19T01:07:37","guid":{"rendered":"https:\/\/www.zonelenviro.com\/ptfe-needle-felt-filter-cloth-ptfe-filter-bag\/"},"modified":"2024-04-26T14:30:35","modified_gmt":"2024-04-26T06:30:35","slug":"ptfe-needle-felt-filter-cloth-ptfe-filter-bag","status":"publish","type":"product","link":"https:\/\/www.zonelenviro.com\/pt-br\/ptfe-needle-felt-filter-cloth-ptfe-filter-bag.html","title":{"rendered":"Pano de filtro de feltro de agulha de PTFE e amp; Saco de filtro PTFE"},"content":{"rendered":"\t\t<div data-elementor-type=\"product-post\" data-elementor-id=\"5178\" class=\"elementor elementor-5178 elementor-998\" data-elementor-post-type=\"product\">\n\t\t\t\t<div class=\"elementor-element elementor-element-b5a21ad e-flex e-con-boxed e-con e-parent\" data-id=\"b5a21ad\" data-element_type=\"container\">\n\t\t\t\t\t<div class=\"e-con-inner\">\n\t\t\t\t<div class=\"elementor-element elementor-element-46ffee8 elementor-widget elementor-widget-text-editor\" data-id=\"46ffee8\" data-element_type=\"widget\" data-widget_type=\"text-editor.default\">\n\t\t\t\t<div class=\"elementor-widget-container\">\n\t\t\t\t\t\t\t<p><strong>Pano de filtro de feltro agulha PTFE\/sacos de filtro de teflon para coleta de poeira<\/strong><\/p>\t\t\t\t\t\t<\/div>\n\t\t\t\t<\/div>\n\t\t\t\t\t<\/div>\n\t\t\t\t<\/div>\n\t\t<div class=\"elementor-element elementor-element-d109bed e-flex e-con-boxed e-con e-parent\" data-id=\"d109bed\" data-element_type=\"container\">\n\t\t\t\t\t<div class=\"e-con-inner\">\n\t\t\t\t<div class=\"elementor-element elementor-element-790dbd3 elementor-widget elementor-widget-text-editor\" data-id=\"790dbd3\" data-element_type=\"widget\" data-widget_type=\"text-editor.default\">\n\t\t\t\t<div class=\"elementor-widget-container\">\n\t\t\t\t\t\t\t<p><strong>Introdu\u00e7\u00e3o geral do pano de filtro de feltro agulhado de PTFE:<\/strong><\/p><p>PTFE (politetrafluoretileno) tamb\u00e9m chamado de Teflon que sempre \u00e9 tratado como o REI dos pl\u00e1sticos devido \u00e0s propriedades de resist\u00eancia a altas temperaturas (m\u00e1ximo pode suportar 280 graus C), resist\u00eancia \u00e0 corros\u00e3o (adequado para PH1 ~ 14), vida \u00fatil mais longa, n\u00e3o- pegajoso, etc. Assim, a fibra de PTFE \u00e9 uma excelente mat\u00e9ria-prima inata para a produ\u00e7\u00e3o de panos de filtro industriais. O pano de filtro de PTFE (pano de filtro de teflon) da Zonel Filtech oferece principalmente um pano de filtro de feltro de agulha de PTFE (pano de filtro de feltro de agulha de teflon).<\/p><p>Zonel Filtech adotou 100% de fibra de <strong>PTFE (Teflon) de primeiro grau e tecido de filamento de PTFE<\/strong>, ent\u00e3o bem perfurado com agulha em feltro, ap\u00f3s o tratamento de acabamento especial, como chamuscado e esmaltado, ajuste de calor, banho de suspens\u00e3o de PTFE e membrana de PTFE laminada, a agulha de Teflon pano de filtro de feltro (material de filtro de politetrafluoretileno) pode ser amplamente utilizado em v\u00e1rias ocasi\u00f5es industriais para coleta de poeira (saco de filtro de p\u00f3 de PTFE) e filtragem de l\u00edquidos (saco de filtro de PTFE \/ Teflon com classifica\u00e7\u00e3o de m\u00edcron).<\/p><p>E a Zonel Filtech pode oferecer rolos de tecido de filtro de PTFE (feltro de agulha de PTFE para coleta de poeira e pano de filtro de l\u00edquido de PTFE\/pano de filtro de PTFE com classifica\u00e7\u00e3o de m\u00edcron) e bolsas de filtro de PTFE prontas (sacos de filtro de Teflon).<\/p><p>Qualquer ajuda necess\u00e1ria, entre em contato com Zonel Filtech!<\/p><p><strong>Especifica\u00e7\u00e3o relevante para o feltro de agulha de PTFE (politetrafluoretileno, Teflon):<\/strong><\/p><p><strong>Material: fibra 100% PTFE (politetrafluoretileno, Teflon), suportada com tela de filamento de PTFE (politetrafluoretileno, Teflon)<\/strong><\/p><p>Peso: 750 ~ 950 g\/m\u00b2<\/p><p>Temperatura de Opera\u00e7\u00e3o: Continua: \u2264260\u2103; Picos: 280 \u2103<\/p><p>Tratamento de superf\u00edcie dispon\u00edvel: chamuscado e esmaltado, conjunto t\u00e9rmico, banho de suspens\u00e3o de PTFE, membrana de PTFE, tratamento de superf\u00edcie de tamanho de micro poros.<\/p><p>Podemos personalizar os produtos de acordo com as necessidades dos clientes!<\/p>\t\t\t\t\t\t<\/div>\n\t\t\t\t<\/div>\n\t\t\t\t\t<\/div>\n\t\t\t\t<\/div>\n\t\t<div class=\"elementor-element elementor-element-c6da9b4 e-flex e-con-boxed e-con e-parent\" data-id=\"c6da9b4\" data-element_type=\"container\">\n\t\t\t\t\t<div class=\"e-con-inner\">\n\t\t\t\t<div class=\"elementor-element elementor-element-def86f4 elementor-widget elementor-widget-text-editor\" data-id=\"def86f4\" data-element_type=\"widget\" data-widget_type=\"text-editor.default\">\n\t\t\t\t<div class=\"elementor-widget-container\">\n\t\t\t\t\t\t\t<p><strong>As propriedades dos sacos de filtro de poeira de teflon (feitos de pano de filtro de PTFE<\/strong><\/p><div id=\"gtx-trans\" style=\"position: absolute; left: -5px; top: -3px;\"><div class=\"gtx-trans-icon\">\u00a0<\/div><\/div>\t\t\t\t\t\t<\/div>\n\t\t\t\t<\/div>\n\t\t\t\t\t<\/div>\n\t\t\t\t<\/div>\n\t\t<div class=\"elementor-element elementor-element-521a7a0 e-flex e-con-boxed e-con e-parent\" data-id=\"521a7a0\" data-element_type=\"container\">\n\t\t\t\t\t<div class=\"e-con-inner\">\n\t\t\t\t<div class=\"elementor-element elementor-element-055065b elementor-widget elementor-widget-text-editor\" data-id=\"055065b\" data-element_type=\"widget\" data-widget_type=\"text-editor.default\">\n\t\t\t\t<div class=\"elementor-widget-container\">\n\t\t\t\t\t\t\t<p>1.Resist\u00eancia a altas temperaturas, temperatura de opera\u00e7\u00e3o cont\u00ednua pode at\u00e9 260 graus C, opera\u00e7\u00e3o instant\u00e2nea pode at\u00e9 280 graus C.<\/p><p>2.Produ\u00e7\u00e3o em larga escala dispon\u00edvel, com pre\u00e7o muito mais barato quando comparado ao anterior.<\/p><p>3.Pode ser usado em toda a faixa de PH.<\/p><p>4. Longa vida \u00fatil, como de costume, pode ser superior a 4 anos.<\/p><p>5. Toda a produ\u00e7\u00e3o tocou com v\u00e1rios usos est\u00e3o dispon\u00edveis.<\/p>\t\t\t\t\t\t<\/div>\n\t\t\t\t<\/div>\n\t\t\t\t\t<\/div>\n\t\t\t\t<\/div>\n\t\t<div class=\"elementor-element elementor-element-78c0467 e-flex e-con-boxed e-con e-parent\" data-id=\"78c0467\" data-element_type=\"container\">\n\t\t\t\t\t<div class=\"e-con-inner\">\n\t\t\t\t<div class=\"elementor-element elementor-element-a56e464 elementor-widget elementor-widget-text-editor\" data-id=\"a56e464\" data-element_type=\"widget\" data-widget_type=\"text-editor.default\">\n\t\t\t\t<div class=\"elementor-widget-container\">\n\t\t\t\t\t\t\t<p><strong>Principais aplica\u00e7\u00f5es das mangas filtrantes de PTFE<\/strong><\/p><div id=\"gtx-trans\" style=\"position: absolute; left: 10px; top: -3px;\"><div class=\"gtx-trans-icon\">\u00a0<\/div><\/div>\t\t\t\t\t\t<\/div>\n\t\t\t\t<\/div>\n\t\t\t\t\t<\/div>\n\t\t\t\t<\/div>\n\t\t<div class=\"elementor-element elementor-element-82be846 e-flex e-con-boxed e-con e-parent\" data-id=\"82be846\" data-element_type=\"container\">\n\t\t\t\t\t<div class=\"e-con-inner\">\n\t\t\t\t<div class=\"elementor-element elementor-element-a9ac907 elementor-widget elementor-widget-text-editor\" data-id=\"a9ac907\" data-element_type=\"widget\" data-widget_type=\"text-editor.default\">\n\t\t\t\t<div class=\"elementor-widget-container\">\n\t\t\t\t\t\t\t<p>O pano de filtro de PTFE \u00e9 um material especial com boa resist\u00eancia a \u00e1lcalis e \u00e1cidos, anti-hidr\u00f3lise, dimens\u00e3o f\u00edsica est\u00e1vel, usado principalmente em caldeiras a carv\u00e3o, incinera\u00e7\u00e3o de res\u00edduos, produ\u00e7\u00e3o de negro de fumo, produ\u00e7\u00e3o de Tio2 para remo\u00e7\u00e3o de fuma\u00e7a ou coleta de poeira (saco de filtro de poeira de PTFE ), bem como alguma filtragem de l\u00edquido corrosivo ou de alta temperatura (saco de filtro de l\u00edquido PTFE).<\/p><p>Zonel<\/p><p>ISO9001:2015<\/p>\t\t\t\t\t\t<\/div>\n\t\t\t\t<\/div>\n\t\t\t\t\t<\/div>\n\t\t\t\t<\/div>\n\t\t<div class=\"elementor-element elementor-element-1340de3 e-grid e-con-boxed e-con e-parent\" data-id=\"1340de3\" data-element_type=\"container\">\n\t\t\t\t\t<div class=\"e-con-inner\">\n\t\t\t\t<div class=\"elementor-element elementor-element-de202bb elementor-widget elementor-widget-image\" data-id=\"de202bb\" data-element_type=\"widget\" data-widget_type=\"image.default\">\n\t\t\t\t<div class=\"elementor-widget-container\">\n\t\t\t\t\t\t\t\t\t\t\t\t\t<img decoding=\"async\" width=\"1\" height=\"1\" src=\"https:\/\/www.zonelenviro.com\/wp-content\/uploads\/2024\/03\/PTFE-needle-felt-filtr-bags.webp\" class=\"attachment-large size-large wp-image-5179\" alt=\"\" \/>\t\t\t\t\t\t\t\t\t\t\t\t\t<\/div>\n\t\t\t\t<\/div>\n\t\t\t\t<div class=\"elementor-element elementor-element-5b2aba2 elementor-widget elementor-widget-image\" data-id=\"5b2aba2\" data-element_type=\"widget\" data-widget_type=\"image.default\">\n\t\t\t\t<div class=\"elementor-widget-container\">\n\t\t\t\t\t\t\t\t\t\t\t\t\t<img decoding=\"async\" width=\"1\" height=\"1\" src=\"https:\/\/www.zonelenviro.com\/wp-content\/uploads\/2024\/03\/PTFE-needle-felt-filter-cloth.webp\" class=\"attachment-large size-large wp-image-5183\" alt=\"\" \/>\t\t\t\t\t\t\t\t\t\t\t\t\t<\/div>\n\t\t\t\t<\/div>\n\t\t\t\t<div class=\"elementor-element elementor-element-0530a67 elementor-widget elementor-widget-image\" data-id=\"0530a67\" data-element_type=\"widget\" data-widget_type=\"image.default\">\n\t\t\t\t<div class=\"elementor-widget-container\">\n\t\t\t\t\t\t\t\t\t\t\t\t\t<img decoding=\"async\" width=\"1\" height=\"1\" src=\"https:\/\/www.zonelenviro.com\/wp-content\/uploads\/2024\/03\/ptfe-teflon-dust-filter-bags.webp\" class=\"attachment-large size-large wp-image-5180\" alt=\"\" \/>\t\t\t\t\t\t\t\t\t\t\t\t\t<\/div>\n\t\t\t\t<\/div>\n\t\t\t\t<div class=\"elementor-element elementor-element-30d9981 elementor-widget elementor-widget-image\" data-id=\"30d9981\" data-element_type=\"widget\" data-widget_type=\"image.default\">\n\t\t\t\t<div class=\"elementor-widget-container\">\n\t\t\t\t\t\t\t\t\t\t\t\t\t<img loading=\"lazy\" decoding=\"async\" width=\"1\" height=\"1\" src=\"https:\/\/www.zonelenviro.com\/wp-content\/uploads\/2024\/03\/PTFE-dust-filter-bags.webp\" class=\"attachment-large size-large wp-image-5182\" alt=\"\" \/>\t\t\t\t\t\t\t\t\t\t\t\t\t<\/div>\n\t\t\t\t<\/div>\n\t\t\t\t<div class=\"elementor-element elementor-element-b152e3d elementor-widget elementor-widget-image\" data-id=\"b152e3d\" data-element_type=\"widget\" data-widget_type=\"image.default\">\n\t\t\t\t<div class=\"elementor-widget-container\">\n\t\t\t\t\t\t\t\t\t\t\t\t\t<img loading=\"lazy\" decoding=\"async\" width=\"1\" height=\"1\" src=\"https:\/\/www.zonelenviro.com\/wp-content\/uploads\/2024\/03\/PTFE-Teflon-needle-felt-filter-cloth-with-PTFE-suspension-bath-and-PTFE-membrane-treatement.webp\" class=\"attachment-large size-large wp-image-5181\" alt=\"\" \/>\t\t\t\t\t\t\t\t\t\t\t\t\t<\/div>\n\t\t\t\t<\/div>\n\t\t\t\t<div class=\"elementor-element elementor-element-fd9efca elementor-widget elementor-widget-image\" data-id=\"fd9efca\" data-element_type=\"widget\" data-widget_type=\"image.default\">\n\t\t\t\t<div class=\"elementor-widget-container\">\n\t\t\t\t\t\t\t\t\t\t\t\t\t<img loading=\"lazy\" decoding=\"async\" width=\"1\" height=\"1\" src=\"https:\/\/www.zonelenviro.com\/wp-content\/uploads\/2024\/03\/PTFE-filter-bag-package.webp\" class=\"attachment-large size-large wp-image-5184\" alt=\"\" \/>\t\t\t\t\t\t\t\t\t\t\t\t\t<\/div>\n\t\t\t\t<\/div>\n\t\t\t\t\t<\/div>\n\t\t\t\t<\/div>\n\t\t\t\t<\/div>\n\t\t","protected":false},"excerpt":{"rendered":"<p>PTFE (politetrafluoretileno) tamb\u00e9m conhecido como Teflon que sempre \u00e9 tratado como o REI dos pl\u00e1sticos devido \u00e0s propriedades de resist\u00eancia a altas temperaturas (m\u00e1ximo pode suportar 280 graus C), resist\u00eancia \u00e0 corros\u00e3o (adequado para PH1 ~ 14), vida \u00fatil mais longa, n\u00e3o -pegajoso, etc. Portanto, a fibra de PTFE \u00e9 uma excelente mat\u00e9ria-prima inata para a produ\u00e7\u00e3o de panos de filtro industriais. O pano de filtro de PTFE (pano de filtro de teflon) da Zonel Filtech oferece principalmente um pano de filtro de feltro de agulha de PTFE (pano de filtro de feltro de agulha de teflon), bem como o tecido de filtro de PTFE tecido. Zonel Filtech adotou 100% de fibra de <strong>PTFE (Teflon) de primeiro grau e tecido de filamento de PTFE<\/strong>, ent\u00e3o bem perfurado com agulha em feltro, ap\u00f3s o tratamento de acabamento especial, o pano de filtro de feltro de agulha de Teflon (material de filtro de politetrafluoretileno) pode ser amplamente utilizado em v\u00e1rias ocasi\u00f5es industriais para coleta de p\u00f3 (saco de filtro de p\u00f3 de PTFE) e filtragem de l\u00edquidos (saco de filtro de PTFE \/ Teflon com classifica\u00e7\u00e3o micron). A Zonel Filtech pode fornecer rolos de tecido de filtro de PTFE (feltro de agulha de PTFE para coleta de poeira e pano de filtro de l\u00edquido de PTFE\/pano de filtro de PTFE com classifica\u00e7\u00e3o de m\u00edcron) e bolsas de filtro de PTFE prontas (sacos de filtro de Teflon).<\/p>\n","protected":false},"featured_media":5179,"template":"","meta":{"site-sidebar-layout":"no-sidebar","site-content-layout":"page-builder","ast-site-content-layout":"full-width-container","site-content-style":"default","site-sidebar-style":"default","ast-global-header-display":"","ast-banner-title-visibility":"","ast-main-header-display":"","ast-hfb-above-header-display":"","ast-hfb-below-header-display":"","ast-hfb-mobile-header-display":"","site-post-title":"disabled","ast-breadcrumbs-content":"","ast-featured-img":"disabled","footer-sml-layout":"","theme-transparent-header-meta":"default","adv-header-id-meta":"","stick-header-meta":"","header-above-stick-meta":"","header-main-stick-meta":"","header-below-stick-meta":"","astra-migrate-meta-layouts":"set","ast-page-background-enabled":"default","ast-page-background-meta":{"desktop":{"background-color":"","background-image":"","background-repeat":"repeat","background-position":"center center","background-size":"auto","background-attachment":"scroll","background-type":"","background-media":"","overlay-type":"","overlay-color":"","overlay-opacity":"","overlay-gradient":""},"tablet":{"background-color":"","background-image":"","background-repeat":"repeat","background-position":"center center","background-size":"auto","background-attachment":"scroll","background-type":"","background-media":"","overlay-type":"","overlay-color":"","overlay-opacity":"","overlay-gradient":""},"mobile":{"background-color":"","background-image":"","background-repeat":"repeat","background-position":"center center","background-size":"auto","background-attachment":"scroll","background-type":"","background-media":"","overlay-type":"","overlay-color":"","overlay-opacity":"","overlay-gradient":""}},"ast-content-background-meta":{"desktop":{"background-color":"var(--ast-global-color-5)","background-image":"","background-repeat":"repeat","background-position":"center center","background-size":"auto","background-attachment":"scroll","background-type":"","background-media":"","overlay-type":"","overlay-color":"","overlay-opacity":"","overlay-gradient":""},"tablet":{"background-color":"var(--ast-global-color-5)","background-image":"","background-repeat":"repeat","background-position":"center center","background-size":"auto","background-attachment":"scroll","background-type":"","background-media":"","overlay-type":"","overlay-color":"","overlay-opacity":"","overlay-gradient":""},"mobile":{"background-color":"var(--ast-global-color-5)","background-image":"","background-repeat":"repeat","background-position":"center center","background-size":"auto","background-attachment":"scroll","background-type":"","background-media":"","overlay-type":"","overlay-color":"","overlay-opacity":"","overlay-gradient":""}}},"product_brand":[],"product_cat":[78],"product_tag":[],"class_list":{"0":"post-5178","1":"product","2":"type-product","3":"status-publish","4":"has-post-thumbnail","6":"product_cat-filtro-de-po-pt-br","7":"desktop-align-left","8":"tablet-align-left","9":"mobile-align-left","11":"first","12":"instock","13":"shipping-taxable","14":"product-type-simple"},"_links":{"self":[{"href":"https:\/\/www.zonelenviro.com\/pt-br\/wp-json\/wp\/v2\/product\/5178","targetHints":{"allow":["GET"]}}],"collection":[{"href":"https:\/\/www.zonelenviro.com\/pt-br\/wp-json\/wp\/v2\/product"}],"about":[{"href":"https:\/\/www.zonelenviro.com\/pt-br\/wp-json\/wp\/v2\/types\/product"}],"version-history":[{"count":0,"href":"https:\/\/www.zonelenviro.com\/pt-br\/wp-json\/wp\/v2\/product\/5178\/revisions"}],"wp:featuredmedia":[{"embeddable":true,"href":"https:\/\/www.zonelenviro.com\/pt-br\/wp-json\/wp\/v2\/media\/5179"}],"wp:attachment":[{"href":"https:\/\/www.zonelenviro.com\/pt-br\/wp-json\/wp\/v2\/media?parent=5178"}],"wp:term":[{"taxonomy":"product_brand","embeddable":true,"href":"https:\/\/www.zonelenviro.com\/pt-br\/wp-json\/wp\/v2\/product_brand?post=5178"},{"taxonomy":"product_cat","embeddable":true,"href":"https:\/\/www.zonelenviro.com\/pt-br\/wp-json\/wp\/v2\/product_cat?post=5178"},{"taxonomy":"product_tag","embeddable":true,"href":"https:\/\/www.zonelenviro.com\/pt-br\/wp-json\/wp\/v2\/product_tag?post=5178"}],"curies":[{"name":"wp","href":"https:\/\/api.w.org\/{rel}","templated":true}]}}