{"id":5250,"date":"2024-03-19T08:55:51","date_gmt":"2024-03-19T00:55:51","guid":{"rendered":"https:\/\/www.zonelenviro.com\/basalt-air-slide-fabric-basalt-air-slide-belt-basalt-air-slide-membrane-basalt-fluidization-fabric\/"},"modified":"2024-04-26T14:47:19","modified_gmt":"2024-04-26T06:47:19","slug":"basalt-air-slide-fabric-basalt-air-slide-belt-basalt-air-slide-membrane-basalt-fluidization-fabric","status":"publish","type":"product","link":"https:\/\/www.zonelenviro.com\/pt-br\/tecido-de-deslizamento-de-ar-de-basalto-tecido-de-deslizamento-de-ar-de-basalto-tecido-de-fluidizacao-de-basalto-membrana-de-deslizamento-de-ar-de-basalto.html","title":{"rendered":"Tecido de corredi\u00e7a de ar de basalto\/Correia de corredi\u00e7a de ar de basalto\/Membrana de corredi\u00e7a de ar de basalto\/Tecido de fluidiza\u00e7\u00e3o de basalto"},"content":{"rendered":"<p><strong>Introdu\u00e7\u00e3o geral do tecido bas\u00e1ltico Air slide<\/strong><\/p>\n<p>O tecido deslizante de ar de alta resist\u00eancia \u00e0 tra\u00e7\u00e3o da marca ZONEL \u00e9 uma lona de cinto usada principalmente para transmiss\u00e3o pneum\u00e1tica de cimento, bauxita, negro de fumo, gesso, gr\u00e3os, farinha e assim por diante, bem como equipado para leito fluidizado e tanque de mistura de p\u00f3\/silo de homogeneiza\u00e7\u00e3o, que com uma permeabilidade ao ar especial e control\u00e1vel pode ajudar a melhorar a efici\u00eancia do transporte, ao mesmo tempo reduzir a polui\u00e7\u00e3o e tamb\u00e9m garantir a uniformidade dos p\u00f3s misturados.<\/p>\n<p>O princ\u00edpio da corredi\u00e7a de ar: Ao transferir os p\u00f3s, os tecidos da corredi\u00e7a de ar combinam-se com o ar comprimido na rampa da corredi\u00e7a de ar e fazem com que o p\u00f3 seco se torne part\u00edculas fluidas, ent\u00e3o as part\u00edculas fluidas fluir\u00e3o da posi\u00e7\u00e3o mais alta para a posi\u00e7\u00e3o inferior (destino) devido \u00e0 gravidade.<\/p>\n<p>Zonel Filtech fornece tecidos de deslizamento de ar de filamento de basalto de boa qualidade\/tecidos de fluidiza\u00e7\u00e3o de basalto para sistemas de deslizamento de ar e uso de homogeneiza\u00e7\u00e3o. O Tecido Basalt Air Slide com propriedades de superf\u00edcie lisa e igual permeabilidade ao ar, constru\u00e7\u00e3o robusta e excelente resist\u00eancia ao calor, com longa vida \u00fatil e desempenho perfeito.<\/p>\n<p><strong>Produtos relevantes:<\/strong><br \/>\nTecido de deslizamento de ar de poli\u00e9ster<br \/>\nTecido deslizante de ar Nomex<br \/>\nSistema de deslizamento de ar<br \/>\nMangueira deslizante de ar<\/p>\n<p>Especifica\u00e7\u00e3o relevante da correia deslizante de ar de basalto da Zonel Filtech<\/p>\n<p>A espessura da correia deslizante de ar de basalto: 3 ~ 10 mm pode ser personalizada.<br \/>\nLargura da membrana deslizante de ar de basalto: m\u00e1x. 2,4 metros.<br \/>\nPermeabilidade ao ar do tecido deslizante de basalto: pode ser personalizado conforme requisitos.<br \/>\nResist\u00eancia \u00e0 tra\u00e7\u00e3o do tecido deslizante de basalto: &gt; 5000N\/4cm.<br \/>\nA temperatura de opera\u00e7\u00e3o da correia deslizante de ar de basalto: -60 graus C a 700 graus C, m\u00e1x. picos: 750 graus C.<\/p>\n<p><strong>As propriedades da membrana deslizante de ar de basalto da Zonel Filtech:<\/strong><br \/>\n1. Veias claras, tamanho est\u00e1vel, alta resist\u00eancia \u00e0 tra\u00e7\u00e3o, v\u00e1rios materiais para escolher de acordo com os diferentes requisitos.<br \/>\n2. Permeabilidade ao ar igual, a toler\u00e2ncia da resist\u00eancia do ar est\u00e1 dentro de \u00b1 10%.<br \/>\n3. Resist\u00eancia a altas temperaturas, resist\u00eancia \u00e0 abras\u00e3o, pouca higroscopicidade, resist\u00eancia \u00e0 corros\u00e3o, menor capacidade adesiva, nunca delamina\u00e7\u00e3o, maior vida \u00fatil.<br \/>\n4. Superf\u00edcie lisa, 100% materiais novos, n\u00e3o vaza poeira, produtos verdes.<br \/>\n5. Os produtos aplic\u00e1veis \u200b\u200bao transporte de materiais com di\u00e2metro de part\u00edcula &lt; 4 mm, temperatura &lt; 750 graus C, teor de umidade &lt; 2%.<\/p>\n<p><strong>A principal aplica\u00e7\u00e3o da tela deslizante de basalto da Zonel Filtech:<\/strong><br \/>\nPara deslizamento de ar ou uso de homogeneiza\u00e7\u00e3o em algumas ocasi\u00f5es de alta temperatura acima de 250 graus C.<\/p>\n<p><strong>Zonel<\/strong><\/p>\n<p><strong>ISO9001:2015<\/strong><\/p>\n<div id=\"gtx-trans\" style=\"position: absolute; left: 448px; top: 943.984px;\">\n<div class=\"gtx-trans-icon\"><\/div>\n<\/div>\n","protected":false},"excerpt":{"rendered":"<p>O tecido deslizante de ar de alta resist\u00eancia \u00e0 tra\u00e7\u00e3o da marca ZONEL \u00e9 uma lona de cinto usada principalmente para transmiss\u00e3o pneum\u00e1tica de cimento, bauxita, negro de fumo, gesso, gr\u00e3os, farinha e assim por diante, bem como equipado para leito fluidizado e tanque de mistura de p\u00f3\/silo de homogeneiza\u00e7\u00e3o, que com uma permeabilidade ao ar especial e control\u00e1vel pode ajudar a melhorar a efici\u00eancia do transporte, ao mesmo tempo reduzir a polui\u00e7\u00e3o e tamb\u00e9m garantir a uniformidade dos p\u00f3s misturados.<\/p>\n<p>Zonel Filtech fornece tecidos de deslizamento de ar de filamento de basalto de boa qualidade\/tecido de fluidiza\u00e7\u00e3o de basalto para sistemas de deslizamento de ar e uso de homogeneiza\u00e7\u00e3o em ocasi\u00f5es de alta temperatura, a temperatura m\u00e1xima pode ser de at\u00e9 700 graus C.<\/p>\n<p>O Tecido Basalt Air Slide com propriedades de superf\u00edcie lisa e igual permeabilidade ao ar, constru\u00e7\u00e3o robusta e excelente resist\u00eancia ao calor, com longa vida \u00fatil e desempenho perfeito.<\/p>\n","protected":false},"featured_media":5251,"template":"","meta":{"site-sidebar-layout":"default","site-content-layout":"","ast-site-content-layout":"default","site-content-style":"default","site-sidebar-style":"default","ast-global-header-display":"","ast-banner-title-visibility":"","ast-main-header-display":"","ast-hfb-above-header-display":"","ast-hfb-below-header-display":"","ast-hfb-mobile-header-display":"","site-post-title":"","ast-breadcrumbs-content":"","ast-featured-img":"","footer-sml-layout":"","theme-transparent-header-meta":"default","adv-header-id-meta":"","stick-header-meta":"","header-above-stick-meta":"","header-main-stick-meta":"","header-below-stick-meta":"","astra-migrate-meta-layouts":"set","ast-page-background-enabled":"default","ast-page-background-meta":{"desktop":{"background-color":"","background-image":"","background-repeat":"repeat","background-position":"center center","background-size":"auto","background-attachment":"scroll","background-type":"","background-media":"","overlay-type":"","overlay-color":"","overlay-opacity":"","overlay-gradient":""},"tablet":{"background-color":"","background-image":"","background-repeat":"repeat","background-position":"center center","background-size":"auto","background-attachment":"scroll","background-type":"","background-media":"","overlay-type":"","overlay-color":"","overlay-opacity":"","overlay-gradient":""},"mobile":{"background-color":"","background-image":"","background-repeat":"repeat","background-position":"center center","background-size":"auto","background-attachment":"scroll","background-type":"","background-media":"","overlay-type":"","overlay-color":"","overlay-opacity":"","overlay-gradient":""}},"ast-content-background-meta":{"desktop":{"background-color":"var(--ast-global-color-5)","background-image":"","background-repeat":"repeat","background-position":"center center","background-size":"auto","background-attachment":"scroll","background-type":"","background-media":"","overlay-type":"","overlay-color":"","overlay-opacity":"","overlay-gradient":""},"tablet":{"background-color":"var(--ast-global-color-5)","background-image":"","background-repeat":"repeat","background-position":"center center","background-size":"auto","background-attachment":"scroll","background-type":"","background-media":"","overlay-type":"","overlay-color":"","overlay-opacity":"","overlay-gradient":""},"mobile":{"background-color":"var(--ast-global-color-5)","background-image":"","background-repeat":"repeat","background-position":"center center","background-size":"auto","background-attachment":"scroll","background-type":"","background-media":"","overlay-type":"","overlay-color":"","overlay-opacity":"","overlay-gradient":""}}},"product_brand":[],"product_cat":[80],"product_tag":[],"class_list":{"0":"post-5250","1":"product","2":"type-product","3":"status-publish","4":"has-post-thumbnail","6":"product_cat-corredica-de-ar-pt-br","7":"desktop-align-left","8":"tablet-align-left","9":"mobile-align-left","11":"first","12":"instock","13":"shipping-taxable","14":"product-type-simple"},"_links":{"self":[{"href":"https:\/\/www.zonelenviro.com\/pt-br\/wp-json\/wp\/v2\/product\/5250","targetHints":{"allow":["GET"]}}],"collection":[{"href":"https:\/\/www.zonelenviro.com\/pt-br\/wp-json\/wp\/v2\/product"}],"about":[{"href":"https:\/\/www.zonelenviro.com\/pt-br\/wp-json\/wp\/v2\/types\/product"}],"version-history":[{"count":0,"href":"https:\/\/www.zonelenviro.com\/pt-br\/wp-json\/wp\/v2\/product\/5250\/revisions"}],"wp:featuredmedia":[{"embeddable":true,"href":"https:\/\/www.zonelenviro.com\/pt-br\/wp-json\/wp\/v2\/media\/5251"}],"wp:attachment":[{"href":"https:\/\/www.zonelenviro.com\/pt-br\/wp-json\/wp\/v2\/media?parent=5250"}],"wp:term":[{"taxonomy":"product_brand","embeddable":true,"href":"https:\/\/www.zonelenviro.com\/pt-br\/wp-json\/wp\/v2\/product_brand?post=5250"},{"taxonomy":"product_cat","embeddable":true,"href":"https:\/\/www.zonelenviro.com\/pt-br\/wp-json\/wp\/v2\/product_cat?post=5250"},{"taxonomy":"product_tag","embeddable":true,"href":"https:\/\/www.zonelenviro.com\/pt-br\/wp-json\/wp\/v2\/product_tag?post=5250"}],"curies":[{"name":"wp","href":"https:\/\/api.w.org\/{rel}","templated":true}]}}