{"id":5256,"date":"2024-03-19T08:49:36","date_gmt":"2024-03-19T00:49:36","guid":{"rendered":"https:\/\/www.zonelenviro.com\/large-flow-high-flow-cartridge-filter-housing\/"},"modified":"2024-04-26T15:01:11","modified_gmt":"2024-04-26T07:01:11","slug":"large-flow-high-flow-cartridge-filter-housing","status":"publish","type":"product","link":"https:\/\/www.zonelenviro.com\/pt-br\/caixa-de-filtro-de-cartucho-de-grande-fluxo-e-alto-fluxo.html","title":{"rendered":"Carca\u00e7a de filtro de cartucho de grande fluxo\/alto fluxo"},"content":{"rendered":"\t\t<div data-elementor-type=\"product-post\" data-elementor-id=\"5256\" class=\"elementor elementor-5256 elementor-977\" data-elementor-post-type=\"product\">\n\t\t\t\t<div class=\"elementor-element elementor-element-b1ad071 e-grid e-con-boxed e-con e-parent\" data-id=\"b1ad071\" data-element_type=\"container\">\n\t\t\t\t\t<div class=\"e-con-inner\">\n\t\t\t\t<div class=\"elementor-element elementor-element-26b6517 elementor-widget elementor-widget-image\" data-id=\"26b6517\" data-element_type=\"widget\" data-widget_type=\"image.default\">\n\t\t\t\t<div class=\"elementor-widget-container\">\n\t\t\t\t\t\t\t\t\t\t\t\t\t<img decoding=\"async\" width=\"1\" height=\"1\" src=\"https:\/\/www.zonelenviro.com\/wp-content\/uploads\/2024\/03\/high-flow-cartridge-filter-housing.jpg\" class=\"attachment-large size-large wp-image-5263\" alt=\"\" \/>\t\t\t\t\t\t\t\t\t\t\t\t\t<\/div>\n\t\t\t\t<\/div>\n\t\t\t\t\t<\/div>\n\t\t\t\t<\/div>\n\t\t<div class=\"elementor-element elementor-element-8e8af0e e-flex e-con-boxed e-con e-parent\" data-id=\"8e8af0e\" data-element_type=\"container\">\n\t\t\t\t\t<div class=\"e-con-inner\">\n\t\t\t\t<div class=\"elementor-element elementor-element-b1ecb4a elementor-widget elementor-widget-text-editor\" data-id=\"b1ecb4a\" data-element_type=\"widget\" data-widget_type=\"text-editor.default\">\n\t\t\t\t<div class=\"elementor-widget-container\">\n\t\t\t\t\t\t\t<p><strong>Carca\u00e7a de filtro de a\u00e7o inoxid\u00e1vel com cartucho de grande fluxo\/alto fluxo<\/strong><br \/><strong>Introdu\u00e7\u00e3o geral e propriedades da carca\u00e7a do filtro de cartucho de alto fluxo:<\/strong><\/p><p>A carca\u00e7a do filtro de cartucho de alto fluxo da s\u00e9rie HFC adotou os <span style=\"color: #3366ff;\"><a style=\"color: #3366ff;\" href=\"https:\/\/www.zonelenviro.com\/pt-br\/produto\/cartucho-de-filtro-plissado-de-alto-fluxo\/\">cartuchos de filtro de alto fluxo<\/a><\/span> em vez do tradicional cartucho de filtro PP fundido, o volume de fluxo por cartucho \u00fanico pode chegar a 50 CBM por hora.<br \/>Geralmente, 1 unidade de cartuchos de filtro de alto fluxo de 40 polegadas \u00e9 igual a 20 unidades de cartuchos de filtro PP fundidos com o mesmo comprimento, isso significa que a caixa do filtro pode ser projetada menor e muito mais conveniente para trabalhos de manuten\u00e7\u00e3o, e tamb\u00e9m pode obter um muito solu\u00e7\u00e3o de filtragem mais econ\u00f4mica, \u00e9 claro.<\/p><p>Projeto dispon\u00edvel para carca\u00e7a de filtro de cartucho de alto fluxo:<br \/>Quantidade do cartucho: 1 ~ 50 unidades<br \/>Tamanho do cartucho de filtro: 20~60\u201d<br \/>Material da carca\u00e7a do filtro: SS 304 \/ SS 316<br \/>Anel de veda\u00e7\u00e3o: EPDM \/ Viton \/ Silicone \/ FEP+FPM \/ Buna N<\/p><p>Ambiente de aplica\u00e7\u00e3o para carca\u00e7a de filtro de cartucho de alto fluxo:<br \/>Volume m\u00e1ximo de fluxo de teste: 20 CBM\/hora @ cartucho de filtro de 20\u201d.<br \/>Temperatura de projeto: 150 graus C.<br \/>Press\u00e3o de projeto: 10 bar.<\/p><p>Ind\u00fastrias aplic\u00e1veis \u200b\u200bpara carca\u00e7a de filtro de cartucho de alto fluxo:<br \/>a. Pintura<br \/>b. Ind\u00fastrias eletr\u00f4nicas<br \/>c. Eletr\u00f3lito<br \/>d. Ind\u00fastrias de s\u00edlica<br \/>e. Qu\u00edmica fina<br \/>f. Produ\u00e7\u00e3o de papel<br \/>g. Ind\u00fastrias de alimentos\/bebidas<br \/>eu. ind\u00fastrias farmac\u00eauticas<\/p><p>Produtos relevantes:<br \/>Cartuchos de filtro de l\u00edquido Sistema completo de filtro de camada de torta de filtro de vela<\/p><hr \/>\t\t\t\t\t\t<\/div>\n\t\t\t\t<\/div>\n\t\t<div class=\"elementor-element elementor-element-818c36c e-grid e-con-boxed e-con e-child\" data-id=\"818c36c\" data-element_type=\"container\">\n\t\t\t\t\t<div class=\"e-con-inner\">\n\t\t\t\t<div class=\"elementor-element elementor-element-5d79d9b elementor-widget elementor-widget-image\" data-id=\"5d79d9b\" data-element_type=\"widget\" data-widget_type=\"image.default\">\n\t\t\t\t<div class=\"elementor-widget-container\">\n\t\t\t\t\t\t\t\t\t\t\t\t\t<img decoding=\"async\" width=\"1\" height=\"1\" src=\"https:\/\/www.zonelenviro.com\/wp-content\/uploads\/2024\/03\/large-flow-volume-filter-housing.webp\" class=\"attachment-large size-large wp-image-5257\" alt=\"\" \/>\t\t\t\t\t\t\t\t\t\t\t\t\t<\/div>\n\t\t\t\t<\/div>\n\t\t<div class=\"elementor-element elementor-element-f913c8c e-grid e-con-boxed e-con e-child\" data-id=\"f913c8c\" data-element_type=\"container\">\n\t\t\t\t\t<div class=\"e-con-inner\">\n\t\t\t\t<div class=\"elementor-element elementor-element-016ec15 elementor-widget elementor-widget-image\" data-id=\"016ec15\" data-element_type=\"widget\" data-widget_type=\"image.default\">\n\t\t\t\t<div class=\"elementor-widget-container\">\n\t\t\t\t\t\t\t\t\t\t\t\t\t<img decoding=\"async\" width=\"1\" height=\"1\" src=\"https:\/\/www.zonelenviro.com\/wp-content\/uploads\/2024\/03\/large-flow-filter-cartridge-filter-vessel.webp\" class=\"attachment-large size-large wp-image-5259\" alt=\"\" \/>\t\t\t\t\t\t\t\t\t\t\t\t\t<\/div>\n\t\t\t\t<\/div>\n\t\t<div class=\"elementor-element elementor-element-1510d19 e-grid e-con-boxed e-con e-child\" data-id=\"1510d19\" data-element_type=\"container\">\n\t\t\t\t\t<div class=\"e-con-inner\">\n\t\t\t\t<div class=\"elementor-element elementor-element-9a0a3e2 elementor-widget elementor-widget-image\" data-id=\"9a0a3e2\" data-element_type=\"widget\" data-widget_type=\"image.default\">\n\t\t\t\t<div class=\"elementor-widget-container\">\n\t\t\t\t\t\t\t\t\t\t\t\t\t<img loading=\"lazy\" decoding=\"async\" width=\"1\" height=\"1\" src=\"https:\/\/www.zonelenviro.com\/wp-content\/uploads\/2024\/03\/big-flow-volume-filter-housing.webp\" class=\"attachment-large size-large wp-image-5262\" alt=\"\" \/>\t\t\t\t\t\t\t\t\t\t\t\t\t<\/div>\n\t\t\t\t<\/div>\n\t\t<div class=\"elementor-element elementor-element-547ccf5 e-grid e-con-boxed e-con e-child\" data-id=\"547ccf5\" data-element_type=\"container\">\n\t\t\t\t\t<div class=\"e-con-inner\">\n\t\t\t\t<div class=\"elementor-element elementor-element-d3dc61c elementor-widget elementor-widget-image\" data-id=\"d3dc61c\" data-element_type=\"widget\" data-widget_type=\"image.default\">\n\t\t\t\t<div class=\"elementor-widget-container\">\n\t\t\t\t\t\t\t\t\t\t\t\t\t<img loading=\"lazy\" decoding=\"async\" width=\"1\" height=\"1\" src=\"https:\/\/www.zonelenviro.com\/wp-content\/uploads\/2024\/03\/large-flow-filter-cartridge-filter-house.webp\" class=\"attachment-large size-large wp-image-5260\" alt=\"\" \/>\t\t\t\t\t\t\t\t\t\t\t\t\t<\/div>\n\t\t\t\t<\/div>\n\t\t<div class=\"elementor-element elementor-element-5a9f63f e-grid e-con-boxed e-con e-child\" data-id=\"5a9f63f\" data-element_type=\"container\">\n\t\t\t\t\t<div class=\"e-con-inner\">\n\t\t\t\t<div class=\"elementor-element elementor-element-14a15f3 elementor-widget elementor-widget-image\" data-id=\"14a15f3\" data-element_type=\"widget\" data-widget_type=\"image.default\">\n\t\t\t\t<div class=\"elementor-widget-container\">\n\t\t\t\t\t\t\t\t\t\t\t\t\t<img loading=\"lazy\" decoding=\"async\" width=\"1\" height=\"1\" src=\"https:\/\/www.zonelenviro.com\/wp-content\/uploads\/2024\/03\/Pleated-filter-bag-filter-housing.webp\" class=\"attachment-large size-large wp-image-5258\" alt=\"\" \/>\t\t\t\t\t\t\t\t\t\t\t\t\t<\/div>\n\t\t\t\t<\/div>\n\t\t<div class=\"elementor-element elementor-element-6fbd3f5 e-grid e-con-boxed e-con e-child\" data-id=\"6fbd3f5\" data-element_type=\"container\">\n\t\t\t\t\t<div class=\"e-con-inner\">\n\t\t\t\t<div class=\"elementor-element elementor-element-9255d86 elementor-widget elementor-widget-image\" data-id=\"9255d86\" data-element_type=\"widget\" data-widget_type=\"image.default\">\n\t\t\t\t<div class=\"elementor-widget-container\">\n\t\t\t\t\t\t\t\t\t\t\t\t\t<img loading=\"lazy\" decoding=\"async\" width=\"1\" height=\"1\" src=\"https:\/\/www.zonelenviro.com\/wp-content\/uploads\/2024\/03\/filter-housing-package.webp\" class=\"attachment-large size-large wp-image-5261\" alt=\"\" \/>\t\t\t\t\t\t\t\t\t\t\t\t\t<\/div>\n\t\t\t\t<\/div>\n\t\t\t\t\t<\/div>\n\t\t\t\t<\/div>\n\t\t\t\t\t<\/div>\n\t\t\t\t<\/div>\n\t\t\t\t\t<\/div>\n\t\t\t\t<\/div>\n\t\t\t\t\t<\/div>\n\t\t\t\t<\/div>\n\t\t\t\t\t<\/div>\n\t\t\t\t<\/div>\n\t\t\t\t\t<\/div>\n\t\t\t\t<\/div>\n\t\t\t\t\t<\/div>\n\t\t\t\t<\/div>\n\t\t\t\t<\/div>\n\t\t","protected":false},"excerpt":{"rendered":"<p>A carca\u00e7a do filtro de cartucho de alto fluxo da s\u00e9rie HFC adotou os cartuchos de filtro de alto fluxo em vez do tradicional cartucho de filtro PP fundido, o volume de fluxo por cartucho \u00fanico pode ser de at\u00e9 50 CBM por hora. Geralmente, 1 unidade de cartuchos de filtro de alto fluxo de 40 polegadas \u00e9 igual a 20 unidades de cartuchos de filtro PP fundidos com o mesmo comprimento, isso significa que a caixa do filtro pode ser projetada menor e muito mais conveniente para trabalhos de manuten\u00e7\u00e3o, e tamb\u00e9m pode obter um muito solu\u00e7\u00e3o de filtragem mais econ\u00f4mica, \u00e9 claro.<\/p>\n","protected":false},"featured_media":5257,"template":"","meta":{"site-sidebar-layout":"no-sidebar","site-content-layout":"page-builder","ast-site-content-layout":"full-width-container","site-content-style":"default","site-sidebar-style":"default","ast-global-header-display":"","ast-banner-title-visibility":"","ast-main-header-display":"","ast-hfb-above-header-display":"","ast-hfb-below-header-display":"","ast-hfb-mobile-header-display":"","site-post-title":"disabled","ast-breadcrumbs-content":"","ast-featured-img":"disabled","footer-sml-layout":"","theme-transparent-header-meta":"default","adv-header-id-meta":"","stick-header-meta":"","header-above-stick-meta":"","header-main-stick-meta":"","header-below-stick-meta":"","astra-migrate-meta-layouts":"set","ast-page-background-enabled":"default","ast-page-background-meta":{"desktop":{"background-color":"","background-image":"","background-repeat":"repeat","background-position":"center center","background-size":"auto","background-attachment":"scroll","background-type":"","background-media":"","overlay-type":"","overlay-color":"","overlay-opacity":"","overlay-gradient":""},"tablet":{"background-color":"","background-image":"","background-repeat":"repeat","background-position":"center center","background-size":"auto","background-attachment":"scroll","background-type":"","background-media":"","overlay-type":"","overlay-color":"","overlay-opacity":"","overlay-gradient":""},"mobile":{"background-color":"","background-image":"","background-repeat":"repeat","background-position":"center center","background-size":"auto","background-attachment":"scroll","background-type":"","background-media":"","overlay-type":"","overlay-color":"","overlay-opacity":"","overlay-gradient":""}},"ast-content-background-meta":{"desktop":{"background-color":"var(--ast-global-color-5)","background-image":"","background-repeat":"repeat","background-position":"center center","background-size":"auto","background-attachment":"scroll","background-type":"","background-media":"","overlay-type":"","overlay-color":"","overlay-opacity":"","overlay-gradient":""},"tablet":{"background-color":"var(--ast-global-color-5)","background-image":"","background-repeat":"repeat","background-position":"center center","background-size":"auto","background-attachment":"scroll","background-type":"","background-media":"","overlay-type":"","overlay-color":"","overlay-opacity":"","overlay-gradient":""},"mobile":{"background-color":"var(--ast-global-color-5)","background-image":"","background-repeat":"repeat","background-position":"center center","background-size":"auto","background-attachment":"scroll","background-type":"","background-media":"","overlay-type":"","overlay-color":"","overlay-opacity":"","overlay-gradient":""}}},"product_brand":[],"product_cat":[72],"product_tag":[],"class_list":{"0":"post-5256","1":"product","2":"type-product","3":"status-publish","4":"has-post-thumbnail","6":"product_cat-filtro-liquido","7":"desktop-align-left","8":"tablet-align-left","9":"mobile-align-left","11":"first","12":"instock","13":"shipping-taxable","14":"product-type-simple"},"_links":{"self":[{"href":"https:\/\/www.zonelenviro.com\/pt-br\/wp-json\/wp\/v2\/product\/5256","targetHints":{"allow":["GET"]}}],"collection":[{"href":"https:\/\/www.zonelenviro.com\/pt-br\/wp-json\/wp\/v2\/product"}],"about":[{"href":"https:\/\/www.zonelenviro.com\/pt-br\/wp-json\/wp\/v2\/types\/product"}],"version-history":[{"count":0,"href":"https:\/\/www.zonelenviro.com\/pt-br\/wp-json\/wp\/v2\/product\/5256\/revisions"}],"wp:featuredmedia":[{"embeddable":true,"href":"https:\/\/www.zonelenviro.com\/pt-br\/wp-json\/wp\/v2\/media\/5257"}],"wp:attachment":[{"href":"https:\/\/www.zonelenviro.com\/pt-br\/wp-json\/wp\/v2\/media?parent=5256"}],"wp:term":[{"taxonomy":"product_brand","embeddable":true,"href":"https:\/\/www.zonelenviro.com\/pt-br\/wp-json\/wp\/v2\/product_brand?post=5256"},{"taxonomy":"product_cat","embeddable":true,"href":"https:\/\/www.zonelenviro.com\/pt-br\/wp-json\/wp\/v2\/product_cat?post=5256"},{"taxonomy":"product_tag","embeddable":true,"href":"https:\/\/www.zonelenviro.com\/pt-br\/wp-json\/wp\/v2\/product_tag?post=5256"}],"curies":[{"name":"wp","href":"https:\/\/api.w.org\/{rel}","templated":true}]}}