{"id":5265,"date":"2024-03-18T17:44:12","date_gmt":"2024-03-18T09:44:12","guid":{"rendered":"https:\/\/www.zonelenviro.com\/air-slide-hose-air-slide-hose-for-cement-trailer-air-slide-hose-for-cement-silo\/"},"modified":"2024-04-26T15:15:51","modified_gmt":"2024-04-26T07:15:51","slug":"air-slide-hose-air-slide-hose-for-cement-trailer-air-slide-hose-for-cement-silo","status":"publish","type":"product","link":"https:\/\/www.zonelenviro.com\/pt-br\/mangueira-deslizante-de-ar-mangueira-deslizante-de-ar-para-reboque-de-cimento-mangueira-deslizante-de-ar-para-silo-de-cimento.html","title":{"rendered":"Mangueira deslizante de ar\/mangueira deslizante de ar para reboque de cimento\/mangueira deslizante de ar para silo de cimento"},"content":{"rendered":"<p>Mangueira deslizante de ar\/mangueira deslizante de ar para reboque de cimento\/mangueira deslizante de ar para silo de cimento\/mangueira de lona deslizante de ar<\/p>\n<p><img fetchpriority=\"high\" decoding=\"async\" class=\"alignnone wp-image-970 size-full\" src=\"https:\/\/www.zonelenviro.com\/wp-content\/uploads\/2024\/03\/air-slide-hose-rolls.jpg\" alt=\"\" width=\"829\" height=\"554\" \/><\/p>\n<p><strong>Introdu\u00e7\u00e3o geral da mangueira deslizante de ar:<\/strong><br \/>\nMangueiras deslizantes de ar de acordo com seu uso, tamb\u00e9m chamadas de mangueiras de aera\u00e7\u00e3o de cimento a granel, mangueiras de silo, mangueiras deslizantes de ar de cimento, mangueiras deslizantes de ar para reboques de cimento, etc.<\/p>\n<p>Zonel Filtech \u00e9 um dos fabricantes mais profissionais de mangueiras de deslizamento de ar na China e pode oferecer mangueiras de deslizamento de ar pneum\u00e1ticas de alta resist\u00eancia com diferentes tamanhos e requisitos especiais para sistemas de transporte de deslizamento de ar, que s\u00e3o feitos de fio fiado industrial de poli\u00e9ster no lado da urdidura e filamento industrial de poli\u00e9ster no lado da trama.<\/p>\n<p>Um lado da mangueira deslizante de ar personalizada com revestimento de PU\/\u00e1cido acr\u00edlico e o outro lado n\u00e3o tem. O revestimento pode melhorar a resist\u00eancia \u00e0 abras\u00e3o da mangueira deslizante de ar, enquanto isso pode otimizar a dispers\u00e3o do ar no outro lado sem revestimento, de modo a fluidificar o material mais facilmente e torn\u00e1-lo com uma dire\u00e7\u00e3o de fluxo adequada e aumentar a efici\u00eancia do transporte.<\/p>\n<p><strong>Produtos relevantes:<\/strong><br \/>\nTecido de deslizamento de ar de poli\u00e9ster<br \/>\nTecido deslizante de ar em aramida\/Nomex<br \/>\nCalha deslizante de ar<br \/>\nSistema de deslizamento de ar<\/p>\n<p><strong>A especifica\u00e7\u00e3o t\u00edpica da mangueira de deslizamento de ar da Zonel Filtech:<\/strong><\/p>\n<div class=\"wptb-container-legacy\" data-table-id=\"3758\">\n    <table class=\"wptb-preview-table wptb-element-main-table_setting-971\" data-reconstraction=\"0\" style=\"border: 1px solid rgb(209, 209, 209);\" data-wptb-table-tds-sum-max-width=\"162\" data-wptb-cells-width-auto-count=\"7\" data-wptb-table-directives=\"eyJpbm5lckJvcmRlcnMiOnsiYWN0aXZlIjoiYWxsIiwiYm9yZGVyV2lkdGgiOiIxIiwiYm9yZGVyUmFkaXVzZXMiOnsiYWxsIjpudWxsfX19\" data-wptb-horizontal-scroll-status=\"true\" data-wptb-extra-styles=\"LyogRW50ZXIgeW91ciBjdXN0b20gQ1NTIHJ1bGVzIGhlcmUgKi8=\" data-wptb-first-column-sticky=\"false\" data-wptb-pro-pagination-top-row-header=\"true\" data-wptb-rows-per-page=\"3\" data-wptb-pro-search-top-row-header=\"true\" data-wptb-searchbar-position=\"left\" role=\"table\" data-wptb-fixed-width-size=\"0\" data-table-columns=\"7\" data-wptb-responsive-directives=\"eyJyZXNwb25zaXZlRW5hYmxlZCI6dHJ1ZSwicmVzcG9uc2l2ZU1vZGUiOiJhdXRvIiwicHJlc2VydmVSb3dDb2xvciI6ZmFsc2UsInJlbGF0aXZlV2lkdGgiOiJ3aW5kb3ciLCJoZWFkZXJGdWxseU1lcmdlZCI6ZmFsc2UsIm1vZGVPcHRpb25zIjp7ImF1dG8iOnsiZGlzYWJsZWQiOnsiZGVza3RvcCI6ZmFsc2UsInRhYmxldCI6dHJ1ZSwibW9iaWxlIjp0cnVlfSwidG9wUm93QXNIZWFkZXIiOnsiZGVza3RvcCI6ZmFsc2UsInRhYmxldCI6dHJ1ZSwibW9iaWxlIjp0cnVlfSwicmVwZWF0TWVyZ2VkSGVhZGVyIjp7ImRlc2t0b3AiOnRydWUsInRhYmxldCI6dHJ1ZSwibW9iaWxlIjp0cnVlfSwic3RhdGljVG9wUm93Ijp7ImRlc2t0b3AiOmZhbHNlLCJ0YWJsZXQiOmZhbHNlLCJtb2JpbGUiOmZhbHNlfSwiY2VsbFN0YWNrRGlyZWN0aW9uIjp7ImRlc2t0b3AiOiJyb3ciLCJ0YWJsZXQiOiJyb3ciLCJtb2JpbGUiOiJyb3cifSwiY2VsbHNQZXJSb3ciOnsiZGVza3RvcCI6MSwidGFibGV0IjoxLCJtb2JpbGUiOjF9fX0sImJyZWFrcG9pbnRzIjp7ImRlc2t0b3AiOnsibmFtZSI6ImRlc2t0b3AiLCJ3aWR0aCI6MTAyNH0sInRhYmxldCI6eyJuYW1lIjoidGFibGV0Iiwid2lkdGgiOjcwMH0sIm1vYmlsZSI6eyJuYW1lIjoibW9iaWxlIiwid2lkdGgiOjMwMH19fQ==\" data-wptb-adaptive-table=\"0\" data-wptb-td-width-auto=\"10\"><tbody data-global-font-color=\"#000000\" data-global-link-color=\"#000000\" data-global-font-size=\"13px\"><tr class=\"wptb-row\"><td class=\"wptb-cell\" data-y-index=\"0\" data-x-index=\"0\" style=\"border: 1px solid rgb(209, 209, 209); padding: 6px;\" data-wptb-css-td-auto-width=\"true\"><div class=\"wptb-text-container wptb-ph-element wptb-element-text-597\" style=\"color: rgb(0, 0, 0); font-size: 13px; padding: 0px; margin: 0px;\"><div class=\"\" style=\"position: relative;\"><p style=\"text-align: center;\">Nome<\/p><\/div><\/div><\/td><td class=\"wptb-cell\" data-y-index=\"0\" data-x-index=\"1\" style=\"border: 1px solid rgb(209, 209, 209); padding: 6px;\" data-wptb-css-td-auto-width=\"true\"><div class=\"wptb-text-container wptb-ph-element wptb-element-text-598\" style=\"color: rgb(0, 0, 0); font-size: 13px; padding: 0px; margin: 0px;\"><div class=\"\" style=\"position: relative;\"><p style=\"text-align: center;\">Material<\/p><\/div><\/div><\/td><td class=\"wptb-cell\" data-y-index=\"0\" data-x-index=\"2\" style=\"border: 1px solid rgb(209, 209, 209); padding: 6px;\" data-wptb-css-td-auto-width=\"true\"><div class=\"wptb-text-container wptb-ph-element wptb-element-text-599\" style=\"color: rgb(0, 0, 0); font-size: 13px; padding: 0px; margin: 0px;\"><div class=\"\" style=\"position: relative;\"><p style=\"text-align: center;\">Estrutura<\/p><\/div><\/div><\/td><td class=\"wptb-cell\" data-y-index=\"0\" data-x-index=\"3\" style=\"border: 1px solid rgb(209, 209, 209); padding: 6px;\" data-wptb-css-td-auto-width=\"true\"><div class=\"wptb-text-container wptb-ph-element wptb-element-text-600\" style=\"color: rgb(0, 0, 0); font-size: 13px; padding: 0px; margin: 0px;\"><div class=\"mce-edit-focus\" style=\"position: relative;\"><p style=\"text-align: center;\">Grossura (mm)<\/p><\/div><\/div><\/td><td class=\"wptb-cell\" data-y-index=\"0\" data-x-index=\"4\" style=\"border: 1px solid rgb(209, 209, 209); padding: 6px;\" data-wptb-css-td-auto-width=\"true\"><div class=\"wptb-text-container wptb-ph-element wptb-element-text-601\" style=\"color: rgb(0, 0, 0); font-size: 13px; padding: 0px; margin: 0px;\"><div class=\"\" style=\"position: relative;\"><p style=\"text-align: center;\">Temperatura (\u00b0C)<\/p><\/div><\/div><\/td><td class=\"wptb-cell\" data-y-index=\"0\" data-x-index=\"5\" style=\"border: 1px solid rgb(209, 209, 209); padding: 6px;\" data-wptb-css-td-auto-width=\"true\"><div class=\"wptb-text-container wptb-ph-element wptb-element-text-602\" style=\"color: rgb(0, 0, 0); font-size: 13px; padding: 0px; margin: 0px;\"><div class=\"\" style=\"position: relative;\"><p style=\"text-align: center;\">Perda de press\u00e3o do ar (KPa)<\/p><\/div><\/div><\/td><td class=\"wptb-cell\" data-y-index=\"0\" data-x-index=\"6\" style=\"border: 1px solid rgb(209, 209, 209); padding: 6px;\" data-wptb-css-td-auto-width=\"true\"><div class=\"wptb-text-container wptb-ph-element wptb-element-text-603\" style=\"color: rgb(0, 0, 0); font-size: 13px; padding: 0px; margin: 0px;\"><div class=\"\" style=\"position: relative;\"><p style=\"text-align: center;\">Di\u00e2metro (mm)&nbsp;&nbsp;<\/p><\/div><\/div><\/td><\/tr><tr class=\"wptb-row\" style=\"--hover-bg-color: undefined;\"><td class=\"wptb-cell\" data-y-index=\"1\" data-x-index=\"0\" style=\"border: 1px solid rgb(209, 209, 209); padding: 6px;\" data-wptb-css-td-auto-width=\"true\"><div class=\"wptb-text-container wptb-ph-element wptb-element-text-604\" style=\"color: rgb(0, 0, 0); font-size: 13px; padding: 0px; margin: 0px;\"><div class=\"\" style=\"position: relative;\"><p style=\"text-align: center;\">mangueira deslizante de ar de cimento<\/p><\/div><\/div><\/td><td class=\"wptb-cell\" data-y-index=\"1\" data-x-index=\"1\" style=\"border: 1px solid rgb(209, 209, 209); padding: 6px;\" data-wptb-css-td-auto-width=\"true\"><div class=\"wptb-text-container wptb-ph-element wptb-element-text-605\" style=\"color: rgb(0, 0, 0); font-size: 13px; padding: 0px; margin: 0px;\"><div class=\"\" style=\"position: relative;\"><p style=\"text-align: center;\">Poli\u00e9ster<\/p><\/div><\/div><\/td><td class=\"wptb-cell\" data-y-index=\"1\" data-x-index=\"2\" style=\"border: 1px solid rgb(209, 209, 209); padding: 6px;\" data-wptb-css-td-auto-width=\"true\"><div class=\"wptb-text-container wptb-ph-element wptb-element-text-606\" style=\"color: rgb(0, 0, 0); font-size: 13px; padding: 0px; margin: 0px;\"><div class=\"\" style=\"position: relative;\"><p style=\"text-align: center;\">Cano<\/p><\/div><\/div><\/td><td class=\"wptb-cell\" data-y-index=\"1\" data-x-index=\"3\" style=\"border: 1px solid rgb(209, 209, 209); padding: 6px;\" data-wptb-css-td-auto-width=\"true\"><div class=\"wptb-text-container wptb-ph-element wptb-element-text-607\" style=\"color: rgb(0, 0, 0); font-size: 13px; padding: 0px; margin: 0px;\"><div class=\"\" style=\"position: relative;\"><p style=\"text-align: center;\">1.0~2.0<\/p><\/div><\/div><\/td><td class=\"wptb-cell\" data-y-index=\"1\" data-x-index=\"4\" style=\"border: 1px solid rgb(209, 209, 209); padding: 6px;\" data-wptb-css-td-auto-width=\"true\"><div class=\"wptb-text-container wptb-ph-element wptb-element-text-608\" style=\"color: rgb(0, 0, 0); font-size: 13px; padding: 0px; margin: 0px;\"><div class=\"\" style=\"position: relative;\"><p style=\"text-align: center;\">\u2264150<\/p><\/div><\/div><\/td><td class=\"wptb-cell\" data-y-index=\"1\" data-x-index=\"5\" style=\"border: 1px solid rgb(209, 209, 209); padding: 6px;\" data-wptb-css-td-auto-width=\"true\"><div class=\"wptb-text-container wptb-ph-element wptb-element-text-609\" style=\"color: rgb(0, 0, 0); font-size: 13px; padding: 0px; margin: 0px;\"><div class=\"\" style=\"position: relative;\"><p style=\"text-align: center;\">3~8<\/p><\/div><\/div><\/td><td class=\"wptb-cell\" data-y-index=\"1\" data-x-index=\"6\" style=\"border: 1px solid rgb(209, 209, 209); padding: 6px;\" data-wptb-css-td-auto-width=\"true\"><div class=\"wptb-text-container wptb-ph-element wptb-element-text-610\" style=\"color: rgb(0, 0, 0); font-size: 13px; padding: 0px; margin: 0px;\"><div class=\"\" style=\"position: relative;\"><p style=\"text-align: center;\">30~610<\/p><\/div><\/div><\/td><\/tr><tr class=\"wptb-row\" style=\"--hover-bg-color: undefined;\"><td class=\"wptb-cell\" data-y-index=\"2\" data-x-index=\"0\" style=\"border: 1px solid rgb(209, 209, 209); padding: 6px;\" data-wptb-css-td-auto-width=\"true\"><div class=\"wptb-text-container wptb-ph-element wptb-element-text-611\" style=\"color: rgb(0, 0, 0); font-size: 13px; padding: 0px; margin: 0px;\"><div class=\"\" style=\"position: relative;\"><p style=\"text-align: center;\">Detalhes do material<\/p><\/div><\/div><\/td><td class=\"wptb-cell\" data-y-index=\"2\" data-x-index=\"1\" style=\"border: 1px solid rgb(209, 209, 209); padding: 6px;\" data-wptb-css-td-auto-width=\"true\" colspan=\"6\" rowspan=\"1\"><div class=\"wptb-text-container wptb-ph-element wptb-element-text-614\" style=\"color: rgb(0, 0, 0); font-size: 13px; padding: 0px; margin: 0px;\"><div class=\"\" style=\"position: relative;\"><p style=\"text-align: center;\">Lado da urdidura: fio fiado de poli\u00e9ster; Lado da trama: filamento industrial<\/p><\/div><\/div><\/td><\/tr><tr class=\"wptb-row\" style=\"--hover-bg-color: undefined;\"><td class=\"wptb-cell\" data-y-index=\"3\" data-x-index=\"0\" style=\"border: 1px solid rgb(209, 209, 209); padding: 6px;\" data-wptb-css-td-auto-width=\"true\"><div class=\"wptb-text-container wptb-ph-element wptb-element-text-618\" style=\"color: rgb(0, 0, 0); font-size: 13px; padding: 0px; margin: 0px;\"><div class=\"\" style=\"position: relative;\"><p style=\"text-align: center;\">Cola<\/p><\/div><\/div><\/td><td class=\"wptb-cell\" data-y-index=\"3\" data-x-index=\"1\" style=\"border: 1px solid rgb(209, 209, 209); padding: 6px;\" data-wptb-css-td-auto-width=\"true\" colspan=\"6\" rowspan=\"1\"><div class=\"wptb-text-container wptb-ph-element wptb-element-text-621\" style=\"color: rgb(0, 0, 0); font-size: 13px; padding: 0px; margin: 0px;\"><div class=\"\" style=\"position: relative;\"><p style=\"text-align: center;\">L\u00e1tex com cor<\/p><\/div><\/div><\/td><\/tr><tr class=\"wptb-row\" style=\"--hover-bg-color: undefined;\"><td class=\"wptb-cell\" data-y-index=\"4\" data-x-index=\"0\" style=\"border: 1px solid rgb(209, 209, 209); padding: 6px;\" data-wptb-css-td-auto-width=\"true\"><div class=\"wptb-text-container wptb-ph-element wptb-element-text-625\" style=\"color: rgb(0, 0, 0); font-size: 13px; padding: 0px; margin: 0px;\"><div class=\"\" style=\"position: relative;\"><p style=\"text-align: center;\">Temperatura \u00b0C<\/p><\/div><\/div><\/td><td class=\"wptb-cell\" data-y-index=\"4\" data-x-index=\"1\" style=\"border: 1px solid rgb(209, 209, 209); padding: 6px;\" data-wptb-css-td-auto-width=\"true\" colspan=\"6\" rowspan=\"1\"><div class=\"wptb-text-container wptb-ph-element wptb-element-text-628\" style=\"color: rgb(0, 0, 0); font-size: 13px; padding: 0px; margin: 0px;\"><div class=\"\" style=\"position: relative;\"><p style=\"text-align: center;\">Cont\u00ednuo \u2264150;&nbsp; picos instant\u00e2neos: 180<\/p><\/div><\/div><\/td><\/tr><tr class=\"wptb-row\" style=\"--hover-bg-color: undefined;\"><td class=\"wptb-cell\" data-y-index=\"5\" data-x-index=\"0\" style=\"border: 1px solid rgb(209, 209, 209); padding: 6px;\" data-wptb-css-td-auto-width=\"true\"><div class=\"wptb-text-container wptb-ph-element wptb-element-text-632\" style=\"color: rgb(0, 0, 0); font-size: 13px; padding: 0px; margin: 0px;\"><div class=\"\" style=\"position: relative;\"><p style=\"text-align: center;\">Resist\u00eancia \u00e0 trac\u00e7\u00e3o<\/p><\/div><\/div><\/td><td class=\"wptb-cell\" data-y-index=\"5\" data-x-index=\"1\" style=\"border: 1px solid rgb(209, 209, 209); padding: 6px;\" data-wptb-css-td-auto-width=\"true\" colspan=\"6\" rowspan=\"1\"><div class=\"wptb-text-container wptb-ph-element wptb-element-text-635\" style=\"color: rgb(0, 0, 0); font-size: 13px; padding: 0px; margin: 0px;\"><div class=\"\" style=\"position: relative;\"><p style=\"text-align: center;\">Urdidura:&nbsp;\u22655000N; trama:&nbsp;\u22655000N<\/p><\/div><\/div><\/td><\/tr><tr class=\"wptb-row\" style=\"--hover-bg-color: undefined;\"><td class=\"wptb-cell\" data-y-index=\"6\" data-x-index=\"0\" style=\"border: 1px solid rgb(209, 209, 209); padding: 6px;\" data-wptb-css-td-auto-width=\"true\"><div class=\"wptb-text-container wptb-ph-element wptb-element-text-639\" style=\"color: rgb(0, 0, 0); font-size: 13px; padding: 0px; margin: 0px;\"><div class=\"\" style=\"position: relative;\"><p style=\"text-align: center;\">Alongamento quando instalado<\/p><\/div><\/div><\/td><td class=\"wptb-cell\" data-y-index=\"6\" data-x-index=\"1\" style=\"border: 1px solid rgb(209, 209, 209); padding: 6px;\" data-wptb-css-td-auto-width=\"true\" colspan=\"6\" rowspan=\"1\"><div class=\"wptb-text-container wptb-ph-element wptb-element-text-643\" style=\"color: rgb(0, 0, 0); font-size: 13px; padding: 0px; margin: 0px;\"><div class=\"\" style=\"position: relative;\"><p style=\"text-align: center;\">\u22646%<\/p><\/div><\/div><\/td><\/tr><tr class=\"wptb-row\" style=\"--hover-bg-color: undefined;\"><td class=\"wptb-cell\" data-y-index=\"7\" data-x-index=\"0\" style=\"border: 1px solid rgb(209, 209, 209); padding: 6px;\" data-wptb-css-td-auto-width=\"true\"><div class=\"wptb-text-container wptb-ph-element wptb-element-text-646\" style=\"color: rgb(0, 0, 0); font-size: 13px; padding: 0px; margin: 0px;\"><div class=\"\" style=\"position: relative;\"><p style=\"text-align: center;\">Alongamento de tra\u00e7\u00e3o<\/p><\/div><\/div><\/td><td class=\"wptb-cell\" data-y-index=\"7\" data-x-index=\"1\" style=\"border: 1px solid rgb(209, 209, 209); padding: 6px;\" data-wptb-css-td-auto-width=\"true\" colspan=\"6\" rowspan=\"1\"><div class=\"wptb-text-container wptb-ph-element wptb-element-text-649 edit-active\" style=\"color: rgb(0, 0, 0); font-size: 13px; padding: 0px; margin: 0px;\"><div class=\"\" style=\"position: relative;\"><p style=\"text-align: center;\">Aproximado 24%<\/p><\/div><\/div><\/td><\/tr><\/tbody><\/table>\n<\/div>\n\n<p>As propriedades da mangueira de deslizamento de ar da Zonel Filtech<\/p>\n<p><img decoding=\"async\" class=\"alignnone wp-image-973 size-full\" src=\"https:\/\/www.zonelenviro.com\/wp-content\/uploads\/2024\/03\/AIR-SLIDE-HOSE-PET-ASH-FW115.jpg\" alt=\"\" width=\"829\" height=\"554\" \/><\/p>\n<p>1.Um lado com revestimento PU, bom para resist\u00eancia \u00e0 abras\u00e3o, com maior vida \u00fatil; n\u00e3o \u00e9 perme\u00e1vel ao ar, melhorar\u00e1 a permeabilidade ao ar do outro lado e pode ajudar a pneum\u00e1tico os p\u00f3s de forma conveniente para trabalhos de transporte.<br \/>\n2.A mangueira deslizante de ar \u00e9 leve e flex\u00edvel, pode se adaptar a v\u00e1rios climas, antioxidante, antienvelhecimento, f\u00e1cil de manuten\u00e7\u00e3o.<br \/>\n3.As mangueiras deslizantes de ar Zonel tamb\u00e9m com propriedades de superf\u00edcie lisa, alta resist\u00eancia, permeabilidade ao ar est\u00e1vel e igual, baixa absor\u00e7\u00e3o de umidade, sem folhas, os p\u00f3s n\u00e3o fluem de volta, f\u00e1cil instala\u00e7\u00e3o, economia de energia, etc.<br \/>\nAs mangueiras deslizantes de ar Zonel s\u00e3o populares no mercado de mangueiras deslizantes de ar da China devido \u00e0s vantagens de n\u00e3o haver necessidade de c\u00e2mara de ar, transfer\u00eancia de p\u00f3 r\u00e1pida, alta efici\u00eancia e especialmente boas para tanques de cimento \/ reboques de cimento (mangueira deslizante de ar para reboque de cimento, mangueira deslizante de ar para reboque de caminh\u00e3o-tanque de cimento), bem como o navio de cimento a granel para transfer\u00eancia de deslizamento de ar.<\/p>\n<p><strong>Formul\u00e1rios:<\/strong><br \/>\nPara sistemas de transporte de mangueiras pneum\u00e1ticas de reboques de cimento, navios de cimento a granel, silos de cimento, etc.<\/p>\n<p><strong>Zonel<\/strong><\/p>\n<p><strong>ISO9001:2015<\/strong><\/p>\n","protected":false},"excerpt":{"rendered":"<p>Mangueiras de deslizamento de ar de acordo com seu uso, tamb\u00e9m chamadas de mangueiras de aera\u00e7\u00e3o de cimento a granel, mangueiras de silo, mangueiras de deslizamento de ar de cimento, mangueiras de deslizamento de ar de reboque de cimento, mangueiras de aera\u00e7\u00e3o, etc.<\/p>\n<p>Zonel Filtech \u00e9 um dos fabricantes mais profissionais de mangueiras de deslizamento de ar na China e pode oferecer mangueiras de deslizamento de ar pneum\u00e1ticas de alta resist\u00eancia com diferentes tamanhos e requisitos especiais para sistemas de transporte de deslizamento de ar, que s\u00e3o feitos de fio fiado industrial de poli\u00e9ster no lado da urdidura e filamento industrial de poli\u00e9ster no lado da trama.<\/p>\n<p>Um lado da mangueira deslizante de ar personalizada com revestimento de PU\/\u00e1cido acr\u00edlico e o outro lado n\u00e3o tem. O revestimento pode melhorar a resist\u00eancia \u00e0 abras\u00e3o da mangueira deslizante de ar, enquanto isso pode otimizar a dispers\u00e3o do ar no outro lado sem revestimento, de modo a fluidizar o material mais facilmente, tornando o material com uma dire\u00e7\u00e3o de fluxo adequada e aumentando a efici\u00eancia do transporte.<\/p>\n","protected":false},"featured_media":5266,"template":"","meta":{"site-sidebar-layout":"default","site-content-layout":"","ast-site-content-layout":"default","site-content-style":"default","site-sidebar-style":"default","ast-global-header-display":"","ast-banner-title-visibility":"","ast-main-header-display":"","ast-hfb-above-header-display":"","ast-hfb-below-header-display":"","ast-hfb-mobile-header-display":"","site-post-title":"","ast-breadcrumbs-content":"","ast-featured-img":"","footer-sml-layout":"","theme-transparent-header-meta":"default","adv-header-id-meta":"","stick-header-meta":"","header-above-stick-meta":"","header-main-stick-meta":"","header-below-stick-meta":"","astra-migrate-meta-layouts":"set","ast-page-background-enabled":"default","ast-page-background-meta":{"desktop":{"background-color":"","background-image":"","background-repeat":"repeat","background-position":"center center","background-size":"auto","background-attachment":"scroll","background-type":"","background-media":"","overlay-type":"","overlay-color":"","overlay-opacity":"","overlay-gradient":""},"tablet":{"background-color":"","background-image":"","background-repeat":"repeat","background-position":"center center","background-size":"auto","background-attachment":"scroll","background-type":"","background-media":"","overlay-type":"","overlay-color":"","overlay-opacity":"","overlay-gradient":""},"mobile":{"background-color":"","background-image":"","background-repeat":"repeat","background-position":"center center","background-size":"auto","background-attachment":"scroll","background-type":"","background-media":"","overlay-type":"","overlay-color":"","overlay-opacity":"","overlay-gradient":""}},"ast-content-background-meta":{"desktop":{"background-color":"var(--ast-global-color-5)","background-image":"","background-repeat":"repeat","background-position":"center center","background-size":"auto","background-attachment":"scroll","background-type":"","background-media":"","overlay-type":"","overlay-color":"","overlay-opacity":"","overlay-gradient":""},"tablet":{"background-color":"var(--ast-global-color-5)","background-image":"","background-repeat":"repeat","background-position":"center center","background-size":"auto","background-attachment":"scroll","background-type":"","background-media":"","overlay-type":"","overlay-color":"","overlay-opacity":"","overlay-gradient":""},"mobile":{"background-color":"var(--ast-global-color-5)","background-image":"","background-repeat":"repeat","background-position":"center center","background-size":"auto","background-attachment":"scroll","background-type":"","background-media":"","overlay-type":"","overlay-color":"","overlay-opacity":"","overlay-gradient":""}}},"product_brand":[],"product_cat":[80],"product_tag":[],"class_list":{"0":"post-5265","1":"product","2":"type-product","3":"status-publish","4":"has-post-thumbnail","6":"product_cat-corredica-de-ar-pt-br","7":"desktop-align-left","8":"tablet-align-left","9":"mobile-align-left","11":"first","12":"instock","13":"shipping-taxable","14":"product-type-simple"},"_links":{"self":[{"href":"https:\/\/www.zonelenviro.com\/pt-br\/wp-json\/wp\/v2\/product\/5265","targetHints":{"allow":["GET"]}}],"collection":[{"href":"https:\/\/www.zonelenviro.com\/pt-br\/wp-json\/wp\/v2\/product"}],"about":[{"href":"https:\/\/www.zonelenviro.com\/pt-br\/wp-json\/wp\/v2\/types\/product"}],"version-history":[{"count":0,"href":"https:\/\/www.zonelenviro.com\/pt-br\/wp-json\/wp\/v2\/product\/5265\/revisions"}],"wp:featuredmedia":[{"embeddable":true,"href":"https:\/\/www.zonelenviro.com\/pt-br\/wp-json\/wp\/v2\/media\/5266"}],"wp:attachment":[{"href":"https:\/\/www.zonelenviro.com\/pt-br\/wp-json\/wp\/v2\/media?parent=5265"}],"wp:term":[{"taxonomy":"product_brand","embeddable":true,"href":"https:\/\/www.zonelenviro.com\/pt-br\/wp-json\/wp\/v2\/product_brand?post=5265"},{"taxonomy":"product_cat","embeddable":true,"href":"https:\/\/www.zonelenviro.com\/pt-br\/wp-json\/wp\/v2\/product_cat?post=5265"},{"taxonomy":"product_tag","embeddable":true,"href":"https:\/\/www.zonelenviro.com\/pt-br\/wp-json\/wp\/v2\/product_tag?post=5265"}],"curies":[{"name":"wp","href":"https:\/\/api.w.org\/{rel}","templated":true}]}}