{"id":5282,"date":"2024-03-18T17:10:38","date_gmt":"2024-03-18T09:10:38","guid":{"rendered":"https:\/\/www.zonelenviro.com\/aramid-nomex-kevlar-air-slide-fabrics-air-slide-belt-air-slide-membrane\/"},"modified":"2024-04-28T13:59:07","modified_gmt":"2024-04-28T05:59:07","slug":"aramid-nomex-kevlar-air-slide-fabrics-air-slide-belt-air-slide-membrane","status":"publish","type":"product","link":"https:\/\/www.zonelenviro.com\/pt-br\/aramid-nomex-kevlar-air-slide-fabrics-air-slide-belt-air-slide-membrane.html","title":{"rendered":"Aramid\/Nomex\/Kevlar Air Slide Fabrics\/Air Slide Belt\/ Air Slide Membrane"},"content":{"rendered":"<p><strong>Aramid\/Nomex\/Kavlar air slide fabric\/air slide belt\/air slide membrane\/air slide canvas\/fluidization belt<\/strong><\/p>\n<p><strong>General introduction of aramid air slide fabric<\/strong>:<br \/>\nZONEL brand high tensile strength air slide fabric is a belt canvas mainly used for pneumatic transmission of cement, bauxite, carbon black, gypsum, grain, flour and so on, as well as equipped to fluid bed and powder mixing tank \/ homogenization silo, which with a special and controllable air permeability can help to improve the transport efficiency, in the mean while reduce pollution, and also guarantee the uniformity of the mixed powders.<\/p>\n<p>The principle of air slide: When transferring the powders, the air slide fabrics combined with pressed air in air slide chute and make the dry powder become to fluid particles, then the fluid particles will flow from the higher position to the lower position (destination) due to the gravity.<\/p>\n<p>Zonel Filtech provide good quality Aramid air slide fabric, both Para-aramid air slide fabric (aramid 1414 air slide belt or Kevlar air slide canvas) and Meta-aramid air slide fabric (aramid 1313 air slide membrane or Nomex air slide canvas) are available for various working circumstances and applications.<\/p>\n<p><img fetchpriority=\"high\" decoding=\"async\" class=\"alignnone wp-image-927 size-full\" src=\"https:\/\/www.zonelenviro.com\/wp-content\/uploads\/2024\/03\/aramid-air-slide-fabric-1.jpg\" alt=\"\" width=\"829\" height=\"554\" \/><\/p>\n<p>The Para-aramid air slide belt with the properties of fire proof, high tensile strength and abrasion resistance, longer service life, the maximum operation temperature is 250degree C, instant peaks is 350 degree C.<\/p>\n<p><img decoding=\"async\" class=\"alignnone wp-image-928 size-full\" src=\"https:\/\/www.zonelenviro.com\/wp-content\/uploads\/2024\/03\/aramid-air-slide-fabric-1313-1.jpg\" alt=\"\" width=\"829\" height=\"554\" \/><\/p>\n<p>For the Meta-aramid air slide cloth, which is fire proof and high temperature resistance air slide fabric as well, the continuous operation temperature is 220 degree C, maximum peaks can up to 250 degree C.<\/p>\n<p><img decoding=\"async\" class=\"alignnone wp-image-929 size-full\" src=\"https:\/\/www.zonelenviro.com\/wp-content\/uploads\/2024\/03\/aramid-air-slide-fabric-nonwoven-1.jpg\" alt=\"\" width=\"829\" height=\"554\" \/><\/p>\n<p>Aramid fiber also can be needle punched into nonwoven aramid air slide belt (Nomex nonwoven air slide fabric or Kevlar nonwoven air slide belt) so as to offer some high temperature resistance but economical solutions for the air slide systems and homogenization systems.<\/p>\n<p><strong>Relevant products<\/strong>:<br \/>\n<span style=\"color: #3366ff;\"><a style=\"color: #3366ff;\" href=\"https:\/\/www.zonelenviro.com\/pt-br\/produto\/tecidos-poliester-air-slide-air-slide-belt-air-slide-lona\/\"><span style=\"color: #3366ff;\">Polyester air slide fabric<\/span><\/a><\/span><br \/>\n<span style=\"color: #3366ff;\"><a style=\"color: #3366ff;\" href=\"https:\/\/www.zonelenviro.com\/pt-br\/produto\/tecido-de-deslizamento-de-ar-de-basalto-tecido-de-deslizamento-de-ar-de-basalto-tecido-de-fluidizacao-de-basalto-membrana-de-deslizamento-de-ar-de-basalto\/\">Basalt air slide fabric<\/a><\/span><br \/>\n<span style=\"color: #3366ff;\"><a style=\"color: #3366ff;\" href=\"https:\/\/www.zonelenviro.com\/pt-br\/produto\/sistema-de-deslizamento-de-ar\/\">Air slide system<\/a><\/span><br \/>\n<span style=\"color: #3366ff;\"><a style=\"color: #3366ff;\" href=\"https:\/\/www.zonelenviro.com\/pt-br\/produto\/mangueira-deslizante-de-ar-mangueira-deslizante-de-ar-para-reboque-de-cimento-mangueira-deslizante-de-ar-para-silo-de-cimento\/\">Air slide hose<\/a><\/span><\/p>\n<p>Relevant specification of the aramid air slide cloth from Zonel Filtech<\/p>\n<p>Thickness of the aramid air slide membrane: 3~10 mm can be customized.<br \/>\nWidth of the aramid (Nomex) air slide belt: max. 2.4 meters.<br \/>\nAir permeability: can be customized as requirements.<br \/>\nTensile strength: &gt; 5000N\/4cm.<br \/>\nTemperature resistance: -60~250 degree C.<\/p>\n<p><strong>Properties<\/strong>:<br \/>\n1. Clear veins, stable size, high tensile strength, various materials for choosing according to the different requirements.<br \/>\n2. Equal air permeability, the tolerance of air resistance is within \u00b110%.<br \/>\n3. High temperature resistance, abrasion resistance, little hygroscopicity, corrosion resistance, lower adhesive capacity, never delamination, longer service life.<br \/>\n4. Smooth surface, 100% new materials, won\u2019t leak dust, green products.<br \/>\n5. Os produtos aplic\u00e1veis ao transporte de materiais com di\u00e2metro de part\u00edcula &lt; 4mm, temperatura &lt; 250degree C, teor de umidade &lt; 2%.<\/p>\n<p><strong>Applications<\/strong>:<br \/>\nFor some high temperature particles\/dry powder air slide conveying\/homogenizing.<\/p>\n<p><strong>Zonel<\/strong><\/p>\n<p><strong>ISO9001:2015<\/strong><\/p>\n","protected":false},"excerpt":{"rendered":"<p>Zonel Filtech provide good quality Aramid air slide fabric, both Para-aramid air slide fabric (aramid 1414 air slide belt or Kevlar air slide canvas) and Meta-aramid air slide fabric (aramid 1313 air slide membrane or Nomex air slide canvas) are available for various working circumstances and applications. The Para-aramid air slide belt with the properties of fire proof, high tensile strength and abrasion resistance, longer service life, the maximum operation temperature is 250degree C, instant peaks is 350 degree C. For the Meta-aramid air slide cloth, which is fire proof and high temperature resistance air slide fabric as well, the continuous operation temperature is 220 degree C, maximum peaks can up to 250 degree C. Aramid fiber also can be needle punched into nonwoven aramid air slide belt (Nomex nonwoven air slide fabric or Kevlar nonwoven air slide belt) so as to offer some high temperature resistance but economical solutions for the air slide systems and homogenization systems.<\/p>\n","protected":false},"featured_media":5283,"template":"","meta":{"site-sidebar-layout":"default","site-content-layout":"","ast-site-content-layout":"default","site-content-style":"default","site-sidebar-style":"default","ast-global-header-display":"","ast-banner-title-visibility":"","ast-main-header-display":"","ast-hfb-above-header-display":"","ast-hfb-below-header-display":"","ast-hfb-mobile-header-display":"","site-post-title":"","ast-breadcrumbs-content":"","ast-featured-img":"","footer-sml-layout":"","theme-transparent-header-meta":"default","adv-header-id-meta":"","stick-header-meta":"","header-above-stick-meta":"","header-main-stick-meta":"","header-below-stick-meta":"","astra-migrate-meta-layouts":"set","ast-page-background-enabled":"default","ast-page-background-meta":{"desktop":{"background-color":"","background-image":"","background-repeat":"repeat","background-position":"center center","background-size":"auto","background-attachment":"scroll","background-type":"","background-media":"","overlay-type":"","overlay-color":"","overlay-opacity":"","overlay-gradient":""},"tablet":{"background-color":"","background-image":"","background-repeat":"repeat","background-position":"center center","background-size":"auto","background-attachment":"scroll","background-type":"","background-media":"","overlay-type":"","overlay-color":"","overlay-opacity":"","overlay-gradient":""},"mobile":{"background-color":"","background-image":"","background-repeat":"repeat","background-position":"center center","background-size":"auto","background-attachment":"scroll","background-type":"","background-media":"","overlay-type":"","overlay-color":"","overlay-opacity":"","overlay-gradient":""}},"ast-content-background-meta":{"desktop":{"background-color":"var(--ast-global-color-5)","background-image":"","background-repeat":"repeat","background-position":"center center","background-size":"auto","background-attachment":"scroll","background-type":"","background-media":"","overlay-type":"","overlay-color":"","overlay-opacity":"","overlay-gradient":""},"tablet":{"background-color":"var(--ast-global-color-5)","background-image":"","background-repeat":"repeat","background-position":"center center","background-size":"auto","background-attachment":"scroll","background-type":"","background-media":"","overlay-type":"","overlay-color":"","overlay-opacity":"","overlay-gradient":""},"mobile":{"background-color":"var(--ast-global-color-5)","background-image":"","background-repeat":"repeat","background-position":"center center","background-size":"auto","background-attachment":"scroll","background-type":"","background-media":"","overlay-type":"","overlay-color":"","overlay-opacity":"","overlay-gradient":""}}},"product_brand":[],"product_cat":[80],"product_tag":[],"class_list":{"0":"post-5282","1":"product","2":"type-product","3":"status-publish","4":"has-post-thumbnail","6":"product_cat-corredica-de-ar-pt-br","7":"desktop-align-left","8":"tablet-align-left","9":"mobile-align-left","11":"first","12":"instock","13":"shipping-taxable","14":"product-type-simple"},"_links":{"self":[{"href":"https:\/\/www.zonelenviro.com\/pt-br\/wp-json\/wp\/v2\/product\/5282","targetHints":{"allow":["GET"]}}],"collection":[{"href":"https:\/\/www.zonelenviro.com\/pt-br\/wp-json\/wp\/v2\/product"}],"about":[{"href":"https:\/\/www.zonelenviro.com\/pt-br\/wp-json\/wp\/v2\/types\/product"}],"version-history":[{"count":0,"href":"https:\/\/www.zonelenviro.com\/pt-br\/wp-json\/wp\/v2\/product\/5282\/revisions"}],"wp:featuredmedia":[{"embeddable":true,"href":"https:\/\/www.zonelenviro.com\/pt-br\/wp-json\/wp\/v2\/media\/5283"}],"wp:attachment":[{"href":"https:\/\/www.zonelenviro.com\/pt-br\/wp-json\/wp\/v2\/media?parent=5282"}],"wp:term":[{"taxonomy":"product_brand","embeddable":true,"href":"https:\/\/www.zonelenviro.com\/pt-br\/wp-json\/wp\/v2\/product_brand?post=5282"},{"taxonomy":"product_cat","embeddable":true,"href":"https:\/\/www.zonelenviro.com\/pt-br\/wp-json\/wp\/v2\/product_cat?post=5282"},{"taxonomy":"product_tag","embeddable":true,"href":"https:\/\/www.zonelenviro.com\/pt-br\/wp-json\/wp\/v2\/product_tag?post=5282"}],"curies":[{"name":"wp","href":"https:\/\/api.w.org\/{rel}","templated":true}]}}