{"id":5289,"date":"2024-03-18T16:59:48","date_gmt":"2024-03-18T08:59:48","guid":{"rendered":"https:\/\/www.zonelenviro.com\/candle-filter-housing-and-candle-filter-sleeves\/"},"modified":"2024-04-26T15:50:50","modified_gmt":"2024-04-26T07:50:50","slug":"candle-filter-housing-and-candle-filter-sleeves","status":"publish","type":"product","link":"https:\/\/www.zonelenviro.com\/pt-br\/carcaca-do-filtro-de-vela-e-luvas-do-filtro-de-vela.html","title":{"rendered":"Carca\u00e7a de filtro de vela e mangas de filtro de vela"},"content":{"rendered":"\t\t<div data-elementor-type=\"product-post\" data-elementor-id=\"5289\" class=\"elementor elementor-5289 elementor-913\" data-elementor-post-type=\"product\">\n\t\t\t\t<div class=\"elementor-element elementor-element-0a0f44b e-grid e-con-boxed e-con e-parent\" data-id=\"0a0f44b\" data-element_type=\"container\">\n\t\t\t\t\t<div class=\"e-con-inner\">\n\t\t\t\t<div class=\"elementor-element elementor-element-d9c3e3c elementor-widget elementor-widget-image\" data-id=\"d9c3e3c\" data-element_type=\"widget\" data-widget_type=\"image.default\">\n\t\t\t\t<div class=\"elementor-widget-container\">\n\t\t\t\t\t\t\t\t\t\t\t\t\t<img decoding=\"async\" width=\"1\" height=\"1\" src=\"https:\/\/www.zonelenviro.com\/wp-content\/uploads\/2024\/03\/candle-filters-installation.jpg\" class=\"attachment-large size-large wp-image-5295\" alt=\"\" \/>\t\t\t\t\t\t\t\t\t\t\t\t\t<\/div>\n\t\t\t\t<\/div>\n\t\t\t\t\t<\/div>\n\t\t\t\t<\/div>\n\t\t<div class=\"elementor-element elementor-element-de50d50 e-flex e-con-boxed e-con e-parent\" data-id=\"de50d50\" data-element_type=\"container\">\n\t\t\t\t\t<div class=\"e-con-inner\">\n\t\t\t\t<div class=\"elementor-element elementor-element-3340923 elementor-widget elementor-widget-text-editor\" data-id=\"3340923\" data-element_type=\"widget\" data-widget_type=\"text-editor.default\">\n\t\t\t\t<div class=\"elementor-widget-container\">\n\t\t\t\t\t\t\t<p><strong>Recipiente do filtro de vela\/carca\u00e7a do filtro de vela e mangas de filtro<\/strong><br \/><strong>A introdu\u00e7\u00e3o geral dos filtros de velas da Zonel Filtech:<\/strong><br \/>O filtro Vela da Zonel Filtech \u00e9 uma esp\u00e9cie de filtro de press\u00e3o, a porta de alimenta\u00e7\u00e3o fica na parte inferior do recipiente do filtro, as part\u00edculas s\u00f3lidas s\u00e3o coletadas na superf\u00edcie do elemento filtrante e o filtrado sai do n\u00facleo interno do filtro elemento para filtrar o tanque.<br \/>Os procedimentos operacionais incluem: alimenta\u00e7\u00e3o da solu\u00e7\u00e3o, reciclagem inicial do filtrado, verifica\u00e7\u00e3o da qualidade do filtrado, filtra\u00e7\u00e3o, lavagem da torta e compress\u00e3o por sopro de ar, libera\u00e7\u00e3o reversa da torta por sopro de ar, se a gravidade espec\u00edfica da part\u00edcula for maior, o lado inferior do recipiente pode acumular a lama, ent\u00e3o o tamanho inferior pode ser projetado com placa de filtro para ajudar a secar a pasta e ajudar a lidar bem com o res\u00edduo.<br \/>O filtro de vela combinado com tanque de filtro, elemento filtrante mais mangas de filtro, sistema de fluxo de filtrado, sistema de lavagem e compress\u00e3o de ar, sistema de libera\u00e7\u00e3o de bolo de sopro reverso, conjunto de descarga de bolo, gabinete de controle e prateleira de suporte, etc.<br \/>O filtro vela \u00e9 operado no tanque de veda\u00e7\u00e3o proporciona um ambiente operacional seguro, pode ser projetado para operar automaticamente, possui uma estrutura modularizada compacta, economiza trabalhos de manuten\u00e7\u00e3o, podendo ser projetado para atender diversas condi\u00e7\u00f5es industriais e com ampla gama de aplica\u00e7\u00f5es.<\/p><p>As propriedades do filtro de vela da Zonel Filtech:<br \/>a. Os filtros de vela da Zonel FIltech com grande volume de fluxo, podem filtrar diretamente ou ser revestidos primeiro com filtra\u00e7\u00e3o de bolo para melhorar a efici\u00eancia do filtro, amplamente utilizados para reciclagem de bolo e aplica\u00e7\u00f5es de concentra\u00e7\u00e3o de l\u00edquidos, e o bolo pode ser lavado antes de recicl\u00e1-los, com uma pureza muito maior.<br \/>b. O filtro de vela foi controlado por PLC, os procedimentos de filtro como alimenta\u00e7\u00e3o da solu\u00e7\u00e3o, pr\u00e9-filtra\u00e7\u00e3o, filtragem, drenagem do refinado, libera\u00e7\u00e3o reversa da torta, descarga da torta e assim por diante ser\u00e3o organizados automaticamente.<br \/>c. Adequado para alta precis\u00e3o (0,2 a 200 m\u00edcrons), alto teor de part\u00edculas s\u00f3lidas (n\u00edvel de PPM de at\u00e9 5%) e filtra\u00e7\u00e3o de solu\u00e7\u00f5es pegajosas.<br \/>d. A dist\u00e2ncia elemento filtrante\/vela filtrante \u00e9 ajust\u00e1vel de acordo com a espessura da torta solicitada.<br \/>e. A carca\u00e7a do filtro de vela \u00e9 altamente vedada e adequada para tratamento com solu\u00e7\u00f5es corrosivas ou perigosas.<br \/>f. O filtro de vela Com um design de secagem otimista, pode atender a v\u00e1rios requisitos de teor de umidade de diferentes clientes.<br \/>g. O filtro de vela tem design est\u00e1tico, f\u00e1cil de manter<\/p><p>Par\u00e2metros t\u00e9cnicos do filtro de vela:<br \/>Press\u00e3o de projeto: 0,6 MPa, 1,0 MPa, 1,6 MPa, 2,0 MPa (press\u00e3o super alta pode ser personalizada)<br \/>Elemento filtrante: tubo de filtro t\u00eaxtil sem costura, tubo de malha SS, cartucho de filtro sinterizado de metal, cartucho de filtro sinterizado PTFE, etc.<br \/>Temperatura operacional projetada: 0 ~ 300 graus C.<br \/>Projeto de volume de fluxo: 10 ~ 300 m3 \/ h, volume especial pode ser personalizado.<br \/>\u00c1rea de filtro: principalmente 0,9 ~ 60 m2, \u00e1rea de filtro especial pode ser personalizada em 200m2.<br \/>Di\u00e2metro da carca\u00e7a do filtro: 250 ~ 2500 mm, tamanho especial pode ser personalizado.<br \/>Press\u00e3o de ar de sopro reverso: 0,2 ~ 0,3 MPa<br \/>Sistema de controle: PLC, DCS<br \/>Tamanho de entrada\/sa\u00edda: 2~24\u201d<br \/>O material da m\u00e1quina atende \u00e0s solu\u00e7\u00f5es: SS 304\/SS316L, 904L, entre outros podem ser customizados de acordo com a necessidade.<br \/>O revestimento lateral interno anticorrosivo pode ser: PP, PE, F30, F40, F46, PFA, etc.<br \/>Material de veda\u00e7\u00e3o: NBR, VITON, borracha de silicone, etc.<br \/>V\u00e1lvulas de drenagem: v\u00e1lvulas borboleta de veda\u00e7\u00e3o suave ou de veda\u00e7\u00e3o r\u00edgida.<br \/>Instrumentos opcionais podem ser escolhidos: man\u00f4metro\/transmissor de press\u00e3o, sensor de espessura de bolo, sensor de n\u00edvel de l\u00edquido, transmissor de volume de fluxo, etc.<\/p><p>Aplica\u00e7\u00f5es do filtro de vela:<br \/>O filtro de vela da Zonel Filtech \u00e9 usado principalmente para coleta de materiais de produ\u00e7\u00e3o e processamento de \u00e1guas residuais, \u00e0s vezes tamb\u00e9m usado para aplica\u00e7\u00e3o de espessamento, principalmente para as ind\u00fastrias qu\u00edmica, de alimentos e bebidas, processamento de m\u00e1quinas, farmac\u00eautica, sistema de abastecimento de \u00e1gua, petr\u00f3leo e g\u00e1s, recupera\u00e7\u00e3o de catalisador e assim por diante.<\/p>\t\t\t\t\t\t<\/div>\n\t\t\t\t<\/div>\n\t\t<div class=\"elementor-element elementor-element-98eb7e1 e-grid e-con-boxed e-con e-child\" data-id=\"98eb7e1\" data-element_type=\"container\">\n\t\t\t\t\t<div class=\"e-con-inner\">\n\t\t\t\t<div class=\"elementor-element elementor-element-c0e546c elementor-widget elementor-widget-image\" data-id=\"c0e546c\" data-element_type=\"widget\" data-widget_type=\"image.default\">\n\t\t\t\t<div class=\"elementor-widget-container\">\n\t\t\t\t\t\t\t\t\t\t\t\t\t<img decoding=\"async\" width=\"1\" height=\"1\" src=\"https:\/\/www.zonelenviro.com\/wp-content\/uploads\/2024\/03\/candle-sleeves.jpg\" class=\"attachment-large size-large wp-image-5296\" alt=\"\" \/>\t\t\t\t\t\t\t\t\t\t\t\t\t<\/div>\n\t\t\t\t<\/div>\n\t\t\t\t\t<\/div>\n\t\t\t\t<\/div>\n\t\t\t\t\t<\/div>\n\t\t\t\t<\/div>\n\t\t<div class=\"elementor-element elementor-element-3cef9f6 e-flex e-con-boxed e-con e-parent\" data-id=\"3cef9f6\" data-element_type=\"container\">\n\t\t\t\t\t<div class=\"e-con-inner\">\n\t\t\t\t<div class=\"elementor-element elementor-element-beab3d7 elementor-widget elementor-widget-text-editor\" data-id=\"beab3d7\" data-element_type=\"widget\" data-widget_type=\"text-editor.default\">\n\t\t\t\t<div class=\"elementor-widget-container\">\n\t\t\t\t\t\t\t<p><strong>Mangas de filtro de vela\/tecido de filtro de vela, tubo de filtro sem costura\/mangueira de filtro\/duto de filtro, duto de tecido, duto t\u00eaxtil<\/strong><br \/><strong>Introdu\u00e7\u00e3o geral:<\/strong><br \/>As mangas de filtro de vela\/mangueira de filtro desempenham um papel fundamental na produ\u00e7\u00e3o di\u00e1ria, portanto, a ado\u00e7\u00e3o de mangas de filtro adequadas afetar\u00e1 diretamente os trabalhos de produ\u00e7\u00e3o.<br \/>O duto de filtro de vela \/ mangueira de filtro pode ser projetado com tipos n\u00e3o tecidos e tecidos, devido ao problema de regenera\u00e7\u00e3o, as mangas de filtro tecidas s\u00e3o mais adotadas.<br \/>Zonel Filtech fornece mangas de filtro de velas em v\u00e1rios tamanhos e materiais, qualquer ajuda que pudermos, entre em contato conosco!<\/p><p><strong>As propriedades da mangueira do filtro de velas da Zonel Filtech:<\/strong><br \/>1. V\u00e1rios materiais opcionais, como poli\u00e9ster, polipropileno, PPS, PTFE, PEEK e assim por diante, podem ser personalizados de acordo com diferentes condi\u00e7\u00f5es de trabalho.<br \/>2. V\u00e1rios tamanhos podem ser personalizados, como larguras planas de 110, 115, 120, 125, 130, 140, 145, etc.<br \/>3. Tamanho e encolhimento est\u00e1veis, mangas de filtro sem costura com excelente resist\u00eancia \u00e0 tra\u00e7\u00e3o e maior vida \u00fatil.<br \/>4. Produto comest\u00edvel.<\/p><p><strong>Aplica\u00e7\u00f5es das mangas de vela:<\/strong><br \/>Principalmente para produtos qu\u00edmicos, alimentos e bebidas, processamento de m\u00e1quinas, produtos farmac\u00eauticos, sistemas de abastecimento de \u00e1gua, petr\u00f3leo e g\u00e1s, recupera\u00e7\u00e3o de catalisadores e assim por diante.<\/p>\t\t\t\t\t\t<\/div>\n\t\t\t\t<\/div>\n\t\t<div class=\"elementor-element elementor-element-a9f2ade e-grid e-con-boxed e-con e-child\" data-id=\"a9f2ade\" data-element_type=\"container\">\n\t\t\t\t\t<div class=\"e-con-inner\">\n\t\t\t\t<div class=\"elementor-element elementor-element-77ce687 elementor-widget elementor-widget-image\" data-id=\"77ce687\" data-element_type=\"widget\" data-widget_type=\"image.default\">\n\t\t\t\t<div class=\"elementor-widget-container\">\n\t\t\t\t\t\t\t\t\t\t\t\t\t<img decoding=\"async\" width=\"1\" height=\"1\" src=\"https:\/\/www.zonelenviro.com\/wp-content\/uploads\/2024\/03\/candle-filter-housing-candle-filter-system1.webp\" class=\"attachment-large size-large wp-image-5299\" alt=\"\" \/>\t\t\t\t\t\t\t\t\t\t\t\t\t<\/div>\n\t\t\t\t<\/div>\n\t\t<div class=\"elementor-element elementor-element-b5e0dda e-grid e-con-boxed e-con e-child\" data-id=\"b5e0dda\" data-element_type=\"container\">\n\t\t\t\t\t<div class=\"e-con-inner\">\n\t\t\t\t<div class=\"elementor-element elementor-element-97a2db8 elementor-widget elementor-widget-image\" data-id=\"97a2db8\" data-element_type=\"widget\" data-widget_type=\"image.default\">\n\t\t\t\t<div class=\"elementor-widget-container\">\n\t\t\t\t\t\t\t\t\t\t\t\t\t<img loading=\"lazy\" decoding=\"async\" width=\"1\" height=\"1\" src=\"https:\/\/www.zonelenviro.com\/wp-content\/uploads\/2024\/03\/candle-filter-zonel-1.webp\" class=\"attachment-large size-large wp-image-5300\" alt=\"\" \/>\t\t\t\t\t\t\t\t\t\t\t\t\t<\/div>\n\t\t\t\t<\/div>\n\t\t<div class=\"elementor-element elementor-element-ef9f6f1 e-grid e-con-boxed e-con e-child\" data-id=\"ef9f6f1\" data-element_type=\"container\">\n\t\t\t\t\t<div class=\"e-con-inner\">\n\t\t\t\t<div class=\"elementor-element elementor-element-efc2cde elementor-widget elementor-widget-image\" data-id=\"efc2cde\" data-element_type=\"widget\" data-widget_type=\"image.default\">\n\t\t\t\t<div class=\"elementor-widget-container\">\n\t\t\t\t\t\t\t\t\t\t\t\t\t<img loading=\"lazy\" decoding=\"async\" width=\"1\" height=\"1\" src=\"https:\/\/www.zonelenviro.com\/wp-content\/uploads\/2024\/03\/candle-filter-element-filter-cage-1.webp\" class=\"attachment-large size-large wp-image-5297\" alt=\"\" \/>\t\t\t\t\t\t\t\t\t\t\t\t\t<\/div>\n\t\t\t\t<\/div>\n\t\t<div class=\"elementor-element elementor-element-c77fd58 e-grid e-con-boxed e-con e-child\" data-id=\"c77fd58\" data-element_type=\"container\">\n\t\t\t\t\t<div class=\"e-con-inner\">\n\t\t\t\t<div class=\"elementor-element elementor-element-36f07d8 elementor-widget elementor-widget-image\" data-id=\"36f07d8\" data-element_type=\"widget\" data-widget_type=\"image.default\">\n\t\t\t\t<div class=\"elementor-widget-container\">\n\t\t\t\t\t\t\t\t\t\t\t\t\t<img loading=\"lazy\" decoding=\"async\" width=\"1\" height=\"1\" src=\"https:\/\/www.zonelenviro.com\/wp-content\/uploads\/2024\/03\/candle-sleeves-1.webp\" class=\"attachment-large size-large wp-image-5301\" alt=\"\" \/>\t\t\t\t\t\t\t\t\t\t\t\t\t<\/div>\n\t\t\t\t<\/div>\n\t\t<div class=\"elementor-element elementor-element-dbfd971 e-grid e-con-boxed e-con e-child\" data-id=\"dbfd971\" data-element_type=\"container\">\n\t\t\t\t\t<div class=\"e-con-inner\">\n\t\t\t\t<div class=\"elementor-element elementor-element-4ed2b54 elementor-widget elementor-widget-image\" data-id=\"4ed2b54\" data-element_type=\"widget\" data-widget_type=\"image.default\">\n\t\t\t\t<div class=\"elementor-widget-container\">\n\t\t\t\t\t\t\t\t\t\t\t\t\t<img loading=\"lazy\" decoding=\"async\" width=\"1\" height=\"1\" src=\"https:\/\/www.zonelenviro.com\/wp-content\/uploads\/2024\/03\/candle-filter-elements-filter-candles1.webp\" class=\"attachment-large size-large wp-image-5298\" alt=\"\" \/>\t\t\t\t\t\t\t\t\t\t\t\t\t<\/div>\n\t\t\t\t<\/div>\n\t\t\t\t\t<\/div>\n\t\t\t\t<\/div>\n\t\t\t\t\t<\/div>\n\t\t\t\t<\/div>\n\t\t\t\t\t<\/div>\n\t\t\t\t<\/div>\n\t\t\t\t\t<\/div>\n\t\t\t\t<\/div>\n\t\t\t\t\t<\/div>\n\t\t\t\t<\/div>\n\t\t\t\t\t<\/div>\n\t\t\t\t<\/div>\n\t\t\t\t<\/div>\n\t\t","protected":false},"excerpt":{"rendered":"<p>O filtro Vela da Zonel Filtech \u00e9 uma esp\u00e9cie de filtro de press\u00e3o, a porta de alimenta\u00e7\u00e3o fica na parte inferior do recipiente do filtro, as part\u00edculas s\u00f3lidas s\u00e3o coletadas na superf\u00edcie do elemento filtrante e o filtrado sai do n\u00facleo interno do filtro elemento para filtrar o tanque. Os procedimentos operacionais incluem: alimenta\u00e7\u00e3o da solu\u00e7\u00e3o, reciclagem inicial do filtrado, verifica\u00e7\u00e3o da qualidade do filtrado, filtra\u00e7\u00e3o, lavagem do bolo e compress\u00e3o por sopro de ar e libera\u00e7\u00e3o reversa do bolo por sopro de ar, se a gravidade espec\u00edfica da part\u00edcula for maior, o lado inferior do recipiente pode acumular a lama , ent\u00e3o o tamanho inferior pode ser projetado com placa de filtro para ajudar a secar a pasta e ajudar a lidar bem com o res\u00edduo.<\/p>\n","protected":false},"featured_media":5290,"template":"","meta":{"site-sidebar-layout":"no-sidebar","site-content-layout":"page-builder","ast-site-content-layout":"full-width-container","site-content-style":"default","site-sidebar-style":"default","ast-global-header-display":"","ast-banner-title-visibility":"","ast-main-header-display":"","ast-hfb-above-header-display":"","ast-hfb-below-header-display":"","ast-hfb-mobile-header-display":"","site-post-title":"disabled","ast-breadcrumbs-content":"","ast-featured-img":"disabled","footer-sml-layout":"","theme-transparent-header-meta":"default","adv-header-id-meta":"","stick-header-meta":"","header-above-stick-meta":"","header-main-stick-meta":"","header-below-stick-meta":"","astra-migrate-meta-layouts":"set","ast-page-background-enabled":"default","ast-page-background-meta":{"desktop":{"background-color":"","background-image":"","background-repeat":"repeat","background-position":"center center","background-size":"auto","background-attachment":"scroll","background-type":"","background-media":"","overlay-type":"","overlay-color":"","overlay-opacity":"","overlay-gradient":""},"tablet":{"background-color":"","background-image":"","background-repeat":"repeat","background-position":"center center","background-size":"auto","background-attachment":"scroll","background-type":"","background-media":"","overlay-type":"","overlay-color":"","overlay-opacity":"","overlay-gradient":""},"mobile":{"background-color":"","background-image":"","background-repeat":"repeat","background-position":"center center","background-size":"auto","background-attachment":"scroll","background-type":"","background-media":"","overlay-type":"","overlay-color":"","overlay-opacity":"","overlay-gradient":""}},"ast-content-background-meta":{"desktop":{"background-color":"var(--ast-global-color-5)","background-image":"","background-repeat":"repeat","background-position":"center center","background-size":"auto","background-attachment":"scroll","background-type":"","background-media":"","overlay-type":"","overlay-color":"","overlay-opacity":"","overlay-gradient":""},"tablet":{"background-color":"var(--ast-global-color-5)","background-image":"","background-repeat":"repeat","background-position":"center center","background-size":"auto","background-attachment":"scroll","background-type":"","background-media":"","overlay-type":"","overlay-color":"","overlay-opacity":"","overlay-gradient":""},"mobile":{"background-color":"var(--ast-global-color-5)","background-image":"","background-repeat":"repeat","background-position":"center center","background-size":"auto","background-attachment":"scroll","background-type":"","background-media":"","overlay-type":"","overlay-color":"","overlay-opacity":"","overlay-gradient":""}}},"product_brand":[],"product_cat":[72],"product_tag":[],"class_list":{"0":"post-5289","1":"product","2":"type-product","3":"status-publish","4":"has-post-thumbnail","6":"product_cat-filtro-liquido","7":"desktop-align-left","8":"tablet-align-left","9":"mobile-align-left","11":"first","12":"instock","13":"featured","14":"shipping-taxable","15":"product-type-simple"},"_links":{"self":[{"href":"https:\/\/www.zonelenviro.com\/pt-br\/wp-json\/wp\/v2\/product\/5289","targetHints":{"allow":["GET"]}}],"collection":[{"href":"https:\/\/www.zonelenviro.com\/pt-br\/wp-json\/wp\/v2\/product"}],"about":[{"href":"https:\/\/www.zonelenviro.com\/pt-br\/wp-json\/wp\/v2\/types\/product"}],"version-history":[{"count":0,"href":"https:\/\/www.zonelenviro.com\/pt-br\/wp-json\/wp\/v2\/product\/5289\/revisions"}],"wp:featuredmedia":[{"embeddable":true,"href":"https:\/\/www.zonelenviro.com\/pt-br\/wp-json\/wp\/v2\/media\/5290"}],"wp:attachment":[{"href":"https:\/\/www.zonelenviro.com\/pt-br\/wp-json\/wp\/v2\/media?parent=5289"}],"wp:term":[{"taxonomy":"product_brand","embeddable":true,"href":"https:\/\/www.zonelenviro.com\/pt-br\/wp-json\/wp\/v2\/product_brand?post=5289"},{"taxonomy":"product_cat","embeddable":true,"href":"https:\/\/www.zonelenviro.com\/pt-br\/wp-json\/wp\/v2\/product_cat?post=5289"},{"taxonomy":"product_tag","embeddable":true,"href":"https:\/\/www.zonelenviro.com\/pt-br\/wp-json\/wp\/v2\/product_tag?post=5289"}],"curies":[{"name":"wp","href":"https:\/\/api.w.org\/{rel}","templated":true}]}}